{"id":84631,"date":"2024-07-29T18:29:20","date_gmt":"2024-07-29T16:29:20","guid":{"rendered":"http:\/\/microscopistas.com\/?post_type=product&#038;p=84631"},"modified":"2024-07-29T18:29:20","modified_gmt":"2024-07-29T16:29:20","slug":"objetivo-magus-sf100-dry-100%d1%85-080-plan-pol-%e2%88%9e-017","status":"publish","type":"product","link":"https:\/\/microscopistas.com\/en\/producto\/objetivo-magus-sf100-dry-100%d1%85-080-plan-pol-%e2%88%9e-017\/","title":{"rendered":"Objetivo MAGUS SF100 DRY 100\u0445\/0,80 Plan Pol \u221e\/0,17"},"content":{"rendered":"<p><strong>Objetivo MAGUS SF100 DRY 100\u0445\/0,80 Plan Pol &#038;infin \/0,17<\/strong><br \/><strong>Objetivo plano acrom&#038;aacute tico corregido al infinito. Ampliaci&#038;oacute n: 100x. Abertura: 0,80<\/strong><\/p>\n<p>Objetivo acrom&#038;aacute tico plano para trabajar con luz transmitida polarizada. Las lentes de objetivo polarizadas est&#038;aacute n dise&#038;ntilde adas para no tener tensiones ni producir birrefringencia dentro del sistema &#038;oacute ptico.<\/p>\n<p>Los objetivos con &#038;oacute ptica acrom&#038;aacute tica plana forman una imagen enfocada por igual en el centro y alrededor de la periferia. Esto se consigue corrigiendo la aberraci&#038;oacute n geom&#038;eacute trica en m&#038;aacute s del 90\u202f% del &#038;aacute rea del campo visible. Por lo tanto, combinan bien con una c&#038;aacute mara digital u oculares con un amplio campo de visi&#038;oacute n. La combinaci&#038;oacute n con un ocular 10x\/22 mm forma un campo de visi&#038;oacute n de 0,22 mm. Adem&#038;aacute s, los objetivos acrom&#038;aacute ticos plan corrigen la aberraci&#038;oacute n crom&#038;aacute tica en dos colores (rojo y azul) y la aberraci&#038;oacute n esf&#038;eacute rica en un color (verde).<\/p>\n<p>El modelo MAGUS SF100 DRY tiene un aumento de 100x y un l&#038;iacute mite de resoluci&#038;oacute n de 0,35\u202f&#038;micro m. Garantiza un aumento &#038;uacute til del microscopio en el rango de 400&#038;ndash 800x  para ello se necesitan oculares con un aumento de 5x a 10x. Un aumento inferior no permitir&#038;aacute  estudiar eficazmente la muestra y un aumento superior no aportar&#038;aacute  nuevos datos. Para la muestra se utiliza un cubreobjetos de 0,17 mm.<\/p>\n<p><strong>Compatibilidad:<\/strong><br \/>Microscopio polarizador MAGUS Pol 800<\/p>\n<p><strong>Especificaciones:<\/strong><br \/>Material de las lentes: vidrio &#038;oacute ptico<br \/>Clase de objetivo seg&#038;uacute n grado de correcci&#038;oacute n de las aberraciones: plano acrom&#038;aacute tico<br \/>Longitud del tubo: corregido al infinito (&#038;infin )<br \/>T&#038;eacute cnica de contraste: luz polarizada<br \/>Ampliaci&#038;oacute n, x: 100<br \/>Abertura: 0,8<br \/>Distancia de trabajo, mm: 2,02<br \/>Distancia parafocal, mm: 45<br \/>Grosor del cubreobjetos, mm: 0,17<br \/>Mecanismo de resorte: +<br \/>Inmersi&#038;oacute n: &#038;minus <br \/>Material del cuerpo: cobre<\/p>\n<table>\n<tbody>\n<tr>\n<td>Marca<\/td>\n<td>MAGUS<\/td>\n<\/tr>\n<tr>\n<td>Garant\u00eda<\/td>\n<td>2 \u0433\u043e\u0434\u0430<\/td>\n<\/tr>\n<tr>\n<td>EAN<\/td>\n<td>5905555020990<\/td>\n<\/tr>\n<tr>\n<td>Tama\u00f1o de paquete (LxAn.xAl.)<\/td>\n<td>7x4x4 cm<\/td>\n<\/tr>\n<tr>\n<td>Peso del env\u00edo<\/td>\n<td>0.145 kg<\/td>\n<\/tr>\n<\/tbody>\n<\/table>\n","protected":false},"excerpt":{"rendered":"<p>Objetivo acrom\u00e1tico plano para trabajar con luz transmitida polarizada. Las lentes de objetivo polarizadas est\u00e1n dise\u00f1adas para no tener tensiones ni producir birrefringencia dentro del sistema \u00f3ptico.<\/p>\n","protected":false},"featured_media":83478,"template":"","meta":{"_exactmetrics_skip_tracking":false,"_exactmetrics_sitenote_active":false,"_exactmetrics_sitenote_note":"","_exactmetrics_sitenote_category":0},"product_brand":[],"product_cat":[],"product_tag":[],"class_list":{"0":"post-84631","1":"product","2":"type-product","3":"status-publish","4":"has-post-thumbnail","7":"first","8":"instock","9":"taxable","10":"shipping-taxable","11":"purchasable","12":"product-type-simple"},"_links":{"self":[{"href":"https:\/\/microscopistas.com\/en\/wp-json\/wp\/v2\/product\/84631","targetHints":{"allow":["GET"]}}],"collection":[{"href":"https:\/\/microscopistas.com\/en\/wp-json\/wp\/v2\/product"}],"about":[{"href":"https:\/\/microscopistas.com\/en\/wp-json\/wp\/v2\/types\/product"}],"wp:featuredmedia":[{"embeddable":true,"href":"https:\/\/microscopistas.com\/en\/wp-json\/wp\/v2\/media\/83478"}],"wp:attachment":[{"href":"https:\/\/microscopistas.com\/en\/wp-json\/wp\/v2\/media?parent=84631"}],"wp:term":[{"taxonomy":"product_brand","embeddable":true,"href":"https:\/\/microscopistas.com\/en\/wp-json\/wp\/v2\/product_brand?post=84631"},{"taxonomy":"product_cat","embeddable":true,"href":"https:\/\/microscopistas.com\/en\/wp-json\/wp\/v2\/product_cat?post=84631"},{"taxonomy":"product_tag","embeddable":true,"href":"https:\/\/microscopistas.com\/en\/wp-json\/wp\/v2\/product_tag?post=84631"}],"curies":[{"name":"wp","href":"https:\/\/api.w.org\/{rel}","templated":true}]}}