{"id":84626,"date":"2024-07-29T18:29:18","date_gmt":"2024-07-29T16:29:18","guid":{"rendered":"http:\/\/microscopistas.com\/?post_type=product&#038;p=84626"},"modified":"2024-07-29T18:29:18","modified_gmt":"2024-07-29T16:29:18","slug":"lente-auxiliar-magus-sal05-05%d1%85-188-mm","status":"publish","type":"product","link":"https:\/\/microscopistas.com\/en\/producto\/lente-auxiliar-magus-sal05-05%d1%85-188-mm\/","title":{"rendered":"Lente auxiliar MAGUS SAL05 0,5\u0445\/188 mm"},"content":{"rendered":"<p><strong>Lente auxiliar MAGUS SAL05 0,5\u0445\/188 mm<\/strong><br \/>Ampliaci&#038;oacute n: 0,5x. Distancia de trabajo: 188 mm<\/p>\n<p>La lente auxiliar modelo SAL05 realiza varias funciones a la vez: aumenta el campo de visi&#038;oacute n y la distancia de trabajo de un microscopio estereosc&#038;oacute pico. Tambi&#038;eacute n reduce el aumento del sistema &#038;oacute ptico. Esto puede ser &#038;uacute til cuando es necesario manipular una muestra con herramientas externas: para soldar, grabar y otros trabajos. El objetivo se fija a la tapa del objetivo mediante una rosca. Tiene un aumento de 0,5x y est&#038;aacute  dise&#038;ntilde ado para microscopios estereosc&#038;oacute picos.<\/p>\n<p><strong>Compatibilidad:<\/strong><br \/>Estereomicroscopio MAGUS Stereo 9T<\/p>\n<p><strong>Especificaciones<\/strong><br \/>Ampliaci&#038;oacute n, x: 0,5<br \/>Distancia de trabajo con la lente auxiliar, mm: 188<\/p>\n<p>&#038;nbsp <\/p>\n<table>\n<tbody>\n<tr>\n<td>Marca<\/td>\n<td>MAGUS<\/td>\n<\/tr>\n<tr>\n<td>Garant\u00eda<\/td>\n<td>2 \u0433\u043e\u0434\u0430<\/td>\n<\/tr>\n<tr>\n<td>EAN<\/td>\n<td>5905555020938<\/td>\n<\/tr>\n<tr>\n<td>Tama\u00f1o de paquete (LxAn.xAl.)<\/td>\n<td>20x10x7 cm<\/td>\n<\/tr>\n<tr>\n<td>Peso del env\u00edo<\/td>\n<td>0.22 kg<\/td>\n<\/tr>\n<\/tbody>\n<\/table>\n","protected":false},"excerpt":{"rendered":"<p>La lente auxiliar modelo SAL05 realiza varias funciones a la vez: aumenta el campo de visi\u00f3n y la distancia de trabajo de un microscopio estereosc\u00f3pico. Tambi\u00e9n reduce el aumento del sistema \u00f3ptico. Esto puede ser \u00fatil cuando es necesario manipular una muestra con herramientas externas: para soldar, grabar y otros trabajos. El objetivo se fija a la tapa del objetivo mediante una rosca. Tiene un aumento de 0,5x y est\u00e1 dise\u00f1ado para microscopios estereosc\u00f3picos.<\/p>\n","protected":false},"featured_media":83465,"template":"","meta":{"_exactmetrics_skip_tracking":false,"_exactmetrics_sitenote_active":false,"_exactmetrics_sitenote_note":"","_exactmetrics_sitenote_category":0},"product_brand":[],"product_cat":[],"product_tag":[],"class_list":{"0":"post-84626","1":"product","2":"type-product","3":"status-publish","4":"has-post-thumbnail","7":"first","8":"instock","9":"taxable","10":"shipping-taxable","11":"purchasable","12":"product-type-simple"},"_links":{"self":[{"href":"https:\/\/microscopistas.com\/en\/wp-json\/wp\/v2\/product\/84626","targetHints":{"allow":["GET"]}}],"collection":[{"href":"https:\/\/microscopistas.com\/en\/wp-json\/wp\/v2\/product"}],"about":[{"href":"https:\/\/microscopistas.com\/en\/wp-json\/wp\/v2\/types\/product"}],"wp:featuredmedia":[{"embeddable":true,"href":"https:\/\/microscopistas.com\/en\/wp-json\/wp\/v2\/media\/83465"}],"wp:attachment":[{"href":"https:\/\/microscopistas.com\/en\/wp-json\/wp\/v2\/media?parent=84626"}],"wp:term":[{"taxonomy":"product_brand","embeddable":true,"href":"https:\/\/microscopistas.com\/en\/wp-json\/wp\/v2\/product_brand?post=84626"},{"taxonomy":"product_cat","embeddable":true,"href":"https:\/\/microscopistas.com\/en\/wp-json\/wp\/v2\/product_cat?post=84626"},{"taxonomy":"product_tag","embeddable":true,"href":"https:\/\/microscopistas.com\/en\/wp-json\/wp\/v2\/product_tag?post=84626"}],"curies":[{"name":"wp","href":"https:\/\/api.w.org\/{rel}","templated":true}]}}