{"id":84624,"date":"2024-07-29T18:29:18","date_gmt":"2024-07-29T16:29:18","guid":{"rendered":"http:\/\/microscopistas.com\/?post_type=product&#038;p=84624"},"modified":"2024-07-29T18:29:18","modified_gmt":"2024-07-29T16:29:18","slug":"ocular-magus-se20-20%d1%85-12-mm-d-30-mm","status":"publish","type":"product","link":"https:\/\/microscopistas.com\/en\/producto\/ocular-magus-se20-20%d1%85-12-mm-d-30-mm\/","title":{"rendered":"Ocular MAGUS SE20 20\u0445\/12 mm (D 30 mm)"},"content":{"rendered":"<p><strong>Ocular MAGUS SE20 20\u0445\/12 mm (D 30 mm)<\/strong><br \/>Ampliaci&#038;oacute n: 20x. Campo de visi&#038;oacute n: 12 mm<\/p>\n<p>Un ocular en combinaci&#038;oacute n con un objetivo y diversos accesorios adicionales conforman el sistema &#038;oacute ptico de un microscopio. Las caracter&#038;iacute sticas de estos elementos deben ser compatibles entre s&#038;iacute .<\/p>\n<p>El objetivo SE20 tiene un aumento de 20x y est&#038;aacute  dise&#038;ntilde ado para un microscopio con un di&#038;aacute metro del tubo ocular de 30 mm. El dispositivo no se ajusta a la visi&#038;oacute n del usuario, por lo que si es necesario ajustar las dioptr&#038;iacute as, h&#038;aacute galo directamente en el microscopio utilizando el anillo de ajuste de dioptr&#038;iacute as (si est&#038;aacute  equipado) del tubo del ocular.<\/p>\n<p><strong>Compatibilidad:<br \/><\/strong>Estereomicroscopio MAGUS Stereo 9T<\/p>\n<p><strong>Especificaciones<\/strong><br \/>Material de las lentes: vidrio &#038;oacute ptico<br \/>Ampliaci&#038;oacute n, x: 20<br \/>Di&#038;aacute metro del campo de visi&#038;oacute n, mm: 12<br \/>Ajuste de dioptr&#038;iacute as: &#038;minus <br \/>Divisiones de escalas, mm: 0,1<br \/>Di&#038;aacute metro del ocular, mm: 30<br \/>Material del cuerpo: cobre<br \/>Distancia de acomodaci&#038;oacute n ocular, mm: 10<\/p>\n<table>\n<tbody>\n<tr>\n<td>Marca<\/td>\n<td>MAGUS<\/td>\n<\/tr>\n<tr>\n<td>Garant\u00eda<\/td>\n<td>2 \u0433\u043e\u0434\u0430<\/td>\n<\/tr>\n<tr>\n<td>EAN<\/td>\n<td>5905555020914<\/td>\n<\/tr>\n<tr>\n<td>Tama\u00f1o de paquete (LxAn.xAl.)<\/td>\n<td>7x4x4 cm<\/td>\n<\/tr>\n<tr>\n<td>Peso del env\u00edo<\/td>\n<td>0.13 kg<\/td>\n<\/tr>\n<\/tbody>\n<\/table>\n","protected":false},"excerpt":{"rendered":"<p>Un ocular en combinaci\u00f3n con un objetivo y diversos accesorios adicionales conforman el sistema \u00f3ptico de un microscopio. Las caracter\u00edsticas de estos elementos deben ser compatibles entre s\u00ed.<\/p>\n","protected":false},"featured_media":83459,"template":"","meta":{"_exactmetrics_skip_tracking":false,"_exactmetrics_sitenote_active":false,"_exactmetrics_sitenote_note":"","_exactmetrics_sitenote_category":0},"product_brand":[],"product_cat":[],"product_tag":[],"class_list":{"0":"post-84624","1":"product","2":"type-product","3":"status-publish","4":"has-post-thumbnail","7":"first","8":"instock","9":"taxable","10":"shipping-taxable","11":"purchasable","12":"product-type-simple"},"_links":{"self":[{"href":"https:\/\/microscopistas.com\/en\/wp-json\/wp\/v2\/product\/84624","targetHints":{"allow":["GET"]}}],"collection":[{"href":"https:\/\/microscopistas.com\/en\/wp-json\/wp\/v2\/product"}],"about":[{"href":"https:\/\/microscopistas.com\/en\/wp-json\/wp\/v2\/types\/product"}],"wp:featuredmedia":[{"embeddable":true,"href":"https:\/\/microscopistas.com\/en\/wp-json\/wp\/v2\/media\/83459"}],"wp:attachment":[{"href":"https:\/\/microscopistas.com\/en\/wp-json\/wp\/v2\/media?parent=84624"}],"wp:term":[{"taxonomy":"product_brand","embeddable":true,"href":"https:\/\/microscopistas.com\/en\/wp-json\/wp\/v2\/product_brand?post=84624"},{"taxonomy":"product_cat","embeddable":true,"href":"https:\/\/microscopistas.com\/en\/wp-json\/wp\/v2\/product_cat?post=84624"},{"taxonomy":"product_tag","embeddable":true,"href":"https:\/\/microscopistas.com\/en\/wp-json\/wp\/v2\/product_tag?post=84624"}],"curies":[{"name":"wp","href":"https:\/\/api.w.org\/{rel}","templated":true}]}}