{"id":84622,"date":"2024-07-29T18:29:17","date_gmt":"2024-07-29T16:29:17","guid":{"rendered":"http:\/\/microscopistas.com\/?post_type=product&#038;p=84622"},"modified":"2024-07-29T18:29:17","modified_gmt":"2024-07-29T16:29:17","slug":"ocular-magus-se15-15%d1%85-15-mm-d-30-mm","status":"publish","type":"product","link":"https:\/\/microscopistas.com\/en\/producto\/ocular-magus-se15-15%d1%85-15-mm-d-30-mm\/","title":{"rendered":"Ocular MAGUS SE15 15\u0445\/15 mm (D 30 mm)"},"content":{"rendered":"<p><strong>Ocular MAGUS SE15 15\u0445\/15 mm (D 30 mm)<\/strong><br \/>Ampliaci&#038;oacute n: 15x. Campo de visi&#038;oacute n: 15 mm<\/p>\n<p>El ocular influye en el aumento del microscopio. El objetivo SE15 modelo cuenta con un aumento de 15x. Est&#038;aacute  montado en un tubo de 30 mm. El ocular no dispone de un sistema de ajuste de las dioptr&#038;iacute as. En un microscopio con anillo de ajuste de dioptr&#038;iacute as, los ajustes de dioptr&#038;iacute as se realizan en el propio microscopio.<\/p>\n<p><strong>Compatibilidad:<br \/><\/strong>Estereomicroscopio MAGUS Stereo 9T<\/p>\n<p><strong>Especificaciones<\/strong><br \/>Material de las lentes: vidrio &#038;oacute ptico<br \/>Ampliaci&#038;oacute n, x: 15<br \/>Di&#038;aacute metro del campo de visi&#038;oacute n, mm: 15<br \/>Ajuste de dioptr&#038;iacute as: &#038;minus <br \/>Divisiones de escalas, mm: 0,1<br \/>Di&#038;aacute metro del ocular, mm: 30<br \/>Material del cuerpo: cobre<br \/>Distancia de acomodaci&#038;oacute n ocular, mm: 10<\/p>\n<table>\n<tbody>\n<tr>\n<td>Marca<\/td>\n<td>MAGUS<\/td>\n<\/tr>\n<tr>\n<td>Garant\u00eda<\/td>\n<td>2 \u0433\u043e\u0434\u0430<\/td>\n<\/tr>\n<tr>\n<td>EAN<\/td>\n<td>5905555020891<\/td>\n<\/tr>\n<tr>\n<td>Tama\u00f1o de paquete (LxAn.xAl.)<\/td>\n<td>7x4x4 cm<\/td>\n<\/tr>\n<tr>\n<td>Peso del env\u00edo<\/td>\n<td>0.13 kg<\/td>\n<\/tr>\n<\/tbody>\n<\/table>\n","protected":false},"excerpt":{"rendered":"<p>El ocular influye en el aumento del microscopio. El objetivo SE15 modelo cuenta con un aumento de 15x. Est\u00e1 montado en un tubo de 30 mm. El ocular no dispone de un sistema de ajuste de las dioptr\u00edas. En un microscopio con anillo de ajuste de dioptr\u00edas, los ajustes de dioptr\u00edas se realizan en el propio microscopio. <\/p>\n","protected":false},"featured_media":83453,"template":"","meta":{"_exactmetrics_skip_tracking":false,"_exactmetrics_sitenote_active":false,"_exactmetrics_sitenote_note":"","_exactmetrics_sitenote_category":0},"product_brand":[],"product_cat":[],"product_tag":[],"class_list":{"0":"post-84622","1":"product","2":"type-product","3":"status-publish","4":"has-post-thumbnail","7":"first","8":"instock","9":"taxable","10":"shipping-taxable","11":"purchasable","12":"product-type-simple"},"_links":{"self":[{"href":"https:\/\/microscopistas.com\/en\/wp-json\/wp\/v2\/product\/84622","targetHints":{"allow":["GET"]}}],"collection":[{"href":"https:\/\/microscopistas.com\/en\/wp-json\/wp\/v2\/product"}],"about":[{"href":"https:\/\/microscopistas.com\/en\/wp-json\/wp\/v2\/types\/product"}],"wp:featuredmedia":[{"embeddable":true,"href":"https:\/\/microscopistas.com\/en\/wp-json\/wp\/v2\/media\/83453"}],"wp:attachment":[{"href":"https:\/\/microscopistas.com\/en\/wp-json\/wp\/v2\/media?parent=84622"}],"wp:term":[{"taxonomy":"product_brand","embeddable":true,"href":"https:\/\/microscopistas.com\/en\/wp-json\/wp\/v2\/product_brand?post=84622"},{"taxonomy":"product_cat","embeddable":true,"href":"https:\/\/microscopistas.com\/en\/wp-json\/wp\/v2\/product_cat?post=84622"},{"taxonomy":"product_tag","embeddable":true,"href":"https:\/\/microscopistas.com\/en\/wp-json\/wp\/v2\/product_tag?post=84622"}],"curies":[{"name":"wp","href":"https:\/\/api.w.org\/{rel}","templated":true}]}}