{"id":84621,"date":"2024-07-29T18:29:17","date_gmt":"2024-07-29T16:29:17","guid":{"rendered":"http:\/\/microscopistas.com\/?post_type=product&#038;p=84621"},"modified":"2024-07-29T18:29:17","modified_gmt":"2024-07-29T16:29:17","slug":"ocular-con-escala-de-medicion-magus-se10s-10%d1%85-22-mm-d-30-mm","status":"publish","type":"product","link":"https:\/\/microscopistas.com\/en\/producto\/ocular-con-escala-de-medicion-magus-se10s-10%d1%85-22-mm-d-30-mm\/","title":{"rendered":"Ocular con escala de medici\u00f3n MAGUS SE10S 10\u0445\/22 mm (D 30 mm)"},"content":{"rendered":"<p>El ocular SE10S no solo tiene 10 aumentos, sino que tambi\u00e9n est\u00e1 equipado con una escala para evaluar el tama\u00f1o de la muestra o sus estructuras en mil\u00edmetros o micras. La escala est\u00e1 marcada en divisiones de 0,1 mm y se encuentra en la zona del diafragma de campo del ocular. Antes de empezar a medir, calibre la escala seg\u00fan los par\u00e1metros de cada objetivo con el que piense trabajar. El modelo SE10S se instala en un tubo de 30 mm.<\/p>\n<p><strong>Calibraci\u00f3n<\/strong><\/p>\n<p>La calibraci\u00f3n se realiza con un portaobjetos de calibraci\u00f3n (un micr\u00f3metro de platina). Col\u00f3quelo en la platina y enfoque el microscopio en su escala, dividida en segmentos de 0,1 mm. A continuaci\u00f3n, gire el ocular en el tubo hasta que las divisiones de la escala del ocular queden paralelas a las divisiones del portaobjetos de calibraci\u00f3n.<\/p>\n<p><strong>C\u00e1lculo<\/strong><\/p>\n<p>Para calibrar la escala del ocular para el objetivo seleccionado, utilice la f\u00f3rmula siguiente:<br \/> E=TL\/A, donde:<br \/> E = divisi\u00f3n de la escala del ocular <br \/> T = divisi\u00f3n de la escala microm\u00e9trica de la platina marcada en el micr\u00f3metro de platina (0,01 mm) <br \/> L = n\u00famero de divisiones en el micr\u00f3metro de platina <br \/> A = n\u00famero de divisiones en la escala del ocular.<\/p>\n<p>El valor E debe anotarse para cada objetivo. Durante la medici\u00f3n de la muestra, cuente el n\u00famero de divisiones de la escala del ocular entre los dos puntos deseados. A continuaci\u00f3n, multiplique este n\u00famero por E. El resultado es el valor lineal del objeto medido.<\/p>\n<p><strong>Compatibilidad:<\/strong><\/p>\n<ul>\n<li>Estereomicroscopio MAGUS Stereo 9T<\/li>\n<\/ul>\n<table>\n<thead>\n<tr>\n<th><strong>Especificaciones<\/strong><\/th>\n<th><!--specs--><\/th>\n<\/tr>\n<\/thead>\n<tbody>\n<tr>\n<td>Material de las lentes<\/td>\n<td>vidrio \u00f3ptico<\/td>\n<\/tr>\n<tr>\n<td>Ampliaci\u00f3n, x<\/td>\n<td>10<\/td>\n<\/tr>\n<tr>\n<td>Di\u00e1metro del campo de visi\u00f3n, mm<\/td>\n<td>22<\/td>\n<\/tr>\n<tr>\n<td>Ajuste de dioptr\u00edas<\/td>\n<td>+<\/td>\n<\/tr>\n<tr>\n<td>Divisiones de escalas, mm<\/td>\n<td>0,1<\/td>\n<\/tr>\n<tr>\n<td>Di\u00e1metro del ocular, mm<\/td>\n<td>30<\/td>\n<\/tr>\n<tr>\n<td>Material del cuerpo<\/td>\n<td>cobre<\/td>\n<\/tr>\n<tr>\n<td>Distancia de acomodaci\u00f3n ocular, mm<\/td>\n<td>10<\/td>\n<\/tr>\n<\/tbody>\n<\/table>\n<table>\n<tbody>\n<tr>\n<td>Marca<\/td>\n<td>MAGUS<\/td>\n<\/tr>\n<tr>\n<td>Garant\u00eda<\/td>\n<td>2 \u0433\u043e\u0434\u0430<\/td>\n<\/tr>\n<tr>\n<td>EAN<\/td>\n<td>5905555020884<\/td>\n<\/tr>\n<tr>\n<td>Tama\u00f1o de paquete (LxAn.xAl.)<\/td>\n<td>7x4x4 cm<\/td>\n<\/tr>\n<tr>\n<td>Peso del env\u00edo<\/td>\n<td>0.13 kg<\/td>\n<\/tr>\n<\/tbody>\n<\/table>\n","protected":false},"excerpt":{"rendered":"<p>El ocular SE10S no solo tiene 10 aumentos, sino que tambi\u00e9n est\u00e1 equipado con una escala para evaluar el tama\u00f1o de la muestra o sus estructuras en mil\u00edmetros o micras. La escala est\u00e1 marcada en divisiones de 0,1 mm y se encuentra en la zona del diafragma de campo del ocular. Antes de empezar a medir, calibre la escala seg\u00fan los par\u00e1metros de cada objetivo con el que piense trabajar. El modelo SE10S se instala en un tubo de 30 mm.<\/p>\n","protected":false},"featured_media":83451,"template":"","meta":{"_exactmetrics_skip_tracking":false,"_exactmetrics_sitenote_active":false,"_exactmetrics_sitenote_note":"","_exactmetrics_sitenote_category":0},"product_brand":[],"product_cat":[],"product_tag":[],"class_list":{"0":"post-84621","1":"product","2":"type-product","3":"status-publish","4":"has-post-thumbnail","7":"first","8":"instock","9":"taxable","10":"shipping-taxable","11":"purchasable","12":"product-type-simple"},"_links":{"self":[{"href":"https:\/\/microscopistas.com\/en\/wp-json\/wp\/v2\/product\/84621","targetHints":{"allow":["GET"]}}],"collection":[{"href":"https:\/\/microscopistas.com\/en\/wp-json\/wp\/v2\/product"}],"about":[{"href":"https:\/\/microscopistas.com\/en\/wp-json\/wp\/v2\/types\/product"}],"wp:featuredmedia":[{"embeddable":true,"href":"https:\/\/microscopistas.com\/en\/wp-json\/wp\/v2\/media\/83451"}],"wp:attachment":[{"href":"https:\/\/microscopistas.com\/en\/wp-json\/wp\/v2\/media?parent=84621"}],"wp:term":[{"taxonomy":"product_brand","embeddable":true,"href":"https:\/\/microscopistas.com\/en\/wp-json\/wp\/v2\/product_brand?post=84621"},{"taxonomy":"product_cat","embeddable":true,"href":"https:\/\/microscopistas.com\/en\/wp-json\/wp\/v2\/product_cat?post=84621"},{"taxonomy":"product_tag","embeddable":true,"href":"https:\/\/microscopistas.com\/en\/wp-json\/wp\/v2\/product_tag?post=84621"}],"curies":[{"name":"wp","href":"https:\/\/api.w.org\/{rel}","templated":true}]}}