{"id":84620,"date":"2024-07-29T18:29:17","date_gmt":"2024-07-29T16:29:17","guid":{"rendered":"http:\/\/microscopistas.com\/?post_type=product&#038;p=84620"},"modified":"2024-07-29T18:29:17","modified_gmt":"2024-07-29T16:29:17","slug":"objetivo-magus-10plfl-10%d1%85-035-plan-fl-%e2%88%9e-017","status":"publish","type":"product","link":"https:\/\/microscopistas.com\/en\/producto\/objetivo-magus-10plfl-10%d1%85-035-plan-fl-%e2%88%9e-017\/","title":{"rendered":"Objetivo MAGUS 10PLFL 10\u0445\/0,35 Plan FL \u221e\/0,17"},"content":{"rendered":"<p><strong>Objetivo MAGUS 10PLFL 10\u0445\/0,35 Plan FL &#038;infin \/0,17<\/strong><br \/><strong>Objetivo plano acrom&#038;aacute tico corregido al infinito. Ampliaci&#038;oacute n: 10x. Abertura: 0,35<\/strong><\/p>\n<p>El objetivo 10PLFL est&#038;aacute  dise&#038;ntilde ado para observaciones con luz fluorescente. Las &#038;oacute pticas especiales no producen luz fluorescente propia ni presentan birrefringencia. El objetivo, con su elevada NA, produce una imagen de alta resoluci&#038;oacute n: las observaciones o la captura de im&#038;aacute genes con una c&#038;aacute mara digital son m&#038;aacute s detalladas, claras y expresivas que con un objetivo est&#038;aacute ndar.<\/p>\n<p>El campo amplio y plano del objetivo produce un campo de imagen grande y funciona bien con oculares de campo de visi&#038;oacute n amplio o con una c&#038;aacute mara digital. Por ejemplo, con un ocular de 10x y un campo de visi&#038;oacute n de 22 mm, el campo de visi&#038;oacute n total del sistema ser&#038;aacute  de 2,2 mm. Para trabajar con el objetivo con luz fluorescente, recomendamos utilizar la c&#038;aacute mara digital CLM90 de 7,1 MP y 1,1&#8221;.<\/p>\n<p>El objetivo 10PLFL proporciona un aumento de 10x. Cuando se monta en un microscopio, el aumento total utilizable del sistema estar&#038;aacute  en el rango de 175x a 350x. Para conseguir estos par&#038;aacute metros, utilice los oculares adecuados. No se recomiendan oculares de menor aumento para el sistema, ya que no le permitir&#038;aacute n examinar el objeto en detalle. Un aumento excesivo del ocular no proporcionar&#038;aacute  nueva informaci&#038;oacute n sobre una muestra. El objetivo 10PLFL tiene un l&#038;iacute mite de resoluci&#038;oacute n de 0,78 &#038;micro m.<\/p>\n<p>El modelo est&#038;aacute  dise&#038;ntilde ado para su instalaci&#038;oacute n en un tubo corregido al infinito. La distancia parafocal es 45 mm. Cubra la muestra con un cubreobjetos de 0,17 mm de grosor.<\/p>\n<p><strong>Compatibilidad:<\/strong><br \/>Microscopio de fluorescencia MAGUS Lum 400<br \/>Microscopio de fluorescencia MAGUS Lum 400L<\/p>\n<p><strong>Especificaciones:<\/strong><br \/>Material de las lentes: vidrio &#038;oacute ptico<br \/>Clase de objetivo seg&#038;uacute n grado de correcci&#038;oacute n de las aberraciones: plano acrom&#038;aacute tico<br \/>Longitud del tubo: corregido al infinito (&#038;infin )<br \/>T&#038;eacute cnica de contraste: fluorescencia&#038;nbsp <br \/>Ampliaci&#038;oacute n, x: 10<br \/>Abertura: 0,35<br \/>Distancia de trabajo, mm: 2,37<br \/>Distancia parafocal, mm: 45<br \/>Grosor del cubreobjetos, mm: 0,17<br \/>Mecanismo de resorte: &#038;minus <br \/>Inmersi&#038;oacute n: &#038;minus <br \/>Material del cuerpo: cobre<\/p>\n<table>\n<tbody>\n<tr>\n<td>Marca<\/td>\n<td>MAGUS<\/td>\n<\/tr>\n<tr>\n<td>Garant\u00eda<\/td>\n<td>2 \u0433\u043e\u0434\u0430<\/td>\n<\/tr>\n<tr>\n<td>EAN<\/td>\n<td>5905555020877<\/td>\n<\/tr>\n<tr>\n<td>Tama\u00f1o de paquete (LxAn.xAl.)<\/td>\n<td>7x4x4 cm<\/td>\n<\/tr>\n<tr>\n<td>Peso del env\u00edo<\/td>\n<td>0.13 kg<\/td>\n<\/tr>\n<\/tbody>\n<\/table>\n","protected":false},"excerpt":{"rendered":"<p>El objetivo 10PLFL est\u00e1 dise\u00f1ado para observaciones con luz fluorescente. Las \u00f3pticas especiales no producen luz fluorescente propia ni presentan birrefringencia. El objetivo, con su elevada NA, produce una imagen de alta resoluci\u00f3n: las observaciones o la captura de im\u00e1genes con una c\u00e1mara digital son m\u00e1s detalladas, claras y expresivas que con un objetivo est\u00e1ndar.<\/p>\n","protected":false},"featured_media":83448,"template":"","meta":{"_exactmetrics_skip_tracking":false,"_exactmetrics_sitenote_active":false,"_exactmetrics_sitenote_note":"","_exactmetrics_sitenote_category":0},"product_brand":[],"product_cat":[],"product_tag":[],"class_list":{"0":"post-84620","1":"product","2":"type-product","3":"status-publish","4":"has-post-thumbnail","7":"first","8":"instock","9":"taxable","10":"shipping-taxable","11":"purchasable","12":"product-type-simple"},"_links":{"self":[{"href":"https:\/\/microscopistas.com\/en\/wp-json\/wp\/v2\/product\/84620","targetHints":{"allow":["GET"]}}],"collection":[{"href":"https:\/\/microscopistas.com\/en\/wp-json\/wp\/v2\/product"}],"about":[{"href":"https:\/\/microscopistas.com\/en\/wp-json\/wp\/v2\/types\/product"}],"wp:featuredmedia":[{"embeddable":true,"href":"https:\/\/microscopistas.com\/en\/wp-json\/wp\/v2\/media\/83448"}],"wp:attachment":[{"href":"https:\/\/microscopistas.com\/en\/wp-json\/wp\/v2\/media?parent=84620"}],"wp:term":[{"taxonomy":"product_brand","embeddable":true,"href":"https:\/\/microscopistas.com\/en\/wp-json\/wp\/v2\/product_brand?post=84620"},{"taxonomy":"product_cat","embeddable":true,"href":"https:\/\/microscopistas.com\/en\/wp-json\/wp\/v2\/product_cat?post=84620"},{"taxonomy":"product_tag","embeddable":true,"href":"https:\/\/microscopistas.com\/en\/wp-json\/wp\/v2\/product_tag?post=84620"}],"curies":[{"name":"wp","href":"https:\/\/api.w.org\/{rel}","templated":true}]}}