{"id":84619,"date":"2024-07-29T18:29:17","date_gmt":"2024-07-29T16:29:17","guid":{"rendered":"http:\/\/microscopistas.com\/?post_type=product&#038;p=84619"},"modified":"2024-07-29T18:29:17","modified_gmt":"2024-07-29T16:29:17","slug":"objetivo-magus-40hp-40%d1%85-060-plan-l-fase-php2-%e2%88%9e-12-wd-35-mm","status":"publish","type":"product","link":"https:\/\/microscopistas.com\/en\/producto\/objetivo-magus-40hp-40%d1%85-060-plan-l-fase-php2-%e2%88%9e-12-wd-35-mm\/","title":{"rendered":"Objetivo MAGUS 40HP 40\u0445\/0,60 Plan L fase PHP2 \u221e\/1,2 WD 3,5 mm"},"content":{"rendered":"<p><strong>Objetivo MAGUS 40HP 40\u0445\/0,60 Plan L fase PHP2 &#038;infin \/1,2 WD 3,5 mm<\/strong><br \/>Objetivo plano acrom&#038;aacute tico corregido al infinito. Ampliaci&#038;oacute n: 40x. Abertura: 0,60<\/p>\n<p>El objetivo de la fase es estudiar muestras biol&#038;oacute gicas vivas indistinguibles mediante el m&#038;eacute todo de campo claro. Debido a la tinci&#038;oacute n, los microorganismos mueren, por lo que el m&#038;eacute todo de contraste de fase es el &#038;uacute nico que permite examinar muestras biol&#038;oacute gicas sin contraste. Adem&#038;aacute s del objetivo, para su funcionamiento necesitar&#038;aacute  un condensador de fase con un diafragma anular de 40x o una placa anular de contraste de fase con un anillo para el aumento correspondiente del objetivo.&#038;nbsp <\/p>\n<p>El objetivo est&#038;aacute  dise&#038;ntilde ado para su instalaci&#038;oacute n en un microscopio invertido biol&#038;oacute gico o de fluorescencia, y se ajustar&#038;aacute  a un sistema &#038;oacute ptico corregido al infinito. La distancia parafocal es 45 mm. Las muestras biol&#038;oacute gicas se estudian en material de laboratorio con un grosor de fondo de 1,2 mm.<\/p>\n<p>Es compatible con oculares con aumentos de 7,5x a 15x: en un sistema de este tipo, el aumento &#038;uacute til del microscopio ser&#038;aacute  de 300x a 600x. Un aumento inferior del ocular no proporcionar&#038;aacute  una imagen detallada  un aumento superior al umbral de 15x no ser&#038;aacute  eficaz, ya que no aportar&#038;aacute  ninguna informaci&#038;oacute n nueva.<\/p>\n<p>El objetivo corrige las distorsiones &#038;oacute pticas: crom&#038;aacute tica en rojo y azul, esf&#038;eacute rica en verde. La distorsi&#038;oacute n ocupa el 10\u202f% del campo visible. El gran campo plano funciona bien cuando se trabaja con una c&#038;aacute mara digital o en un sistema con un ocular de 22 mm. Un ocular 10x\/22\u202fmm proporcionar&#038;aacute  un campo de visi&#038;oacute n de 0,55 mm.<\/p>\n<p><strong>Compatibilidad:<br \/><\/strong>Microscopio biol&#038;oacute gico invertido MAGUS Bio V300<br \/>Microscopio biol&#038;oacute gico invertido MAGUS Bio V350<br \/>Microscopio invertido de fluorescencia MAGUS Lum V500<br \/>Microscopio invertido de fluorescencia MAGUS Lum V500L<\/p>\n<p><span lang='ES'><strong>Especificaciones<\/strong><br \/><\/span><span lang='ES'>Material de las lentes:&#038;nbsp vidrio &#038;oacute ptico<br \/><\/span>Clase de objetivo seg&#038;uacute n grado de correcci&#038;oacute n de las aberraciones: plano acrom&#038;aacute tico<br \/>Longitud del tubo: corregido al infinito (&#038;infin )<br \/>T&#038;eacute cnica de contraste: contraste de fase<br \/>Ampliaci&#038;oacute n, x:&#038;nbsp 40<br \/>Abertura:&#038;nbsp 0,60<br \/>Distancia de trabajo, mm: 3,5<br \/>Distancia parafocal, mm: 45<br \/>Grosor inferior, mm: 1,2<br \/>Mecanismo de resorte:&#038;nbsp +<br \/>Inmersi&#038;oacute n:&#038;nbsp &#038;minus <br \/>Material del cuerpo:&#038;nbsp cobre<\/p>\n<table>\n<tbody>\n<tr>\n<td>Marca<\/td>\n<td>MAGUS<\/td>\n<\/tr>\n<tr>\n<td>Garant\u00eda<\/td>\n<td>2 \u0433\u043e\u0434\u0430<\/td>\n<\/tr>\n<tr>\n<td>EAN<\/td>\n<td>5905555020860<\/td>\n<\/tr>\n<tr>\n<td>Tama\u00f1o de paquete (LxAn.xAl.)<\/td>\n<td>7x4x4 cm<\/td>\n<\/tr>\n<tr>\n<td>Peso del env\u00edo<\/td>\n<td>0.13 kg<\/td>\n<\/tr>\n<\/tbody>\n<\/table>\n","protected":false},"excerpt":{"rendered":"<p>El objetivo de la fase es estudiar muestras biol\u00f3gicas vivas indistinguibles mediante el m\u00e9todo de campo claro. Debido a la tinci\u00f3n, los microorganismos mueren, por lo que el m\u00e9todo de contraste de fase es el \u00fanico que permite examinar muestras biol\u00f3gicas sin contraste. Adem\u00e1s del objetivo, para su funcionamiento necesitar\u00e1 un condensador de fase con un diafragma anular de 40x o una placa anular de contraste de fase con un anillo para el aumento correspondiente del objetivo. <\/p>\n","protected":false},"featured_media":83445,"template":"","meta":{"_exactmetrics_skip_tracking":false,"_exactmetrics_sitenote_active":false,"_exactmetrics_sitenote_note":"","_exactmetrics_sitenote_category":0},"product_brand":[],"product_cat":[],"product_tag":[],"class_list":{"0":"post-84619","1":"product","2":"type-product","3":"status-publish","4":"has-post-thumbnail","7":"first","8":"instock","9":"taxable","10":"shipping-taxable","11":"purchasable","12":"product-type-simple"},"_links":{"self":[{"href":"https:\/\/microscopistas.com\/en\/wp-json\/wp\/v2\/product\/84619","targetHints":{"allow":["GET"]}}],"collection":[{"href":"https:\/\/microscopistas.com\/en\/wp-json\/wp\/v2\/product"}],"about":[{"href":"https:\/\/microscopistas.com\/en\/wp-json\/wp\/v2\/types\/product"}],"wp:featuredmedia":[{"embeddable":true,"href":"https:\/\/microscopistas.com\/en\/wp-json\/wp\/v2\/media\/83445"}],"wp:attachment":[{"href":"https:\/\/microscopistas.com\/en\/wp-json\/wp\/v2\/media?parent=84619"}],"wp:term":[{"taxonomy":"product_brand","embeddable":true,"href":"https:\/\/microscopistas.com\/en\/wp-json\/wp\/v2\/product_brand?post=84619"},{"taxonomy":"product_cat","embeddable":true,"href":"https:\/\/microscopistas.com\/en\/wp-json\/wp\/v2\/product_cat?post=84619"},{"taxonomy":"product_tag","embeddable":true,"href":"https:\/\/microscopistas.com\/en\/wp-json\/wp\/v2\/product_tag?post=84619"}],"curies":[{"name":"wp","href":"https:\/\/api.w.org\/{rel}","templated":true}]}}