{"id":84618,"date":"2024-07-29T18:29:16","date_gmt":"2024-07-29T16:29:16","guid":{"rendered":"http:\/\/microscopistas.com\/?post_type=product&#038;p=84618"},"modified":"2024-07-29T18:29:16","modified_gmt":"2024-07-29T16:29:16","slug":"objetivo-magus-20hp-20%d1%85-040-plan-l-fase-php2-%e2%88%9e-12-wd-80-mm","status":"publish","type":"product","link":"https:\/\/microscopistas.com\/en\/producto\/objetivo-magus-20hp-20%d1%85-040-plan-l-fase-php2-%e2%88%9e-12-wd-80-mm\/","title":{"rendered":"Objetivo MAGUS 20HP 20\u0445\/0,40 Plan L fase PHP2 \u221e\/1,2 WD 8,0 mm"},"content":{"rendered":"<p><strong>Objetivo MAGUS 20HP 20\u0445\/0,40 Plan L fase PHP2 &#038;infin \/1,2 WD 8,0 mm<\/strong><br \/>Objetivo plano acrom&#038;aacute tico corregido al infinito. Ampliaci&#038;oacute n: 20x. Abertura: 0,40<\/p>\n<p>El objetivo de fase est&#038;aacute  dise&#038;ntilde ado para estudiar espec&#038;iacute menes vivos indistinguibles o apenas visibles sin contraste. En este caso, la tinci&#038;oacute n de los microorganismos es imposible, ya que conduce a su muerte. El contraste de fases hace visibles a los microorganismos sin afectarlos ni da&#038;ntilde arlos directamente.<\/p>\n<p>Para las observaciones con contraste de fases, necesitar&#038;aacute  un condensador de fases. El objetivo 20HP se combina con un diafragma anular marcado 20x o una placa anular de contraste de fases con un anillo para el objetivo 20x.<\/p>\n<p>El modelo 20HP tiene un aumento de 20x y funciona mejor con oculares de entre 10x y 20x aumentos. Juntos, forman un aumento de microscopio &#038;uacute til de 200x a 400x. No tiene sentido incluir oculares de un aumento diferente en el sistema, ya que, o bien no proporcionar&#038;aacute n una imagen suficientemente informativa, o bien ser&#038;aacute n excesivos para ella y no le aportar&#038;aacute n ning&#038;uacute n beneficio adicional. El objetivo distingue los elementos de la muestra a una distancia m&#038;iacute nima de 0,69\u202f&#038;micro m.<\/p>\n<p>El objetivo tiene un gran campo plano, que cubre el 90\u202f% de toda la superficie visible, y enfoca igual de bien en toda la zona visible. Esta caracter&#038;iacute stica es compatible con c&#038;aacute maras digitales u oculares con un campo de visi&#038;oacute n de 22\u202fmm. Con un ocular de 10x\/22 mm, el campo de visi&#038;oacute n tiene de 1,1 mm. El objetivo corrige las aberraciones crom&#038;aacute ticas en dos longitudes de onda (rojo y azul) y las aberraciones esf&#038;eacute ricas en una longitud de onda (verde).<\/p>\n<p>El modelo 20HP se monta en un microscopio invertido biol&#038;oacute gico o de fluorescencia. Se utiliza para estudiar muestras colocadas en recipientes de laboratorio con un espesor inferior de 1,2 mm. El objetivo est&#038;aacute  corregido al infinito  la distancia parafocal es de 45 mm.<\/p>\n<p><strong>Compatibilidad:<br \/><\/strong>Microscopio biol&#038;oacute gico invertido MAGUS Bio V300<br \/>Microscopio biol&#038;oacute gico invertido MAGUS Bio V350<br \/>Microscopio invertido de fluorescencia MAGUS Lum V500<br \/>Microscopio invertido de fluorescencia MAGUS Lum V500L<\/p>\n<p><strong>Especificaciones<br \/><\/strong>Material de las lentes: vidrio &#038;oacute ptico<br \/>Clase de objetivo seg&#038;uacute n grado de correcci&#038;oacute n de las aberraciones: plano acrom&#038;aacute tico<br \/>Longitud del tubo: corregido al infinito (&#038;infin )<br \/>T&#038;eacute cnica de contraste: contraste de fase<br \/>Ampliaci&#038;oacute n, x: 20<br \/>Abertura:&#038;nbsp 0,40<br \/>Distancia de trabajo, mm: 8,0<br \/>Distancia parafocal, mm:&#038;nbsp  45<br \/>Grosor inferior, mm:&#038;nbsp 1,2<br \/>Mecanismo de resorte: &#038;minus <br \/>Inmersi&#038;oacute n: &#038;minus <br \/>Material del cuerpo: cobre<\/p>\n<table>\n<tbody>\n<tr>\n<td>Marca<\/td>\n<td>MAGUS<\/td>\n<\/tr>\n<tr>\n<td>Garant\u00eda<\/td>\n<td>2 \u0433\u043e\u0434\u0430<\/td>\n<\/tr>\n<tr>\n<td>EAN<\/td>\n<td>5905555020853<\/td>\n<\/tr>\n<tr>\n<td>Tama\u00f1o de paquete (LxAn.xAl.)<\/td>\n<td>4x7x4 cm<\/td>\n<\/tr>\n<tr>\n<td>Peso del env\u00edo<\/td>\n<td>0.09 kg<\/td>\n<\/tr>\n<\/tbody>\n<\/table>\n","protected":false},"excerpt":{"rendered":"<p>El objetivo de fase est\u00e1 dise\u00f1ado para estudiar espec\u00edmenes vivos indistinguibles o apenas visibles sin contraste. En este caso, la tinci\u00f3n de los microorganismos es imposible, ya que conduce a su muerte. El contraste de fases hace visibles a los microorganismos sin afectarlos ni da\u00f1arlos directamente.<\/p>\n","protected":false},"featured_media":83443,"template":"","meta":{"_exactmetrics_skip_tracking":false,"_exactmetrics_sitenote_active":false,"_exactmetrics_sitenote_note":"","_exactmetrics_sitenote_category":0},"product_brand":[],"product_cat":[],"product_tag":[],"class_list":{"0":"post-84618","1":"product","2":"type-product","3":"status-publish","4":"has-post-thumbnail","7":"first","8":"instock","9":"taxable","10":"shipping-taxable","11":"purchasable","12":"product-type-simple"},"_links":{"self":[{"href":"https:\/\/microscopistas.com\/en\/wp-json\/wp\/v2\/product\/84618","targetHints":{"allow":["GET"]}}],"collection":[{"href":"https:\/\/microscopistas.com\/en\/wp-json\/wp\/v2\/product"}],"about":[{"href":"https:\/\/microscopistas.com\/en\/wp-json\/wp\/v2\/types\/product"}],"wp:featuredmedia":[{"embeddable":true,"href":"https:\/\/microscopistas.com\/en\/wp-json\/wp\/v2\/media\/83443"}],"wp:attachment":[{"href":"https:\/\/microscopistas.com\/en\/wp-json\/wp\/v2\/media?parent=84618"}],"wp:term":[{"taxonomy":"product_brand","embeddable":true,"href":"https:\/\/microscopistas.com\/en\/wp-json\/wp\/v2\/product_brand?post=84618"},{"taxonomy":"product_cat","embeddable":true,"href":"https:\/\/microscopistas.com\/en\/wp-json\/wp\/v2\/product_cat?post=84618"},{"taxonomy":"product_tag","embeddable":true,"href":"https:\/\/microscopistas.com\/en\/wp-json\/wp\/v2\/product_tag?post=84618"}],"curies":[{"name":"wp","href":"https:\/\/api.w.org\/{rel}","templated":true}]}}