{"id":84616,"date":"2024-07-29T18:29:12","date_gmt":"2024-07-29T16:29:12","guid":{"rendered":"http:\/\/microscopistas.com\/?post_type=product&#038;p=84616"},"modified":"2024-07-29T18:29:12","modified_gmt":"2024-07-29T16:29:12","slug":"adaptador-de-montura-c-magus-cfa050","status":"publish","type":"product","link":"https:\/\/microscopistas.com\/en\/producto\/adaptador-de-montura-c-magus-cfa050\/","title":{"rendered":"Adaptador de montura C MAGUS CFA050"},"content":{"rendered":"<p><strong>Adaptador de montura C MAGUS CFA050<\/strong><br \/>Ampliaci&#038;oacute n: 0,5x<\/p>\n<p>El adaptador de montura C es un accesorio que se utiliza para montar una c&#038;aacute mara digital en el tubo trinocular de los microscopios trinoculares MAGUS. Aumenta 0,5x y est&#038;aacute  dise&#038;ntilde ado para combinarse con matrices de 1\/3&#038;ndash 1\/2&#8242;: con ellas, el adaptador proporciona el campo de visi&#038;oacute n m&#038;aacute s amplio sin oscurecimiento en los bordes.<\/p>\n<p><strong>Adecuado para:<br \/><\/strong>C&#038;aacute mara digital MAGUS CBF10<br \/>C&#038;aacute mara digital MAGUS CDF10<br \/>C&#038;aacute mara digital MAGUS CHD10<br \/>C&#038;aacute mara digital MAGUS CHD20<br \/>C&#038;aacute mara digital MAGUS CHD30<\/p>\n<p><strong>Compatibilidad:<br \/><\/strong>Microscopio biol&#038;oacute gico MAGUS Bio 230T<br \/>Microscopio biol&#038;oacute gico MAGUS Bio 230TL<br \/>Microscopio biol&#038;oacute gico MAGUS Bio 250T<br \/>Microscopio biol&#038;oacute gico MAGUS Bio 250TL<br \/>Microscopio biol&#038;oacute gico invertido MAGUS Bio V300<br \/>Microscopio biol&#038;oacute gico invertido MAGUS Bio V350<br \/>Microscopio de fluorescencia MAGUS Lum 400<br \/>Microscopio de fluorescencia MAGUS Lum 400L<br \/>Microscopio invertido de fluorescencia MAGUS Lum V500<br \/>Microscopio invertido de fluorescencia MAGUS Lum V500L<br \/>Microscopio metal&#038;uacute rgico MAGUS Metal 600<br \/>Microscopio metal&#038;uacute rgico MAGUS Metal 600 BD<br \/>Microscopio metal&#038;uacute rgico MAGUS Metal 630<br \/>Microscopio metal&#038;uacute rgico MAGUS Metal 630 BD<br \/>Microscopio metal&#038;uacute rgico MAGUS Metal 650<br \/>Microscopio metal&#038;uacute rgico MAGUS Metal 650 BD<br \/>Microscopio metal&#038;uacute rgico invertido MAGUS Metal V700<br \/>Microscopio metal&#038;uacute rgico invertido MAGUS Metal V700 BD<br \/>Microscopio polarizador MAGUS Pol 800<br \/>Microscopio polarizador MAGUS Pol 850<br \/>Estereomicroscopio MAGUS Stereo 9T<\/p>\n<div>\n<p><span lang='ES'><strong>Especificaciones<\/strong><br \/><\/span>Adecuado para sensors: 1\/3&#8217;&#038;ndash 1\/2&#8242;<br \/>Ampliaci&#038;oacute n, x: 0,5<br \/>Distancia focal: fijaajustable<\/p>\n<\/p><\/div>\n<table>\n<tbody>\n<tr>\n<td>Marca<\/td>\n<td>MAGUS<\/td>\n<\/tr>\n<tr>\n<td>Garant\u00eda<\/td>\n<td>2 \u0433\u043e\u0434\u0430<\/td>\n<\/tr>\n<tr>\n<td>EAN<\/td>\n<td>5905555020839<\/td>\n<\/tr>\n<tr>\n<td>Tama\u00f1o de paquete (LxAn.xAl.)<\/td>\n<td>5x6x6 cm<\/td>\n<\/tr>\n<tr>\n<td>Peso del env\u00edo<\/td>\n<td>0.07 kg<\/td>\n<\/tr>\n<\/tbody>\n<\/table>\n","protected":false},"excerpt":{"rendered":"<p>El adaptador de montura C es un accesorio que se utiliza para montar una c\u00e1mara digital en el tubo trinocular de los microscopios trinoculares MAGUS. Aumenta 0,5x y est\u00e1 dise\u00f1ado para combinarse con matrices de 1\/3\u20131\/2&#8242;: con ellas, el adaptador proporciona el campo de visi\u00f3n m\u00e1s amplio sin oscurecimiento en los bordes.<\/p>\n","protected":false},"featured_media":83437,"template":"","meta":{"_exactmetrics_skip_tracking":false,"_exactmetrics_sitenote_active":false,"_exactmetrics_sitenote_note":"","_exactmetrics_sitenote_category":0},"product_brand":[],"product_cat":[],"product_tag":[],"class_list":{"0":"post-84616","1":"product","2":"type-product","3":"status-publish","4":"has-post-thumbnail","7":"first","8":"instock","9":"taxable","10":"shipping-taxable","11":"purchasable","12":"product-type-simple"},"_links":{"self":[{"href":"https:\/\/microscopistas.com\/en\/wp-json\/wp\/v2\/product\/84616","targetHints":{"allow":["GET"]}}],"collection":[{"href":"https:\/\/microscopistas.com\/en\/wp-json\/wp\/v2\/product"}],"about":[{"href":"https:\/\/microscopistas.com\/en\/wp-json\/wp\/v2\/types\/product"}],"wp:featuredmedia":[{"embeddable":true,"href":"https:\/\/microscopistas.com\/en\/wp-json\/wp\/v2\/media\/83437"}],"wp:attachment":[{"href":"https:\/\/microscopistas.com\/en\/wp-json\/wp\/v2\/media?parent=84616"}],"wp:term":[{"taxonomy":"product_brand","embeddable":true,"href":"https:\/\/microscopistas.com\/en\/wp-json\/wp\/v2\/product_brand?post=84616"},{"taxonomy":"product_cat","embeddable":true,"href":"https:\/\/microscopistas.com\/en\/wp-json\/wp\/v2\/product_cat?post=84616"},{"taxonomy":"product_tag","embeddable":true,"href":"https:\/\/microscopistas.com\/en\/wp-json\/wp\/v2\/product_tag?post=84616"}],"curies":[{"name":"wp","href":"https:\/\/api.w.org\/{rel}","templated":true}]}}