{"id":84614,"date":"2024-07-29T18:29:11","date_gmt":"2024-07-29T16:29:11","guid":{"rendered":"http:\/\/microscopistas.com\/?post_type=product&#038;p=84614"},"modified":"2024-07-29T18:29:12","modified_gmt":"2024-07-29T16:29:12","slug":"anillo-adaptador-magus-mr300","status":"publish","type":"product","link":"https:\/\/microscopistas.com\/en\/producto\/anillo-adaptador-magus-mr300\/","title":{"rendered":"Anillo adaptador MAGUS MR300"},"content":{"rendered":"<p>Un anillo adaptador es un dispositivo que permite conectar una c\u00e1mara a un microscopio. Elimina la diferencia en los di\u00e1metros de las piezas de conexi\u00f3n de los dispositivos. En el anillo MR300 se inserta un adaptador de montura C con un di\u00e1metro de 23,2 mm con una c\u00e1mara digital. A continuaci\u00f3n, el anillo se conecta al tubo ocular del microscopio. El MR300 se adapta a un tubo de 30\u202fmm de di\u00e1metro.<\/p>\n<table>\n<tbody>\n<tr>\n<td>Marca<\/td>\n<td>MAGUS<\/td>\n<\/tr>\n<tr>\n<td>Garant\u00eda<\/td>\n<td>2 \u0433\u043e\u0434\u0430<\/td>\n<\/tr>\n<tr>\n<td>EAN<\/td>\n<td>5905555019383<\/td>\n<\/tr>\n<tr>\n<td>Tama\u00f1o de paquete (LxAn.xAl.)<\/td>\n<td>3x3x3 cm<\/td>\n<\/tr>\n<tr>\n<td>Peso del env\u00edo<\/td>\n<td>0.03 kg<\/td>\n<\/tr>\n<\/tbody>\n<\/table>\n","protected":false},"excerpt":{"rendered":"<p>Un anillo adaptador es un dispositivo que permite conectar una c\u00e1mara a un microscopio. Elimina la diferencia en los di\u00e1metros de las piezas de conexi\u00f3n de los dispositivos. En el anillo MR300 se inserta un adaptador de montura C con un di\u00e1metro de 23,2 mm con una c\u00e1mara digital. A continuaci\u00f3n, el anillo se conecta al tubo ocular del microscopio. El MR300 se adapta a un tubo de 30\u202fmm de di\u00e1metro.<\/p>\n","protected":false},"featured_media":83260,"template":"","meta":{"_exactmetrics_skip_tracking":false,"_exactmetrics_sitenote_active":false,"_exactmetrics_sitenote_note":"","_exactmetrics_sitenote_category":0},"product_brand":[],"product_cat":[],"product_tag":[],"class_list":{"0":"post-84614","1":"product","2":"type-product","3":"status-publish","4":"has-post-thumbnail","7":"first","8":"instock","9":"taxable","10":"shipping-taxable","11":"purchasable","12":"product-type-simple"},"_links":{"self":[{"href":"https:\/\/microscopistas.com\/en\/wp-json\/wp\/v2\/product\/84614","targetHints":{"allow":["GET"]}}],"collection":[{"href":"https:\/\/microscopistas.com\/en\/wp-json\/wp\/v2\/product"}],"about":[{"href":"https:\/\/microscopistas.com\/en\/wp-json\/wp\/v2\/types\/product"}],"wp:featuredmedia":[{"embeddable":true,"href":"https:\/\/microscopistas.com\/en\/wp-json\/wp\/v2\/media\/83260"}],"wp:attachment":[{"href":"https:\/\/microscopistas.com\/en\/wp-json\/wp\/v2\/media?parent=84614"}],"wp:term":[{"taxonomy":"product_brand","embeddable":true,"href":"https:\/\/microscopistas.com\/en\/wp-json\/wp\/v2\/product_brand?post=84614"},{"taxonomy":"product_cat","embeddable":true,"href":"https:\/\/microscopistas.com\/en\/wp-json\/wp\/v2\/product_cat?post=84614"},{"taxonomy":"product_tag","embeddable":true,"href":"https:\/\/microscopistas.com\/en\/wp-json\/wp\/v2\/product_tag?post=84614"}],"curies":[{"name":"wp","href":"https:\/\/api.w.org\/{rel}","templated":true}]}}