{"id":84613,"date":"2024-07-29T18:29:11","date_gmt":"2024-07-29T16:29:11","guid":{"rendered":"http:\/\/microscopistas.com\/?post_type=product&#038;p=84613"},"modified":"2024-07-29T18:29:11","modified_gmt":"2024-07-29T16:29:11","slug":"adaptador-de-montura-c-magus-cmt100","status":"publish","type":"product","link":"https:\/\/microscopistas.com\/en\/producto\/adaptador-de-montura-c-magus-cmt100\/","title":{"rendered":"Adaptador de montura C MAGUS CMT100"},"content":{"rendered":"<p>Un adaptador de montura C es un accesorio que conecta una c\u00e1mara digital a un microscopio. Cada adaptador tiene sus propios par\u00e1metros de aumento y es compatible con determinadas c\u00e1maras. El CMT100 de 1x aumento est\u00e1 dise\u00f1ado para sensores a partir de 1&#8242;. El mayor campo de visi\u00f3n se puede conseguir en combinaci\u00f3n con c\u00e1maras MAGUS de los siguientes modelos:<\/p>\n<ul>\n<li>CBF70<\/li>\n<li>CDF70<\/li>\n<li>CLM50<\/li>\n<li>CLM70<\/li>\n<li>CLM90<\/li>\n<\/ul>\n<p>La c\u00e1mara se monta en el adaptador y luego se monta en el tubo del ocular del microscopio. En este caso, se coloca un anillo adaptador en el tubo y se coloca en \u00e9l el adaptador con la c\u00e1mara acoplada.<\/p>\n<table>\n<tbody>\n<tr>\n<td>Marca<\/td>\n<td>MAGUS<\/td>\n<\/tr>\n<tr>\n<td>Garant\u00eda<\/td>\n<td>2 \u0433\u043e\u0434\u0430<\/td>\n<\/tr>\n<tr>\n<td>EAN<\/td>\n<td>5905555019376<\/td>\n<\/tr>\n<tr>\n<td>Tama\u00f1o de paquete (LxAn.xAl.)<\/td>\n<td>6x2x3 cm<\/td>\n<\/tr>\n<tr>\n<td>Peso del env\u00edo<\/td>\n<td>0.08 kg<\/td>\n<\/tr>\n<tr>\n<td>Adecuado para sensores<\/td>\n<td>1&#8242; y superiores<\/td>\n<\/tr>\n<tr>\n<td>Ampliaci\u00f3n, x<\/td>\n<td>1<\/td>\n<\/tr>\n<tr>\n<td>Distancia focal, mm<\/td>\n<td>fija<\/td>\n<\/tr>\n<tr>\n<td>Di\u00e1metro del tubo<\/td>\n<td>23.2<\/td>\n<\/tr>\n<\/tbody>\n<\/table>\n","protected":false},"excerpt":{"rendered":"<p>Un adaptador de montura C es un accesorio que conecta una c\u00e1mara digital a un microscopio. Cada adaptador tiene sus propios par\u00e1metros de aumento y es compatible con determinadas c\u00e1maras. El CMT100 de 1x aumento est\u00e1 dise\u00f1ado para sensores a partir de 1&#8242;. El mayor campo de visi\u00f3n se puede conseguir en combinaci\u00f3n con c\u00e1maras MAGUS de los siguientes modelos:<\/p>\n","protected":false},"featured_media":83258,"template":"","meta":{"_exactmetrics_skip_tracking":false,"_exactmetrics_sitenote_active":false,"_exactmetrics_sitenote_note":"","_exactmetrics_sitenote_category":0},"product_brand":[],"product_cat":[],"product_tag":[],"class_list":{"0":"post-84613","1":"product","2":"type-product","3":"status-publish","4":"has-post-thumbnail","7":"first","8":"instock","9":"taxable","10":"shipping-taxable","11":"purchasable","12":"product-type-simple"},"_links":{"self":[{"href":"https:\/\/microscopistas.com\/en\/wp-json\/wp\/v2\/product\/84613","targetHints":{"allow":["GET"]}}],"collection":[{"href":"https:\/\/microscopistas.com\/en\/wp-json\/wp\/v2\/product"}],"about":[{"href":"https:\/\/microscopistas.com\/en\/wp-json\/wp\/v2\/types\/product"}],"wp:featuredmedia":[{"embeddable":true,"href":"https:\/\/microscopistas.com\/en\/wp-json\/wp\/v2\/media\/83258"}],"wp:attachment":[{"href":"https:\/\/microscopistas.com\/en\/wp-json\/wp\/v2\/media?parent=84613"}],"wp:term":[{"taxonomy":"product_brand","embeddable":true,"href":"https:\/\/microscopistas.com\/en\/wp-json\/wp\/v2\/product_brand?post=84613"},{"taxonomy":"product_cat","embeddable":true,"href":"https:\/\/microscopistas.com\/en\/wp-json\/wp\/v2\/product_cat?post=84613"},{"taxonomy":"product_tag","embeddable":true,"href":"https:\/\/microscopistas.com\/en\/wp-json\/wp\/v2\/product_tag?post=84613"}],"curies":[{"name":"wp","href":"https:\/\/api.w.org\/{rel}","templated":true}]}}