{"id":84612,"date":"2024-07-29T18:29:11","date_gmt":"2024-07-29T16:29:11","guid":{"rendered":"http:\/\/microscopistas.com\/?post_type=product&#038;p=84612"},"modified":"2024-07-29T18:29:11","modified_gmt":"2024-07-29T16:29:11","slug":"adaptador-de-montura-c-magus-cmt075","status":"publish","type":"product","link":"https:\/\/microscopistas.com\/en\/producto\/adaptador-de-montura-c-magus-cmt075\/","title":{"rendered":"Adaptador de montura C MAGUS CMT075"},"content":{"rendered":"<p>Instalar una c\u00e1mara digital en un microscopio requiere un dispositivo especial: un adaptador de montura C. Tiene su propio aumento, por lo que la elecci\u00f3n del modelo depender\u00e1 de los par\u00e1metros del sensor de su c\u00e1mara. El adaptador CMT075 con un aumento de 0,75x se recomienda para c\u00e1maras con una matriz de 1\/1,8&#8217;\u20131&#8242; de di\u00e1metro, que proporcionar\u00e1 el campo de visi\u00f3n m\u00e1s amplio. En la colecci\u00f3n MAGUS, estas c\u00e1maras son:<\/p>\n<ul>\n<li>CLM10<\/li>\n<li>CBF30<\/li>\n<li>CDF30<\/li>\n<li>CLM30<\/li>\n<li>CHD40<\/li>\n<li>CBF50<\/li>\n<li>CDF50<\/li>\n<li>CHD50<\/li>\n<li>CBF90<\/li>\n<\/ul>\n<p>Para instalar la c\u00e1mara en el tubo del ocular, necesitar\u00e1 no solo un adaptador, sino tambi\u00e9n un anillo adaptador que se ajuste al di\u00e1metro del tubo.<\/p>\n<table>\n<tbody>\n<tr>\n<td>Marca<\/td>\n<td>MAGUS<\/td>\n<\/tr>\n<tr>\n<td>Garant\u00eda<\/td>\n<td>2 \u0433\u043e\u0434\u0430<\/td>\n<\/tr>\n<tr>\n<td>EAN<\/td>\n<td>5905555019369<\/td>\n<\/tr>\n<tr>\n<td>Tama\u00f1o de paquete (LxAn.xAl.)<\/td>\n<td>6x3x3 cm<\/td>\n<\/tr>\n<tr>\n<td>Peso del env\u00edo<\/td>\n<td>0.08 kg<\/td>\n<\/tr>\n<tr>\n<td>Adecuado para sensores<\/td>\n<td>1\/1,8&#8217;\u20131&#8242;<\/td>\n<\/tr>\n<tr>\n<td>Ampliaci\u00f3n, x<\/td>\n<td>0.75<\/td>\n<\/tr>\n<tr>\n<td>Distancia focal, mm<\/td>\n<td>fija<\/td>\n<\/tr>\n<tr>\n<td>Di\u00e1metro del tubo<\/td>\n<td>23.2<\/td>\n<\/tr>\n<\/tbody>\n<\/table>\n","protected":false},"excerpt":{"rendered":"<p>Instalar una c\u00e1mara digital en un microscopio requiere un dispositivo especial: un adaptador de montura C. Tiene su propio aumento, por lo que la elecci\u00f3n del modelo depender\u00e1 de los par\u00e1metros del sensor de su c\u00e1mara. El adaptador CMT075 con un aumento de 0,75x se recomienda para c\u00e1maras con una matriz de 1\/1,8&#8217;\u20131&#8242; de di\u00e1metro, que proporcionar\u00e1 el campo de visi\u00f3n m\u00e1s amplio. En la colecci\u00f3n MAGUS, estas c\u00e1maras son:<\/p>\n","protected":false},"featured_media":83255,"template":"","meta":{"_exactmetrics_skip_tracking":false,"_exactmetrics_sitenote_active":false,"_exactmetrics_sitenote_note":"","_exactmetrics_sitenote_category":0},"product_brand":[],"product_cat":[],"product_tag":[],"class_list":{"0":"post-84612","1":"product","2":"type-product","3":"status-publish","4":"has-post-thumbnail","7":"first","8":"instock","9":"taxable","10":"shipping-taxable","11":"purchasable","12":"product-type-simple"},"_links":{"self":[{"href":"https:\/\/microscopistas.com\/en\/wp-json\/wp\/v2\/product\/84612","targetHints":{"allow":["GET"]}}],"collection":[{"href":"https:\/\/microscopistas.com\/en\/wp-json\/wp\/v2\/product"}],"about":[{"href":"https:\/\/microscopistas.com\/en\/wp-json\/wp\/v2\/types\/product"}],"wp:featuredmedia":[{"embeddable":true,"href":"https:\/\/microscopistas.com\/en\/wp-json\/wp\/v2\/media\/83255"}],"wp:attachment":[{"href":"https:\/\/microscopistas.com\/en\/wp-json\/wp\/v2\/media?parent=84612"}],"wp:term":[{"taxonomy":"product_brand","embeddable":true,"href":"https:\/\/microscopistas.com\/en\/wp-json\/wp\/v2\/product_brand?post=84612"},{"taxonomy":"product_cat","embeddable":true,"href":"https:\/\/microscopistas.com\/en\/wp-json\/wp\/v2\/product_cat?post=84612"},{"taxonomy":"product_tag","embeddable":true,"href":"https:\/\/microscopistas.com\/en\/wp-json\/wp\/v2\/product_tag?post=84612"}],"curies":[{"name":"wp","href":"https:\/\/api.w.org\/{rel}","templated":true}]}}