{"id":84611,"date":"2024-07-29T18:29:11","date_gmt":"2024-07-29T16:29:11","guid":{"rendered":"http:\/\/microscopistas.com\/?post_type=product&#038;p=84611"},"modified":"2024-07-29T18:29:11","modified_gmt":"2024-07-29T16:29:11","slug":"adaptador-de-montura-c-magus-cmt050","status":"publish","type":"product","link":"https:\/\/microscopistas.com\/en\/producto\/adaptador-de-montura-c-magus-cmt050\/","title":{"rendered":"Adaptador de montura C MAGUS CMT050"},"content":{"rendered":"<p>Los adaptadores de montura C de la marca MAGUS se utilizan para conectar una c\u00e1mara con un microscopio. Cada modelo de adaptador tiene su propio aumento, por lo que debe seleccionarlo en funci\u00f3n de las caracter\u00edsticas del sensor de su c\u00e1mara. El modelo CMT050 con un aumento de 0,5x est\u00e1 dise\u00f1ado para c\u00e1maras con un tama\u00f1o de sensor de 1\/3&#8217;\u20131\/2&#8242;: esto proporcionar\u00e1 el campo de visi\u00f3n m\u00e1s amplio y claro. El adaptador se recomienda para los modelos de c\u00e1mara MAGUS CBF10, CDF10, CHD10, CHD20 y CHD30.<\/p>\n<p>Para instalar la c\u00e1mara en el tubo del ocular, necesitar\u00e1 el adaptador de montura en C y un anillo adaptador. El anillo se conecta al microscopio y en \u00e9l se inserta el adaptador de montura en C con c\u00e1mara fija.<\/p>\n<table>\n<tbody>\n<tr>\n<td>Marca<\/td>\n<td>MAGUS<\/td>\n<\/tr>\n<tr>\n<td>Garant\u00eda<\/td>\n<td>2 \u0433\u043e\u0434\u0430<\/td>\n<\/tr>\n<tr>\n<td>EAN<\/td>\n<td>5905555019352<\/td>\n<\/tr>\n<tr>\n<td>Tama\u00f1o de paquete (LxAn.xAl.)<\/td>\n<td>6x3x3 cm<\/td>\n<\/tr>\n<tr>\n<td>Peso del env\u00edo<\/td>\n<td>0.08 kg<\/td>\n<\/tr>\n<tr>\n<td>Adecuado para sensores<\/td>\n<td>1\/3&#8217;\u20131\/2&#8242;<\/td>\n<\/tr>\n<tr>\n<td>Ampliaci\u00f3n, x<\/td>\n<td>0.5<\/td>\n<\/tr>\n<tr>\n<td>Distancia focal, mm<\/td>\n<td>fija<\/td>\n<\/tr>\n<tr>\n<td>Di\u00e1metro del tubo<\/td>\n<td>23.2<\/td>\n<\/tr>\n<\/tbody>\n<\/table>\n","protected":false},"excerpt":{"rendered":"<p>Los adaptadores de montura C de la marca MAGUS se utilizan para conectar una c\u00e1mara con un microscopio. Cada modelo de adaptador tiene su propio aumento, por lo que debe seleccionarlo en funci\u00f3n de las caracter\u00edsticas del sensor de su c\u00e1mara. El modelo CMT050 con un aumento de 0,5x est\u00e1 dise\u00f1ado para c\u00e1maras con un tama\u00f1o de sensor de 1\/3&#8217;\u20131\/2&#8242;: esto proporcionar\u00e1 el campo de visi\u00f3n m\u00e1s amplio y claro. El adaptador se recomienda para los modelos de c\u00e1mara MAGUS CBF10, CDF10, CHD10, CHD20 y CHD30.<\/p>\n","protected":false},"featured_media":83252,"template":"","meta":{"_exactmetrics_skip_tracking":false,"_exactmetrics_sitenote_active":false,"_exactmetrics_sitenote_note":"","_exactmetrics_sitenote_category":0},"product_brand":[],"product_cat":[],"product_tag":[],"class_list":{"0":"post-84611","1":"product","2":"type-product","3":"status-publish","4":"has-post-thumbnail","7":"first","8":"instock","9":"taxable","10":"shipping-taxable","11":"purchasable","12":"product-type-simple"},"_links":{"self":[{"href":"https:\/\/microscopistas.com\/en\/wp-json\/wp\/v2\/product\/84611","targetHints":{"allow":["GET"]}}],"collection":[{"href":"https:\/\/microscopistas.com\/en\/wp-json\/wp\/v2\/product"}],"about":[{"href":"https:\/\/microscopistas.com\/en\/wp-json\/wp\/v2\/types\/product"}],"wp:featuredmedia":[{"embeddable":true,"href":"https:\/\/microscopistas.com\/en\/wp-json\/wp\/v2\/media\/83252"}],"wp:attachment":[{"href":"https:\/\/microscopistas.com\/en\/wp-json\/wp\/v2\/media?parent=84611"}],"wp:term":[{"taxonomy":"product_brand","embeddable":true,"href":"https:\/\/microscopistas.com\/en\/wp-json\/wp\/v2\/product_brand?post=84611"},{"taxonomy":"product_cat","embeddable":true,"href":"https:\/\/microscopistas.com\/en\/wp-json\/wp\/v2\/product_cat?post=84611"},{"taxonomy":"product_tag","embeddable":true,"href":"https:\/\/microscopistas.com\/en\/wp-json\/wp\/v2\/product_tag?post=84611"}],"curies":[{"name":"wp","href":"https:\/\/api.w.org\/{rel}","templated":true}]}}