{"id":84610,"date":"2024-07-29T18:29:11","date_gmt":"2024-07-29T16:29:11","guid":{"rendered":"http:\/\/microscopistas.com\/?post_type=product&#038;p=84610"},"modified":"2024-07-29T18:29:11","modified_gmt":"2024-07-29T16:29:11","slug":"adaptador-de-montura-c-magus-cmt037","status":"publish","type":"product","link":"https:\/\/microscopistas.com\/en\/producto\/adaptador-de-montura-c-magus-cmt037\/","title":{"rendered":"Adaptador de montura C MAGUS CMT037"},"content":{"rendered":"<p>El adaptador de montura C MAGUS est\u00e1 dise\u00f1ado para conectar una c\u00e1mara a un microscopio. Puede elegir el modelo adecuado en funci\u00f3n de los par\u00e1metros de la matriz de su c\u00e1mara. El modelo CMT037 tiene un aumento de 0,37x y es ideal para c\u00e1maras con un tama\u00f1o de matriz de 1\/4&#8217;\u20131\/3&#8242;.<\/p>\n<p>Recomendado para c\u00e1maras MAGUS (proporciona el m\u00e1ximo campo de visi\u00f3n):<\/p>\n<ul>\n<li>CHD10<\/li>\n<li>CBF10<\/li>\n<\/ul>\n<p>El adaptador es necesario para montar una c\u00e1mara en un tubo ocular en lugar de un ocular. En primer lugar, con\u00e9ctelo al anillo adaptador del di\u00e1metro necesario, inserte el adaptador de montura C en el anillo y, a continuaci\u00f3n, con\u00e9ctelo con la c\u00e1mara.<\/p>\n<table>\n<tbody>\n<tr>\n<td>Marca<\/td>\n<td>MAGUS<\/td>\n<\/tr>\n<tr>\n<td>Garant\u00eda<\/td>\n<td>2 \u0433\u043e\u0434\u0430<\/td>\n<\/tr>\n<tr>\n<td>EAN<\/td>\n<td>5905555019345<\/td>\n<\/tr>\n<tr>\n<td>Tama\u00f1o de paquete (LxAn.xAl.)<\/td>\n<td>6x3x3 cm<\/td>\n<\/tr>\n<tr>\n<td>Peso del env\u00edo<\/td>\n<td>0.08 kg<\/td>\n<\/tr>\n<tr>\n<td>Adecuado para sensores<\/td>\n<td>1\/4&#8217;\u20131\/3&#8242;<\/td>\n<\/tr>\n<tr>\n<td>Ampliaci\u00f3n, x<\/td>\n<td>0.37<\/td>\n<\/tr>\n<tr>\n<td>Distancia focal, mm<\/td>\n<td>fija<\/td>\n<\/tr>\n<tr>\n<td>Di\u00e1metro del tubo<\/td>\n<td>23.2<\/td>\n<\/tr>\n<\/tbody>\n<\/table>\n","protected":false},"excerpt":{"rendered":"<p>El adaptador de montura C MAGUS est\u00e1 dise\u00f1ado para conectar una c\u00e1mara a un microscopio. Puede elegir el modelo adecuado en funci\u00f3n de los par\u00e1metros de la matriz de su c\u00e1mara. El modelo CMT037 tiene un aumento de 0,37x y es ideal para c\u00e1maras con un tama\u00f1o de matriz de 1\/4&#8217;\u20131\/3&#8242;.<\/p>\n","protected":false},"featured_media":83250,"template":"","meta":{"_exactmetrics_skip_tracking":false,"_exactmetrics_sitenote_active":false,"_exactmetrics_sitenote_note":"","_exactmetrics_sitenote_category":0},"product_brand":[],"product_cat":[],"product_tag":[],"class_list":{"0":"post-84610","1":"product","2":"type-product","3":"status-publish","4":"has-post-thumbnail","7":"first","8":"instock","9":"taxable","10":"shipping-taxable","11":"purchasable","12":"product-type-simple"},"_links":{"self":[{"href":"https:\/\/microscopistas.com\/en\/wp-json\/wp\/v2\/product\/84610","targetHints":{"allow":["GET"]}}],"collection":[{"href":"https:\/\/microscopistas.com\/en\/wp-json\/wp\/v2\/product"}],"about":[{"href":"https:\/\/microscopistas.com\/en\/wp-json\/wp\/v2\/types\/product"}],"wp:featuredmedia":[{"embeddable":true,"href":"https:\/\/microscopistas.com\/en\/wp-json\/wp\/v2\/media\/83250"}],"wp:attachment":[{"href":"https:\/\/microscopistas.com\/en\/wp-json\/wp\/v2\/media?parent=84610"}],"wp:term":[{"taxonomy":"product_brand","embeddable":true,"href":"https:\/\/microscopistas.com\/en\/wp-json\/wp\/v2\/product_brand?post=84610"},{"taxonomy":"product_cat","embeddable":true,"href":"https:\/\/microscopistas.com\/en\/wp-json\/wp\/v2\/product_cat?post=84610"},{"taxonomy":"product_tag","embeddable":true,"href":"https:\/\/microscopistas.com\/en\/wp-json\/wp\/v2\/product_tag?post=84610"}],"curies":[{"name":"wp","href":"https:\/\/api.w.org\/{rel}","templated":true}]}}