{"id":84607,"date":"2024-07-29T18:29:10","date_gmt":"2024-07-29T16:29:10","guid":{"rendered":"http:\/\/microscopistas.com\/?post_type=product&#038;p=84607"},"modified":"2024-07-30T10:07:24","modified_gmt":"2024-07-30T08:07:24","slug":"camara-digital-magus-clm90","status":"publish","type":"product","link":"https:\/\/microscopistas.com\/en\/producto\/camara-digital-magus-clm90\/","title":{"rendered":"C\u00e1mara digital MAGUS CLM90"},"content":{"rendered":"<p>Las c\u00e1maras para microscopio MAGUS CLM est\u00e1n dise\u00f1adas para su uso en t\u00e9cnicas de microscop\u00eda de fluorescencia y de campo oscuro. El modelo CLM90 es monocromo y su m\u00e1xima resoluci\u00f3n de imagen es de 3200&#215;2200 p\u00edxeles. La velocidad de fotogramas para la grabaci\u00f3n de v\u00eddeo depende de la resoluci\u00f3n y puede ser de 51,3 o 133,8 fps. La c\u00e1mara funciona eficazmente con objetivos de 4x, 10x, 20x y 40x, ya que capta mejor los peque\u00f1os detalles en combinaci\u00f3n con objetivos de bajo aumento. Est\u00e1 equipada con un elemento Peltier que enfr\u00eda la matriz y mantiene una alta calidad de imagen. El obturador global crea una imagen sin deformaciones, incluso si el objeto se mueve. El resultado de la captura se muestra en el monitor a trav\u00e9s de la interfaz USB 3.0 sin p\u00e9rdida de calidad. La c\u00e1mara ha sido creada para un uso profesional o la formaci\u00f3n universitaria.<\/p>\n<p>En el interior de la c\u00e1mara se encuentra un sensor SONY Exmor CMOS de 1,1&#8242; de diagonal con un tama\u00f1o de p\u00edxel de 4,5&#215;4,5 \u03bcm. La tecnolog\u00eda de retroiluminaci\u00f3n que SONY utiliza en sus matrices aumenta la sensibilidad a la luz: En este modelo, es de 3354 mV a una velocidad de obturaci\u00f3n de 1\/30 segundos. La matriz monocroma no le permitir\u00e1 distinguir los colores del objeto, pero har\u00e1 que la imagen sea brillante y de alto contraste, lo que puede ser importante al capturar en condiciones de poca luz. Para crear un campo de visi\u00f3n lo m\u00e1s amplio posible, utilice el adaptador 1x.<\/p>\n<p>El elemento Peltier es un m\u00f3dulo termoel\u00e9ctrico especial que mantiene una temperatura 42 \u00b0C por debajo de la temperatura ambiente. Es necesario para enfriar la matriz de la c\u00e1mara. Se calienta durante el funcionamiento prolongado, lo que provoca ruido t\u00e9rmico y deterioro de la calidad de la imagen. El elemento Peltier mantiene la temperatura del sensor a un nivel aceptable, y la calidad de la imagen sigue siendo alta.<\/p>\n<p>Otra caracter\u00edstica de este modelo es el obturador global. Con su ayuda, la se\u00f1al de todos los diodos se lee simult\u00e1neamente. La imagen resultante es aut\u00e9ntica y sin distorsiones aunque el objeto se mueva.<\/p>\n<p>La c\u00e1mara utiliza un software que permite tomar fotograf\u00edas y grabar v\u00eddeos, procesarlos y medir las dimensiones lineales y angulares de los objetos y sus estructuras. Antes de medir, calibre el software para cada objetivo mediante un portaobjetos de calibraci\u00f3n. Puede conectar el dispositivo a un ordenador a trav\u00e9s de la interfaz USB 3.0. Transfiere datos a alta velocidad y mantiene la calidad de las im\u00e1genes cuando se muestran en una pantalla externa.<\/p>\n<p>La c\u00e1mara se conecta al microscopio a trav\u00e9s del tubo trinocular. Utilice un adaptador de montura C para su instalaci\u00f3n.<\/p>\n<p><strong>Caracter\u00edsticas principales:<\/strong><\/p>\n<ul>\n<li>Dise\u00f1ada para su uso en las t\u00e9cnicas de microscop\u00eda de fluorescencia y de campo oscuro<\/li>\n<li>Captura a una resoluci\u00f3n m\u00e1xima de 3200&#215;2200 p\u00edxeles  51,3 o 133,8 fps, dependiendo de la resoluci\u00f3n<\/li>\n<li>Dise\u00f1ada para objetivos de 4x, 10x, 20x y 40x<\/li>\n<li>Equipada con un elemento Peltier, que mantiene la temperatura de la matriz a un nivel aceptable y conserva la calidad de las im\u00e1genes incluso al capturar a velocidades de obturaci\u00f3n largas<\/li>\n<li>El obturador global crea una imagen aut\u00e9ntica sin artefactos visuales, incluso cuando el objeto est\u00e1 en movimiento<\/li>\n<li>Utiliza la interfaz USB 3.0 para la transferencia de datos<\/li>\n<\/ul>\n<p><strong>El kit incluye:<\/strong><\/p>\n<ul>\n<li>C\u00e1mara digital<\/li>\n<li>Cable USB<\/li>\n<li>Adaptador de 12 V, 3 A<\/li>\n<li>Estuche<\/li>\n<li>CD de instalaci\u00f3n con controladores y software<\/li>\n<li>Manual del usuario y tarjeta de garant\u00eda<\/li>\n<\/ul>\n<table>\n<tbody>\n<tr>\n<td>Marca<\/td>\n<td>MAGUS<\/td>\n<\/tr>\n<tr>\n<td>Garant\u00eda<\/td>\n<td>5 \u043b\u0435\u0442<\/td>\n<\/tr>\n<tr>\n<td>EAN<\/td>\n<td>5905555019314<\/td>\n<\/tr>\n<tr>\n<td>Tama\u00f1o de paquete (LxAn.xAl.)<\/td>\n<td>27x25x13 cm<\/td>\n<\/tr>\n<tr>\n<td>Peso del env\u00edo<\/td>\n<td>2.7 kg<\/td>\n<\/tr>\n<tr>\n<td>Sensor<\/td>\n<td>SONY Exmor CMOS<\/td>\n<\/tr>\n<tr>\n<td>Color\/monocromo<\/td>\n<td>monocromo<\/td>\n<\/tr>\n<tr>\n<td>Megap\u00edxeles<\/td>\n<td>7.1<\/td>\n<\/tr>\n<tr>\n<td>Resoluci\u00f3n m\u00e1xima, p\u00edxeles<\/td>\n<td>3200&#215;2200<\/td>\n<\/tr>\n<tr>\n<td>Tama\u00f1o del sensor<\/td>\n<td>1,1&#8242; (14,4&#215;9,9 mm)<\/td>\n<\/tr>\n<tr>\n<td>Tama\u00f1o del p\u00edxel, &#038;micro m<\/td>\n<td>4.5&#215;4.5<\/td>\n<\/tr>\n<tr>\n<td>M\u00f3dulo termoel\u00e9ctrico de dos etapas (elemento Peltier) para ajustar la temperatura a 42 \u00b0C por debajo de la temperatura ambiente<\/td>\n<td>yes<\/td>\n<\/tr>\n<tr>\n<td>Sensibilidad a la luz<\/td>\n<td>3354 mV a 1\/30 s<\/td>\n<\/tr>\n<tr>\n<td>Relaci\u00f3n se\u00f1al\/ruido<\/td>\n<td>0,15 mV a 1\/30 s<\/td>\n<\/tr>\n<tr>\n<td>Tiempo de exposici\u00f3n<\/td>\n<td>0,1 ms \u2013 1 h<\/td>\n<\/tr>\n<tr>\n<td>Grabaci\u00f3n de v\u00eddeo<\/td>\n<td>yes<\/td>\n<\/tr>\n<tr>\n<td>Frecuencia de fotogramas, fps para cada resoluci\u00f3n<\/td>\n<td>51,3 a 3200&#215;2200, 133,8 a 1584@1100<\/td>\n<\/tr>\n<tr>\n<td>Capacidad de d\u00edgitos de ADC (bits)<\/td>\n<td>8\/12 (seleccionable)<\/td>\n<\/tr>\n<tr>\n<td>Formato de foto<\/td>\n<td>*.jpg, *.bmp, *.png, *.tif<\/td>\n<\/tr>\n<tr>\n<td>Formato de v\u00eddeo<\/td>\n<td>salida: *.wmv, *.avi, *.h264 (Windows 8 y posterior), *.h265 (Windows 10 y posterior)<\/td>\n<\/tr>\n<tr>\n<td>Intervalo espectral, nm<\/td>\n<td>380\u2013650 (con filtro de infrarrojos y filtro anti-reflectante)<\/td>\n<\/tr>\n<tr>\n<td>Tipo de obturador<\/td>\n<td>obturador global<\/td>\n<\/tr>\n<tr>\n<td>Balance de blancos<\/td>\n<td>manual, autom\u00e1tico<\/td>\n<\/tr>\n<tr>\n<td>Control de exposici\u00f3n<\/td>\n<td>manual, autom\u00e1tico<\/td>\n<\/tr>\n<tr>\n<td>Opciones programables<\/td>\n<td>tama\u00f1o de imagen, brillo, tiempo de exposici\u00f3n<\/td>\n<\/tr>\n<tr>\n<td>Salida<\/td>\n<td>USB 3.0, 5 Gb\/s<\/td>\n<\/tr>\n<tr>\n<td>Requisitos del sistema<\/td>\n<td>Windows 8\/10\/11 (32 bits y 64 bits), Mac OS X, Linux, procesador Intel Core 2 de hasta 2,8 GHz o superior, m\u00ednimo 2 GB de RAM, puerto USB 3.0, CD-ROM, pantalla de 17&#8242; o mayor<\/td>\n<\/tr>\n<tr>\n<td>Software<\/td>\n<td>MAGUS View<\/td>\n<\/tr>\n<tr>\n<td>Tipo de montura<\/td>\n<td>montura C<\/td>\n<\/tr>\n<tr>\n<td>Cuerpo<\/td>\n<td>aleaci\u00f3n de aluminio CNC<\/td>\n<\/tr>\n<tr>\n<td>Alimentaci\u00f3n<\/td>\n<td>CC, 5 V, a trav\u00e9s de puerto USB de ordenador  adaptador de 12 V, 3 A para elemento Peltier<\/td>\n<\/tr>\n<tr>\n<td>Intervalo de temperatura de funcionamiento, \u00b0C<\/td>\n<td>-10 \u2014 50<\/td>\n<\/tr>\n<tr>\n<td>Intervalo de humedad de funcionamiento, %<\/td>\n<td>30 \u2014 80<\/td>\n<\/tr>\n<\/tbody>\n<\/table>\n","protected":false},"excerpt":{"rendered":"<p>Las c\u00e1maras para microscopio MAGUS CLM est\u00e1n dise\u00f1adas para su uso en t\u00e9cnicas de microscop\u00eda de fluorescencia y de campo oscuro. El modelo CLM90 es monocromo y su m\u00e1xima resoluci\u00f3n de imagen es de 3200&#215;2200 p\u00edxeles. La velocidad de fotogramas para la grabaci\u00f3n de v\u00eddeo depende de la resoluci\u00f3n y puede ser de 51,3 o 133,8 fps. La c\u00e1mara funciona eficazmente con objetivos de 4x, 10x, 20x y 40x, ya que capta mejor los peque\u00f1os detalles en combinaci\u00f3n con objetivos de bajo aumento. Est\u00e1 equipada con un elemento Peltier que enfr\u00eda la matriz y mantiene una alta calidad de imagen. El obturador global crea una imagen sin deformaciones, incluso si el objeto se mueve. El resultado de la captura se muestra en el monitor a trav\u00e9s de la interfaz USB 3.0 sin p\u00e9rdida de calidad. La c\u00e1mara ha sido creada para un uso profesional o la formaci\u00f3n universitaria.<\/p>\n","protected":false},"featured_media":83242,"template":"","meta":{"_exactmetrics_skip_tracking":false,"_exactmetrics_sitenote_active":false,"_exactmetrics_sitenote_note":"","_exactmetrics_sitenote_category":0},"product_brand":[],"product_cat":[615],"product_tag":[],"class_list":{"0":"post-84607","1":"product","2":"type-product","3":"status-publish","4":"has-post-thumbnail","6":"product_cat-camaras-2","7":"product_shipping_class-pieza-pequena","9":"first","10":"instock","11":"taxable","12":"shipping-taxable","13":"purchasable","14":"product-type-simple"},"_links":{"self":[{"href":"https:\/\/microscopistas.com\/en\/wp-json\/wp\/v2\/product\/84607","targetHints":{"allow":["GET"]}}],"collection":[{"href":"https:\/\/microscopistas.com\/en\/wp-json\/wp\/v2\/product"}],"about":[{"href":"https:\/\/microscopistas.com\/en\/wp-json\/wp\/v2\/types\/product"}],"wp:featuredmedia":[{"embeddable":true,"href":"https:\/\/microscopistas.com\/en\/wp-json\/wp\/v2\/media\/83242"}],"wp:attachment":[{"href":"https:\/\/microscopistas.com\/en\/wp-json\/wp\/v2\/media?parent=84607"}],"wp:term":[{"taxonomy":"product_brand","embeddable":true,"href":"https:\/\/microscopistas.com\/en\/wp-json\/wp\/v2\/product_brand?post=84607"},{"taxonomy":"product_cat","embeddable":true,"href":"https:\/\/microscopistas.com\/en\/wp-json\/wp\/v2\/product_cat?post=84607"},{"taxonomy":"product_tag","embeddable":true,"href":"https:\/\/microscopistas.com\/en\/wp-json\/wp\/v2\/product_tag?post=84607"}],"curies":[{"name":"wp","href":"https:\/\/api.w.org\/{rel}","templated":true}]}}