{"id":84606,"date":"2024-07-29T18:29:09","date_gmt":"2024-07-29T16:29:09","guid":{"rendered":"http:\/\/microscopistas.com\/?post_type=product&#038;p=84606"},"modified":"2024-07-30T10:07:40","modified_gmt":"2024-07-30T08:07:40","slug":"camara-digital-magus-clm70","status":"publish","type":"product","link":"https:\/\/microscopistas.com\/en\/producto\/camara-digital-magus-clm70\/","title":{"rendered":"C\u00e1mara digital MAGUS CLM70"},"content":{"rendered":"<p>Las c\u00e1maras MAGUS CLM son dispositivos profesionales para instalar en un microscopio y grabar las observaciones que se realizan mediante t\u00e9cnicas de microscop\u00eda de fluorescencia y de campo oscuro. El modelo CLM70 es una c\u00e1mara monocroma equipada con un sensor de 1,7 MP que produce una imagen con una resoluci\u00f3n de 1600&#215;1100 p\u00edxeles. La velocidad de grabaci\u00f3n de v\u00eddeo es de 94 fps en la resoluci\u00f3n m\u00e1s alta. El dispositivo se combina de forma \u00f3ptima con objetivos de 40x, 60x y 100x. La c\u00e1mara est\u00e1 equipada con un elemento Peltier para refrigerar la matriz, que proporciona una imagen n\u00edtida incluso cuando se dispara a velocidades de obturaci\u00f3n largas. El obturador global produce una imagen aut\u00e9ntica sin distorsi\u00f3n, independientemente del movimiento del objeto. La interfaz USB 3.0 integrada transfiere datos a alta velocidad y no distorsiona la imagen cuando se muestra en una pantalla externa. El v\u00eddeo emitido es realista y sin interrupciones ni lagunas entre los fotogramas. La c\u00e1mara est\u00e1 dise\u00f1ada para trabajar en un entorno profesional y para formaci\u00f3n universitaria. Es adecuada para hacer presentaciones y demostrar observaciones ante un p\u00fablico.<\/p>\n<p>El sensor SONY Exmor CMOS instalado en la c\u00e1mara, con una diagonal de 1,1&#8221; y de 9&#215;9 \u00b5m p\u00edxeles, est\u00e1 dise\u00f1ado con tecnolog\u00eda de retroiluminaci\u00f3n. Permite obtener una mayor sensibilidad a la luz. En el modelo CLM70, es de 8100 mV a una velocidad de obturaci\u00f3n de 1\/30 segundos. La c\u00e1mara es monocroma, por lo que el usuario no podr\u00e1 distinguir los colores de la muestra, pero la imagen tendr\u00e1 un alto contraste, lo que es importante en condiciones de poca luz. Para obtener el campo de visi\u00f3n m\u00e1s amplio y n\u00edtido, utilice el adaptador 1x.<\/p>\n<p>La c\u00e1mara est\u00e1 equipada con un m\u00f3dulo de refrigeraci\u00f3n especial: un elemento Peltier. El calentamiento del sensor durante un funcionamiento prolongado tiene un efecto negativo en la calidad de la imagen, causando ruido t\u00e9rmico. El elemento Peltier mantiene la temperatura a 42\u202f\u00b0C por debajo de la temperatura ambiente. El sensor podr\u00e1 funcionar incluso con velocidades de obturaci\u00f3n largas, sin un calentamiento significativo, y la calidad de imagen seguir\u00e1 siendo alta.<\/p>\n<p>Un obturador global es un tipo de obturador que lee la se\u00f1al de todos los p\u00edxeles simult\u00e1neamente. La imagen transmite la imagen real sin distorsi\u00f3n, aunque el objeto se mueva.<\/p>\n<p>La c\u00e1mara utiliza un software propio que permite tomar fotos y grabar v\u00eddeos, procesarlos y medir las dimensiones lineales y angulares de los objetos y sus estructuras. Antes de medir, calibre el software para cada objetivo.<\/p>\n<p>La c\u00e1mara se inserta en el tubo trinocular del microscopio y se conecta a \u00e9l mediante un adaptador de montura C.<\/p>\n<p><strong>Caracter\u00edsticas principales:<\/strong><\/p>\n<ul>\n<li>Dise\u00f1ada para realizar tomas en las t\u00e9cnicas de microscop\u00eda de fluorescencia y de campo oscuro<\/li>\n<li>Funciona mejor con objetivos de 40x, 60x y 100x<\/li>\n<li>Produce una imagen monocroma con una resoluci\u00f3n de 1600&#215;1100 p\u00edxeles  frecuencia de imagen de 94 fps<\/li>\n<li>Equipada con un elemento Peltier que enfr\u00eda el sensor durante el funcionamiento prolongado y mantiene una alta calidad de imagen<\/li>\n<li>El obturador global produce im\u00e1genes sin distorsi\u00f3n incluso cuando el objeto est\u00e1 en movimiento<\/li>\n<li>Funciona con su propio software y se conecta a un ordenador a trav\u00e9s de una interfaz USB 3.0<\/li>\n<\/ul>\n<p><strong>El kit incluye:<\/strong><\/p>\n<ul>\n<li>C\u00e1mara digital<\/li>\n<li>Cable USB<\/li>\n<li>Adaptador de 12 V, 3 A<\/li>\n<li>Estuche<\/li>\n<li>CD de instalaci\u00f3n con controladores y software<\/li>\n<li>Manual del usuario y tarjeta de garant\u00eda<\/li>\n<\/ul>\n<table>\n<tbody>\n<tr>\n<td>Marca<\/td>\n<td>MAGUS<\/td>\n<\/tr>\n<tr>\n<td>Garant\u00eda<\/td>\n<td>5 \u043b\u0435\u0442<\/td>\n<\/tr>\n<tr>\n<td>EAN<\/td>\n<td>5905555019307<\/td>\n<\/tr>\n<tr>\n<td>Tama\u00f1o de paquete (LxAn.xAl.)<\/td>\n<td>27x25x12 cm<\/td>\n<\/tr>\n<tr>\n<td>Peso del env\u00edo<\/td>\n<td>2.7 kg<\/td>\n<\/tr>\n<tr>\n<td>Sensor<\/td>\n<td>SONY Exmor CMOS<\/td>\n<\/tr>\n<tr>\n<td>Color\/monocromo<\/td>\n<td>monocromo<\/td>\n<\/tr>\n<tr>\n<td>Megap\u00edxeles<\/td>\n<td>1.7<\/td>\n<\/tr>\n<tr>\n<td>Resoluci\u00f3n m\u00e1xima, p\u00edxeles<\/td>\n<td>1600&#215;1100<\/td>\n<\/tr>\n<tr>\n<td>Tama\u00f1o del sensor<\/td>\n<td>1,1&#8242; (14,4&#215;9,9 mm)<\/td>\n<\/tr>\n<tr>\n<td>Tama\u00f1o del p\u00edxel, &#038;micro m<\/td>\n<td>9.0&#215;9.0<\/td>\n<\/tr>\n<tr>\n<td>M\u00f3dulo termoel\u00e9ctrico de dos etapas (elemento Peltier) para ajustar la temperatura a 42 \u00b0C por debajo de la temperatura ambiente<\/td>\n<td>yes<\/td>\n<\/tr>\n<tr>\n<td>Sensibilidad a la luz<\/td>\n<td>8100 mV a 1\/30 s<\/td>\n<\/tr>\n<tr>\n<td>Relaci\u00f3n se\u00f1al\/ruido<\/td>\n<td>0,3 mV a 1\/30 s<\/td>\n<\/tr>\n<tr>\n<td>Tiempo de exposici\u00f3n<\/td>\n<td>0,1 ms \u2013 1 h<\/td>\n<\/tr>\n<tr>\n<td>Grabaci\u00f3n de v\u00eddeo<\/td>\n<td>yes<\/td>\n<\/tr>\n<tr>\n<td>Frecuencia de fotogramas, fps para cada resoluci\u00f3n<\/td>\n<td>94 a 1600&#215;1100<\/td>\n<\/tr>\n<tr>\n<td>Lugar de instalaci\u00f3n<\/td>\n<td>tubo trinocular<\/td>\n<\/tr>\n<tr>\n<td>Formato de foto<\/td>\n<td>*.jpg, *.bmp, *.png, *.tif<\/td>\n<\/tr>\n<tr>\n<td>Formato de v\u00eddeo<\/td>\n<td>salida: *.wmv, *.avi, *.h264 (Windows 8 y posterior), *.h265 (Windows 10 y posterior)<\/td>\n<\/tr>\n<tr>\n<td>Intervalo espectral, nm<\/td>\n<td>380\u2013650 (con filtro de infrarrojos y filtro anti-reflectante)<\/td>\n<\/tr>\n<tr>\n<td>Tipo de obturador<\/td>\n<td>obturador global<\/td>\n<\/tr>\n<tr>\n<td>Balance de blancos<\/td>\n<td>manual, autom\u00e1tico<\/td>\n<\/tr>\n<tr>\n<td>Control de exposici\u00f3n<\/td>\n<td>manual, autom\u00e1tico<\/td>\n<\/tr>\n<tr>\n<td>Opciones programables<\/td>\n<td>tama\u00f1o de imagen, brillo, tiempo de exposici\u00f3n<\/td>\n<\/tr>\n<tr>\n<td>Salida<\/td>\n<td>USB 3.0, 5 Gb\/s<\/td>\n<\/tr>\n<tr>\n<td>Requisitos del sistema<\/td>\n<td>Windows 8\/10\/11 (32 bits y 64 bits), Mac OS X, Linux, procesador Intel Core 2 de hasta 2,8 GHz o superior, m\u00ednimo 2 GB de RAM, puerto USB 3.0, CD-ROM, pantalla de 17&#8242; o mayor<\/td>\n<\/tr>\n<tr>\n<td>Software<\/td>\n<td>MAGUS View<\/td>\n<\/tr>\n<tr>\n<td>Tipo de montura<\/td>\n<td>montura C<\/td>\n<\/tr>\n<tr>\n<td>Cuerpo<\/td>\n<td>aleaci\u00f3n de aluminio CNC<\/td>\n<\/tr>\n<tr>\n<td>Alimentaci\u00f3n<\/td>\n<td>CC, 5 V, a trav\u00e9s de puerto USB de ordenador  adaptador de 12 V, 3 A para elemento Peltier<\/td>\n<\/tr>\n<tr>\n<td>Intervalo de temperatura de funcionamiento, \u00b0C<\/td>\n<td>-10 \u2014 50<\/td>\n<\/tr>\n<tr>\n<td>Intervalo de humedad de funcionamiento, %<\/td>\n<td>30 \u2014 80<\/td>\n<\/tr>\n<\/tbody>\n<\/table>\n","protected":false},"excerpt":{"rendered":"<p>Las c\u00e1maras MAGUS CLM son dispositivos profesionales para instalar en un microscopio y grabar las observaciones que se realizan mediante t\u00e9cnicas de microscop\u00eda de fluorescencia y de campo oscuro. El modelo CLM70 es una c\u00e1mara monocroma equipada con un sensor de 1,7 MP que produce una imagen con una resoluci\u00f3n de 1600&#215;1100 p\u00edxeles. La velocidad de grabaci\u00f3n de v\u00eddeo es de 94 fps en la resoluci\u00f3n m\u00e1s alta. El dispositivo se combina de forma \u00f3ptima con objetivos de 40x, 60x y 100x. La c\u00e1mara est\u00e1 equipada con un elemento Peltier para refrigerar la matriz, que proporciona una imagen n\u00edtida incluso cuando se dispara a velocidades de obturaci\u00f3n largas. El obturador global produce una imagen aut\u00e9ntica sin distorsi\u00f3n, independientemente del movimiento del objeto. La interfaz USB 3.0 integrada transfiere datos a alta velocidad y no distorsiona la imagen cuando se muestra en una pantalla externa. El v\u00eddeo emitido es realista y sin interrupciones ni lagunas entre los fotogramas. La c\u00e1mara est\u00e1 dise\u00f1ada para trabajar en un entorno profesional y para formaci\u00f3n universitaria. Es adecuada para hacer presentaciones y demostrar observaciones ante un p\u00fablico.<\/p>\n","protected":false},"featured_media":83239,"template":"","meta":{"_exactmetrics_skip_tracking":false,"_exactmetrics_sitenote_active":false,"_exactmetrics_sitenote_note":"","_exactmetrics_sitenote_category":0},"product_brand":[],"product_cat":[615],"product_tag":[],"class_list":{"0":"post-84606","1":"product","2":"type-product","3":"status-publish","4":"has-post-thumbnail","6":"product_cat-camaras-2","7":"product_shipping_class-pieza-pequena","9":"first","10":"instock","11":"taxable","12":"shipping-taxable","13":"purchasable","14":"product-type-simple"},"_links":{"self":[{"href":"https:\/\/microscopistas.com\/en\/wp-json\/wp\/v2\/product\/84606","targetHints":{"allow":["GET"]}}],"collection":[{"href":"https:\/\/microscopistas.com\/en\/wp-json\/wp\/v2\/product"}],"about":[{"href":"https:\/\/microscopistas.com\/en\/wp-json\/wp\/v2\/types\/product"}],"wp:featuredmedia":[{"embeddable":true,"href":"https:\/\/microscopistas.com\/en\/wp-json\/wp\/v2\/media\/83239"}],"wp:attachment":[{"href":"https:\/\/microscopistas.com\/en\/wp-json\/wp\/v2\/media?parent=84606"}],"wp:term":[{"taxonomy":"product_brand","embeddable":true,"href":"https:\/\/microscopistas.com\/en\/wp-json\/wp\/v2\/product_brand?post=84606"},{"taxonomy":"product_cat","embeddable":true,"href":"https:\/\/microscopistas.com\/en\/wp-json\/wp\/v2\/product_cat?post=84606"},{"taxonomy":"product_tag","embeddable":true,"href":"https:\/\/microscopistas.com\/en\/wp-json\/wp\/v2\/product_tag?post=84606"}],"curies":[{"name":"wp","href":"https:\/\/api.w.org\/{rel}","templated":true}]}}