{"id":84605,"date":"2024-07-29T18:29:08","date_gmt":"2024-07-29T16:29:08","guid":{"rendered":"http:\/\/microscopistas.com\/?post_type=product&#038;p=84605"},"modified":"2024-07-30T10:08:45","modified_gmt":"2024-07-30T08:08:45","slug":"camara-digital-magus-clm50","status":"publish","type":"product","link":"https:\/\/microscopistas.com\/en\/producto\/camara-digital-magus-clm50\/","title":{"rendered":"C\u00e1mara digital MAGUS CLM50"},"content":{"rendered":"<p>Las c\u00e1maras para MAGUS CLM est\u00e1n dise\u00f1adas para el montaje en un microscopio y la grabaci\u00f3n en t\u00e9cnicas de fluorescencia y campo oscuro. El modelo CLM50 es adecuado para trabajar con objetivos de 60x y 100x. Su sensor de 1,7 MP produce una imagen de 1600&#215;1100 p\u00edxeles. La velocidad de fotogramas es de 33 fps. La c\u00e1mara est\u00e1 equipada con un elemento de refrigeraci\u00f3n especial que evita que el sensor se caliente y mantiene una alta calidad de imagen. El obturador global captura y forma instant\u00e1neamente una imagen sin distorsi\u00f3n ni arrastre, incluso si la muestra est\u00e1 en movimiento. La c\u00e1mara est\u00e1 equipada con una interfaz USB 3.0. Transfiere datos a un ordenador a alta velocidad, por lo que cuando la imagen se muestra en una pantalla externa, no pierde calidad. La c\u00e1mara est\u00e1 pensada para su uso en un entorno profesional o para la ense\u00f1anza universitaria.<\/p>\n<p>La c\u00e1mara est\u00e1 dise\u00f1ada sobre la base del sensor en color SONY Exmor de tipo CMOS. Estos sensores utilizan la tecnolog\u00eda de retroiluminaci\u00f3n para mejorar la sensibilidad a la luz. La CLM50 combina un gran sensor de 1,1&#8221; con un gran p\u00edxel de 9&#215;9\u202f\u00b5m para producir una sensibilidad a la luz de 4910\u202fmV a 1\/30\u202fs. La c\u00e1mara genera una imagen en color, que puede resultar \u00fatil cuando se llevan a cabo estudios relacionados con el color de la muestra.<\/p>\n<p>La c\u00e1mara est\u00e1 equipada con un m\u00f3dulo de refrigeraci\u00f3n especial: un elemento Peltier. Con un uso prolongado, el sensor se calienta y genera ruido t\u00e9rmico en la imagen. El elemento Peltier enfr\u00eda el sensor a 42 \u00b0C por debajo de la temperatura ambiente. Como resultado, la imagen permanece n\u00edtida y la c\u00e1mara puede disparar sin interferencias, incluso a velocidades de obturaci\u00f3n largas.<\/p>\n<p>Otra ventaja de este modelo es el obturador global. Lee la se\u00f1al de todos los p\u00edxeles simult\u00e1neamente y captura al instante una imagen realista sin distorsi\u00f3n, incluso si el objeto est\u00e1 en movimiento.<\/p>\n<p>La c\u00e1mara viene equipada con software. Permite tomar fotos y grabar v\u00eddeos, editar los resultados y medir las dimensiones lineales y angulares de un objeto y sus estructuras. La c\u00e1mara se monta en el tubo trinocular del microscopio mediante un adaptador de montura C.<\/p>\n<p><strong>Caracter\u00edsticas principales:<\/strong><\/p>\n<ul>\n<li>Funciona eficazmente en fluorescencia y campo oscuro<\/li>\n<li>Forma una imagen en color con una resoluci\u00f3n de 1600&#215;1100 p\u00edxeles, la frecuencia de imagen es de 33 fps<\/li>\n<li>Equipada con un elemento Peltier que enfr\u00eda el sensor, mantiene una alta calidad de imagen y permite disparar con velocidades de obturaci\u00f3n largas<\/li>\n<li>El obturador global captura instant\u00e1neamente la imagen sin deformaciones incluso cuando el objeto se mueve<\/li>\n<li>La interfaz USB3.0 ofrece altas velocidades de transferencia de datos y admite una alta calidad de imagen cuando se visualiza en una pantalla externa<\/li>\n<\/ul>\n<p><strong>El kit incluye:<\/strong><\/p>\n<ul>\n<li>C\u00e1mara digital<\/li>\n<li>Cable USB<\/li>\n<li>Adaptador de 12 V, 3 A<\/li>\n<li>Estuche<\/li>\n<li>CD de instalaci\u00f3n con controladores y software<\/li>\n<li>Manual del usuario y tarjeta de garant\u00eda<\/li>\n<\/ul>\n<table>\n<tbody>\n<tr>\n<td>Marca<\/td>\n<td>MAGUS<\/td>\n<\/tr>\n<tr>\n<td>Garant\u00eda<\/td>\n<td>5 \u043b\u0435\u0442<\/td>\n<\/tr>\n<tr>\n<td>EAN<\/td>\n<td>5905555019291<\/td>\n<\/tr>\n<tr>\n<td>Tama\u00f1o de paquete (LxAn.xAl.)<\/td>\n<td>27x25x12 cm<\/td>\n<\/tr>\n<tr>\n<td>Peso del env\u00edo<\/td>\n<td>2.7 kg<\/td>\n<\/tr>\n<tr>\n<td>Sensor<\/td>\n<td>SONY Exmor CMOS<\/td>\n<\/tr>\n<tr>\n<td>Color\/monocromo<\/td>\n<td>color <\/td>\n<\/tr>\n<tr>\n<td>Resoluci\u00f3n m\u00e1xima, p\u00edxeles<\/td>\n<td>1600&#215;1100<\/td>\n<\/tr>\n<tr>\n<td>Tama\u00f1o del sensor<\/td>\n<td>1,1&#8242; (14,4&#215;9,9 mm)<\/td>\n<\/tr>\n<tr>\n<td>Tama\u00f1o del p\u00edxel, &#038;micro m<\/td>\n<td>9.0&#215;9.0<\/td>\n<\/tr>\n<tr>\n<td>M\u00f3dulo termoel\u00e9ctrico de dos etapas (elemento Peltier) para ajustar la temperatura a 42 \u00b0C por debajo de la temperatura ambiente<\/td>\n<td>yes<\/td>\n<\/tr>\n<tr>\n<td>Sensibilidad a la luz<\/td>\n<td>4910 mV a 1\/30 s<\/td>\n<\/tr>\n<tr>\n<td>Relaci\u00f3n se\u00f1al\/ruido<\/td>\n<td>0,3 mV a 1\/30 s<\/td>\n<\/tr>\n<tr>\n<td>Tiempo de exposici\u00f3n<\/td>\n<td>0,1 ms \u2013 1 h<\/td>\n<\/tr>\n<tr>\n<td>Grabaci\u00f3n de v\u00eddeo<\/td>\n<td>yes<\/td>\n<\/tr>\n<tr>\n<td>Frecuencia de fotogramas, fps para cada resoluci\u00f3n<\/td>\n<td>33 a 1600&#215;1100<\/td>\n<\/tr>\n<tr>\n<td>Lugar de instalaci\u00f3n<\/td>\n<td>tubo trinocular<\/td>\n<\/tr>\n<tr>\n<td>Formato de foto<\/td>\n<td>*.jpg, *.bmp, *.png, *.tif<\/td>\n<\/tr>\n<tr>\n<td>Formato de v\u00eddeo<\/td>\n<td>salida: *.wmv, *.avi, *.h264 (Windows 8 y posterior), *.h265 (Windows 10 y posterior)<\/td>\n<\/tr>\n<tr>\n<td>Intervalo espectral, nm<\/td>\n<td>380-650 (filtro IR incorporado)<\/td>\n<\/tr>\n<tr>\n<td>Tipo de obturador<\/td>\n<td>obturador global<\/td>\n<\/tr>\n<tr>\n<td>Balance de blancos<\/td>\n<td>manual, autom\u00e1tico<\/td>\n<\/tr>\n<tr>\n<td>Control de exposici\u00f3n<\/td>\n<td>manual, autom\u00e1tico<\/td>\n<\/tr>\n<tr>\n<td>Opciones programables<\/td>\n<td>tama\u00f1o de imagen, brillo, tiempo de exposici\u00f3n<\/td>\n<\/tr>\n<tr>\n<td>Salida<\/td>\n<td>USB 3.0, 5 Gb\/s<\/td>\n<\/tr>\n<tr>\n<td>Requisitos del sistema<\/td>\n<td>Windows 8\/10\/11 (32 bits y 64 bits), Mac OS X, Linux, procesador Intel Core 2 de hasta 2,8 GHz o superior, m\u00ednimo 2 GB de RAM, puerto USB 3.0, CD-ROM, pantalla de 17&#8242; o mayor<\/td>\n<\/tr>\n<tr>\n<td>Software<\/td>\n<td>MAGUS View<\/td>\n<\/tr>\n<tr>\n<td>Tipo de montura<\/td>\n<td>montura C<\/td>\n<\/tr>\n<tr>\n<td>Cuerpo<\/td>\n<td>aleaci\u00f3n de aluminio CNC<\/td>\n<\/tr>\n<tr>\n<td>Alimentaci\u00f3n<\/td>\n<td>CC, 5 V, a trav\u00e9s de puerto USB de ordenador  adaptador de 12 V, 3 A para elemento Peltier<\/td>\n<\/tr>\n<tr>\n<td>Intervalo de temperatura de funcionamiento, \u00b0C<\/td>\n<td>-10 \u2014 50<\/td>\n<\/tr>\n<tr>\n<td>Intervalo de humedad de funcionamiento, %<\/td>\n<td>30 \u2014 80<\/td>\n<\/tr>\n<\/tbody>\n<\/table>\n","protected":false},"excerpt":{"rendered":"<p>Las c\u00e1maras para MAGUS CLM est\u00e1n dise\u00f1adas para el montaje en un microscopio y la grabaci\u00f3n en t\u00e9cnicas de fluorescencia y campo oscuro. El modelo CLM50 es adecuado para trabajar con objetivos de 60x y 100x. Su sensor de 1,7 MP produce una imagen de 1600&#215;1100 p\u00edxeles. La velocidad de fotogramas es de 33 fps. La c\u00e1mara est\u00e1 equipada con un elemento de refrigeraci\u00f3n especial que evita que el sensor se caliente y mantiene una alta calidad de imagen. El obturador global captura y forma instant\u00e1neamente una imagen sin distorsi\u00f3n ni arrastre, incluso si la muestra est\u00e1 en movimiento. La c\u00e1mara est\u00e1 equipada con una interfaz USB 3.0. Transfiere datos a un ordenador a alta velocidad, por lo que cuando la imagen se muestra en una pantalla externa, no pierde calidad. La c\u00e1mara est\u00e1 pensada para su uso en un entorno profesional o para la ense\u00f1anza universitaria.<\/p>\n","protected":false},"featured_media":83236,"template":"","meta":{"_exactmetrics_skip_tracking":false,"_exactmetrics_sitenote_active":false,"_exactmetrics_sitenote_note":"","_exactmetrics_sitenote_category":0},"product_brand":[],"product_cat":[615],"product_tag":[],"class_list":{"0":"post-84605","1":"product","2":"type-product","3":"status-publish","4":"has-post-thumbnail","6":"product_cat-camaras-2","7":"product_shipping_class-pieza-pequena","9":"first","10":"instock","11":"taxable","12":"shipping-taxable","13":"purchasable","14":"product-type-simple"},"_links":{"self":[{"href":"https:\/\/microscopistas.com\/en\/wp-json\/wp\/v2\/product\/84605","targetHints":{"allow":["GET"]}}],"collection":[{"href":"https:\/\/microscopistas.com\/en\/wp-json\/wp\/v2\/product"}],"about":[{"href":"https:\/\/microscopistas.com\/en\/wp-json\/wp\/v2\/types\/product"}],"wp:featuredmedia":[{"embeddable":true,"href":"https:\/\/microscopistas.com\/en\/wp-json\/wp\/v2\/media\/83236"}],"wp:attachment":[{"href":"https:\/\/microscopistas.com\/en\/wp-json\/wp\/v2\/media?parent=84605"}],"wp:term":[{"taxonomy":"product_brand","embeddable":true,"href":"https:\/\/microscopistas.com\/en\/wp-json\/wp\/v2\/product_brand?post=84605"},{"taxonomy":"product_cat","embeddable":true,"href":"https:\/\/microscopistas.com\/en\/wp-json\/wp\/v2\/product_cat?post=84605"},{"taxonomy":"product_tag","embeddable":true,"href":"https:\/\/microscopistas.com\/en\/wp-json\/wp\/v2\/product_tag?post=84605"}],"curies":[{"name":"wp","href":"https:\/\/api.w.org\/{rel}","templated":true}]}}