{"id":84604,"date":"2024-07-29T18:29:08","date_gmt":"2024-07-29T16:29:08","guid":{"rendered":"http:\/\/microscopistas.com\/?post_type=product&#038;p=84604"},"modified":"2024-07-30T10:08:29","modified_gmt":"2024-07-30T08:08:29","slug":"camara-digital-magus-clm30","status":"publish","type":"product","link":"https:\/\/microscopistas.com\/en\/producto\/camara-digital-magus-clm30\/","title":{"rendered":"C\u00e1mara digital MAGUS CLM30"},"content":{"rendered":"<p>Las c\u00e1maras de microscopio MAGUS CLM est\u00e1n dise\u00f1adas para im\u00e1genes con luz fluorescente y campo oscuro. La CLM30 produce una imagen en color con una resoluci\u00f3n de 3840&#215;2160 p\u00edxeles (a 45 fps) o 1920&#215;1080 p\u00edxeles (a 70 fps). Como resultado, el investigador recibe material de alta calidad: el objeto es claramente visible y los fotogramas de v\u00eddeo se suceden con fluidez. Esto es importante si el objeto bajo el objetivo se mueve. La resoluci\u00f3n del sensor de 8,3 MP permite utilizar esta c\u00e1mara con objetivos de 4x, 10x, 20x y 40x: el dispositivo es capaz de mostrar elementos m\u00e1s finos con mayor detalle. La interfaz USB 3.0 integrada transfiere datos a alta velocidad cuando se conecta a un ordenador. Las elevadas caracter\u00edsticas t\u00e9cnicas del dispositivo hacen que la c\u00e1mara sea ideal para trabajos de investigaci\u00f3n profesionales y para la ense\u00f1anza universitaria.<\/p>\n<p>La c\u00e1mara est\u00e1 equipada con un sensor CMOS en color SONY Exmor con una diagonal de 1\/1,2&#8221;. Los sensores SONY utilizan una tecnolog\u00eda de retroiluminaci\u00f3n que hace que la sensibilidad a la luz de la c\u00e1mara sea de 5970 mV a una velocidad de obturaci\u00f3n de 1\/30 de segundo. El tama\u00f1o de p\u00edxel en el modelo CLM30 es de 2,9&#215;2,9 \u03bcm. Se obtiene una imagen en color de alta calidad incluso cuando se trabaja con luz fluorescente y objetivos de bajo aumento. El campo de visi\u00f3n m\u00e1s amplio sin distorsi\u00f3n se conseguir\u00e1 con un adaptador con un aumento de 0,75 a 1x.<\/p>\n<p>Otra caracter\u00edstica de este modelo es el elemento Peltier incorporado (m\u00f3dulo termoel\u00e9ctrico). Durante el funcionamiento prolongado, el sensor se calienta. Esto provoca ruido t\u00e9rmico y deterioro de la calidad de la imagen. El elemento Peltier mantiene una temperatura de 42 \u00b0C por debajo de la temperatura ambiente y enfr\u00eda el sensor para que pueda utilizarse durante largos periodos de tiempo y tomar im\u00e1genes con velocidades de obturaci\u00f3n largas.<\/p>\n<p>La c\u00e1mara funciona con un software propio que permite hacer fotos y grabar v\u00eddeos, procesar los resultados y medir las dimensiones lineales y angulares del objeto y sus estructuras. Antes de medir, calibre el dispositivo para cada objetivo. La posibilidad de mostrar im\u00e1genes en tiempo real en una pantalla externa es \u00fatil si necesita demostrar las observaciones ante un p\u00fablico.<\/p>\n<p>La c\u00e1mara se instala en el tubo trinocular del microscopio y se conecta a \u00e9l mediante un adaptador de montura C.<\/p>\n<p><strong>Caracter\u00edsticas principales:<\/strong><\/p>\n<ul>\n<li>Funciona en condiciones de poca luz, con luz fluorescente y con el m\u00e9todo de campo oscuro<\/li>\n<li>El sensor de color de 8,3 MP genera una imagen con una resoluci\u00f3n de 3840&#215;2160 a 45 fps o 1920&#215;1080 a 70 fps<\/li>\n<li>Dise\u00f1ado para funcionar con objetivos de 4x, 10x, 20x y 40x<\/li>\n<li>Equipado con un elemento Peltier para enfriar la matriz y generar una imagen de alta calidad sin deformaci\u00f3n ni ruido durante el funcionamiento a largo plazo<\/li>\n<li>Equipado con una interfaz USB 3.0 de alta velocidad, que transfiere datos sin retrasos ni sacudidas<\/li>\n<\/ul>\n<p><strong>El kit incluye:<\/strong><\/p>\n<ul>\n<li>C\u00e1mara digital<\/li>\n<li>Cable USB<\/li>\n<li>Adaptador de 12 V, 3 A<\/li>\n<li>Estuche<\/li>\n<li>CD de instalaci\u00f3n con controladores y software<\/li>\n<li>Manual del usuario y tarjeta de garant\u00eda<\/li>\n<\/ul>\n<table>\n<tbody>\n<tr>\n<td>Marca<\/td>\n<td>MAGUS<\/td>\n<\/tr>\n<tr>\n<td>Garant\u00eda<\/td>\n<td>5 \u043b\u0435\u0442<\/td>\n<\/tr>\n<tr>\n<td>EAN<\/td>\n<td>5905555019284<\/td>\n<\/tr>\n<tr>\n<td>Tama\u00f1o de paquete (LxAn.xAl.)<\/td>\n<td>27x25x12 cm<\/td>\n<\/tr>\n<tr>\n<td>Peso del env\u00edo<\/td>\n<td>2.8 kg<\/td>\n<\/tr>\n<tr>\n<td>Sensor<\/td>\n<td>SONY Exmor CMOS<\/td>\n<\/tr>\n<tr>\n<td>Color\/monocromo<\/td>\n<td>color <\/td>\n<\/tr>\n<tr>\n<td>Megap\u00edxeles<\/td>\n<td>8.3<\/td>\n<\/tr>\n<tr>\n<td>Resoluci\u00f3n m\u00e1xima, p\u00edxeles<\/td>\n<td>3840&#215;2160<\/td>\n<\/tr>\n<tr>\n<td>Tama\u00f1o del sensor<\/td>\n<td>1\/1,2&#8242; (11,14&#215;6,26 mm)<\/td>\n<\/tr>\n<tr>\n<td>Tama\u00f1o del p\u00edxel, &#038;micro m<\/td>\n<td>2.9&#215;2.9<\/td>\n<\/tr>\n<tr>\n<td>M\u00f3dulo termoel\u00e9ctrico de dos etapas (elemento Peltier) para ajustar la temperatura a 42 \u00b0C por debajo de la temperatura ambiente<\/td>\n<td>yes<\/td>\n<\/tr>\n<tr>\n<td>Sensibilidad a la luz<\/td>\n<td>5970 mV a 1\/30 s<\/td>\n<\/tr>\n<tr>\n<td>Relaci\u00f3n se\u00f1al\/ruido<\/td>\n<td>0,15 mV a 1\/30 s<\/td>\n<\/tr>\n<tr>\n<td>Tiempo de exposici\u00f3n<\/td>\n<td>0,1 ms \u2013 1 h<\/td>\n<\/tr>\n<tr>\n<td>Grabaci\u00f3n de v\u00eddeo<\/td>\n<td>yes<\/td>\n<\/tr>\n<tr>\n<td>Frecuencia de fotogramas, fps para cada resoluci\u00f3n<\/td>\n<td>45 a 3840&#215;2160, 70 a 1920&#215;1080<\/td>\n<\/tr>\n<tr>\n<td>Capacidad de d\u00edgitos de ADC (bits)<\/td>\n<td>8\/12 (seleccionable)<\/td>\n<\/tr>\n<tr>\n<td>Lugar de instalaci\u00f3n<\/td>\n<td>tubo trinocular<\/td>\n<\/tr>\n<tr>\n<td>Formato de foto<\/td>\n<td>*.jpg, *.bmp, *.png, *.tif<\/td>\n<\/tr>\n<tr>\n<td>Formato de v\u00eddeo<\/td>\n<td>salida: *.wmv, *.avi, *.h264 (Windows 8 y posterior), *.h265 (Windows 10 y posterior)<\/td>\n<\/tr>\n<tr>\n<td>Intervalo espectral, nm<\/td>\n<td>380-650 (filtro IR incorporado)<\/td>\n<\/tr>\n<tr>\n<td>Tipo de obturador<\/td>\n<td>obturador rodante<\/td>\n<\/tr>\n<tr>\n<td>Balance de blancos<\/td>\n<td>manual, autom\u00e1tico<\/td>\n<\/tr>\n<tr>\n<td>Control de exposici\u00f3n<\/td>\n<td>manual, autom\u00e1tico<\/td>\n<\/tr>\n<tr>\n<td>Opciones programables<\/td>\n<td>tama\u00f1o de imagen, brillo, tiempo de exposici\u00f3n<\/td>\n<\/tr>\n<tr>\n<td>Salida<\/td>\n<td>USB 3.0, 5 Gb\/s<\/td>\n<\/tr>\n<tr>\n<td>Requisitos del sistema<\/td>\n<td>Windows 8\/10\/11 (32 bits y 64 bits), Mac OS X, Linux, procesador Intel Core 2 de hasta 2,8 GHz o superior, m\u00ednimo 2 GB de RAM, puerto USB 3.0, CD-ROM, pantalla de 17&#8242; o mayor<\/td>\n<\/tr>\n<tr>\n<td>Software<\/td>\n<td>MAGUS View<\/td>\n<\/tr>\n<tr>\n<td>Tipo de montura<\/td>\n<td>montura C<\/td>\n<\/tr>\n<tr>\n<td>Cuerpo<\/td>\n<td>aleaci\u00f3n de aluminio CNC<\/td>\n<\/tr>\n<tr>\n<td>Alimentaci\u00f3n<\/td>\n<td>CC, 5 V, a trav\u00e9s de puerto USB de ordenador  adaptador de 12 V, 3 A para elemento Peltier<\/td>\n<\/tr>\n<tr>\n<td>Intervalo de temperatura de funcionamiento, \u00b0C<\/td>\n<td>-10 \u2014 50<\/td>\n<\/tr>\n<tr>\n<td>Intervalo de humedad de funcionamiento, %<\/td>\n<td>30 \u2014 80<\/td>\n<\/tr>\n<\/tbody>\n<\/table>\n","protected":false},"excerpt":{"rendered":"<p>Las c\u00e1maras de microscopio MAGUS CLM est\u00e1n dise\u00f1adas para im\u00e1genes con luz fluorescente y campo oscuro. La CLM30 produce una imagen en color con una resoluci\u00f3n de 3840&#215;2160 p\u00edxeles (a 45 fps) o 1920&#215;1080 p\u00edxeles (a 70 fps). Como resultado, el investigador recibe material de alta calidad: el objeto es claramente visible y los fotogramas de v\u00eddeo se suceden con fluidez. Esto es importante si el objeto bajo el objetivo se mueve. La resoluci\u00f3n del sensor de 8,3 MP permite utilizar esta c\u00e1mara con objetivos de 4x, 10x, 20x y 40x: el dispositivo es capaz de mostrar elementos m\u00e1s finos con mayor detalle. La interfaz USB 3.0 integrada transfiere datos a alta velocidad cuando se conecta a un ordenador. Las elevadas caracter\u00edsticas t\u00e9cnicas del dispositivo hacen que la c\u00e1mara sea ideal para trabajos de investigaci\u00f3n profesionales y para la ense\u00f1anza universitaria.<\/p>\n","protected":false},"featured_media":83233,"template":"","meta":{"_exactmetrics_skip_tracking":false,"_exactmetrics_sitenote_active":false,"_exactmetrics_sitenote_note":"","_exactmetrics_sitenote_category":0},"product_brand":[],"product_cat":[615],"product_tag":[],"class_list":{"0":"post-84604","1":"product","2":"type-product","3":"status-publish","4":"has-post-thumbnail","6":"product_cat-camaras-2","7":"product_shipping_class-pieza-pequena","9":"first","10":"instock","11":"taxable","12":"shipping-taxable","13":"purchasable","14":"product-type-simple"},"_links":{"self":[{"href":"https:\/\/microscopistas.com\/en\/wp-json\/wp\/v2\/product\/84604","targetHints":{"allow":["GET"]}}],"collection":[{"href":"https:\/\/microscopistas.com\/en\/wp-json\/wp\/v2\/product"}],"about":[{"href":"https:\/\/microscopistas.com\/en\/wp-json\/wp\/v2\/types\/product"}],"wp:featuredmedia":[{"embeddable":true,"href":"https:\/\/microscopistas.com\/en\/wp-json\/wp\/v2\/media\/83233"}],"wp:attachment":[{"href":"https:\/\/microscopistas.com\/en\/wp-json\/wp\/v2\/media?parent=84604"}],"wp:term":[{"taxonomy":"product_brand","embeddable":true,"href":"https:\/\/microscopistas.com\/en\/wp-json\/wp\/v2\/product_brand?post=84604"},{"taxonomy":"product_cat","embeddable":true,"href":"https:\/\/microscopistas.com\/en\/wp-json\/wp\/v2\/product_cat?post=84604"},{"taxonomy":"product_tag","embeddable":true,"href":"https:\/\/microscopistas.com\/en\/wp-json\/wp\/v2\/product_tag?post=84604"}],"curies":[{"name":"wp","href":"https:\/\/api.w.org\/{rel}","templated":true}]}}