{"id":84603,"date":"2024-07-29T18:29:08","date_gmt":"2024-07-29T16:29:08","guid":{"rendered":"http:\/\/microscopistas.com\/?post_type=product&#038;p=84603"},"modified":"2024-07-30T10:08:18","modified_gmt":"2024-07-30T08:08:18","slug":"camara-digital-magus-cbf50","status":"publish","type":"product","link":"https:\/\/microscopistas.com\/en\/producto\/camara-digital-magus-cbf50\/","title":{"rendered":"C\u00e1mara digital MAGUS CBF50"},"content":{"rendered":"<p>La c\u00e1mara digital MAGUS CBF50 est\u00e1 dise\u00f1ada para ser utilizada con un microscopio. Permite hacer fotos y grabar v\u00eddeos, editar los materiales resultantes y organizar demostraciones.<br \/> Se recomienda utilizar la c\u00e1mara en el m\u00e9todo de campo claro con objetivos de 40\u0445, 60\u0445 y 100\u0445.<\/p>\n<p><strong>Ajuste de la resoluci\u00f3n<\/strong><\/p>\n<p>La c\u00e1mara est\u00e1 equipada con un sensor de 3,1 MP y tiene dos modos de resoluci\u00f3n: 2048&#215;1536 p\u00edxeles (con capacidad para grabar v\u00eddeo a 53 fps) y 1024&#215;768 p\u00edxeles (85 fps). La frecuencia de fotogramas en estos modos es suficiente para observar objetos en movimiento, procesos r\u00e1pidos y movimientos de muestra sin retrasos. La grabaci\u00f3n de v\u00eddeo es fluida, sin sacudidas ni congelaciones en la transici\u00f3n de fotogramas, y las fotos son claras y f\u00e1ciles de leer.<\/p>\n<p><strong>Sensor<\/strong><\/p>\n<p>El sensor CMOS SONY Exmor con iluminaci\u00f3n de fondo con una sensibilidad a la luz de 1146 mV a 1\/30 s le ayudar\u00e1 a realizar investigaciones y tomas productivas incluso en condiciones de poca luz.<\/p>\n<p><strong>Transferencia de datos<\/strong><\/p>\n<p>La c\u00e1mara est\u00e1 equipada con una interfaz USB 3.0 que es 10 veces m\u00e1s r\u00e1pida que la interfaz de la generaci\u00f3n anterior. La transferencia de datos se produce sin congelaciones ni saltos, lo que ayuda a organizar las demostraciones y a visualizar instant\u00e1neamente las im\u00e1genes en una pantalla externa.<\/p>\n<p><strong>Puesta en marcha<\/strong><\/p>\n<p>La c\u00e1mara incluye el software necesario para hacer fotos y grabar v\u00eddeo, editar los materiales gr\u00e1ficos, realizar demostraciones y efectuar mediciones lineales y angulares (la funci\u00f3n requiere calibraci\u00f3n, que debe realizarse para cada objetivo).<\/p>\n<p><strong>Caracter\u00edsticas principales:<\/strong><\/p>\n<ul>\n<li>La c\u00e1mara se instala en el tubo trinocular del microscopio o en el tubo del ocular (se necesita un adaptador de montura C y un anillo adaptador de di\u00e1metro adecuado)<\/li>\n<li>Dos modos de resoluci\u00f3n y fps para que elija el que mejor se adapta a sus necesidades en cada momento<\/li>\n<li>Capacidad para observar y filmar incluso con poca luz gracias al sensible sensor de color SONY Exmor con iluminaci\u00f3n de fondo<\/li>\n<li>Transferencia de datos acelerada a trav\u00e9s de la interfaz USB 3.0<\/li>\n<li>Para trabajar con todas las funciones de la c\u00e1mara, solo tiene que instalar el software que viene con el dispositivo<\/li>\n<\/ul>\n<p><strong>El kit incluye:<\/strong><\/p>\n<ul>\n<li>C\u00e1mara digital<\/li>\n<li>Cable USB<\/li>\n<li>CD de instalaci\u00f3n con controladores y software<\/li>\n<li>Manual del usuario y tarjeta de garant\u00eda<\/li>\n<\/ul>\n<table>\n<tbody>\n<tr>\n<td>Marca<\/td>\n<td>MAGUS<\/td>\n<\/tr>\n<tr>\n<td>Garant\u00eda<\/td>\n<td>5 \u043b\u0435\u0442<\/td>\n<\/tr>\n<tr>\n<td>EAN<\/td>\n<td>5905555019277<\/td>\n<\/tr>\n<tr>\n<td>Tama\u00f1o de paquete (LxAn.xAl.)<\/td>\n<td>15x15x10 cm<\/td>\n<\/tr>\n<tr>\n<td>Peso del env\u00edo<\/td>\n<td>0.6 kg<\/td>\n<\/tr>\n<tr>\n<td>Sensor<\/td>\n<td>SONY Exmor CMOS<\/td>\n<\/tr>\n<tr>\n<td>Color\/monocromo<\/td>\n<td>color <\/td>\n<\/tr>\n<tr>\n<td>Megap\u00edxeles<\/td>\n<td>3.1<\/td>\n<\/tr>\n<tr>\n<td>Resoluci\u00f3n m\u00e1xima, p\u00edxeles<\/td>\n<td>2048&#215;1536<\/td>\n<\/tr>\n<tr>\n<td>Tama\u00f1o del sensor<\/td>\n<td>1\/1,8&#8242; (7,07&#215;5,30 mm)<\/td>\n<\/tr>\n<tr>\n<td>Tama\u00f1o del p\u00edxel, &#038;micro m<\/td>\n<td>3.45&#215;3.45<\/td>\n<\/tr>\n<tr>\n<td>Sensibilidad a la luz<\/td>\n<td>1146 mV a 1\/30 s<\/td>\n<\/tr>\n<tr>\n<td>Relaci\u00f3n se\u00f1al\/ruido<\/td>\n<td>0,15 mV a 1\/30 s<\/td>\n<\/tr>\n<tr>\n<td>Tiempo de exposici\u00f3n<\/td>\n<td>0,1 ms \u2013 15 s<\/td>\n<\/tr>\n<tr>\n<td>Grabaci\u00f3n de v\u00eddeo<\/td>\n<td>yes<\/td>\n<\/tr>\n<tr>\n<td>Frecuencia de fotogramas, fps para cada resoluci\u00f3n<\/td>\n<td>53 a 2048&#215;1536, 85 a 1024&#215;768<\/td>\n<\/tr>\n<tr>\n<td>Lugar de instalaci\u00f3n<\/td>\n<td>tubo trinocular, tubo ocular en sustituci\u00f3n de un ocular<\/td>\n<\/tr>\n<tr>\n<td>Formato de foto<\/td>\n<td>*.jpg, *.bmp, *.png, *.tif<\/td>\n<\/tr>\n<tr>\n<td>Formato de v\u00eddeo<\/td>\n<td>salida: *.wmv, *.avi, *.h264 (Windows 8 y posterior), *.h265 (Windows 10 y posterior)<\/td>\n<\/tr>\n<tr>\n<td>Intervalo espectral, nm<\/td>\n<td>380-650 (filtro IR incorporado)<\/td>\n<\/tr>\n<tr>\n<td>Tipo de obturador<\/td>\n<td>obturador rodante<\/td>\n<\/tr>\n<tr>\n<td>Balance de blancos<\/td>\n<td>manual, autom\u00e1tico<\/td>\n<\/tr>\n<tr>\n<td>Control de exposici\u00f3n<\/td>\n<td>manual, autom\u00e1tico<\/td>\n<\/tr>\n<tr>\n<td>Opciones programables<\/td>\n<td>tama\u00f1o de imagen, brillo, tiempo de exposici\u00f3n<\/td>\n<\/tr>\n<tr>\n<td>Salida<\/td>\n<td>USB 3.0, 5 Gb\/s<\/td>\n<\/tr>\n<tr>\n<td>Requisitos del sistema<\/td>\n<td>Windows 8\/10\/11 (32 bits y 64 bits), Mac OS X, Linux, procesador Intel Core 2 de hasta 2,8 GHz o superior, m\u00ednimo 2 GB de RAM, puerto USB 3.0, CD-ROM, pantalla de 17&#8242; o mayor<\/td>\n<\/tr>\n<tr>\n<td>Software<\/td>\n<td>MAGUS View<\/td>\n<\/tr>\n<tr>\n<td>Tipo de montura<\/td>\n<td>montura C<\/td>\n<\/tr>\n<tr>\n<td>Cuerpo<\/td>\n<td>aluminio macizo<\/td>\n<\/tr>\n<tr>\n<td>Alimentaci\u00f3n<\/td>\n<td>corriente CC, 5 V, desde el puerto USB del PC<\/td>\n<\/tr>\n<tr>\n<td>Intervalo de temperatura de funcionamiento, \u00b0C<\/td>\n<td>-10 \u2014 50<\/td>\n<\/tr>\n<tr>\n<td>Intervalo de humedad de funcionamiento, %<\/td>\n<td>30 \u2014 80<\/td>\n<\/tr>\n<\/tbody>\n<\/table>\n","protected":false},"excerpt":{"rendered":"<p>La c\u00e1mara digital MAGUS CBF50 est\u00e1 dise\u00f1ada para ser utilizada con un microscopio. Permite hacer fotos y grabar v\u00eddeos, editar los materiales resultantes y organizar demostraciones.<br \/> Se recomienda utilizar la c\u00e1mara en el m\u00e9todo de campo claro con objetivos de 40\u0445, 60\u0445 y 100\u0445.<\/p>\n","protected":false},"featured_media":83230,"template":"","meta":{"_exactmetrics_skip_tracking":false,"_exactmetrics_sitenote_active":false,"_exactmetrics_sitenote_note":"","_exactmetrics_sitenote_category":0},"product_brand":[],"product_cat":[615],"product_tag":[],"class_list":{"0":"post-84603","1":"product","2":"type-product","3":"status-publish","4":"has-post-thumbnail","6":"product_cat-camaras-2","7":"product_shipping_class-pieza-pequena","9":"first","10":"instock","11":"taxable","12":"shipping-taxable","13":"purchasable","14":"product-type-simple"},"_links":{"self":[{"href":"https:\/\/microscopistas.com\/en\/wp-json\/wp\/v2\/product\/84603","targetHints":{"allow":["GET"]}}],"collection":[{"href":"https:\/\/microscopistas.com\/en\/wp-json\/wp\/v2\/product"}],"about":[{"href":"https:\/\/microscopistas.com\/en\/wp-json\/wp\/v2\/types\/product"}],"wp:featuredmedia":[{"embeddable":true,"href":"https:\/\/microscopistas.com\/en\/wp-json\/wp\/v2\/media\/83230"}],"wp:attachment":[{"href":"https:\/\/microscopistas.com\/en\/wp-json\/wp\/v2\/media?parent=84603"}],"wp:term":[{"taxonomy":"product_brand","embeddable":true,"href":"https:\/\/microscopistas.com\/en\/wp-json\/wp\/v2\/product_brand?post=84603"},{"taxonomy":"product_cat","embeddable":true,"href":"https:\/\/microscopistas.com\/en\/wp-json\/wp\/v2\/product_cat?post=84603"},{"taxonomy":"product_tag","embeddable":true,"href":"https:\/\/microscopistas.com\/en\/wp-json\/wp\/v2\/product_tag?post=84603"}],"curies":[{"name":"wp","href":"https:\/\/api.w.org\/{rel}","templated":true}]}}