{"id":84602,"date":"2024-07-29T18:29:08","date_gmt":"2024-07-29T16:29:08","guid":{"rendered":"http:\/\/microscopistas.com\/?post_type=product&#038;p=84602"},"modified":"2025-10-27T16:22:28","modified_gmt":"2025-10-27T15:22:28","slug":"camara-digital-magus-cbf30","status":"publish","type":"product","link":"https:\/\/microscopistas.com\/en\/producto\/camara-digital-magus-cbf30\/","title":{"rendered":"C\u00e1mara digital MAGUS CBF30"},"content":{"rendered":"<p>La c\u00e1mara digital MAGUS CBF30 permite tomar fotograf\u00edas y grabar v\u00eddeo a trav\u00e9s de un microscopio, editar los archivos resultantes, organizar presentaciones y realizar mediciones lineales y angulares de objetos (tras una calibraci\u00f3n correcta).<br \/>\nEl dispositivo est\u00e1 dise\u00f1ado para trabajar en microscopios que utilicen el m\u00e9todo de campo claro y objetivos de 4x, 10x, 20x y 40x.<\/p>\n<p><strong>Caracter\u00edsticas gr\u00e1ficas<\/strong><\/p>\n<p>El sensor de 6,3 MP permite tomar fotos y v\u00eddeos brillantes y detallados con una resoluci\u00f3n m\u00e1xima de 3072&#215;2048 p\u00edxeles. Si es necesario, la resoluci\u00f3n se puede bajar a 1536&#215;1024 p\u00edxeles. Sin embargo, esto no afectar\u00e1 a la velocidad de fotogramas, que se mantendr\u00e1 en 59 fps, garantizando as\u00ed transiciones de fotogramas suaves, sin sacudidas ni retrasos.<\/p>\n<p><strong>Sensor<\/strong><\/p>\n<p>El sensor CMOS en color con iluminaci\u00f3n de fondo SONY Exmor permite utilizar la c\u00e1mara incluso en condiciones de poca luz. La imagen seguir\u00e1 siendo legible y brillante. El uso de un adaptador con un aumento de 0,5x a 0,75x proporcionar\u00e1 la imagen m\u00e1s n\u00edtida posible sin distorsi\u00f3n.<\/p>\n<p><strong>Otras caracter\u00edsticas<\/strong><\/p>\n<p>La c\u00e1mara MAGUS CBF30 utiliza una interfaz USB 3.0, lo que significa que la transferencia de datos se produce lo m\u00e1s r\u00e1pidamente posible sin p\u00e9rdidas ni retrasos.<br \/>\nLa c\u00e1mara tambi\u00e9n incluye un software especial que se utiliza para tomar fotos y v\u00eddeos, editar las im\u00e1genes, visualizarlas en una pantalla externa y organizar demostraciones en el aula.<\/p>\n<p><strong>Instalaci\u00f3n<\/strong><\/p>\n<p>La c\u00e1mara puede montarse en el tubo trinocular del microscopio mediante un adaptador de montura C. La instalaci\u00f3n en un tubo ocular tambi\u00e9n es posible y requiere un adaptador de montura C y un anillo adaptador para el di\u00e1metro del tubo.<\/p>\n<p><strong>Caracter\u00edsticas principales:<\/strong><\/p>\n<ul>\n<li>Recomendado para su uso con objetivos de bajo aumento<\/li>\n<li>Sensor sensible a la luz en color para obtener im\u00e1genes n\u00edtidas incluso en condiciones de poca luz<\/li>\n<li>Frecuencia de fotogramas de 59 fps, suficiente para la observaci\u00f3n de objetos en movimiento o procesos en r\u00e1pido movimiento<\/li>\n<li>El kit incluye un software que garantiza plenamente la funcionalidad de todas las caracter\u00edsticas de la c\u00e1mara y, en consecuencia, un \u00abinicio r\u00e1pido\u00bb<\/li>\n<li>Fiable interfaz USB 3.0 para altas velocidades de transferencia de datos<\/li>\n<li>Ajuste de resoluci\u00f3n para que pueda elegir la opci\u00f3n que m\u00e1s le convenga en cada momento<\/li>\n<\/ul>\n<p><strong>El kit incluye:<\/strong><\/p>\n<ul>\n<li>C\u00e1mara digital<\/li>\n<li>Cable USB<\/li>\n<li>CD de instalaci\u00f3n con controladores y software<\/li>\n<li>Manual del usuario y tarjeta de garant\u00eda<\/li>\n<\/ul>\n<table>\n<tbody>\n<tr>\n<td>Marca<\/td>\n<td>MAGUS<\/td>\n<\/tr>\n<tr>\n<td>Garant\u00eda<\/td>\n<td>5 \u043b\u0435\u0442<\/td>\n<\/tr>\n<tr>\n<td>EAN<\/td>\n<td>5905555019260<\/td>\n<\/tr>\n<tr>\n<td>Tama\u00f1o de paquete (LxAn.xAl.)<\/td>\n<td>15x15x10 cm<\/td>\n<\/tr>\n<tr>\n<td>Peso del env\u00edo<\/td>\n<td>0.6 kg<\/td>\n<\/tr>\n<tr>\n<td>Sensor<\/td>\n<td>SONY Exmor CMOS<\/td>\n<\/tr>\n<tr>\n<td>Color\/monocromo<\/td>\n<td>color<\/td>\n<\/tr>\n<tr>\n<td>Megap\u00edxeles<\/td>\n<td>6.3<\/td>\n<\/tr>\n<tr>\n<td>Resoluci\u00f3n m\u00e1xima, p\u00edxeles<\/td>\n<td>3072&#215;2048<\/td>\n<\/tr>\n<tr>\n<td>Tama\u00f1o del sensor<\/td>\n<td>1\/1,8&#8242; (7,37&#215;4,92 mm)<\/td>\n<\/tr>\n<tr>\n<td>Tama\u00f1o del p\u00edxel, &amp;micro m<\/td>\n<td>2.4&#215;2.4<\/td>\n<\/tr>\n<tr>\n<td>Sensibilidad a la luz<\/td>\n<td>425 mV a 1\/30 s<\/td>\n<\/tr>\n<tr>\n<td>Relaci\u00f3n se\u00f1al\/ruido<\/td>\n<td>0,15 mV a 1\/30 s<\/td>\n<\/tr>\n<tr>\n<td>Tiempo de exposici\u00f3n<\/td>\n<td>0,02 ms \u2013 15 s<\/td>\n<\/tr>\n<tr>\n<td>Grabaci\u00f3n de v\u00eddeo<\/td>\n<td>yes<\/td>\n<\/tr>\n<tr>\n<td>Frecuencia de fotogramas, fps para cada resoluci\u00f3n<\/td>\n<td>59 a 3072&#215;2048, 59 a 1536&#215;1024<\/td>\n<\/tr>\n<tr>\n<td>Lugar de instalaci\u00f3n<\/td>\n<td>tubo trinocular, tubo ocular en sustituci\u00f3n de un ocular<\/td>\n<\/tr>\n<tr>\n<td>Formato de foto<\/td>\n<td>*.jpg, *.bmp, *.png, *.tif<\/td>\n<\/tr>\n<tr>\n<td>Formato de v\u00eddeo<\/td>\n<td>salida: *.wmv, *.avi, *.h264 (Windows 8 y posterior), *.h265 (Windows 10 y posterior)<\/td>\n<\/tr>\n<tr>\n<td>Intervalo espectral, nm<\/td>\n<td>380-650 (filtro IR incorporado)<\/td>\n<\/tr>\n<tr>\n<td>Tipo de obturador<\/td>\n<td>obturador rodante<\/td>\n<\/tr>\n<tr>\n<td>Balance de blancos<\/td>\n<td>manual, autom\u00e1tico<\/td>\n<\/tr>\n<tr>\n<td>Control de exposici\u00f3n<\/td>\n<td>manual, autom\u00e1tico<\/td>\n<\/tr>\n<tr>\n<td>Opciones programables<\/td>\n<td>tama\u00f1o de imagen, brillo, tiempo de exposici\u00f3n<\/td>\n<\/tr>\n<tr>\n<td>Salida<\/td>\n<td>USB 3.0, 5 Gb\/s<\/td>\n<\/tr>\n<tr>\n<td>Requisitos del sistema<\/td>\n<td>Windows 8\/10\/11 (32 bits y 64 bits), Mac OS X, Linux, procesador Intel Core 2 de hasta 2,8 GHz o superior, m\u00ednimo 2 GB de RAM, puerto USB 3.0, CD-ROM, pantalla de 17&#8242; o mayor<\/td>\n<\/tr>\n<tr>\n<td>Software<\/td>\n<td>MAGUS View<\/td>\n<\/tr>\n<tr>\n<td>Tipo de montura<\/td>\n<td>montura C<\/td>\n<\/tr>\n<tr>\n<td>Cuerpo<\/td>\n<td>aluminio macizo<\/td>\n<\/tr>\n<tr>\n<td>Alimentaci\u00f3n<\/td>\n<td>corriente CC, 5 V, desde el puerto USB del PC<\/td>\n<\/tr>\n<tr>\n<td>Intervalo de temperatura de funcionamiento, \u00b0C<\/td>\n<td>-10 \u2014 50<\/td>\n<\/tr>\n<tr>\n<td>Intervalo de humedad de funcionamiento, %<\/td>\n<td>30 \u2014 80<\/td>\n<\/tr>\n<\/tbody>\n<\/table>\n","protected":false},"excerpt":{"rendered":"<p>La c\u00e1mara digital MAGUS CBF30 permite tomar fotograf\u00edas y grabar v\u00eddeo a trav\u00e9s de un microscopio, editar los archivos resultantes, organizar presentaciones y realizar mediciones lineales y angulares de objetos (tras una calibraci\u00f3n correcta).<br \/>\nEl dispositivo est\u00e1 dise\u00f1ado para trabajar en microscopios que utilicen el m\u00e9todo de campo claro y objetivos de 4x, 10x, 20x y 40x.<\/p>\n","protected":false},"featured_media":83228,"template":"","meta":{"_exactmetrics_skip_tracking":false,"_exactmetrics_sitenote_active":false,"_exactmetrics_sitenote_note":"","_exactmetrics_sitenote_category":0},"product_brand":[],"product_cat":[615],"product_tag":[],"class_list":{"0":"post-84602","1":"product","2":"type-product","3":"status-publish","4":"has-post-thumbnail","6":"product_cat-camaras-2","7":"product_shipping_class-pieza-pequena","9":"first","10":"instock","11":"taxable","12":"shipping-taxable","13":"purchasable","14":"product-type-simple"},"_links":{"self":[{"href":"https:\/\/microscopistas.com\/en\/wp-json\/wp\/v2\/product\/84602","targetHints":{"allow":["GET"]}}],"collection":[{"href":"https:\/\/microscopistas.com\/en\/wp-json\/wp\/v2\/product"}],"about":[{"href":"https:\/\/microscopistas.com\/en\/wp-json\/wp\/v2\/types\/product"}],"wp:featuredmedia":[{"embeddable":true,"href":"https:\/\/microscopistas.com\/en\/wp-json\/wp\/v2\/media\/83228"}],"wp:attachment":[{"href":"https:\/\/microscopistas.com\/en\/wp-json\/wp\/v2\/media?parent=84602"}],"wp:term":[{"taxonomy":"product_brand","embeddable":true,"href":"https:\/\/microscopistas.com\/en\/wp-json\/wp\/v2\/product_brand?post=84602"},{"taxonomy":"product_cat","embeddable":true,"href":"https:\/\/microscopistas.com\/en\/wp-json\/wp\/v2\/product_cat?post=84602"},{"taxonomy":"product_tag","embeddable":true,"href":"https:\/\/microscopistas.com\/en\/wp-json\/wp\/v2\/product_tag?post=84602"}],"curies":[{"name":"wp","href":"https:\/\/api.w.org\/{rel}","templated":true}]}}