{"id":84601,"date":"2024-07-29T18:29:08","date_gmt":"2024-07-29T16:29:08","guid":{"rendered":"http:\/\/microscopistas.com\/?post_type=product&#038;p=84601"},"modified":"2024-07-30T10:07:51","modified_gmt":"2024-07-30T08:07:51","slug":"camara-digital-magus-cbf10","status":"publish","type":"product","link":"https:\/\/microscopistas.com\/en\/producto\/camara-digital-magus-cbf10\/","title":{"rendered":"C\u00e1mara digital MAGUS CBF10"},"content":{"rendered":"<p>La c\u00e1mara digital MAGUS CBF10 est\u00e1 dise\u00f1ada para funcionar junto con un microscopio: fotografiar, grabar v\u00eddeos y mostrar im\u00e1genes en una pantalla externa. Sus caracter\u00edsticas son las m\u00e1s adecuadas para trabajos de campo claro en microscopios estereosc\u00f3picos y objetivos de microscopio de campo plano de 4x y 10x.<\/p>\n<p><strong>Sensor<\/strong><\/p>\n<p>La c\u00e1mara MAGUS CBF10 est\u00e1 equipada con un sensor Aptina CMOS con una sensibilidad a la luz de 0,62 mV\/lux\/s. Puede obtener el m\u00e1ximo campo de visi\u00f3n sin distorsi\u00f3n utilizando un adaptador con aumento de 0,4x a 0,6x.<\/p>\n<p><strong>Toma de fotos y grabaci\u00f3n de v\u00eddeos<\/strong><\/p>\n<p>El sensor de 18 MP le permite lograr una imagen realista y muy detallada con una resoluci\u00f3n de 4912&#215;3684 p\u00edxeles. En este modo, el v\u00eddeo se captura a 13,1 fps. Puede aumentar la velocidad de fotogramas y, como resultado, mejorar la fluidez del v\u00eddeo reduciendo la resoluci\u00f3n. Opciones disponibles: 2456&#215;1842 p\u00edxeles (34,3 fps) y 1228&#215;922 p\u00edxeles (54,4 fps). En cualquiera de los modos seleccionados, es conveniente ajustar el enfoque del microscopio. Los modos con mayor velocidad de fotogramas son adecuados para estudiar objetos en movimiento y procesos r\u00e1pidos, as\u00ed como para presentaciones y demostraciones.<\/p>\n<p><strong>Interfaz<\/strong><\/p>\n<p>Se utiliza una interfaz USB 3.0 para conectarse a un ordenador. La transferencia de datos es 10 veces m\u00e1s r\u00e1pida que la interfaz de la generaci\u00f3n anterior. El r\u00e1pido rendimiento de la c\u00e1mara la convierte en una excelente opci\u00f3n para laboratorios profesionales, investigaci\u00f3n y formaci\u00f3n universitaria.<\/p>\n<p><strong>Opciones programables<\/strong><\/p>\n<p>La c\u00e1mara MAGUS CBF10 se suministra con un CD de software. Se utiliza para la fotograf\u00eda, la grabaci\u00f3n de v\u00eddeo y la visualizaci\u00f3n de im\u00e1genes. Tras la calibraci\u00f3n del software, se pueden realizar mediciones lineales y angulares.<\/p>\n<p><strong>Instalaci\u00f3n<\/strong><\/p>\n<p>La c\u00e1mara puede instalarse en el tubo ocular (en lugar de un ocular) o en un tubo trinocular. Los adaptadores para montura en C y los anillos adaptadores para el di\u00e1metro de montaje necesario se adquieren por separado.<\/p>\n<p><strong>Caracter\u00edsticas principales:<\/strong><\/p>\n<ul>\n<li>Sensor CMOS Aptina de alta sensibilidad lum\u00ednica<\/li>\n<li>Resoluci\u00f3n del sensor de 18 MP: im\u00e1genes muy detalladas en objetivos de bajo aumento<\/li>\n<li>Frecuencia de fotogramas suficiente para el ajuste del enfoque: 13,1 fps con una resoluci\u00f3n de 4912&#215;3684 p\u00edxeles<\/li>\n<li>Simplificaci\u00f3n de las demostraciones en clase y de la observaci\u00f3n de objetos en movimiento, todo ello gracias al aumento de la frecuencia de fotogramas al tiempo que se reduce la resoluci\u00f3n  el movimiento de la muestra es visible sin sacudidas<\/li>\n<li>USB 3.0 proporciona velocidades de transferencia de datos 10 veces m\u00e1s r\u00e1pidas que USB 2.0<\/li>\n<li>Software para crear fotos y v\u00eddeos, as\u00ed como para visualizarlos y editarlos en tiempo real<\/li>\n<li>Mediciones lineales y angulares<\/li>\n<\/ul>\n<p><strong>El kit incluye:<\/strong><\/p>\n<ul>\n<li>C\u00e1mara digital<\/li>\n<li>Cable USB<\/li>\n<li>CD de instalaci\u00f3n con controladores y software<\/li>\n<li>Manual del usuario y tarjeta de garant\u00eda<\/li>\n<\/ul>\n<table>\n<tbody>\n<tr>\n<td>Marca<\/td>\n<td>MAGUS<\/td>\n<\/tr>\n<tr>\n<td>Garant\u00eda<\/td>\n<td>5 \u043b\u0435\u0442<\/td>\n<\/tr>\n<tr>\n<td>EAN<\/td>\n<td>5905555019253<\/td>\n<\/tr>\n<tr>\n<td>Tama\u00f1o de paquete (LxAn.xAl.)<\/td>\n<td>15x15x10 cm<\/td>\n<\/tr>\n<tr>\n<td>Peso del env\u00edo<\/td>\n<td>0.6 kg<\/td>\n<\/tr>\n<tr>\n<td>Sensor<\/td>\n<td>Aptina CMOS<\/td>\n<\/tr>\n<tr>\n<td>Color\/monocromo<\/td>\n<td>color <\/td>\n<\/tr>\n<tr>\n<td>Megap\u00edxeles<\/td>\n<td>18<\/td>\n<\/tr>\n<tr>\n<td>Resoluci\u00f3n m\u00e1xima, p\u00edxeles<\/td>\n<td>4912&#215;3684<\/td>\n<\/tr>\n<tr>\n<td>Tama\u00f1o del sensor<\/td>\n<td>1\/2,3&#8242; (6,14&#215;4,61 mm)<\/td>\n<\/tr>\n<tr>\n<td>Tama\u00f1o del p\u00edxel, &#038;micro m<\/td>\n<td>1.25&#215;1.25<\/td>\n<\/tr>\n<tr>\n<td>Sensibilidad a la luz<\/td>\n<td>0,62 mV\/lux\/s<\/td>\n<\/tr>\n<tr>\n<td>Relaci\u00f3n se\u00f1al\/ruido<\/td>\n<td>36,3 dB<\/td>\n<\/tr>\n<tr>\n<td>Tiempo de exposici\u00f3n<\/td>\n<td>0,1 ms \u2013 2 s<\/td>\n<\/tr>\n<tr>\n<td>Grabaci\u00f3n de v\u00eddeo<\/td>\n<td>yes<\/td>\n<\/tr>\n<tr>\n<td>Frecuencia de fotogramas, fps para cada resoluci\u00f3n<\/td>\n<td>54,4 a 1228&#215;922, 34,3 a 2456&#215;1842, 13,1 a 4912&#215;3684<\/td>\n<\/tr>\n<tr>\n<td>Rango activo, dB<\/td>\n<td>65.8<\/td>\n<\/tr>\n<tr>\n<td>Lugar de instalaci\u00f3n<\/td>\n<td>tubo trinocular, tubo ocular en sustituci\u00f3n de un ocular<\/td>\n<\/tr>\n<tr>\n<td>Formato de foto<\/td>\n<td>*.jpg, *.bmp, *.png, *.tif<\/td>\n<\/tr>\n<tr>\n<td>Formato de v\u00eddeo<\/td>\n<td>salida: *.wmv, *.avi, *.h264 (Windows 8 y posterior), *.h265 (Windows 10 y posterior)<\/td>\n<\/tr>\n<tr>\n<td>Intervalo espectral, nm<\/td>\n<td>380-650 (filtro IR incorporado)<\/td>\n<\/tr>\n<tr>\n<td>Tipo de obturador<\/td>\n<td>obturador rodante<\/td>\n<\/tr>\n<tr>\n<td>Balance de blancos<\/td>\n<td>manual, autom\u00e1tico<\/td>\n<\/tr>\n<tr>\n<td>Control de exposici\u00f3n<\/td>\n<td>manual, autom\u00e1tico<\/td>\n<\/tr>\n<tr>\n<td>Opciones programables<\/td>\n<td>tama\u00f1o de imagen, brillo, tiempo de exposici\u00f3n<\/td>\n<\/tr>\n<tr>\n<td>Salida<\/td>\n<td>USB 3.0, 5 Gb\/s<\/td>\n<\/tr>\n<tr>\n<td>Requisitos del sistema<\/td>\n<td>Windows 8\/10\/11 (32 bits y 64 bits), Mac OS X, Linux, procesador Intel Core 2 de hasta 2,8 GHz o superior, m\u00ednimo 2 GB de RAM, puerto USB 3.0, CD-ROM, pantalla de 17&#8242; o mayor<\/td>\n<\/tr>\n<tr>\n<td>Software<\/td>\n<td>MAGUS View<\/td>\n<\/tr>\n<tr>\n<td>Tipo de montura<\/td>\n<td>montura C<\/td>\n<\/tr>\n<tr>\n<td>Cuerpo<\/td>\n<td>aluminio macizo<\/td>\n<\/tr>\n<tr>\n<td>Alimentaci\u00f3n<\/td>\n<td>corriente CC, 5 V, desde el puerto USB del PC<\/td>\n<\/tr>\n<tr>\n<td>Intervalo de temperatura de funcionamiento, \u00b0C<\/td>\n<td>-10 \u2014 50<\/td>\n<\/tr>\n<tr>\n<td>Intervalo de humedad de funcionamiento, %<\/td>\n<td>30 \u2014 80<\/td>\n<\/tr>\n<\/tbody>\n<\/table>\n","protected":false},"excerpt":{"rendered":"<p>La c\u00e1mara digital MAGUS CBF10 est\u00e1 dise\u00f1ada para funcionar junto con un microscopio: fotografiar, grabar v\u00eddeos y mostrar im\u00e1genes en una pantalla externa. Sus caracter\u00edsticas son las m\u00e1s adecuadas para trabajos de campo claro en microscopios estereosc\u00f3picos y objetivos de microscopio de campo plano de 4x y 10x.<\/p>\n","protected":false},"featured_media":83225,"template":"","meta":{"_exactmetrics_skip_tracking":false,"_exactmetrics_sitenote_active":false,"_exactmetrics_sitenote_note":"","_exactmetrics_sitenote_category":0},"product_brand":[],"product_cat":[615],"product_tag":[],"class_list":{"0":"post-84601","1":"product","2":"type-product","3":"status-publish","4":"has-post-thumbnail","6":"product_cat-camaras-2","7":"product_shipping_class-pieza-pequena","9":"first","10":"instock","11":"taxable","12":"shipping-taxable","13":"purchasable","14":"product-type-simple"},"_links":{"self":[{"href":"https:\/\/microscopistas.com\/en\/wp-json\/wp\/v2\/product\/84601","targetHints":{"allow":["GET"]}}],"collection":[{"href":"https:\/\/microscopistas.com\/en\/wp-json\/wp\/v2\/product"}],"about":[{"href":"https:\/\/microscopistas.com\/en\/wp-json\/wp\/v2\/types\/product"}],"wp:featuredmedia":[{"embeddable":true,"href":"https:\/\/microscopistas.com\/en\/wp-json\/wp\/v2\/media\/83225"}],"wp:attachment":[{"href":"https:\/\/microscopistas.com\/en\/wp-json\/wp\/v2\/media?parent=84601"}],"wp:term":[{"taxonomy":"product_brand","embeddable":true,"href":"https:\/\/microscopistas.com\/en\/wp-json\/wp\/v2\/product_brand?post=84601"},{"taxonomy":"product_cat","embeddable":true,"href":"https:\/\/microscopistas.com\/en\/wp-json\/wp\/v2\/product_cat?post=84601"},{"taxonomy":"product_tag","embeddable":true,"href":"https:\/\/microscopistas.com\/en\/wp-json\/wp\/v2\/product_tag?post=84601"}],"curies":[{"name":"wp","href":"https:\/\/api.w.org\/{rel}","templated":true}]}}