{"id":84600,"date":"2024-07-29T18:29:07","date_gmt":"2024-07-29T16:29:07","guid":{"rendered":"http:\/\/microscopistas.com\/?post_type=product&#038;p=84600"},"modified":"2024-07-30T10:09:41","modified_gmt":"2024-07-30T08:09:41","slug":"camara-digital-magus-cdf10","status":"publish","type":"product","link":"https:\/\/microscopistas.com\/en\/producto\/camara-digital-magus-cdf10\/","title":{"rendered":"C\u00e1mara digital MAGUS CDF10"},"content":{"rendered":"<p><strong>C&#038;aacute mara digital MAGUS CDF10<\/strong><br \/><strong>USB 3.0, 2 MP, 1\/2&#8221;, color<\/strong><\/p>\n<p>C&#038;aacute mara digital con sensor de 2 MP para el estudio de microobjetos mediante la t&#038;eacute cnica de microscop&#038;iacute a de campo oscuro o de campo claro. La c&#038;aacute mara est&#038;aacute  equipada con un sensor CMOS en color SONY Exmor con iluminaci&#038;oacute n de fondo. Esto aumenta la sensibilidad a la luz (2350 mV a 1\/30 s) y mejora la calidad de imagen con poca luz. Se consigue un rendimiento &#038;oacute ptimo cuando se trabaja con objetivos con aumentos de 40x, 60x y 100x.<\/p>\n<p>La c&#038;aacute mara MAGUS CDF10 permite visualizar una imagen de un objeto en el monitor de un ordenador en resoluci&#038;oacute n Full HD 1920&#215;1080 p&#038;iacute xeles, hacer fotos y grabar v&#038;iacute deos en diferentes formatos. La transferencia de datos entre la c&#038;aacute mara y el ordenador se realiza a trav&#038;eacute s de una interfaz USB 3.0 con una velocidad de transferencia de datos de 5 Gbps. En resoluci&#038;oacute n m&#038;aacute xima, el v&#038;iacute deo se muestra a 125 fps con transiciones suaves entre fotogramas. La c&#038;aacute mara es perfecta para estudiar objetos en movimiento y puede utilizarse para conferencias o presentaciones.<\/p>\n<p>La c&#038;aacute mara puede instalarse en el tubo trinocular o en el tubo ocular de un microscopio. Para montar una c&#038;aacute mara digital en el tubo trinocular se utiliza un adaptador de montura C. El aumento recomendado del adaptador es de 0,4x a 0,6x, lo que garantiza un amplio campo de visi&#038;oacute n sin distorsi&#038;oacute n &#038;oacute ptica. Para montar la c&#038;aacute mara en el tubo ocular, adem&#038;aacute s del adaptador, tambi&#038;eacute n necesitar&#038;aacute  un anillo adaptador que coincida con el di&#038;aacute metro del tubo.<\/p>\n<p>Para utilizar la c&#038;aacute mara se necesita el software propietario MAGUS View. Se incluye un disco de instalaci&#038;oacute n con controladores y software. Nota: antes de empezar, el software debe calibrarse para cada objetivo que utilice. La corredera de calibraci&#038;oacute n debe adquirirse por separado.<\/p>\n<p><strong>Caracter&#038;iacute sticas principales:<br \/><\/strong>&#038;bull  &#038;nbsp  &#038;nbsp Sensor CMOS SONY Exmor retroiluminado para im&#038;aacute genes n&#038;iacute tidas incluso en condiciones de poca luz<br \/>&#038;bull  &#038;nbsp  &#038;nbsp Instalaci&#038;oacute n en el tubo trinocular o en el tubo ocular<br \/>&#038;bull  &#038;nbsp  &#038;nbsp Funcionamiento en campo oscuro o campo claro con objetivos de gran aumento: 40x, 60x y 100x<br \/>&#038;bull  &#038;nbsp  &#038;nbsp Visualizaci&#038;oacute n de im&#038;aacute genes en una pantalla de ordenador  visualizaci&#038;oacute n, toma de fotograf&#038;iacute as y grabaci&#038;oacute n de v&#038;iacute deos con una resoluci&#038;oacute n de 1920&#215;1080 p&#038;iacute xeles<br \/>&#038;bull  &#038;nbsp  &#038;nbsp Frecuencia de fotograma de v&#038;iacute deo: 125 fps, adecuada para estudiar y mostrar objetos en movimiento en tiempo real sin retrasos<br \/>&#038;bull  &#038;nbsp  &#038;nbsp Se incluyen los controladores y el software necesarios<\/p>\n<p><strong>El kit incluye: <br \/><\/strong>&#038;bull  &#038;nbsp  &#038;nbsp C&#038;aacute mara digital<br \/>&#038;bull  &#038;nbsp  &#038;nbsp Cable USB<br \/>&#038;bull  &#038;nbsp  &#038;nbsp CD de instalaci&#038;oacute n con controladores y software<br \/>&#038;bull  &#038;nbsp  &#038;nbsp Manual del usuario y tarjeta de garant&#038;iacute a<\/p>\n<p><strong>Especificaciones:<\/strong><\/p>\n<p>Sensor: CMOS SONY Exmor<br \/>Color\/monocromo: color<br \/>Megap&#038;iacute xeles: 2<br \/>Resoluci&#038;oacute n m&#038;aacute xima, p&#038;iacute xeles: 1920&#215;1080<br \/>Tama&#038;ntilde o del sensor: 1\/2&#8242; (7,2&#215;4,05 mm)<br \/>Tama&#038;ntilde o del p&#038;iacute xel, &#038;mu m: 3,75&#215;3,75<br \/>Sensibilidad a la luz: 2350 mV a 1\/30 s<br \/>Relaci&#038;oacute n se&#038;ntilde al\/ruido: 0,15 mV a 1\/30 s<br \/>Exposici&#038;oacute n: 0,1 ms&#038;ndash 15 s<br \/>Grabaci&#038;oacute n de v&#038;iacute deo: +<br \/>Frecuencia de fotogramas, fps para cada resoluci&#038;oacute n: 125 fps a 1920&#215;1080 p&#038;iacute xeles<br \/>Lugar de instalaci&#038;oacute n: tubo trinocular, tubo ocular en sustituci&#038;oacute n de un ocular<br \/>Formato de foto: *.jpg, *.bmp, *.png, *.tif<br \/>Formato de v&#038;iacute deo: *.wmv, *.avi, *.h264 (Win 8 o posterior), *h265 (Win 10 o posterior)<br \/>Intervalo espectral, nm: 380&#038;ndash 650 (con filtro de infrarrojos)<br \/>Tipo de obturador: obturador rodante<br \/>Balance de blancos: auto\/manual<br \/>Control de exposici&#038;oacute n: auto\/manual<br \/>Opciones programables: tama&#038;ntilde o de imagen, brillo, tiempo de exposici&#038;oacute n<br \/>Salida de se&#038;ntilde al: USB 3.0, 5 Gbps<br \/>Requisitos del sistema: Windows 8\/10\/11 (32 y 64 bits), Mac OS X, Linux, hasta 2,8 GHz Intel Core 2 o superior, m&#038;iacute nimo 2 GB de RAM, puerto USB 3.0, CD-ROM, pantalla de 17&#8242; o mayor<br \/>Software: MAGUS View<br \/>Tipo de montura: montura C<br \/>Cuerpo: aluminio macizo<br \/>Fuente de alimentaci&#038;oacute n: corriente CC, 5 V, a trav&#038;eacute s del puerto USB del PC<br \/>Intervalo de temperaturas de funcionamiento, &#038;deg C: &#038;ndash 10&#8230; 50<br \/>Intervalo de humedad de funcionamiento, %: 30&#038;hellip  80<\/p>\n<table>\n<tbody>\n<tr>\n<td>Marca<\/td>\n<td>MAGUS<\/td>\n<\/tr>\n<tr>\n<td>Garant\u00eda<\/td>\n<td>5 \u043b\u0435\u0442<\/td>\n<\/tr>\n<tr>\n<td>EAN<\/td>\n<td>5905555019246<\/td>\n<\/tr>\n<tr>\n<td>Tama\u00f1o de paquete (LxAn.xAl.)<\/td>\n<td>15x15x10 cm<\/td>\n<\/tr>\n<tr>\n<td>Peso del env\u00edo<\/td>\n<td>0.6 kg<\/td>\n<\/tr>\n<tr>\n<td>Sensor<\/td>\n<td>SONY Exmor CMOS<\/td>\n<\/tr>\n<tr>\n<td>Color\/monocromo<\/td>\n<td>color <\/td>\n<\/tr>\n<tr>\n<td>Megap\u00edxeles<\/td>\n<td>2<\/td>\n<\/tr>\n<tr>\n<td>Resoluci\u00f3n m\u00e1xima, p\u00edxeles<\/td>\n<td>1920&#215;1080<\/td>\n<\/tr>\n<tr>\n<td>Tama\u00f1o del sensor<\/td>\n<td>1\/2&#8242; (7,2&#215;4,05 mm)<\/td>\n<\/tr>\n<tr>\n<td>Tama\u00f1o del p\u00edxel, &#038;micro m<\/td>\n<td>3.75&#215;3.75<\/td>\n<\/tr>\n<tr>\n<td>Sensibilidad a la luz<\/td>\n<td>2350 mV a 1\/30 s<\/td>\n<\/tr>\n<tr>\n<td>Relaci\u00f3n se\u00f1al\/ruido<\/td>\n<td>0,15 mV a 1\/30 s<\/td>\n<\/tr>\n<tr>\n<td>Tiempo de exposici\u00f3n<\/td>\n<td>0,1 ms \u2013 15 s<\/td>\n<\/tr>\n<tr>\n<td>Grabaci\u00f3n de v\u00eddeo<\/td>\n<td>yes<\/td>\n<\/tr>\n<tr>\n<td>Frecuencia de fotogramas, fps para cada resoluci\u00f3n<\/td>\n<td>125 a 1920&#215;1080<\/td>\n<\/tr>\n<tr>\n<td>Lugar de instalaci\u00f3n<\/td>\n<td>tubo trinocular, tubo ocular en sustituci\u00f3n de un ocular<\/td>\n<\/tr>\n<tr>\n<td>Formato de foto<\/td>\n<td>*.jpg, *.bmp, *.png, *.tif<\/td>\n<\/tr>\n<tr>\n<td>Formato de v\u00eddeo<\/td>\n<td>salida: *.wmv, *.avi, *.h264 (Windows 8 y posterior), *.h265 (Windows 10 y posterior)<\/td>\n<\/tr>\n<tr>\n<td>Intervalo espectral, nm<\/td>\n<td>380-650 (filtro IR incorporado)<\/td>\n<\/tr>\n<tr>\n<td>Tipo de obturador<\/td>\n<td>obturador rodante<\/td>\n<\/tr>\n<tr>\n<td>Balance de blancos<\/td>\n<td>manual, autom\u00e1tico<\/td>\n<\/tr>\n<tr>\n<td>Control de exposici\u00f3n<\/td>\n<td>manual, autom\u00e1tico<\/td>\n<\/tr>\n<tr>\n<td>Opciones programables<\/td>\n<td>tama\u00f1o de imagen, brillo, tiempo de exposici\u00f3n<\/td>\n<\/tr>\n<tr>\n<td>Salida<\/td>\n<td>USB 3.0, 5 Gb\/s<\/td>\n<\/tr>\n<tr>\n<td>Requisitos del sistema<\/td>\n<td>Windows 8\/10\/11 (32 bits y 64 bits), Mac OS X, Linux, procesador Intel Core 2 de hasta 2,8 GHz o superior, m\u00ednimo 2 GB de RAM, puerto USB 3.0, CD-ROM, pantalla de 17&#8242; o mayor<\/td>\n<\/tr>\n<tr>\n<td>Software<\/td>\n<td>MAGUS View<\/td>\n<\/tr>\n<tr>\n<td>Tipo de montura<\/td>\n<td>montura C<\/td>\n<\/tr>\n<tr>\n<td>Cuerpo<\/td>\n<td>aluminio macizo<\/td>\n<\/tr>\n<tr>\n<td>Alimentaci\u00f3n<\/td>\n<td>corriente CC, 5 V, desde el puerto USB del PC<\/td>\n<\/tr>\n<tr>\n<td>Intervalo de temperatura de funcionamiento, \u00b0C<\/td>\n<td>-10 \u2014 50<\/td>\n<\/tr>\n<tr>\n<td>Intervalo de humedad de funcionamiento, %<\/td>\n<td>30 \u2014 80<\/td>\n<\/tr>\n<\/tbody>\n<\/table>\n","protected":false},"excerpt":{"rendered":"<p>C\u00e1mara digital con sensor de 2 MP para el estudio de microobjetos mediante la t\u00e9cnica de microscop\u00eda de campo oscuro o de campo claro. La c\u00e1mara est\u00e1 equipada con un sensor CMOS en color SONY Exmor con iluminaci\u00f3n de fondo. Esto aumenta la sensibilidad a la luz (2350 mV a 1\/30 s) y mejora la calidad de imagen con poca luz. Se consigue un rendimiento \u00f3ptimo cuando se trabaja con objetivos con aumentos de 40x, 60x y 100x.<\/p>\n","protected":false},"featured_media":83222,"template":"","meta":{"_exactmetrics_skip_tracking":false,"_exactmetrics_sitenote_active":false,"_exactmetrics_sitenote_note":"","_exactmetrics_sitenote_category":0},"product_brand":[],"product_cat":[615],"product_tag":[],"class_list":{"0":"post-84600","1":"product","2":"type-product","3":"status-publish","4":"has-post-thumbnail","6":"product_cat-camaras-2","7":"product_shipping_class-pieza-pequena","9":"first","10":"instock","11":"taxable","12":"shipping-taxable","13":"purchasable","14":"product-type-simple"},"_links":{"self":[{"href":"https:\/\/microscopistas.com\/en\/wp-json\/wp\/v2\/product\/84600","targetHints":{"allow":["GET"]}}],"collection":[{"href":"https:\/\/microscopistas.com\/en\/wp-json\/wp\/v2\/product"}],"about":[{"href":"https:\/\/microscopistas.com\/en\/wp-json\/wp\/v2\/types\/product"}],"wp:featuredmedia":[{"embeddable":true,"href":"https:\/\/microscopistas.com\/en\/wp-json\/wp\/v2\/media\/83222"}],"wp:attachment":[{"href":"https:\/\/microscopistas.com\/en\/wp-json\/wp\/v2\/media?parent=84600"}],"wp:term":[{"taxonomy":"product_brand","embeddable":true,"href":"https:\/\/microscopistas.com\/en\/wp-json\/wp\/v2\/product_brand?post=84600"},{"taxonomy":"product_cat","embeddable":true,"href":"https:\/\/microscopistas.com\/en\/wp-json\/wp\/v2\/product_cat?post=84600"},{"taxonomy":"product_tag","embeddable":true,"href":"https:\/\/microscopistas.com\/en\/wp-json\/wp\/v2\/product_tag?post=84600"}],"curies":[{"name":"wp","href":"https:\/\/api.w.org\/{rel}","templated":true}]}}