{"id":84599,"date":"2024-07-29T18:29:07","date_gmt":"2024-07-29T16:29:07","guid":{"rendered":"http:\/\/microscopistas.com\/?post_type=product&#038;p=84599"},"modified":"2024-07-30T10:09:29","modified_gmt":"2024-07-30T08:09:29","slug":"camara-digital-magus-cbf70","status":"publish","type":"product","link":"https:\/\/microscopistas.com\/en\/producto\/camara-digital-magus-cbf70\/","title":{"rendered":"C\u00e1mara digital MAGUS CBF70"},"content":{"rendered":"<p>La c\u00e1mara cient\u00edfica profesional MAGUS CBF70 est\u00e1 dise\u00f1ada para su uso con un microscopio, as\u00ed como con objetivos de 4x, 10x, 20x y 40x. El dispositivo permite tomar fotograf\u00edas, grabar v\u00eddeos, organizar demostraciones, mostrar im\u00e1genes en una pantalla externa y realizar mediciones angulares y lineales de los objetos en estudio (para que esta funci\u00f3n funcione correctamente, debe calibrar el software). Se recomienda la c\u00e1mara para trabajar con el m\u00e9todo de campo claro.<\/p>\n<p><strong>Caracter\u00edsticas gr\u00e1ficas<\/strong><\/p>\n<p>La c\u00e1mara MAGUS CBF70 dispone de cinco modos de resoluci\u00f3n de imagen y frecuencia de imagen, por lo que podr\u00e1 encontrar f\u00e1cilmente entre ellos el que mejor se adapte a sus necesidades: 5280&#215;3954 p\u00edxeles (17 fps), 3952&#215;3952 p\u00edxeles (17 fps), 2640&#215;1976 p\u00edxeles (56 fps), 1760&#215;1316 p\u00edxeles (67 fps) y 584&#215;438 p\u00edxeles (192 fps).<br \/> Los modos de alta resoluci\u00f3n son ideales para la fotograf\u00eda, ya que permiten crear im\u00e1genes claras, vibrantes y muy detalladas. Los modos con una mayor frecuencia de fotogramas le ayudar\u00e1n a la hora de grabar v\u00eddeos fluidos e informativos, sin saltos ni retrasos, registrando los movimientos m\u00e1s leves del objeto o las caracter\u00edsticas de los procesos observados a gran velocidad.<br \/> Para obtener la mejor calidad de imagen sin distorsiones, se recomienda utilizar un adaptador con un aumento de 1x.<\/p>\n<p><strong>Sensor<\/strong><\/p>\n<p>El dise\u00f1o de la c\u00e1mara utiliza un sensor CMOS en color SONY Exmor 4\/3&#8221; con iluminaci\u00f3n de fondo. Esto hace que la imagen sea brillante incluso con poca luz ambiental. El mayor tama\u00f1o f\u00edsico del sensor ayuda a que los colores mostrados sean m\u00e1s profundos y la imagen m\u00e1s n\u00edtida. <\/p>\n<p><strong>Otras caracter\u00edsticas<\/strong><\/p>\n<p>La c\u00e1mara est\u00e1 equipada con una interfaz USB 3.0 para una r\u00e1pida transferencia de datos.<br \/> El dispositivo viene con el software necesario para utilizar las funciones de la c\u00e1mara: le permite tomar fotograf\u00edas, grabar v\u00eddeos, editar, ver y guardar im\u00e1genes, y mostrar las im\u00e1genes en una pantalla externa (para su propia conveniencia o para demostrarlas a los espectadores de la audiencia).<\/p>\n<p><strong>Instalaci\u00f3n de la c\u00e1mara<\/strong><\/p>\n<p>La c\u00e1mara se instala en el tubo trinocular del microscopio (mediante un adaptador de montura en C) o en el tubo del ocular (mediante un adaptador y un anillo adaptador correspondiente al di\u00e1metro del tubo del ocular).<\/p>\n<p><strong>Caracter\u00edsticas principales:<\/strong><\/p>\n<ul>\n<li>Cinco ajustes de gr\u00e1ficos y fps: entre ellos, podr\u00e1 encontrar f\u00e1cilmente el modo m\u00e1s adecuado para usted<\/li>\n<li>R\u00e1pida transferencia de datos gracias a la interfaz USB 3.0<\/li>\n<li>Gran sensor de color SONY Exmor para obtener im\u00e1genes brillantes y n\u00edtidas incluso en condiciones de poca luz<\/li>\n<li>\u00abInicio r\u00e1pido\u00bb: instale el software incluido y la c\u00e1mara estar\u00e1 lista para su uso<\/li>\n<li>Simplifique sus observaciones o haga una demostraci\u00f3n a un p\u00fablico mostrando la imagen de la c\u00e1mara en una pantalla externa<\/li>\n<\/ul>\n<p><strong>El kit incluye:<\/strong><\/p>\n<ul>\n<li>C\u00e1mara digital<\/li>\n<li>Cable USB<\/li>\n<li>CD de instalaci\u00f3n con controladores y software<\/li>\n<li>Manual del usuario y tarjeta de garant\u00eda<\/li>\n<\/ul>\n<table>\n<tbody>\n<tr>\n<td>Marca<\/td>\n<td>MAGUS<\/td>\n<\/tr>\n<tr>\n<td>Garant\u00eda<\/td>\n<td>5 \u043b\u0435\u0442<\/td>\n<\/tr>\n<tr>\n<td>EAN<\/td>\n<td>5905555019239<\/td>\n<\/tr>\n<tr>\n<td>Tama\u00f1o de paquete (LxAn.xAl.)<\/td>\n<td>15x15x10 cm<\/td>\n<\/tr>\n<tr>\n<td>Peso del env\u00edo<\/td>\n<td>0.6 kg<\/td>\n<\/tr>\n<tr>\n<td>Sensor<\/td>\n<td>SONY Exmor CMOS<\/td>\n<\/tr>\n<tr>\n<td>Color\/monocromo<\/td>\n<td>color <\/td>\n<\/tr>\n<tr>\n<td>Megap\u00edxeles<\/td>\n<td>21<\/td>\n<\/tr>\n<tr>\n<td>Resoluci\u00f3n m\u00e1xima, p\u00edxeles<\/td>\n<td>5280&#215;3954<\/td>\n<\/tr>\n<tr>\n<td>Tama\u00f1o del sensor<\/td>\n<td>4\/3&#8242; (17,4&#215;13,0 mm)<\/td>\n<\/tr>\n<tr>\n<td>Tama\u00f1o del p\u00edxel, &#038;micro m<\/td>\n<td>3.3&#215;3.3<\/td>\n<\/tr>\n<tr>\n<td>Sensibilidad a la luz<\/td>\n<td>399 mV a 1\/30 s<\/td>\n<\/tr>\n<tr>\n<td>Relaci\u00f3n se\u00f1al\/ruido<\/td>\n<td>0,1 mV a 1\/30 s<\/td>\n<\/tr>\n<tr>\n<td>Tiempo de exposici\u00f3n<\/td>\n<td>0,1 ms \u2013 15 s<\/td>\n<\/tr>\n<tr>\n<td>Grabaci\u00f3n de v\u00eddeo<\/td>\n<td>yes<\/td>\n<\/tr>\n<tr>\n<td>Frecuencia de fotogramas, fps para cada resoluci\u00f3n<\/td>\n<td>17 a 5280&#215;3954, 192 a 584&#215;438, 67 a 1760&#215;1316, 56 a 2640&#215;1976, 17 a 3952&#215;3952<\/td>\n<\/tr>\n<tr>\n<td>Lugar de instalaci\u00f3n<\/td>\n<td>tubo trinocular, tubo ocular en sustituci\u00f3n de un ocular<\/td>\n<\/tr>\n<tr>\n<td>Formato de foto<\/td>\n<td>*.jpg, *.bmp, *.png, *.tif<\/td>\n<\/tr>\n<tr>\n<td>Formato de v\u00eddeo<\/td>\n<td>salida: *.wmv, *.avi, *.h264 (Windows 8 y posterior), *.h265 (Windows 10 y posterior)<\/td>\n<\/tr>\n<tr>\n<td>Intervalo espectral, nm<\/td>\n<td>380-650 (filtro IR incorporado)<\/td>\n<\/tr>\n<tr>\n<td>Tipo de obturador<\/td>\n<td>obturador rodante<\/td>\n<\/tr>\n<tr>\n<td>Balance de blancos<\/td>\n<td>manual, autom\u00e1tico<\/td>\n<\/tr>\n<tr>\n<td>Control de exposici\u00f3n<\/td>\n<td>manual, autom\u00e1tico<\/td>\n<\/tr>\n<tr>\n<td>Opciones programables<\/td>\n<td>tama\u00f1o de imagen, brillo, tiempo de exposici\u00f3n<\/td>\n<\/tr>\n<tr>\n<td>Salida<\/td>\n<td>USB 3.0, 5 Gb\/s<\/td>\n<\/tr>\n<tr>\n<td>Requisitos del sistema<\/td>\n<td>Windows 8\/10\/11 (32 bits y 64 bits), Mac OS X, Linux, procesador Intel Core 2 de hasta 2,8 GHz o superior, m\u00ednimo 2 GB de RAM, puerto USB 3.0, CD-ROM, pantalla de 17&#8242; o mayor<\/td>\n<\/tr>\n<tr>\n<td>Software<\/td>\n<td>MAGUS View<\/td>\n<\/tr>\n<tr>\n<td>Tipo de montura<\/td>\n<td>montura C<\/td>\n<\/tr>\n<tr>\n<td>Cuerpo<\/td>\n<td>aluminio macizo<\/td>\n<\/tr>\n<tr>\n<td>Alimentaci\u00f3n<\/td>\n<td>corriente CC, 5 V, desde el puerto USB del PC<\/td>\n<\/tr>\n<tr>\n<td>Intervalo de temperatura de funcionamiento, \u00b0C<\/td>\n<td>-10 \u2014 50<\/td>\n<\/tr>\n<tr>\n<td>Intervalo de humedad de funcionamiento, %<\/td>\n<td>30 \u2014 80<\/td>\n<\/tr>\n<\/tbody>\n<\/table>\n","protected":false},"excerpt":{"rendered":"<p>La c\u00e1mara cient\u00edfica profesional MAGUS CBF70 est\u00e1 dise\u00f1ada para su uso con un microscopio, as\u00ed como con objetivos de 4x, 10x, 20x y 40x. El dispositivo permite tomar fotograf\u00edas, grabar v\u00eddeos, organizar demostraciones, mostrar im\u00e1genes en una pantalla externa y realizar mediciones angulares y lineales de los objetos en estudio (para que esta funci\u00f3n funcione correctamente, debe calibrar el software). Se recomienda la c\u00e1mara para trabajar con el m\u00e9todo de campo claro.<\/p>\n","protected":false},"featured_media":83220,"template":"","meta":{"_exactmetrics_skip_tracking":false,"_exactmetrics_sitenote_active":false,"_exactmetrics_sitenote_note":"","_exactmetrics_sitenote_category":0},"product_brand":[],"product_cat":[615],"product_tag":[],"class_list":{"0":"post-84599","1":"product","2":"type-product","3":"status-publish","4":"has-post-thumbnail","6":"product_cat-camaras-2","7":"product_shipping_class-pieza-pequena","9":"first","10":"instock","11":"taxable","12":"shipping-taxable","13":"purchasable","14":"product-type-simple"},"_links":{"self":[{"href":"https:\/\/microscopistas.com\/en\/wp-json\/wp\/v2\/product\/84599","targetHints":{"allow":["GET"]}}],"collection":[{"href":"https:\/\/microscopistas.com\/en\/wp-json\/wp\/v2\/product"}],"about":[{"href":"https:\/\/microscopistas.com\/en\/wp-json\/wp\/v2\/types\/product"}],"wp:featuredmedia":[{"embeddable":true,"href":"https:\/\/microscopistas.com\/en\/wp-json\/wp\/v2\/media\/83220"}],"wp:attachment":[{"href":"https:\/\/microscopistas.com\/en\/wp-json\/wp\/v2\/media?parent=84599"}],"wp:term":[{"taxonomy":"product_brand","embeddable":true,"href":"https:\/\/microscopistas.com\/en\/wp-json\/wp\/v2\/product_brand?post=84599"},{"taxonomy":"product_cat","embeddable":true,"href":"https:\/\/microscopistas.com\/en\/wp-json\/wp\/v2\/product_cat?post=84599"},{"taxonomy":"product_tag","embeddable":true,"href":"https:\/\/microscopistas.com\/en\/wp-json\/wp\/v2\/product_tag?post=84599"}],"curies":[{"name":"wp","href":"https:\/\/api.w.org\/{rel}","templated":true}]}}