{"id":84597,"date":"2024-07-29T18:29:07","date_gmt":"2024-07-29T16:29:07","guid":{"rendered":"http:\/\/microscopistas.com\/?post_type=product&#038;p=84597"},"modified":"2024-07-30T10:09:02","modified_gmt":"2024-07-30T08:09:02","slug":"camara-digital-magus-cbf90","status":"publish","type":"product","link":"https:\/\/microscopistas.com\/en\/producto\/camara-digital-magus-cbf90\/","title":{"rendered":"C\u00e1mara digital MAGUS CBF90"},"content":{"rendered":"<p>La c\u00e1mara digital MAGUS CBF90 para microscopio es una herramienta profesional para tomar fotograf\u00edas y grabar v\u00eddeos, editar, visualizar y guardar secuencias, y organizar demostraciones mostrando la imagen en una pantalla externa.<br \/> El dispositivo debe utilizarse con objetivos de 20x, 40x, 60x y 100x cuando se trabaje con el m\u00e9todo de campo claro.<\/p>\n<p><strong>Modos de v\u00eddeo<\/strong><\/p>\n<p>MAGUS CBF90 dispone de dos modos gr\u00e1ficos: 2448&#215;2048 p\u00edxeles (con una frecuencia de fotogramas de 35 fps) y 1224&#215;1024 p\u00edxeles (50 fps). Esto es suficiente para capturar fotograf\u00edas informativas claras y v\u00eddeos fluidos que registran con precisi\u00f3n todos los movimientos de la muestra y las caracter\u00edsticas de los procesos observados.<\/p>\n<p><strong>Sensor<\/strong><\/p>\n<p>La c\u00e1mara utiliza un sensor CMOS con iluminaci\u00f3n de fondo SONY Exmor para mejorar el rendimiento en condiciones de poca luz.<br \/> El gran tama\u00f1o f\u00edsico del sensor (2\/3&#8242;) mejora la imagen: profundiza los colores, elimina la distorsi\u00f3n y ampl\u00eda el campo de visi\u00f3n. Puede mejorar a\u00fan m\u00e1s este resultado utilizando un adaptador con un aumento de 0,7x a 0,9x.<\/p>\n<p><strong>Trabajo m\u00e1s r\u00e1pido<\/strong><\/p>\n<p>La interfaz USB 3.0 de la c\u00e1mara acelera la transferencia de datos 10 veces en comparaci\u00f3n con la generaci\u00f3n anterior. Esta caracter\u00edstica es especialmente \u00fatil cuando se organizan demostraciones en clase: el p\u00fablico no se perder\u00e1 nada, ya que los v\u00eddeos ser\u00e1n fluidos y sin tirones.<\/p>\n<p><strong>Instalaci\u00f3n<\/strong><\/p>\n<p>La c\u00e1mara se instala en el tubo trinocular del microscopio (requiere un adaptador de montura en C) o en el tubo del ocular (requiere un adaptador y un anillo adaptador de di\u00e1metro adecuado).<\/p>\n<p><strong>Caracter\u00edsticas principales:<\/strong><\/p>\n<ul>\n<li>Dos modos de resoluci\u00f3n y fps para obtener fotos n\u00edtidas<\/li>\n<li>Transfiera datos r\u00e1pidamente desde su dispositivo con un puerto USB 3.0<\/li>\n<li>Sensor con una sensibilidad lum\u00ednica de 1146 mV a 1\/30 s para trabajar en condiciones normales y con poca luz<\/li>\n<li>Se incluye el software de c\u00e1mara necesario<\/li>\n<li>Capacidad para realizar mediciones lineales y angulares de los objetos en estudio (tras una calibraci\u00f3n correcta del software)<\/li>\n<\/ul>\n<p><strong>El kit incluye:<\/strong><\/p>\n<ul>\n<li>C\u00e1mara digital<\/li>\n<li>Cable USB<\/li>\n<li>CD de instalaci\u00f3n con controladores y software<\/li>\n<li>Manual del usuario y tarjeta de garant\u00eda<\/li>\n<\/ul>\n<table>\n<tbody>\n<tr>\n<td>Marca<\/td>\n<td>MAGUS<\/td>\n<\/tr>\n<tr>\n<td>Garant\u00eda<\/td>\n<td>5 \u043b\u0435\u0442<\/td>\n<\/tr>\n<tr>\n<td>EAN<\/td>\n<td>5905555019215<\/td>\n<\/tr>\n<tr>\n<td>Tama\u00f1o de paquete (LxAn.xAl.)<\/td>\n<td>15x15x10 cm<\/td>\n<\/tr>\n<tr>\n<td>Peso del env\u00edo<\/td>\n<td>0.6 kg<\/td>\n<\/tr>\n<tr>\n<td>Sensor<\/td>\n<td>SONY Exmor CMOS<\/td>\n<\/tr>\n<tr>\n<td>Color\/monocromo<\/td>\n<td>color <\/td>\n<\/tr>\n<tr>\n<td>Megap\u00edxeles<\/td>\n<td>5<\/td>\n<\/tr>\n<tr>\n<td>Resoluci\u00f3n m\u00e1xima, p\u00edxeles<\/td>\n<td>2448&#215;2048<\/td>\n<\/tr>\n<tr>\n<td>Tama\u00f1o del sensor<\/td>\n<td>2\/3&#8242; (8,45&#215;7,07 mm)<\/td>\n<\/tr>\n<tr>\n<td>Tama\u00f1o del p\u00edxel, &#038;micro m<\/td>\n<td>3.45&#215;3.45<\/td>\n<\/tr>\n<tr>\n<td>Sensibilidad a la luz<\/td>\n<td>1146 mV a 1\/30 s<\/td>\n<\/tr>\n<tr>\n<td>Relaci\u00f3n se\u00f1al\/ruido<\/td>\n<td>0,15 mV a 1\/30 s<\/td>\n<\/tr>\n<tr>\n<td>Tiempo de exposici\u00f3n<\/td>\n<td>0,1 ms \u2013 15 s<\/td>\n<\/tr>\n<tr>\n<td>Grabaci\u00f3n de v\u00eddeo<\/td>\n<td>yes<\/td>\n<\/tr>\n<tr>\n<td>Frecuencia de fotogramas, fps para cada resoluci\u00f3n<\/td>\n<td>35 a 2448&#215;2048, 50 a 1224&#215;1024<\/td>\n<\/tr>\n<tr>\n<td>Lugar de instalaci\u00f3n<\/td>\n<td>tubo trinocular, tubo ocular en sustituci\u00f3n de un ocular<\/td>\n<\/tr>\n<tr>\n<td>Formato de foto<\/td>\n<td>*.jpg, *.bmp, *.png, *.tif<\/td>\n<\/tr>\n<tr>\n<td>Formato de v\u00eddeo<\/td>\n<td>salida: *.wmv, *.avi, *.h264 (Windows 8 y posterior), *.h265 (Windows 10 y posterior)<\/td>\n<\/tr>\n<tr>\n<td>Intervalo espectral, nm<\/td>\n<td>380-650 (filtro IR incorporado)<\/td>\n<\/tr>\n<tr>\n<td>Tipo de obturador<\/td>\n<td>obturador rodante<\/td>\n<\/tr>\n<tr>\n<td>Balance de blancos<\/td>\n<td>manual, autom\u00e1tico<\/td>\n<\/tr>\n<tr>\n<td>Control de exposici\u00f3n<\/td>\n<td>manual, autom\u00e1tico<\/td>\n<\/tr>\n<tr>\n<td>Opciones programables<\/td>\n<td>tama\u00f1o de imagen, brillo, tiempo de exposici\u00f3n<\/td>\n<\/tr>\n<tr>\n<td>Salida<\/td>\n<td>USB 3.0, 5 Gb\/s<\/td>\n<\/tr>\n<tr>\n<td>Requisitos del sistema<\/td>\n<td>Windows 8\/10\/11 (32 bits y 64 bits), Mac OS X, Linux, procesador Intel Core 2 de hasta 2,8 GHz o superior, m\u00ednimo 2 GB de RAM, puerto USB 3.0, CD-ROM, pantalla de 17&#8242; o mayor<\/td>\n<\/tr>\n<tr>\n<td>Software<\/td>\n<td>MAGUS View<\/td>\n<\/tr>\n<tr>\n<td>Tipo de montura<\/td>\n<td>montura C<\/td>\n<\/tr>\n<tr>\n<td>Cuerpo<\/td>\n<td>aluminio macizo<\/td>\n<\/tr>\n<tr>\n<td>Alimentaci\u00f3n<\/td>\n<td>corriente CC, 5 V, desde el puerto USB del PC<\/td>\n<\/tr>\n<tr>\n<td>Intervalo de temperatura de funcionamiento, \u00b0C<\/td>\n<td>-10 \u2014 50<\/td>\n<\/tr>\n<tr>\n<td>Intervalo de humedad de funcionamiento, %<\/td>\n<td>30 \u2014 80<\/td>\n<\/tr>\n<\/tbody>\n<\/table>\n","protected":false},"excerpt":{"rendered":"<p>La c\u00e1mara digital MAGUS CBF90 para microscopio es una herramienta profesional para tomar fotograf\u00edas y grabar v\u00eddeos, editar, visualizar y guardar secuencias, y organizar demostraciones mostrando la imagen en una pantalla externa.<br \/> El dispositivo debe utilizarse con objetivos de 20x, 40x, 60x y 100x cuando se trabaje con el m\u00e9todo de campo claro.<\/p>\n","protected":false},"featured_media":83214,"template":"","meta":{"_exactmetrics_skip_tracking":false,"_exactmetrics_sitenote_active":false,"_exactmetrics_sitenote_note":"","_exactmetrics_sitenote_category":0},"product_brand":[],"product_cat":[615],"product_tag":[],"class_list":{"0":"post-84597","1":"product","2":"type-product","3":"status-publish","4":"has-post-thumbnail","6":"product_cat-camaras-2","7":"product_shipping_class-pieza-pequena","9":"first","10":"instock","11":"taxable","12":"shipping-taxable","13":"purchasable","14":"product-type-simple"},"_links":{"self":[{"href":"https:\/\/microscopistas.com\/en\/wp-json\/wp\/v2\/product\/84597","targetHints":{"allow":["GET"]}}],"collection":[{"href":"https:\/\/microscopistas.com\/en\/wp-json\/wp\/v2\/product"}],"about":[{"href":"https:\/\/microscopistas.com\/en\/wp-json\/wp\/v2\/types\/product"}],"wp:featuredmedia":[{"embeddable":true,"href":"https:\/\/microscopistas.com\/en\/wp-json\/wp\/v2\/media\/83214"}],"wp:attachment":[{"href":"https:\/\/microscopistas.com\/en\/wp-json\/wp\/v2\/media?parent=84597"}],"wp:term":[{"taxonomy":"product_brand","embeddable":true,"href":"https:\/\/microscopistas.com\/en\/wp-json\/wp\/v2\/product_brand?post=84597"},{"taxonomy":"product_cat","embeddable":true,"href":"https:\/\/microscopistas.com\/en\/wp-json\/wp\/v2\/product_cat?post=84597"},{"taxonomy":"product_tag","embeddable":true,"href":"https:\/\/microscopistas.com\/en\/wp-json\/wp\/v2\/product_tag?post=84597"}],"curies":[{"name":"wp","href":"https:\/\/api.w.org\/{rel}","templated":true}]}}