{"id":84596,"date":"2024-07-29T18:29:05","date_gmt":"2024-07-29T16:29:05","guid":{"rendered":"http:\/\/microscopistas.com\/?post_type=product&#038;p=84596"},"modified":"2024-07-30T10:10:28","modified_gmt":"2024-07-30T08:10:28","slug":"camara-digital-magus-cdf50","status":"publish","type":"product","link":"https:\/\/microscopistas.com\/en\/producto\/camara-digital-magus-cdf50\/","title":{"rendered":"C\u00e1mara digital MAGUS CDF50"},"content":{"rendered":"<p><strong>C&#038;aacute mara digital MAGUS CDF50<\/strong><\/p>\n<p><strong>USB&#038;nbsp 3.0, 2,1&#038;nbsp MP, 1\/1,2&#8221;, a todo color<\/strong><\/p>\n<p>C&#038;aacute mara a todo color con sensor digital CMOS SONY Exmor de 2,1&#038;nbsp MP. El sensor est&#038;aacute  fabricado con tecnolog&#038;iacute a de iluminaci&#038;oacute n de fondo para reducir la dispersi&#038;oacute n de la luz y aumentar la sensibilidad de la matriz (8935&#038;nbsp mV a 1\/30&#038;nbsp s). La c&#038;aacute mara produce im&#038;aacute genes brillantes y claras, incluso con poca luz. Est&#038;aacute  dise&#038;ntilde ada para trabajar en campo oscuro y campo claro utilizando objetivos con un aumento de 40x, 60x y 100x.<\/p>\n<p>La c&#038;aacute mara puede montarse en un microscopio de dos maneras: en el tubo trinocular mediante un adaptador de montura en C o en lugar del ocular en el tubo utilizando un adaptador y anillos adaptadores. Se recomienda utilizar un adaptador con un aumento de 0,6x a 0,9x con la c&#038;aacute mara, que proporcionar&#038;aacute  el campo de visi&#038;oacute n m&#038;aacute s amplio posible sin distorsi&#038;oacute n. Tras la instalaci&#038;oacute n, la c&#038;aacute mara se conecta a un ordenador a trav&#038;eacute s de un puerto USB&#038;nbsp 3.0 con una velocidad de transferencia de datos de 5&#038;nbsp Gbps.<\/p>\n<p>El software MAGUS View se utiliza para visualizar las im&#038;aacute genes en el monitor, capturar fotos y v&#038;iacute deos y realizar otras acciones. El paquete incluye un disco con el software y los controladores. Observaciones: antes de empezar, el software debe calibrarse para cada objetivo que utilice. Para ello, necesitar&#038;aacute  un portaobjetos de calibraci&#038;oacute n especial (no incluido).<\/p>\n<p>La imagen se muestra en el monitor en formato Full HD 1920&#215;1080 p&#038;iacute xeles con una frecuencia de fotograma de 96 fps. La transici&#038;oacute n de fotogramas es suave, sin retrasos, por lo que la c&#038;aacute mara puede utilizarse para observar objetos en movimiento, incluidas demostraciones durante conferencias o presentaciones cient&#038;iacute ficas.<\/p>\n<p><strong>Caracter&#038;iacute sticas principales:<\/strong><\/p>\n<ul>\n<li>Sensor CMOS de 2,1&#8242; con iluminaci&#038;oacute n de fondo, alta sensibilidad de la matriz<\/li>\n<li>Adecuado para estudios de campo oscuro o campo claro con objetivos de 40x, 60x y 100x<\/li>\n<li>Se instala en el tubo trinocular o en el tubo ocular de un microscopio<\/li>\n<li>Resoluci&#038;oacute n Full HD de 1920&#215;1080&#038;nbsp p&#038;iacute xeles con una velocidad de fotogramas de 96&#038;nbsp fps, perfecta para estudiar objetos en movimiento<\/li>\n<li>Conexi&#038;oacute n a PC mediante puerto USB&#038;nbsp 3.0, velocidad de transferencia de datos 5&#038;nbsp Gbps<\/li>\n<li>Software y controladores incluidos<\/li>\n<\/ul>\n<p><strong>El kit incluye:<\/strong><\/p>\n<ul>\n<li>C&#038;aacute mara digital<\/li>\n<li>Cable USB<\/li>\n<li>CD de instalaci&#038;oacute n con controladores y software<\/li>\n<li>Manual del usuario y tarjeta de garant&#038;iacute a<\/li>\n<\/ul>\n<table>\n<tbody>\n<tr>\n<td>Marca<\/td>\n<td>MAGUS<\/td>\n<\/tr>\n<tr>\n<td>Garant\u00eda<\/td>\n<td>5 \u043b\u0435\u0442<\/td>\n<\/tr>\n<tr>\n<td>EAN<\/td>\n<td>5905555019208<\/td>\n<\/tr>\n<tr>\n<td>Tama\u00f1o de paquete (LxAn.xAl.)<\/td>\n<td>15x15x10 cm<\/td>\n<\/tr>\n<tr>\n<td>Peso del env\u00edo<\/td>\n<td>0.6 kg<\/td>\n<\/tr>\n<tr>\n<td>Sensor<\/td>\n<td>SONY Exmor CMOS<\/td>\n<\/tr>\n<tr>\n<td>Color\/monocromo<\/td>\n<td>color <\/td>\n<\/tr>\n<tr>\n<td>Megap\u00edxeles<\/td>\n<td>2.1<\/td>\n<\/tr>\n<tr>\n<td>Resoluci\u00f3n m\u00e1xima, p\u00edxeles<\/td>\n<td>1920&#215;1080<\/td>\n<\/tr>\n<tr>\n<td>Tama\u00f1o del sensor<\/td>\n<td>1\/1,2&#8242; (11,14&#215;6,26 mm)<\/td>\n<\/tr>\n<tr>\n<td>Tama\u00f1o del p\u00edxel, &#038;micro m<\/td>\n<td>5.8&#215;5.8<\/td>\n<\/tr>\n<tr>\n<td>Sensibilidad a la luz<\/td>\n<td>8935mV con 1\/30s<\/td>\n<\/tr>\n<tr>\n<td>Relaci\u00f3n se\u00f1al\/ruido<\/td>\n<td>0,6mV con 1\/30s<\/td>\n<\/tr>\n<tr>\n<td>Tiempo de exposici\u00f3n<\/td>\n<td>0,014 ms \u2013 15 s<\/td>\n<\/tr>\n<tr>\n<td>Grabaci\u00f3n de v\u00eddeo<\/td>\n<td>yes<\/td>\n<\/tr>\n<tr>\n<td>Frecuencia de fotogramas, fps para cada resoluci\u00f3n<\/td>\n<td>96 a 1920&#215;1080<\/td>\n<\/tr>\n<tr>\n<td>Lugar de instalaci\u00f3n<\/td>\n<td>tubo trinocular, tubo ocular en sustituci\u00f3n de un ocular<\/td>\n<\/tr>\n<tr>\n<td>Formato de foto<\/td>\n<td>*.jpg, *.bmp, *.png, *.tif<\/td>\n<\/tr>\n<tr>\n<td>Formato de v\u00eddeo<\/td>\n<td>salida: *.wmv, *.avi, *.h264 (Windows 8 y posterior), *.h265 (Windows 10 y posterior)<\/td>\n<\/tr>\n<tr>\n<td>Intervalo espectral, nm<\/td>\n<td>380-650 (filtro IR incorporado)<\/td>\n<\/tr>\n<tr>\n<td>Tipo de obturador<\/td>\n<td>obturador rodante<\/td>\n<\/tr>\n<tr>\n<td>Balance de blancos<\/td>\n<td>manual, autom\u00e1tico<\/td>\n<\/tr>\n<tr>\n<td>Control de exposici\u00f3n<\/td>\n<td>manual, autom\u00e1tico<\/td>\n<\/tr>\n<tr>\n<td>Opciones programables<\/td>\n<td>tama\u00f1o de imagen, brillo, tiempo de exposici\u00f3n<\/td>\n<\/tr>\n<tr>\n<td>Salida<\/td>\n<td>USB 3.0, 5 Gb\/s<\/td>\n<\/tr>\n<tr>\n<td>Requisitos del sistema<\/td>\n<td>Windows 8\/10\/11 (32 bits y 64 bits), Mac OS X, Linux, procesador Intel Core 2 de hasta 2,8 GHz o superior, m\u00ednimo 2 GB de RAM, puerto USB 3.0, CD-ROM, pantalla de 17&#8242; o mayor<\/td>\n<\/tr>\n<tr>\n<td>Software<\/td>\n<td>MAGUS View<\/td>\n<\/tr>\n<tr>\n<td>Tipo de montura<\/td>\n<td>montura C<\/td>\n<\/tr>\n<tr>\n<td>Cuerpo<\/td>\n<td>aleaci\u00f3n de aluminio CNC<\/td>\n<\/tr>\n<tr>\n<td>Alimentaci\u00f3n<\/td>\n<td>corriente CC, 5 V, desde el puerto USB del PC<\/td>\n<\/tr>\n<tr>\n<td>Intervalo de temperatura de funcionamiento, \u00b0C<\/td>\n<td>-10 \u2014 50<\/td>\n<\/tr>\n<tr>\n<td>Intervalo de humedad de funcionamiento, %<\/td>\n<td>30 \u2014 80<\/td>\n<\/tr>\n<\/tbody>\n<\/table>\n","protected":false},"excerpt":{"rendered":"<p>C\u00e1mara a todo color con sensor digital CMOS SONY Exmor de 2,1 MP. El sensor est\u00e1 fabricado con tecnolog\u00eda de iluminaci\u00f3n de fondo para reducir la dispersi\u00f3n de la luz y aumentar la sensibilidad de la matriz (8935 mV a 1\/30 s). La c\u00e1mara produce im\u00e1genes brillantes y claras, incluso con poca luz. Est\u00e1 dise\u00f1ada para trabajar en campo oscuro y campo claro utilizando objetivos con un aumento de 40x, 60x y 100x.<\/p>\n","protected":false},"featured_media":83211,"template":"","meta":{"_exactmetrics_skip_tracking":false,"_exactmetrics_sitenote_active":false,"_exactmetrics_sitenote_note":"","_exactmetrics_sitenote_category":0},"product_brand":[],"product_cat":[615],"product_tag":[],"class_list":{"0":"post-84596","1":"product","2":"type-product","3":"status-publish","4":"has-post-thumbnail","6":"product_cat-camaras-2","7":"product_shipping_class-pieza-pequena","9":"first","10":"instock","11":"taxable","12":"shipping-taxable","13":"purchasable","14":"product-type-simple"},"_links":{"self":[{"href":"https:\/\/microscopistas.com\/en\/wp-json\/wp\/v2\/product\/84596","targetHints":{"allow":["GET"]}}],"collection":[{"href":"https:\/\/microscopistas.com\/en\/wp-json\/wp\/v2\/product"}],"about":[{"href":"https:\/\/microscopistas.com\/en\/wp-json\/wp\/v2\/types\/product"}],"wp:featuredmedia":[{"embeddable":true,"href":"https:\/\/microscopistas.com\/en\/wp-json\/wp\/v2\/media\/83211"}],"wp:attachment":[{"href":"https:\/\/microscopistas.com\/en\/wp-json\/wp\/v2\/media?parent=84596"}],"wp:term":[{"taxonomy":"product_brand","embeddable":true,"href":"https:\/\/microscopistas.com\/en\/wp-json\/wp\/v2\/product_brand?post=84596"},{"taxonomy":"product_cat","embeddable":true,"href":"https:\/\/microscopistas.com\/en\/wp-json\/wp\/v2\/product_cat?post=84596"},{"taxonomy":"product_tag","embeddable":true,"href":"https:\/\/microscopistas.com\/en\/wp-json\/wp\/v2\/product_tag?post=84596"}],"curies":[{"name":"wp","href":"https:\/\/api.w.org\/{rel}","templated":true}]}}