{"id":84595,"date":"2024-07-29T18:29:05","date_gmt":"2024-07-29T16:29:05","guid":{"rendered":"http:\/\/microscopistas.com\/?post_type=product&#038;p=84595"},"modified":"2024-07-30T10:37:46","modified_gmt":"2024-07-30T08:37:46","slug":"camara-digital-magus-cdf30","status":"publish","type":"product","link":"https:\/\/microscopistas.com\/en\/producto\/camara-digital-magus-cdf30\/","title":{"rendered":"C\u00e1mara digital MAGUS CDF30"},"content":{"rendered":"<p><strong>C&amp;aacute mara digital MAGUS CDF30<\/strong><br \/>\n<strong>USB 3.0, 8,3 MP, 1\/1,2&#8221;, color<\/strong><br \/>\nOcular de v&amp;iacute deo con sensor digital SONY Exmor de 8,3 MP. El sensor utiliza tecnolog&amp;iacute a de retroiluminaci&amp;oacute n para mejorar la sensibilidad a la luz, as&amp;iacute como para producir im&amp;aacute genes brillantes y claras, incluso con poca luz. La c&amp;aacute mara se utiliza para trabajar con la t&amp;eacute cnica de microscop&amp;iacute a de campo oscuro o campo claro en objetivos con un aumento de 4x, 10x y 20x. Tambi&amp;eacute n funciona con microscopios estereosc&amp;oacute picos. Se utiliza un puerto USB 3.0 con alta velocidad de transferencia de datos (5 Gbps) para conectarla a un ordenador y mostrar las im&amp;aacute genes en la pantalla.<\/p>\n<p>La c&amp;aacute mara MAGUS CDF30 puede instalarse en el tubo trinocular o en el tubo ocular de un microscopio. El campo de visi&amp;oacute n m&amp;aacute ximo sin defectos &amp;oacute pticos puede alcanzarse utilizando un adaptador con un aumento de 0,65x a 0,9x. Para instalarla en el tubo ocular, adem&amp;aacute s del adaptador, tambi&amp;eacute n necesitar&amp;aacute un adaptador que coincida con el di&amp;aacute metro del tubo.<\/p>\n<p>La imagen se muestra en la pantalla del ordenador con una resoluci&amp;oacute n m&amp;aacute xima de 3840&#215;2160 p&amp;iacute xeles. La frecuencia de fotogramas es de 45 fps. Con una resoluci&amp;oacute n inferior (1920&#215;1080 p&amp;iacute xeles), la frecuencia de fotogramas aumenta a 70 fps. Las transiciones entre fotogramas son casi imperceptibles, sin retrasos, por lo que la c&amp;aacute mara puede utilizarse para estudiar y mostrar objetos en movimiento. Las fotos y los v&amp;iacute deos se graban y guardan en varios formatos.<\/p>\n<p>Antes de utilizar la c&amp;aacute mara digital MAGUS CDF30, se debe instalar un programa especial en el ordenador. La c&amp;aacute mara se suministra con un CD que contiene los controladores y el software MAGUS View. El software debe calibrarse para cada objetivo. Para ello se necesita un portaobjetos de calibraci&amp;oacute n que no est&amp;aacute incluido en el kit.<\/p>\n<p><strong>Caracter&amp;iacute sticas principales:<\/strong><br \/>\n&amp;bull &amp;nbsp &amp;nbsp Sensor CMOS en color SONY Exmor con iluminaci&amp;oacute n de fondo, alta sensibilidad lum&amp;iacute nica<br \/>\n&amp;bull &amp;nbsp &amp;nbsp Funcionamiento en campo oscuro y campo claro con objetivos de 4x, 10x y 20x&amp;nbsp<br \/>\n&amp;bull &amp;nbsp &amp;nbsp Conexi&amp;oacute n al ordenador mediante una interfaz USB 3.0 con una velocidad de transferencia de datos de 5 Gbps<br \/>\n&amp;bull &amp;nbsp &amp;nbsp Salida de im&amp;aacute genes a un monitor en resoluci&amp;oacute n ultraalta 4K 3840&#215;2160 p&amp;iacute xeles (45 fps) o Full HD 1920&#215;1080 p&amp;iacute xeles (70 fps)<br \/>\n&amp;bull &amp;nbsp &amp;nbsp Se incluyen controladores y software de procesamiento de im&amp;aacute genes<br \/>\n&amp;bull &amp;nbsp &amp;nbsp Instalaci&amp;oacute n en el tubo trinocular o en el tubo ocular de un microscopio<\/p>\n<p><strong>El kit incluye:<\/strong><br \/>\n&amp;bull &amp;nbsp &amp;nbsp C&amp;aacute mara digital<br \/>\n&amp;bull &amp;nbsp &amp;nbsp Cable USB<br \/>\n&amp;bull &amp;nbsp &amp;nbsp CD de instalaci&amp;oacute n con controladores y software<br \/>\n&amp;bull &amp;nbsp &amp;nbsp Manual del usuario y tarjeta de garant&amp;iacute a<\/p>\n<table>\n<tbody>\n<tr>\n<td>Marca<\/td>\n<td>MAGUS<\/td>\n<\/tr>\n<tr>\n<td>Garant\u00eda<\/td>\n<td>5 \u043b\u0435\u0442<\/td>\n<\/tr>\n<tr>\n<td>EAN<\/td>\n<td>5905555019192<\/td>\n<\/tr>\n<tr>\n<td>Tama\u00f1o de paquete (LxAn.xAl.)<\/td>\n<td>15x15x10 cm<\/td>\n<\/tr>\n<tr>\n<td>Peso del env\u00edo<\/td>\n<td>0.6 kg<\/td>\n<\/tr>\n<tr>\n<td>Sensor<\/td>\n<td>SONY Exmor CMOS<\/td>\n<\/tr>\n<tr>\n<td>Color\/monocromo<\/td>\n<td>color<\/td>\n<\/tr>\n<tr>\n<td>Megap\u00edxeles<\/td>\n<td>8.3<\/td>\n<\/tr>\n<tr>\n<td>Resoluci\u00f3n m\u00e1xima, p\u00edxeles<\/td>\n<td>3840&#215;2160<\/td>\n<\/tr>\n<tr>\n<td>Tama\u00f1o del sensor<\/td>\n<td>1\/1,2&#8242; (11,14&#215;6,26 mm)<\/td>\n<\/tr>\n<tr>\n<td>Tama\u00f1o del p\u00edxel, &amp;micro m<\/td>\n<td>2.9&#215;2.9<\/td>\n<\/tr>\n<tr>\n<td>Sensibilidad a la luz<\/td>\n<td>5970 mV\/lux\/s<\/td>\n<\/tr>\n<tr>\n<td>Relaci\u00f3n se\u00f1al\/ruido<\/td>\n<td>0,13 mV a 1\/30 s<\/td>\n<\/tr>\n<tr>\n<td>Tiempo de exposici\u00f3n<\/td>\n<td>0,02 ms \u2013 15 s<\/td>\n<\/tr>\n<tr>\n<td>Grabaci\u00f3n de v\u00eddeo<\/td>\n<td>yes<\/td>\n<\/tr>\n<tr>\n<td>Frecuencia de fotogramas, fps para cada resoluci\u00f3n<\/td>\n<td>45 a 3840&#215;2160, 70 a 1920&#215;1080<\/td>\n<\/tr>\n<tr>\n<td>Lugar de instalaci\u00f3n<\/td>\n<td>tubo trinocular, tubo ocular en sustituci\u00f3n de un ocular<\/td>\n<\/tr>\n<tr>\n<td>Formato de foto<\/td>\n<td>*.jpg, *.bmp, *.png, *.tif<\/td>\n<\/tr>\n<tr>\n<td>Formato de v\u00eddeo<\/td>\n<td>salida: *.wmv, *.avi, *.h264 (Windows 8 y posterior), *.h265 (Windows 10 y posterior)<\/td>\n<\/tr>\n<tr>\n<td>Intervalo espectral, nm<\/td>\n<td>380-650 (filtro IR incorporado)<\/td>\n<\/tr>\n<tr>\n<td>Tipo de obturador<\/td>\n<td>obturador rodante<\/td>\n<\/tr>\n<tr>\n<td>Balance de blancos<\/td>\n<td>manual, autom\u00e1tico<\/td>\n<\/tr>\n<tr>\n<td>Control de exposici\u00f3n<\/td>\n<td>manual, autom\u00e1tico<\/td>\n<\/tr>\n<tr>\n<td>Opciones programables<\/td>\n<td>tama\u00f1o de imagen, brillo, tiempo de exposici\u00f3n<\/td>\n<\/tr>\n<tr>\n<td>Salida<\/td>\n<td>USB 3.0, 5 Gb\/s<\/td>\n<\/tr>\n<tr>\n<td>Requisitos del sistema<\/td>\n<td>Windows 8\/10\/11 (32 bits y 64 bits), Mac OS X, Linux, procesador Intel Core 2 de hasta 2,8 GHz o superior, m\u00ednimo 2 GB de RAM, puerto USB 3.0, CD-ROM, pantalla de 17&#8242; o mayor<\/td>\n<\/tr>\n<tr>\n<td>Software<\/td>\n<td>MAGUS View<\/td>\n<\/tr>\n<tr>\n<td>Tipo de montura<\/td>\n<td>montura C<\/td>\n<\/tr>\n<tr>\n<td>Cuerpo<\/td>\n<td>aluminio macizo<\/td>\n<\/tr>\n<tr>\n<td>Alimentaci\u00f3n<\/td>\n<td>corriente CC, 5 V, desde el puerto USB del PC<\/td>\n<\/tr>\n<tr>\n<td>Intervalo de temperatura de funcionamiento, \u00b0C<\/td>\n<td>-10 \u2014 50<\/td>\n<\/tr>\n<tr>\n<td>Intervalo de humedad de funcionamiento, %<\/td>\n<td>30 \u2014 80<\/td>\n<\/tr>\n<\/tbody>\n<\/table>\n","protected":false},"excerpt":{"rendered":"<p>Ocular de v\u00eddeo con sensor digital SONY Exmor de 8,3 MP. El sensor utiliza tecnolog\u00eda de retroiluminaci\u00f3n para mejorar la sensibilidad a la luz, as\u00ed como para producir im\u00e1genes brillantes y claras, incluso con poca luz. La c\u00e1mara se utiliza para trabajar con la t\u00e9cnica de microscop\u00eda de campo oscuro o campo claro en objetivos con un aumento de 4x, 10x y 20x. Tambi\u00e9n funciona con microscopios estereosc\u00f3picos. Se utiliza un puerto USB 3.0 con alta velocidad de transferencia de datos (5 Gbps) para conectarla a un ordenador y mostrar las im\u00e1genes en la pantalla.<\/p>\n","protected":false},"featured_media":83208,"template":"","meta":{"_exactmetrics_skip_tracking":false,"_exactmetrics_sitenote_active":false,"_exactmetrics_sitenote_note":"","_exactmetrics_sitenote_category":0},"product_brand":[],"product_cat":[615],"product_tag":[],"class_list":{"0":"post-84595","1":"product","2":"type-product","3":"status-publish","4":"has-post-thumbnail","6":"product_cat-camaras-2","7":"product_shipping_class-pieza-pequena","9":"first","10":"outofstock","11":"taxable","12":"shipping-taxable","13":"purchasable","14":"product-type-simple"},"_links":{"self":[{"href":"https:\/\/microscopistas.com\/en\/wp-json\/wp\/v2\/product\/84595","targetHints":{"allow":["GET"]}}],"collection":[{"href":"https:\/\/microscopistas.com\/en\/wp-json\/wp\/v2\/product"}],"about":[{"href":"https:\/\/microscopistas.com\/en\/wp-json\/wp\/v2\/types\/product"}],"wp:featuredmedia":[{"embeddable":true,"href":"https:\/\/microscopistas.com\/en\/wp-json\/wp\/v2\/media\/83208"}],"wp:attachment":[{"href":"https:\/\/microscopistas.com\/en\/wp-json\/wp\/v2\/media?parent=84595"}],"wp:term":[{"taxonomy":"product_brand","embeddable":true,"href":"https:\/\/microscopistas.com\/en\/wp-json\/wp\/v2\/product_brand?post=84595"},{"taxonomy":"product_cat","embeddable":true,"href":"https:\/\/microscopistas.com\/en\/wp-json\/wp\/v2\/product_cat?post=84595"},{"taxonomy":"product_tag","embeddable":true,"href":"https:\/\/microscopistas.com\/en\/wp-json\/wp\/v2\/product_tag?post=84595"}],"curies":[{"name":"wp","href":"https:\/\/api.w.org\/{rel}","templated":true}]}}