{"id":84594,"date":"2024-07-29T18:29:05","date_gmt":"2024-07-29T16:29:05","guid":{"rendered":"http:\/\/microscopistas.com\/?post_type=product&#038;p=84594"},"modified":"2024-07-30T10:10:05","modified_gmt":"2024-07-30T08:10:05","slug":"camara-digital-magus-clm10","status":"publish","type":"product","link":"https:\/\/microscopistas.com\/en\/producto\/camara-digital-magus-clm10\/","title":{"rendered":"C\u00e1mara digital MAGUS CLM10"},"content":{"rendered":"<p>MAGUS CLM10 es un modelo econ\u00f3mico de c\u00e1mara monocroma para microscopios que permite tomar im\u00e1genes con luz fluorescente o en condiciones de campo oscuro. La matriz de 2,3 MP produce una imagen con una resoluci\u00f3n de 1920&#215;1200 p\u00edxeles. La velocidad de fotogramas de 120 fps permite fotografiar un objeto en movimiento. El v\u00eddeo es v\u00edvido y realista, sin retrasos ni lagunas. La calidad del metraje es adecuada para exhibiciones y demostraciones externas. La c\u00e1mara funciona con objetivos de aumento medio y alto: 40x, 60x y 100x. La integraci\u00f3n con objetivos de aumento medio le permite ver mejor los elementos finos. La interfaz USB 3.0 integrada en el dispositivo tiene una alta velocidad de transferencia de datos y es adecuada para la investigaci\u00f3n profesional en laboratorio y la formaci\u00f3n a nivel universitario.<\/p>\n<p>La c\u00e1mara incluye su propio software. El software permite tomar fotos y grabar v\u00eddeos de forma independiente, editar im\u00e1genes y medir las dimensiones lineales y angulares de un objeto y su estructura. Antes de comenzar las mediciones, debe calibrar el dispositivo para cada objetivo mediante un portaobjetos de calibraci\u00f3n.<\/p>\n<p>La c\u00e1mara est\u00e1 equipada con un sensor CMOS monocromo Sony de la l\u00ednea Exmor. Es famoso por su tecnolog\u00eda de retroiluminaci\u00f3n, que confiere a la c\u00e1mara una alta sensibilidad a la luz con un tama\u00f1o de matriz reducido. En la c\u00e1mara MAGUS CLM10, el tama\u00f1o de la matriz es de 1\/1,2&#8221; con un tama\u00f1o de p\u00edxel de 5,86&#215;5,86 \u03bcm y proporciona una fotosensibilidad de 1016 mV a una velocidad de obturaci\u00f3n de 1\/30 segundos. El dispositivo puede disparar en condiciones de poca luz o con luz fluorescente. La matriz monocroma no le permitir\u00e1 distinguir los colores del objeto, pero har\u00e1 que la imagen tenga un alto contraste. El campo de visi\u00f3n m\u00e1s amplio sin distorsi\u00f3n se puede conseguir con un adaptador con un aumento de 0,75 a 1x.<\/p>\n<p>El obturador global de la c\u00e1mara lee la se\u00f1al de todos los p\u00edxeles simult\u00e1neamente. El resultado es una imagen sin distorsi\u00f3n, incluso si el objeto de observaci\u00f3n se mueve r\u00e1pidamente.<\/p>\n<p>La c\u00e1mara se conecta al microscopio mediante un adaptador de montura C. Hay dos opciones de conexi\u00f3n: al tubo trinocular o a un tubo ocular. En este \u00faltimo caso, necesitar\u00e1 un anillo adaptador que se ajuste al tama\u00f1o del tubo.<\/p>\n<p><strong>Caracter\u00edsticas principales:<\/strong><\/p>\n<ul>\n<li>Forma una imagen monocroma en una resoluci\u00f3n de 1920&#215;1200 px a una velocidad de fotogramas de 120 fps<\/li>\n<li>Dise\u00f1ada para objetivos de aumento medio y alto: 40x, 60x y 100x<\/li>\n<li>Utiliza un obturador global que lee la imagen de forma sincronizada sin distorsi\u00f3n incluso cuando el objeto se mueve<\/li>\n<li>Equipada con una interfaz USB 3.0 para una r\u00e1pida transferencia de datos<\/li>\n<li>Viene con un software que permite a la c\u00e1mara capturar y editar la imagen, as\u00ed como realizar algunas mediciones por s\u00ed sola<\/li>\n<\/ul>\n<p><strong>El kit incluye:<\/strong><\/p>\n<ul>\n<li>C\u00e1mara digital<\/li>\n<li>Cable USB<\/li>\n<li>CD de instalaci\u00f3n con controladores y software<\/li>\n<li>Manual del usuario y tarjeta de garant\u00eda<\/li>\n<\/ul>\n<table>\n<tbody>\n<tr>\n<td>Marca<\/td>\n<td>MAGUS<\/td>\n<\/tr>\n<tr>\n<td>Garant\u00eda<\/td>\n<td>5 \u043b\u0435\u0442<\/td>\n<\/tr>\n<tr>\n<td>EAN<\/td>\n<td>5905555019185<\/td>\n<\/tr>\n<tr>\n<td>Tama\u00f1o de paquete (LxAn.xAl.)<\/td>\n<td>15x15x10 cm<\/td>\n<\/tr>\n<tr>\n<td>Peso del env\u00edo<\/td>\n<td>0.6 kg<\/td>\n<\/tr>\n<tr>\n<td>Sensor<\/td>\n<td>SONY Exmor CMOS<\/td>\n<\/tr>\n<tr>\n<td>Color\/monocromo<\/td>\n<td>monocromo<\/td>\n<\/tr>\n<tr>\n<td>Megap\u00edxeles<\/td>\n<td>3<\/td>\n<\/tr>\n<tr>\n<td>Resoluci\u00f3n m\u00e1xima, p\u00edxeles<\/td>\n<td>1920\u04451200<\/td>\n<\/tr>\n<tr>\n<td>Tama\u00f1o del sensor<\/td>\n<td>1\/1,2&#8242; (11,25&#215;7,03 mm)<\/td>\n<\/tr>\n<tr>\n<td>Tama\u00f1o del p\u00edxel, &#038;micro m<\/td>\n<td>5.86&#215;5.86<\/td>\n<\/tr>\n<tr>\n<td>Sensibilidad a la luz<\/td>\n<td>1016 mV a 1\/30 s<\/td>\n<\/tr>\n<tr>\n<td>Relaci\u00f3n se\u00f1al\/ruido<\/td>\n<td>0,15 mV a 1\/30 s<\/td>\n<\/tr>\n<tr>\n<td>Grabaci\u00f3n de v\u00eddeo<\/td>\n<td>yes<\/td>\n<\/tr>\n<tr>\n<td>Frecuencia de fotogramas, fps para cada resoluci\u00f3n<\/td>\n<td>120 a 1920&#215;1200<\/td>\n<\/tr>\n<tr>\n<td>Capacidad de d\u00edgitos de ADC (bits)<\/td>\n<td>8\/12 (seleccionable)<\/td>\n<\/tr>\n<tr>\n<td>Lugar de instalaci\u00f3n<\/td>\n<td>tubo trinocular, tubo ocular en sustituci\u00f3n de un ocular<\/td>\n<\/tr>\n<tr>\n<td>Formato de foto<\/td>\n<td>*.jpg, *.bmp, *.png, *.tif<\/td>\n<\/tr>\n<tr>\n<td>Formato de v\u00eddeo<\/td>\n<td>salida: *.wmv, *.avi, *.h264 (Windows 8 y posterior), *.h265 (Windows 10 y posterior)<\/td>\n<\/tr>\n<tr>\n<td>Intervalo espectral, nm<\/td>\n<td>380\u2013650 (con filtro de infrarrojos y filtro anti-reflectante)<\/td>\n<\/tr>\n<tr>\n<td>Tipo de obturador<\/td>\n<td>obturador global<\/td>\n<\/tr>\n<tr>\n<td>Balance de blancos<\/td>\n<td>manual, autom\u00e1tico<\/td>\n<\/tr>\n<tr>\n<td>Control de exposici\u00f3n<\/td>\n<td>manual, autom\u00e1tico<\/td>\n<\/tr>\n<tr>\n<td>Opciones programables<\/td>\n<td>tama\u00f1o de imagen, brillo, tiempo de exposici\u00f3n<\/td>\n<\/tr>\n<tr>\n<td>Salida<\/td>\n<td>USB 3.0, 5 Gb\/s<\/td>\n<\/tr>\n<tr>\n<td>Requisitos del sistema<\/td>\n<td>Windows 8\/10\/11 (32 bits y 64 bits), Mac OS X, Linux, procesador Intel Core 2 de hasta 2,8 GHz o superior, m\u00ednimo 2 GB de RAM, puerto USB 3.0, CD-ROM, pantalla de 17&#8242; o mayor<\/td>\n<\/tr>\n<tr>\n<td>Software<\/td>\n<td>MAGUS View<\/td>\n<\/tr>\n<tr>\n<td>Tipo de montura<\/td>\n<td>montura C<\/td>\n<\/tr>\n<tr>\n<td>Cuerpo<\/td>\n<td>aleaci\u00f3n de aluminio CNC<\/td>\n<\/tr>\n<tr>\n<td>Alimentaci\u00f3n<\/td>\n<td>corriente CC, 5 V, desde el puerto USB del PC<\/td>\n<\/tr>\n<tr>\n<td>Intervalo de temperatura de funcionamiento, \u00b0C<\/td>\n<td>-10 \u2014 50<\/td>\n<\/tr>\n<tr>\n<td>Intervalo de humedad de funcionamiento, %<\/td>\n<td>30 \u2014 80<\/td>\n<\/tr>\n<\/tbody>\n<\/table>\n","protected":false},"excerpt":{"rendered":"<p>MAGUS CLM10 es un modelo econ\u00f3mico de c\u00e1mara monocroma para microscopios que permite tomar im\u00e1genes con luz fluorescente o en condiciones de campo oscuro. La matriz de 2,3 MP produce una imagen con una resoluci\u00f3n de 1920&#215;1200 p\u00edxeles. La velocidad de fotogramas de 120 fps permite fotografiar un objeto en movimiento. El v\u00eddeo es v\u00edvido y realista, sin retrasos ni lagunas. La calidad del metraje es adecuada para exhibiciones y demostraciones externas. La c\u00e1mara funciona con objetivos de aumento medio y alto: 40x, 60x y 100x. La integraci\u00f3n con objetivos de aumento medio le permite ver mejor los elementos finos. La interfaz USB 3.0 integrada en el dispositivo tiene una alta velocidad de transferencia de datos y es adecuada para la investigaci\u00f3n profesional en laboratorio y la formaci\u00f3n a nivel universitario.<\/p>\n","protected":false},"featured_media":83206,"template":"","meta":{"_exactmetrics_skip_tracking":false,"_exactmetrics_sitenote_active":false,"_exactmetrics_sitenote_note":"","_exactmetrics_sitenote_category":0},"product_brand":[],"product_cat":[615],"product_tag":[],"class_list":{"0":"post-84594","1":"product","2":"type-product","3":"status-publish","4":"has-post-thumbnail","6":"product_cat-camaras-2","7":"product_shipping_class-pieza-pequena","9":"first","10":"instock","11":"taxable","12":"shipping-taxable","13":"purchasable","14":"product-type-simple"},"_links":{"self":[{"href":"https:\/\/microscopistas.com\/en\/wp-json\/wp\/v2\/product\/84594","targetHints":{"allow":["GET"]}}],"collection":[{"href":"https:\/\/microscopistas.com\/en\/wp-json\/wp\/v2\/product"}],"about":[{"href":"https:\/\/microscopistas.com\/en\/wp-json\/wp\/v2\/types\/product"}],"wp:featuredmedia":[{"embeddable":true,"href":"https:\/\/microscopistas.com\/en\/wp-json\/wp\/v2\/media\/83206"}],"wp:attachment":[{"href":"https:\/\/microscopistas.com\/en\/wp-json\/wp\/v2\/media?parent=84594"}],"wp:term":[{"taxonomy":"product_brand","embeddable":true,"href":"https:\/\/microscopistas.com\/en\/wp-json\/wp\/v2\/product_brand?post=84594"},{"taxonomy":"product_cat","embeddable":true,"href":"https:\/\/microscopistas.com\/en\/wp-json\/wp\/v2\/product_cat?post=84594"},{"taxonomy":"product_tag","embeddable":true,"href":"https:\/\/microscopistas.com\/en\/wp-json\/wp\/v2\/product_tag?post=84594"}],"curies":[{"name":"wp","href":"https:\/\/api.w.org\/{rel}","templated":true}]}}