{"id":84593,"date":"2024-07-29T18:29:05","date_gmt":"2024-07-29T16:29:05","guid":{"rendered":"http:\/\/microscopistas.com\/?post_type=product&#038;p=84593"},"modified":"2024-07-30T10:09:53","modified_gmt":"2024-07-30T08:09:53","slug":"camara-digital-magus-chd50","status":"publish","type":"product","link":"https:\/\/microscopistas.com\/en\/producto\/camara-digital-magus-chd50\/","title":{"rendered":"C\u00e1mara digital MAGUS CHD50"},"content":{"rendered":"<p>MAGUS CHD50 es una c\u00e1mara dise\u00f1ada para integrarla con un microscopio. El dispositivo viene con un software integrado que se puede utilizar para hacer fotos y v\u00eddeos, procesar los resultados y realizar mediciones del sujeto. Tres tipos de interfaces (HDMI, WLAN y USB 2.0) conectan la c\u00e1mara a un ordenador u otro dispositivo capaz de mostrar fotos y v\u00eddeos. El sensor de 8 MP crea im\u00e1genes de alta calidad en resoluci\u00f3n 4K (3840&#215;2160 p\u00edxeles), y la c\u00e1mara puede cambiar autom\u00e1ticamente a reproducci\u00f3n en Full HD (1920&#215;1080 p\u00edxeles) si as\u00ed lo requiere la pantalla externa. La velocidad de fotogramas de v\u00eddeo es de 30 fps. El dispositivo est\u00e1 equipado con una funci\u00f3n de enfoque autom\u00e1tico. El resultado es una imagen de alta calidad, realista y detallada, sin retrasos, roturas ni desenfoques, incluso si el sujeto est\u00e1 en movimiento.<\/p>\n<p><strong>Sensor<\/strong><\/p>\n<p>El dispositivo est\u00e1 construido sobre un sensor SONY Starvis de tipo CMOS de 8 MP. El m\u00e9todo de retroiluminaci\u00f3n produce una sensibilidad a la luz de 505 mV a una velocidad de obturaci\u00f3n de 1\/30 de segundo. El tama\u00f1o del sensor es de 1\/1,8&#8221; con un tama\u00f1o de p\u00edxel de 2,0&#215;2,0 \u03bcm. Para crear el campo de visi\u00f3n m\u00e1s amplio sin deformaciones, utilice un adaptador con un aumento de 0,5x a 0,75x.<\/p>\n<p><strong>Software<\/strong><\/p>\n<p>La c\u00e1mara se puede conectar a un ordenador mediante USB 2.0 y WLAN, as\u00ed como a un televisor, monitor o proyector mediante el conector HDMI. Con una conexi\u00f3n HDMI, la c\u00e1mara enfoca el sujeto autom\u00e1ticamente, lo que da como resultado fotos o v\u00eddeos n\u00edtidos sin ning\u00fan esfuerzo adicional. El software permite editar la imagen resultante, as\u00ed como medir las dimensiones lineales y angulares de los objetos y sus estructuras. Para realizar mediciones, calibre el software de la c\u00e1mara para cada objetivo mediante un portaobjetos de calibraci\u00f3n.<\/p>\n<p><strong>Instalaci\u00f3n en el microscopio<\/strong><\/p>\n<p>Puede integrar la c\u00e1mara en el microscopio instal\u00e1ndola en el tubo trinocular o en el tubo del ocular en lugar de un ocular. En ambos casos, necesitar\u00e1 un adaptador de montura C. Para conectarla al tubo del ocular, tambi\u00e9n necesitar\u00e1 un anillo adaptador que se ajuste a su di\u00e1metro.<\/p>\n<p><strong>Dispositivos adicionales<\/strong><\/p>\n<p>Para un funcionamiento m\u00e1s eficaz, se recomienda conectar la c\u00e1mara con dispositivos adicionales. El uso de un rat\u00f3n eliminar\u00e1 las vibraciones al entrar en contacto directo con la c\u00e1mara (se conecta a trav\u00e9s del puerto USB). Puede guardar fotos y v\u00eddeos en una tarjeta SD o en una unidad flash. Para crear un sistema de imagen completo, se pueden utilizar monitores MAGUS especiales. Pueden instalarse directamente en la c\u00e1mara e integrarse en cualquier microscopio MAGUS.<\/p>\n<p><strong>Caracter\u00edsticas principales:<\/strong><\/p>\n<ul>\n<li>El sensor CMOS de 8 MP produce una imagen en resoluci\u00f3n 4K (3840&#215;2160 p\u00edxeles). Se convierte autom\u00e1ticamente a Full HD (1920&#215;1080 p\u00edxeles) si as\u00ed lo requiere la pantalla externa<\/li>\n<li>Tres tipos de interfaces (HDMI, WLAN y USB 2.0) permiten conectar la c\u00e1mara a un ordenador o a una pantalla externa<\/li>\n<li>La sensibilidad a la luz de 505 mV a una velocidad de obturaci\u00f3n de 1\/30 segundos permite filmar incluso con poca luz<\/li>\n<li>El enfoque autom\u00e1tico est\u00e1 activado cuando se conecta a trav\u00e9s de HDMI y garantiza una imagen n\u00edtida sin ning\u00fan esfuerzo adicional<\/li>\n<li>El software integrado permite que la c\u00e1mara funcione sin necesidad de conectarse al ordenador<\/li>\n<\/ul>\n<p><strong>El kit incluye:<\/strong><\/p>\n<ul>\n<li>C\u00e1mara digital<\/li>\n<li>Cable HDMI (2 m)<\/li>\n<li>Cable USB 3.0 (1,5 m)<\/li>\n<li>Rat\u00f3n USB<\/li>\n<li>Tarjeta de memoria SD de 32 GB<\/li>\n<li>Adaptador USB de red Wi-Fi (2 uds.)<\/li>\n<li>Adaptador de corriente de CA 12 V\/1 A (Europa)<\/li>\n<li>CD de instalaci\u00f3n con controladores y software<\/li>\n<li>Manual del usuario y tarjeta de garant\u00eda<\/li>\n<\/ul>\n<table>\n<tbody>\n<tr>\n<td>Marca<\/td>\n<td>MAGUS<\/td>\n<\/tr>\n<tr>\n<td>Garant\u00eda<\/td>\n<td>5 \u043b\u0435\u0442<\/td>\n<\/tr>\n<tr>\n<td>EAN<\/td>\n<td>5905555019178<\/td>\n<\/tr>\n<tr>\n<td>Tama\u00f1o de paquete (LxAn.xAl.)<\/td>\n<td>25x17x9 cm<\/td>\n<\/tr>\n<tr>\n<td>Peso del env\u00edo<\/td>\n<td>1.6 kg<\/td>\n<\/tr>\n<tr>\n<td>Sensor<\/td>\n<td>Sony Exmor\/Starvis CMOS<\/td>\n<\/tr>\n<tr>\n<td>Color\/monocromo<\/td>\n<td>color <\/td>\n<\/tr>\n<tr>\n<td>Megap\u00edxeles<\/td>\n<td>8<\/td>\n<\/tr>\n<tr>\n<td>Resoluci\u00f3n m\u00e1xima, p\u00edxeles<\/td>\n<td>3840&#215;2160<\/td>\n<\/tr>\n<tr>\n<td>Tama\u00f1o del sensor<\/td>\n<td>1\/1,8&#8242; (7,68&#215;4,32 mm)<\/td>\n<\/tr>\n<tr>\n<td>Tama\u00f1o del p\u00edxel, &#038;micro m<\/td>\n<td>2&#215;2<\/td>\n<\/tr>\n<tr>\n<td>Enfoque autom\u00e1tico<\/td>\n<td>yes<\/td>\n<\/tr>\n<tr>\n<td>Conectores de interfaz<\/td>\n<td>HDMI 1.4, WLAN, USB2.0<\/td>\n<\/tr>\n<tr>\n<td>Tarjeta de memoria<\/td>\n<td>SD hasta 32 GB<\/td>\n<\/tr>\n<tr>\n<td>Sensibilidad a la luz<\/td>\n<td>505 mV a 1\/30 s<\/td>\n<\/tr>\n<tr>\n<td>Relaci\u00f3n se\u00f1al\/ruido<\/td>\n<td>0,1 mV a 1\/30 s<\/td>\n<\/tr>\n<tr>\n<td>Tiempo de exposici\u00f3n<\/td>\n<td>0,04 ms \u2013 1000 ms<\/td>\n<\/tr>\n<tr>\n<td>Grabaci\u00f3n de v\u00eddeo<\/td>\n<td>yes<\/td>\n<\/tr>\n<tr>\n<td>Frecuencia de fotogramas, fps para cada resoluci\u00f3n<\/td>\n<td>30 a 3840&#215;2160 (USB), 30 a 3840&#215;2160 (HDMI), 30 a 3840&#215;2160 (WLAN)<\/td>\n<\/tr>\n<tr>\n<td>Lugar de instalaci\u00f3n<\/td>\n<td>tubo trinocular, tubo ocular en sustituci\u00f3n de un ocular<\/td>\n<\/tr>\n<tr>\n<td>Formato de foto<\/td>\n<td>*.jpg, *.tif<\/td>\n<\/tr>\n<tr>\n<td>Formato de v\u00eddeo<\/td>\n<td>*.h264\/*.h265, *.mp4<\/td>\n<\/tr>\n<tr>\n<td>Intervalo espectral, nm<\/td>\n<td>380-650 (filtro IR incorporado)<\/td>\n<\/tr>\n<tr>\n<td>Tipo de obturador<\/td>\n<td>obturador rodante<\/td>\n<\/tr>\n<tr>\n<td>Requisitos del sistema<\/td>\n<td>Windows 8\/10\/11 (32 bits y 64 bits), Mac OS X, Linux, procesador Intel Core 2 de hasta 2,8 GHz o superior, m\u00ednimo 4 GB de RAM, puerto USB 2.0, RJ45, CD-ROM, pantalla de 19&#8242; o mayor<\/td>\n<\/tr>\n<tr>\n<td>Software<\/td>\n<td>HDMI: integrado  USB: MAGUS View<\/td>\n<\/tr>\n<tr>\n<td>Tipo de montura<\/td>\n<td>montura C<\/td>\n<\/tr>\n<tr>\n<td>Cuerpo<\/td>\n<td>aleaci\u00f3n de aluminio CNC<\/td>\n<\/tr>\n<tr>\n<td>Alimentaci\u00f3n<\/td>\n<td>adaptador de CC de 12 V, 1 A<\/td>\n<\/tr>\n<tr>\n<td>Especificaciones del adaptador de corriente de CC<\/td>\n<td>entrada de corriente: voltaje de CA 100\u2013240 V, 50\/60 Hz, salida de corriente: voltaje de CC 12 V\/1 A<\/td>\n<\/tr>\n<tr>\n<td>Intervalo de temperatura de funcionamiento, \u00b0C<\/td>\n<td>-10 \u2014 50<\/td>\n<\/tr>\n<tr>\n<td>Intervalo de humedad de funcionamiento, %<\/td>\n<td>30 \u2014 80<\/td>\n<\/tr>\n<\/tbody>\n<\/table>\n","protected":false},"excerpt":{"rendered":"<p>MAGUS CHD50 es una c\u00e1mara dise\u00f1ada para integrarla con un microscopio. El dispositivo viene con un software integrado que se puede utilizar para hacer fotos y v\u00eddeos, procesar los resultados y realizar mediciones del sujeto. Tres tipos de interfaces (HDMI, WLAN y USB 2.0) conectan la c\u00e1mara a un ordenador u otro dispositivo capaz de mostrar fotos y v\u00eddeos. El sensor de 8 MP crea im\u00e1genes de alta calidad en resoluci\u00f3n 4K (3840&#215;2160 p\u00edxeles), y la c\u00e1mara puede cambiar autom\u00e1ticamente a reproducci\u00f3n en Full HD (1920&#215;1080 p\u00edxeles) si as\u00ed lo requiere la pantalla externa. La velocidad de fotogramas de v\u00eddeo es de 30 fps. El dispositivo est\u00e1 equipado con una funci\u00f3n de enfoque autom\u00e1tico. El resultado es una imagen de alta calidad, realista y detallada, sin retrasos, roturas ni desenfoques, incluso si el sujeto est\u00e1 en movimiento.<\/p>\n","protected":false},"featured_media":83203,"template":"","meta":{"_exactmetrics_skip_tracking":false,"_exactmetrics_sitenote_active":false,"_exactmetrics_sitenote_note":"","_exactmetrics_sitenote_category":0},"product_brand":[],"product_cat":[615],"product_tag":[],"class_list":{"0":"post-84593","1":"product","2":"type-product","3":"status-publish","4":"has-post-thumbnail","6":"product_cat-camaras-2","7":"product_shipping_class-pieza-pequena","9":"first","10":"instock","11":"taxable","12":"shipping-taxable","13":"purchasable","14":"product-type-simple"},"_links":{"self":[{"href":"https:\/\/microscopistas.com\/en\/wp-json\/wp\/v2\/product\/84593","targetHints":{"allow":["GET"]}}],"collection":[{"href":"https:\/\/microscopistas.com\/en\/wp-json\/wp\/v2\/product"}],"about":[{"href":"https:\/\/microscopistas.com\/en\/wp-json\/wp\/v2\/types\/product"}],"wp:featuredmedia":[{"embeddable":true,"href":"https:\/\/microscopistas.com\/en\/wp-json\/wp\/v2\/media\/83203"}],"wp:attachment":[{"href":"https:\/\/microscopistas.com\/en\/wp-json\/wp\/v2\/media?parent=84593"}],"wp:term":[{"taxonomy":"product_brand","embeddable":true,"href":"https:\/\/microscopistas.com\/en\/wp-json\/wp\/v2\/product_brand?post=84593"},{"taxonomy":"product_cat","embeddable":true,"href":"https:\/\/microscopistas.com\/en\/wp-json\/wp\/v2\/product_cat?post=84593"},{"taxonomy":"product_tag","embeddable":true,"href":"https:\/\/microscopistas.com\/en\/wp-json\/wp\/v2\/product_tag?post=84593"}],"curies":[{"name":"wp","href":"https:\/\/api.w.org\/{rel}","templated":true}]}}