{"id":84592,"date":"2024-07-29T18:29:04","date_gmt":"2024-07-29T16:29:04","guid":{"rendered":"http:\/\/microscopistas.com\/?post_type=product&#038;p=84592"},"modified":"2024-07-30T10:11:28","modified_gmt":"2024-07-30T08:11:28","slug":"camara-digital-magus-chd40","status":"publish","type":"product","link":"https:\/\/microscopistas.com\/en\/producto\/camara-digital-magus-chd40\/","title":{"rendered":"C\u00e1mara digital MAGUS CHD40"},"content":{"rendered":"<p>MAGUS CHD40 es un modelo de c\u00e1mara para la integraci\u00f3n con un microscopio. La c\u00e1mara graba en resoluci\u00f3n 4K (3840&#215;2160 p\u00edxeles) y puede convertir autom\u00e1ticamente la imagen a Full HD (1920&#215;1080 p\u00edxeles) si as\u00ed lo requiere un monitor externo. El dispositivo est\u00e1 equipado con tres tipos de interfaces: HDMI para conectarlo a un televisor, monitor o proyector, as\u00ed como USB 3.0 y Wi-Fi para conectarlo a un ordenador. La velocidad de fotogramas es de 30 fps independientemente del tipo de conexi\u00f3n. La c\u00e1mara cuenta con un software que, adem\u00e1s de hacer fotos y v\u00eddeos, permite editar la imagen e incluso tomar medidas del objeto observado. El dispositivo genera una imagen de alta calidad, sin retrasos ni roturas, y el objeto se ve claramente, sin distorsiones, incluso si est\u00e1 en movimiento.<\/p>\n<p><strong>Sensor<\/strong><\/p>\n<p>En el interior de la c\u00e1mara hay un sensor en color SONY Starvis de tipo CMOS. Estos sensores utilizan una tecnolog\u00eda de retroiluminaci\u00f3n que proporciona una alta sensibilidad a la luz con un tama\u00f1o de matriz reducido. El tama\u00f1o del sensor de la c\u00e1mara MAGUS CHD40 es de 1\/1,2&#8242; con un tama\u00f1o de p\u00edxel de 2,9&#215;2,9 \u03bcm. La sensibilidad a la luz del dispositivo es de 1028 mV a una velocidad de obturaci\u00f3n de 1\/30 segundos: la c\u00e1mara puede tomar fotos de alta calidad en condiciones de poca luz. Para obtener un campo de visi\u00f3n extremadamente amplio sin deformaciones, utilice un adaptador con un aumento de 0,75x\u20131x.<\/p>\n<p><strong>Software<\/strong><\/p>\n<p>La c\u00e1mara est\u00e1 lista para su uso gracias a un conjunto de aplicaciones (viene con software incorporado y software instalado desde el CD de software incluido). Puede tomar fotograf\u00edas, grabar v\u00eddeo, medir dimensiones lineales y angulares de objetos y sus estructuras, y editar im\u00e1genes. Para realizar mediciones, aseg\u00farese de calibrar primero el software para cada objetivo mediante un portaobjetos de calibraci\u00f3n. Puede conectar la c\u00e1mara a un televisor, monitor o proyector a trav\u00e9s de la interfaz HDMI, as\u00ed como a un ordenador a trav\u00e9s de la interfaz USB 3.0 o Wi-Fi. La conexi\u00f3n mediante interfaces HDMI o USB genera una imagen con resoluci\u00f3n 4K  cuando se conecta a un ordenador mediante un adaptador Wi-Fi se crea una imagen Full HD.<\/p>\n<p><strong>Emparejamiento con otros dispositivos<\/strong><\/p>\n<p>La c\u00e1mara admite dispositivos adicionales. Puedes conectar un rat\u00f3n (incluido) al conector USB. Al trabajar con \u00e9l se evitar\u00e1n las vibraciones que se producen al interactuar directamente con el dispositivo. Puede guardar los resultados de la investigaci\u00f3n en la tarjeta SD incluida o en una unidad flash. Puede conectar uno de los monitores especiales MAGUS, que se montan directamente en la c\u00e1mara y crean un completo sistema de visualizaci\u00f3n.<\/p>\n<p><strong>Instalaci\u00f3n en el microscopio<\/strong><\/p>\n<p>Hay dos formas de instalar la c\u00e1mara en el microscopio: en el tubo trinocular o en el tubo del ocular. En ambos casos, necesitar\u00e1 el adaptador de montura C del kit del microscopio para conectar los dispositivos. Para la instalaci\u00f3n en el tubo ocular tambi\u00e9n se utiliza un anillo adaptador para el di\u00e1metro del tubo.<\/p>\n<p><strong>Caracter\u00edsticas principales:<\/strong><\/p>\n<ul>\n<li>Filmaci\u00f3n en resoluci\u00f3n 4K (3840&#215;2160 p\u00edxeles) o Full HD (1920&#215;1080 p\u00edxeles) seg\u00fan el tipo de conexi\u00f3n<\/li>\n<li>Se puede conectar a una pantalla externa o a un ordenador mediante HDMI, USB 3.0 o Wi-Fi<\/li>\n<li>Alta velocidad de fotogramas de 30 fps<\/li>\n<li>El sensor CMOS de color SONY Starvis proporciona 1028 mV de sensibilidad a la luz a 1\/30 de segundo y le ayuda a disparar incluso en condiciones de poca luz<\/li>\n<li>Admite dispositivos adicionales que har\u00e1n que el trabajo sea m\u00e1s c\u00f3modo y eficiente<\/li>\n<\/ul>\n<p><strong>El kit incluye:<\/strong><\/p>\n<ul>\n<li>C\u00e1mara digital<\/li>\n<li>Cable HDMI (1,5 m)<\/li>\n<li>Cable USB 3.0 (1,5 m)<\/li>\n<li>Rat\u00f3n USB<\/li>\n<li>Tarjeta de memoria SD de 32 GB<\/li>\n<li>Adaptador USB de red Wi-Fi (2 uds.)<\/li>\n<li>Adaptador de corriente de CA 12 V\/1 A (Europa)<\/li>\n<li>CD de instalaci\u00f3n con controladores y software<\/li>\n<li>Manual del usuario y tarjeta de garant\u00eda<\/li>\n<\/ul>\n<table>\n<tbody>\n<tr>\n<td>Marca<\/td>\n<td>MAGUS<\/td>\n<\/tr>\n<tr>\n<td>Garant\u00eda<\/td>\n<td>5 \u043b\u0435\u0442<\/td>\n<\/tr>\n<tr>\n<td>EAN<\/td>\n<td>5905555019161<\/td>\n<\/tr>\n<tr>\n<td>Tama\u00f1o de paquete (LxAn.xAl.)<\/td>\n<td>25x17x9 cm<\/td>\n<\/tr>\n<tr>\n<td>Peso del env\u00edo<\/td>\n<td>1.5 kg<\/td>\n<\/tr>\n<tr>\n<td>Sensor<\/td>\n<td>Sony Exmor\/Starvis CMOS<\/td>\n<\/tr>\n<tr>\n<td>Color\/monocromo<\/td>\n<td>color <\/td>\n<\/tr>\n<tr>\n<td>Megap\u00edxeles<\/td>\n<td>8<\/td>\n<\/tr>\n<tr>\n<td>Resoluci\u00f3n m\u00e1xima, p\u00edxeles<\/td>\n<td>3840&#215;2160<\/td>\n<\/tr>\n<tr>\n<td>Tama\u00f1o del sensor<\/td>\n<td>1\/1,2&#8242; (11,14&#215;6,26 mm)<\/td>\n<\/tr>\n<tr>\n<td>Tama\u00f1o del p\u00edxel, &#038;micro m<\/td>\n<td>2.9&#215;2.9<\/td>\n<\/tr>\n<tr>\n<td>Conectores de interfaz<\/td>\n<td>Wi-Fi, HDMI 1,4, USB 3.0<\/td>\n<\/tr>\n<tr>\n<td>Tarjeta de memoria<\/td>\n<td>SD hasta 32 GB<\/td>\n<\/tr>\n<tr>\n<td>Posibilidad de conectar accesorios<\/td>\n<td>rat\u00f3n USB, memoria flash (USB), adaptador Wi-Fi (USB)<\/td>\n<\/tr>\n<tr>\n<td>Sensibilidad a la luz<\/td>\n<td>1028 mV con 1\/30 s<\/td>\n<\/tr>\n<tr>\n<td>Relaci\u00f3n se\u00f1al\/ruido<\/td>\n<td>0,13 mV a 1\/30 s<\/td>\n<\/tr>\n<tr>\n<td>Tiempo de exposici\u00f3n<\/td>\n<td>0,14 ms \u2013 1000 ms<\/td>\n<\/tr>\n<tr>\n<td>Grabaci\u00f3n de v\u00eddeo<\/td>\n<td>yes<\/td>\n<\/tr>\n<tr>\n<td>Frecuencia de fotogramas, fps para cada resoluci\u00f3n<\/td>\n<td>30 a 3840&#215;2160 (HDMI), 30 a 1920&#215;1080 (Wi-Fi), 30 a 3840&#215;2160 (USB 3.0)<\/td>\n<\/tr>\n<tr>\n<td>Lugar de instalaci\u00f3n<\/td>\n<td>tubo trinocular, tubo ocular en sustituci\u00f3n de un ocular<\/td>\n<\/tr>\n<tr>\n<td>Formato de foto<\/td>\n<td>*.jpg, *.tif<\/td>\n<\/tr>\n<tr>\n<td>Formato de v\u00eddeo<\/td>\n<td>*.h264\/*.h265, *.mp4<\/td>\n<\/tr>\n<tr>\n<td>Intervalo espectral, nm<\/td>\n<td>380-650 (filtro IR incorporado)<\/td>\n<\/tr>\n<tr>\n<td>Tipo de obturador<\/td>\n<td>obturador rodante<\/td>\n<\/tr>\n<tr>\n<td>Requisitos del sistema<\/td>\n<td>Windows 8\/10\/11 (32 bits y 64 bits), Mac OS X, Linux, procesador Intel Core 2 de hasta 2,8 GHz o superior, m\u00ednimo 4 GB de RAM, puerto USB 2.0, RJ45, CD-ROM, pantalla de 19&#8242; o mayor<\/td>\n<\/tr>\n<tr>\n<td>Software<\/td>\n<td>HDMI: integrado  USB: MAGUS View<\/td>\n<\/tr>\n<tr>\n<td>Tipo de montura<\/td>\n<td>montura C<\/td>\n<\/tr>\n<tr>\n<td>Cuerpo<\/td>\n<td>aleaci\u00f3n de aluminio CNC<\/td>\n<\/tr>\n<tr>\n<td>Alimentaci\u00f3n<\/td>\n<td>adaptador de CC de 12 V, 1 A<\/td>\n<\/tr>\n<tr>\n<td>Especificaciones del adaptador de corriente de CC<\/td>\n<td>entrada de corriente: voltaje de CA 100\u2013240 V, 50\/60 Hz, salida de corriente: voltaje de CC 12 V\/1 A<\/td>\n<\/tr>\n<tr>\n<td>Intervalo de temperatura de funcionamiento, \u00b0C<\/td>\n<td>-10 \u2014 50<\/td>\n<\/tr>\n<tr>\n<td>Intervalo de humedad de funcionamiento, %<\/td>\n<td>30 \u2014 80<\/td>\n<\/tr>\n<\/tbody>\n<\/table>\n","protected":false},"excerpt":{"rendered":"<p>MAGUS CHD40 es un modelo de c\u00e1mara para la integraci\u00f3n con un microscopio. La c\u00e1mara graba en resoluci\u00f3n 4K (3840&#215;2160 p\u00edxeles) y puede convertir autom\u00e1ticamente la imagen a Full HD (1920&#215;1080 p\u00edxeles) si as\u00ed lo requiere un monitor externo. El dispositivo est\u00e1 equipado con tres tipos de interfaces: HDMI para conectarlo a un televisor, monitor o proyector, as\u00ed como USB 3.0 y Wi-Fi para conectarlo a un ordenador. La velocidad de fotogramas es de 30 fps independientemente del tipo de conexi\u00f3n. La c\u00e1mara cuenta con un software que, adem\u00e1s de hacer fotos y v\u00eddeos, permite editar la imagen e incluso tomar medidas del objeto observado. El dispositivo genera una imagen de alta calidad, sin retrasos ni roturas, y el objeto se ve claramente, sin distorsiones, incluso si est\u00e1 en movimiento.<\/p>\n","protected":false},"featured_media":83200,"template":"","meta":{"_exactmetrics_skip_tracking":false,"_exactmetrics_sitenote_active":false,"_exactmetrics_sitenote_note":"","_exactmetrics_sitenote_category":0},"product_brand":[],"product_cat":[615],"product_tag":[],"class_list":{"0":"post-84592","1":"product","2":"type-product","3":"status-publish","4":"has-post-thumbnail","6":"product_cat-camaras-2","7":"product_shipping_class-pieza-pequena","9":"first","10":"instock","11":"taxable","12":"shipping-taxable","13":"purchasable","14":"product-type-simple"},"_links":{"self":[{"href":"https:\/\/microscopistas.com\/en\/wp-json\/wp\/v2\/product\/84592","targetHints":{"allow":["GET"]}}],"collection":[{"href":"https:\/\/microscopistas.com\/en\/wp-json\/wp\/v2\/product"}],"about":[{"href":"https:\/\/microscopistas.com\/en\/wp-json\/wp\/v2\/types\/product"}],"wp:featuredmedia":[{"embeddable":true,"href":"https:\/\/microscopistas.com\/en\/wp-json\/wp\/v2\/media\/83200"}],"wp:attachment":[{"href":"https:\/\/microscopistas.com\/en\/wp-json\/wp\/v2\/media?parent=84592"}],"wp:term":[{"taxonomy":"product_brand","embeddable":true,"href":"https:\/\/microscopistas.com\/en\/wp-json\/wp\/v2\/product_brand?post=84592"},{"taxonomy":"product_cat","embeddable":true,"href":"https:\/\/microscopistas.com\/en\/wp-json\/wp\/v2\/product_cat?post=84592"},{"taxonomy":"product_tag","embeddable":true,"href":"https:\/\/microscopistas.com\/en\/wp-json\/wp\/v2\/product_tag?post=84592"}],"curies":[{"name":"wp","href":"https:\/\/api.w.org\/{rel}","templated":true}]}}