{"id":84591,"date":"2024-07-29T18:29:04","date_gmt":"2024-07-29T16:29:04","guid":{"rendered":"http:\/\/microscopistas.com\/?post_type=product&#038;p=84591"},"modified":"2024-07-30T10:11:13","modified_gmt":"2024-07-30T08:11:13","slug":"camara-digital-magus-chd30","status":"publish","type":"product","link":"https:\/\/microscopistas.com\/en\/producto\/camara-digital-magus-chd30\/","title":{"rendered":"C\u00e1mara digital MAGUS CHD30"},"content":{"rendered":"<p>MAGUS CHD30 es una c\u00e1mara dise\u00f1ada para trabajar con un microscopio. Con su ayuda se pueden crear materiales fotogr\u00e1ficos y de v\u00eddeo del objeto observado, as\u00ed como editarlos e incluso tomar sus medidas. La caracter\u00edstica especial de esta c\u00e1mara es su capacidad de emparejarse con un ordenador a trav\u00e9s de wifi, as\u00ed como con una pantalla externa mediante la interfaz HDMI. La frecuencia de fotogramas es de 25 o 60 fps, respectivamente. Cuando se conecta una pantalla externa, la c\u00e1mara enfoca autom\u00e1ticamente el objeto, lo que facilita la captura y produce mejores resultados. El dispositivo es capaz de funcionar de forma aut\u00f3noma y crear una imagen Full HD (1920&#215;1080 p\u00edxeles). La combinaci\u00f3n de una alta frecuencia de fotogramas y Full HD crea una imagen de alta calidad sin interferencias ni distorsiones.<\/p>\n<p><strong>Sensor<\/strong><\/p>\n<p>El dispositivo est\u00e1 construido sobre un sensor CMOS en color de Sony. Su tama\u00f1o es de 1\/1,9&#8221; y el tama\u00f1o de p\u00edxel es de 3,75&#215;3,75 \u03bcm. A pesar de sus reducidas dimensiones, el sensor proporciona una sensibilidad a la luz de 1120 mV a 1\/30 de segundo. Es posible gracias a la tecnolog\u00eda de retroiluminaci\u00f3n que se utiliza en el dise\u00f1o de la matriz. La c\u00e1mara puede disparar en condiciones de poca luz o con luz fluorescente. Para crear el mayor campo de visi\u00f3n posible sin distorsi\u00f3n, se recomienda utilizar un adaptador con un aumento de 0,5\u0445 a 0,75\u0445.<\/p>\n<p><strong>Software<\/strong><\/p>\n<p>La c\u00e1mara incluye un software integrado. Permite hacer fotos y grabar v\u00eddeos sin conexi\u00f3n a un ordenador. La imagen se puede mostrar en una pantalla externa a trav\u00e9s de la interfaz HDMI. La frecuencia de fotogramas es de 60 fps. El software de la c\u00e1mara le permite editar la imagen y medir las dimensiones lineales y angulares de los objetos y sus estructuras. Antes de empezar a medir, calibre el software para cada objetivo mediante un portaobjetos de calibraci\u00f3n. Si necesita emparejar el dispositivo con un ordenador, puede hacerlo mediante una conexi\u00f3n wifi. En este caso, tambi\u00e9n puede grabar v\u00eddeos a 25 fps.<\/p>\n<p><strong>Instalaci\u00f3n en el microscopio<\/strong><\/p>\n<p>El dispositivo se puede instalar en un microscopio de dos formas: en el tubo trinocular o en el tubo ocular en lugar del ocular. En ambos casos, necesitar\u00e1 un adaptador de montura C para conectarlo. La instalaci\u00f3n en un tubo ocular tambi\u00e9n requiere un anillo adaptador para ajustarse al tama\u00f1o del tubo.<\/p>\n<p><strong>Compatibilidad con dispositivos y accesorios adicionales<\/strong><\/p>\n<p>Se puede conectar varios dispositivos adicionales a la c\u00e1mara para hacer que el trabajo sea m\u00e1s f\u00e1cil y agradable. El uso de un rat\u00f3n eliminar\u00e1 las vibraciones que suelen producirse al entrar en contacto directo con el dispositivo. La tarjeta SD permitir\u00e1 guardar los materiales fotogr\u00e1ficos y de v\u00eddeo directamente en la c\u00e1mara. Esta l\u00ednea de c\u00e1maras tambi\u00e9n es compatible con monitores especiales MAGUS. Los monitores se instalan directamente en el dispositivo y crean as\u00ed un sistema de visualizaci\u00f3n completo.<\/p>\n<p><strong>Caracter\u00edsticas principales:<\/strong><\/p>\n<ul>\n<li>La c\u00e1mara utiliza un software integrado<\/li>\n<li>Se puede conectar a un ordenador o a una pantalla externa mediante una interfaz wifi o HDMI<\/li>\n<li>La c\u00e1mara produce im\u00e1genes en Full HD (1920&#215;1080 p\u00edxeles) y la frecuencia de imagen es de 25 o 60 fps en funci\u00f3n del tipo de conexi\u00f3n<\/li>\n<li>El enfoque autom\u00e1tico permite obtener im\u00e1genes m\u00e1s claras y n\u00edtidas<\/li>\n<li>Puede conectar equipos adicionales para trabajar m\u00e1s c\u00f3modamente y obtener mejores resultados<\/li>\n<\/ul>\n<p><strong>El kit incluye:<\/strong><\/p>\n<ul>\n<li>C\u00e1mara digital<\/li>\n<li>Cable HDMI (1,5 m)<\/li>\n<li>Rat\u00f3n USB<\/li>\n<li>Tarjeta de memoria SD de 32 GB<\/li>\n<li>Adaptador USB de red Wi-Fi<\/li>\n<li>Adaptador de corriente de CA 12 V\/1 A (Europa)<\/li>\n<li>CD de instalaci\u00f3n con controladores y software<\/li>\n<li>Manual del usuario y tarjeta de garant\u00eda<\/li>\n<\/ul>\n<table>\n<tbody>\n<tr>\n<td>Marca<\/td>\n<td>MAGUS<\/td>\n<\/tr>\n<tr>\n<td>Garant\u00eda<\/td>\n<td>5 \u043b\u0435\u0442<\/td>\n<\/tr>\n<tr>\n<td>EAN<\/td>\n<td>5905555019154<\/td>\n<\/tr>\n<tr>\n<td>Tama\u00f1o de paquete (LxAn.xAl.)<\/td>\n<td>25x17x9 cm<\/td>\n<\/tr>\n<tr>\n<td>Peso del env\u00edo<\/td>\n<td>1.5 kg<\/td>\n<\/tr>\n<tr>\n<td>Sensor<\/td>\n<td>SONY CMOS<\/td>\n<\/tr>\n<tr>\n<td>Color\/monocromo<\/td>\n<td>color <\/td>\n<\/tr>\n<tr>\n<td>Megap\u00edxeles<\/td>\n<td>2<\/td>\n<\/tr>\n<tr>\n<td>Resoluci\u00f3n m\u00e1xima, p\u00edxeles<\/td>\n<td>1920&#215;1080<\/td>\n<\/tr>\n<tr>\n<td>Tama\u00f1o del sensor<\/td>\n<td>1\/1,9&#8242; (7,20&#215;4,05 mm)<\/td>\n<\/tr>\n<tr>\n<td>Tama\u00f1o del p\u00edxel, &#038;micro m<\/td>\n<td>3.75&#215;3.75<\/td>\n<\/tr>\n<tr>\n<td>Enfoque autom\u00e1tico<\/td>\n<td>yes<\/td>\n<\/tr>\n<tr>\n<td>Conectores de interfaz<\/td>\n<td>Wi-Fi, HDMI 1,4<\/td>\n<\/tr>\n<tr>\n<td>Tarjeta de memoria<\/td>\n<td>SD hasta 32 GB<\/td>\n<\/tr>\n<tr>\n<td>Posibilidad de conectar accesorios<\/td>\n<td>rat\u00f3n USB, adaptador Wi-Fi (USB)<\/td>\n<\/tr>\n<tr>\n<td>Configuraci\u00f3n Wi-Fi<\/td>\n<td>802.11n, 150 Mbps, 20 dBm<\/td>\n<\/tr>\n<tr>\n<td>Sensibilidad a la luz<\/td>\n<td>1120 mV con 1\/30 s<\/td>\n<\/tr>\n<tr>\n<td>Relaci\u00f3n se\u00f1al\/ruido<\/td>\n<td>0,15 mV a 1\/30 s<\/td>\n<\/tr>\n<tr>\n<td>Tiempo de exposici\u00f3n<\/td>\n<td>0,06 ms \u2013 918 ms<\/td>\n<\/tr>\n<tr>\n<td>Grabaci\u00f3n de v\u00eddeo<\/td>\n<td>yes<\/td>\n<\/tr>\n<tr>\n<td>Frecuencia de fotogramas, fps para cada resoluci\u00f3n<\/td>\n<td>60 a 1920&#215;1080 (HDMI), 25 a 1920&#215;1080 (WiFi)<\/td>\n<\/tr>\n<tr>\n<td>Lugar de instalaci\u00f3n<\/td>\n<td>tubo trinocular, tubo ocular en sustituci\u00f3n de un ocular<\/td>\n<\/tr>\n<tr>\n<td>Formato de foto<\/td>\n<td>*.jpg<\/td>\n<\/tr>\n<tr>\n<td>Formato de v\u00eddeo<\/td>\n<td>*.asf<\/td>\n<\/tr>\n<tr>\n<td>Intervalo espectral, nm<\/td>\n<td>380-650 (filtro IR incorporado)<\/td>\n<\/tr>\n<tr>\n<td>Tipo de obturador<\/td>\n<td>obturador rodante<\/td>\n<\/tr>\n<tr>\n<td>Requisitos del sistema<\/td>\n<td>Windows 8\/10\/11 (32 bits y 64 bits), Mac OS X, Linux, procesador Intel Core 2 de hasta 2,8 GHz o superior, m\u00ednimo 4 GB de RAM, puerto USB 2.0, RJ45, CD-ROM, pantalla de 19&#8242; o mayor<\/td>\n<\/tr>\n<tr>\n<td>Software<\/td>\n<td>HDMI: integrado  USB: MAGUS View<\/td>\n<\/tr>\n<tr>\n<td>Tipo de montura<\/td>\n<td>montura C<\/td>\n<\/tr>\n<tr>\n<td>Cuerpo<\/td>\n<td>aleaci\u00f3n de aluminio CNC<\/td>\n<\/tr>\n<tr>\n<td>Alimentaci\u00f3n<\/td>\n<td>adaptador de CC de 12 V, 1 A<\/td>\n<\/tr>\n<tr>\n<td>Especificaciones del adaptador de corriente de CC<\/td>\n<td>entrada de corriente: voltaje de CA 100\u2013240 V, 50\/60 Hz, salida de corriente: voltaje de CC 12 V\/1 A<\/td>\n<\/tr>\n<tr>\n<td>Intervalo de temperatura de funcionamiento, \u00b0C<\/td>\n<td>-10 \u2014 50<\/td>\n<\/tr>\n<tr>\n<td>Intervalo de humedad de funcionamiento, %<\/td>\n<td>30 \u2014 80<\/td>\n<\/tr>\n<\/tbody>\n<\/table>\n","protected":false},"excerpt":{"rendered":"<p>MAGUS CHD30 es una c\u00e1mara dise\u00f1ada para trabajar con un microscopio. Con su ayuda se pueden crear materiales fotogr\u00e1ficos y de v\u00eddeo del objeto observado, as\u00ed como editarlos e incluso tomar sus medidas. La caracter\u00edstica especial de esta c\u00e1mara es su capacidad de emparejarse con un ordenador a trav\u00e9s de wifi, as\u00ed como con una pantalla externa mediante la interfaz HDMI. La frecuencia de fotogramas es de 25 o 60 fps, respectivamente. Cuando se conecta una pantalla externa, la c\u00e1mara enfoca autom\u00e1ticamente el objeto, lo que facilita la captura y produce mejores resultados. El dispositivo es capaz de funcionar de forma aut\u00f3noma y crear una imagen Full HD (1920&#215;1080 p\u00edxeles). La combinaci\u00f3n de una alta frecuencia de fotogramas y Full HD crea una imagen de alta calidad sin interferencias ni distorsiones.<\/p>\n","protected":false},"featured_media":83198,"template":"","meta":{"_exactmetrics_skip_tracking":false,"_exactmetrics_sitenote_active":false,"_exactmetrics_sitenote_note":"","_exactmetrics_sitenote_category":0},"product_brand":[],"product_cat":[615],"product_tag":[],"class_list":{"0":"post-84591","1":"product","2":"type-product","3":"status-publish","4":"has-post-thumbnail","6":"product_cat-camaras-2","7":"product_shipping_class-pieza-pequena","9":"first","10":"instock","11":"taxable","12":"shipping-taxable","13":"purchasable","14":"product-type-simple"},"_links":{"self":[{"href":"https:\/\/microscopistas.com\/en\/wp-json\/wp\/v2\/product\/84591","targetHints":{"allow":["GET"]}}],"collection":[{"href":"https:\/\/microscopistas.com\/en\/wp-json\/wp\/v2\/product"}],"about":[{"href":"https:\/\/microscopistas.com\/en\/wp-json\/wp\/v2\/types\/product"}],"wp:featuredmedia":[{"embeddable":true,"href":"https:\/\/microscopistas.com\/en\/wp-json\/wp\/v2\/media\/83198"}],"wp:attachment":[{"href":"https:\/\/microscopistas.com\/en\/wp-json\/wp\/v2\/media?parent=84591"}],"wp:term":[{"taxonomy":"product_brand","embeddable":true,"href":"https:\/\/microscopistas.com\/en\/wp-json\/wp\/v2\/product_brand?post=84591"},{"taxonomy":"product_cat","embeddable":true,"href":"https:\/\/microscopistas.com\/en\/wp-json\/wp\/v2\/product_cat?post=84591"},{"taxonomy":"product_tag","embeddable":true,"href":"https:\/\/microscopistas.com\/en\/wp-json\/wp\/v2\/product_tag?post=84591"}],"curies":[{"name":"wp","href":"https:\/\/api.w.org\/{rel}","templated":true}]}}