{"id":84590,"date":"2024-07-29T18:29:04","date_gmt":"2024-07-29T16:29:04","guid":{"rendered":"http:\/\/microscopistas.com\/?post_type=product&#038;p=84590"},"modified":"2024-07-30T10:10:55","modified_gmt":"2024-07-30T08:10:55","slug":"camara-digital-magus-chd20","status":"publish","type":"product","link":"https:\/\/microscopistas.com\/en\/producto\/camara-digital-magus-chd20\/","title":{"rendered":"C\u00e1mara digital MAGUS CHD20"},"content":{"rendered":"<p>MAGUS CHD20 es una c\u00e1mara digital para montaje en microscopio. Est\u00e1 dise\u00f1ada para tomar fotos y grabar v\u00eddeos de investigaci\u00f3n, editarlos, y tambi\u00e9n es capaz de medir las dimensiones lineales y angulares de los objetos y sus estructuras. El dispositivo funciona con su propio software, por lo que puede conectarse no solo a un ordenador, sino tambi\u00e9n directamente a una pantalla externa. Para ello, la c\u00e1mara est\u00e1 equipada con dos tipos de interfaces: HDMI y USB.<\/p>\n<p>La c\u00e1mara produce una imagen Full HD de alta calidad (1920&#215;1080 p\u00edxeles), y proporciona altas velocidades de fotogramas y de transferencia de datos entre dispositivos. Incorpora un sensor Sony de alta sensibilidad a la luz capaz de disparar incluso con luz fluorescente. Otra caracter\u00edstica de esta c\u00e1mara es el uso de filtros de mosaico RGB. Esto reduce la corriente oscura y proporciona una imagen n\u00edtida. Todo el sistema de la c\u00e1mara est\u00e1 orientado a crear una imagen de alta calidad sin roturas, congelaciones ni distorsiones, incluso si el sujeto de observaci\u00f3n est\u00e1 en movimiento.<\/p>\n<p><strong>Sensor<\/strong><\/p>\n<p>El sensor CMOS en color de la serie Starvis de SONY, con su peque\u00f1o tama\u00f1o (1\/2&#8221;, 3,75&#215;3,75 \u03bcm p\u00edxeles), tiene una alta fotosensibilidad (1175 mV a una velocidad de obturaci\u00f3n de 1\/30s) y permite disparar incluso en condiciones de poca luz. Esto es posible gracias al uso de la tecnolog\u00eda de retroiluminaci\u00f3n. Para crear un campo de visi\u00f3n lo m\u00e1s amplio posible sin distorsi\u00f3n, se recomienda utilizar un adaptador con un aumento de 0,5x a 0,7x.<\/p>\n<p><strong>Software<\/strong><\/p>\n<p>La c\u00e1mara se suministra con un disco de instalaci\u00f3n con software para manejar el dispositivo. El software integrado permite a la c\u00e1mara MAGUS CHD20 trabajar de forma aut\u00f3noma para tomar fotos y grabar v\u00eddeos, procesar los resultados directamente en el dispositivo e incluso tomar medidas del objeto. Para realizar mediciones, primero debe calibrar el software para cada objetivo mediante un portaobjetos de calibraci\u00f3n.<\/p>\n<p><strong>Conexi\u00f3n a dispositivos externos<\/strong><\/p>\n<p>MAGUS CHD20 admite la conexi\u00f3n a una pantalla externa, un ordenador, as\u00ed como la integraci\u00f3n de dispositivos adicionales. La conexi\u00f3n a un monitor, TV o un proyector se realiza a trav\u00e9s de la interfaz HDMI, a 60 fps. Puedes conectar la c\u00e1mara a un ordenador a trav\u00e9s de la interfaz USB 2.0 a 50 fps.<\/p>\n<p>La c\u00e1mara incluye una tarjeta SD de 32 GB. En ella puedes guardar fotos y v\u00eddeos y procesarlos con el software incorporado. La interfaz USB permite conectar una unidad flash.<\/p>\n<p>Se recomienda utilizar un rat\u00f3n para manejar las aplicaciones de la c\u00e1mara. Tambi\u00e9n se incluye en el kit y est\u00e1 dise\u00f1ado para nivelar las vibraciones que surgen de la interacci\u00f3n directa con la c\u00e1mara.<\/p>\n<p>El dispositivo puede combinarse con monitores especiales MAGUS, que se instalan directamente en la c\u00e1mara y crean un sistema de im\u00e1genes de microscopio.<\/p>\n<p><strong>Montaje en un microscopio<\/strong><\/p>\n<p>La c\u00e1mara puede insertarse en el tubo del ocular del microscopio, conect\u00e1ndose a \u00e9l mediante un adaptador de montura C y un anillo adaptador para el di\u00e1metro del tubo (se adquieren por separado). Para instalar el dispositivo en el tubo trinocular se utiliza un adaptador de montura C.<\/p>\n<p><strong>Caracter\u00edsticas principales:<\/strong><\/p>\n<ul>\n<li>La sensibilidad a la luz de 1175 mV a 1\/30s permite disparar incluso con poca luz o luz fluorescente<\/li>\n<li>La c\u00e1mara produce im\u00e1genes Full HD de alta calidad (1920&#215;1080 p\u00edxeles)<\/li>\n<li>El software incorporado brinda la capacidad de crear y procesar de forma aut\u00f3noma materiales fotogr\u00e1ficos y de v\u00eddeo y realizar mediciones de objetos<\/li>\n<li>Las interfaces HDMI y USB se utilizan para mostrar datos en un monitor u ordenador externo  la velocidad de fotogramas es de 60 y 50 fps, respectivamente, seg\u00fan la conexi\u00f3n<\/li>\n<li>La c\u00e1mara utiliza filtros de mosaico RGB, que reducen la corriente oscura y producen una imagen clara<\/li>\n<\/ul>\n<p><strong>El kit incluye:<\/strong><\/p>\n<ul>\n<li>C\u00e1mara digital<\/li>\n<li>Cable HDMI (1,5 m)<\/li>\n<li>Cable USB 2.0 (2 m)<\/li>\n<li>Rat\u00f3n USB<\/li>\n<li>Tarjeta de memoria SD de 32 GB<\/li>\n<li>Adaptador de corriente de CA 12 V\/1 A (Europa)<\/li>\n<li>CD de instalaci\u00f3n con controladores y software<\/li>\n<li>Manual del usuario y tarjeta de garant\u00eda<\/li>\n<\/ul>\n<table>\n<tbody>\n<tr>\n<td>Marca<\/td>\n<td>MAGUS<\/td>\n<\/tr>\n<tr>\n<td>Garant\u00eda<\/td>\n<td>5 \u043b\u0435\u0442<\/td>\n<\/tr>\n<tr>\n<td>EAN<\/td>\n<td>5905555019147<\/td>\n<\/tr>\n<tr>\n<td>Tama\u00f1o de paquete (LxAn.xAl.)<\/td>\n<td>25x17x9 cm<\/td>\n<\/tr>\n<tr>\n<td>Peso del env\u00edo<\/td>\n<td>1.5 kg<\/td>\n<\/tr>\n<tr>\n<td>Sensor<\/td>\n<td>Sony Exmor\/Starvis CMOS<\/td>\n<\/tr>\n<tr>\n<td>Color\/monocromo<\/td>\n<td>color <\/td>\n<\/tr>\n<tr>\n<td>Megap\u00edxeles<\/td>\n<td>2<\/td>\n<\/tr>\n<tr>\n<td>Resoluci\u00f3n m\u00e1xima, p\u00edxeles<\/td>\n<td>1920&#215;1080<\/td>\n<\/tr>\n<tr>\n<td>Tama\u00f1o del sensor<\/td>\n<td>1\/2&#8242; (7,2&#215;4,05 mm)<\/td>\n<\/tr>\n<tr>\n<td>Tama\u00f1o del p\u00edxel, &#038;micro m<\/td>\n<td>3.75&#215;3.75<\/td>\n<\/tr>\n<tr>\n<td>Conectores de interfaz<\/td>\n<td>USB 2.0, HDMI 1,4<\/td>\n<\/tr>\n<tr>\n<td>Tarjeta de memoria<\/td>\n<td>SD hasta 32 GB<\/td>\n<\/tr>\n<tr>\n<td>Posibilidad de conectar accesorios<\/td>\n<td>rat\u00f3n USB, memoria flash (USB)<\/td>\n<\/tr>\n<tr>\n<td>Sensibilidad a la luz<\/td>\n<td>1175 mV con 1\/30 s<\/td>\n<\/tr>\n<tr>\n<td>Relaci\u00f3n se\u00f1al\/ruido<\/td>\n<td>0,15 mV a 1\/30 s<\/td>\n<\/tr>\n<tr>\n<td>Tiempo de exposici\u00f3n<\/td>\n<td>0,04 ms \u2013 1000 ms<\/td>\n<\/tr>\n<tr>\n<td>Grabaci\u00f3n de v\u00eddeo<\/td>\n<td>yes<\/td>\n<\/tr>\n<tr>\n<td>Frecuencia de fotogramas, fps para cada resoluci\u00f3n<\/td>\n<td>60 a 1920&#215;1080 (HDMI), 50 a 1920&#215;1080 (USB)<\/td>\n<\/tr>\n<tr>\n<td>Lugar de instalaci\u00f3n<\/td>\n<td>tubo trinocular, tubo ocular en sustituci\u00f3n de un ocular<\/td>\n<\/tr>\n<tr>\n<td>Formato de foto<\/td>\n<td>*.jpg, *.tif<\/td>\n<\/tr>\n<tr>\n<td>Formato de v\u00eddeo<\/td>\n<td>*.h264\/*.h265, *.mp4<\/td>\n<\/tr>\n<tr>\n<td>Intervalo espectral, nm<\/td>\n<td>380-650 (filtro IR incorporado)<\/td>\n<\/tr>\n<tr>\n<td>Tipo de obturador<\/td>\n<td>obturador rodante<\/td>\n<\/tr>\n<tr>\n<td>Requisitos del sistema<\/td>\n<td>Windows 8\/10\/11 (32 bits y 64 bits), Mac OS X, Linux, procesador Intel Core 2 de hasta 2,8 GHz o superior, m\u00ednimo 4 GB de RAM, puerto USB 2.0, RJ45, CD-ROM, pantalla de 19&#8242; o mayor<\/td>\n<\/tr>\n<tr>\n<td>Software<\/td>\n<td>HDMI: integrado  USB: MAGUS View<\/td>\n<\/tr>\n<tr>\n<td>Tipo de montura<\/td>\n<td>montura C<\/td>\n<\/tr>\n<tr>\n<td>Cuerpo<\/td>\n<td>aleaci\u00f3n de aluminio CNC<\/td>\n<\/tr>\n<tr>\n<td>Alimentaci\u00f3n<\/td>\n<td>adaptador de CC de 12 V, 1 A<\/td>\n<\/tr>\n<tr>\n<td>Especificaciones del adaptador de corriente de CC<\/td>\n<td>entrada de corriente: voltaje de CA 100\u2013240 V, 50\/60 Hz, salida de corriente: voltaje de CC 12 V\/1 A<\/td>\n<\/tr>\n<tr>\n<td>Intervalo de temperatura de funcionamiento, \u00b0C<\/td>\n<td>-10 \u2014 50<\/td>\n<\/tr>\n<tr>\n<td>Intervalo de humedad de funcionamiento, %<\/td>\n<td>30 \u2014 80<\/td>\n<\/tr>\n<\/tbody>\n<\/table>\n","protected":false},"excerpt":{"rendered":"<p>MAGUS CHD20 es una c\u00e1mara digital para montaje en microscopio. Est\u00e1 dise\u00f1ada para tomar fotos y grabar v\u00eddeos de investigaci\u00f3n, editarlos, y tambi\u00e9n es capaz de medir las dimensiones lineales y angulares de los objetos y sus estructuras. El dispositivo funciona con su propio software, por lo que puede conectarse no solo a un ordenador, sino tambi\u00e9n directamente a una pantalla externa. Para ello, la c\u00e1mara est\u00e1 equipada con dos tipos de interfaces: HDMI y USB.<\/p>\n","protected":false},"featured_media":83195,"template":"","meta":{"_exactmetrics_skip_tracking":false,"_exactmetrics_sitenote_active":false,"_exactmetrics_sitenote_note":"","_exactmetrics_sitenote_category":0},"product_brand":[],"product_cat":[615],"product_tag":[],"class_list":{"0":"post-84590","1":"product","2":"type-product","3":"status-publish","4":"has-post-thumbnail","6":"product_cat-camaras-2","7":"product_shipping_class-pieza-pequena","9":"first","10":"instock","11":"taxable","12":"shipping-taxable","13":"purchasable","14":"product-type-simple"},"_links":{"self":[{"href":"https:\/\/microscopistas.com\/en\/wp-json\/wp\/v2\/product\/84590","targetHints":{"allow":["GET"]}}],"collection":[{"href":"https:\/\/microscopistas.com\/en\/wp-json\/wp\/v2\/product"}],"about":[{"href":"https:\/\/microscopistas.com\/en\/wp-json\/wp\/v2\/types\/product"}],"wp:featuredmedia":[{"embeddable":true,"href":"https:\/\/microscopistas.com\/en\/wp-json\/wp\/v2\/media\/83195"}],"wp:attachment":[{"href":"https:\/\/microscopistas.com\/en\/wp-json\/wp\/v2\/media?parent=84590"}],"wp:term":[{"taxonomy":"product_brand","embeddable":true,"href":"https:\/\/microscopistas.com\/en\/wp-json\/wp\/v2\/product_brand?post=84590"},{"taxonomy":"product_cat","embeddable":true,"href":"https:\/\/microscopistas.com\/en\/wp-json\/wp\/v2\/product_cat?post=84590"},{"taxonomy":"product_tag","embeddable":true,"href":"https:\/\/microscopistas.com\/en\/wp-json\/wp\/v2\/product_tag?post=84590"}],"curies":[{"name":"wp","href":"https:\/\/api.w.org\/{rel}","templated":true}]}}