{"id":84589,"date":"2024-07-29T18:29:04","date_gmt":"2024-07-29T16:29:04","guid":{"rendered":"http:\/\/microscopistas.com\/?post_type=product&#038;p=84589"},"modified":"2024-07-30T10:38:48","modified_gmt":"2024-07-30T08:38:48","slug":"camara-digital-magus-chd10","status":"publish","type":"product","link":"https:\/\/microscopistas.com\/en\/producto\/camara-digital-magus-chd10\/","title":{"rendered":"C\u00e1mara digital MAGUS CHD10"},"content":{"rendered":"<p>MAGUS CHD10 es la c\u00e1mara HDMI de nivel b\u00e1sico de la gama de c\u00e1maras MAGUS. El dispositivo se instala en un microscopio y permite tomar fotograf\u00edas y grabar v\u00eddeos, procesar los resultados e incluso medir objetos de estudio. La grabaci\u00f3n de v\u00eddeo se realiza a 60 fotogramas por segundo, lo que produce una imagen Full HD de alta calidad (1920&#215;1080 p\u00edxeles) sin interferencias ni distorsiones, incluso al observar objetos en movimiento. El resultado se puede mostrar en una pantalla en tiempo real y guardar en una tarjeta SD.<\/p>\n<p>La c\u00e1mara est\u00e1 preparada para funcionar de forma aut\u00f3noma. Al mismo tiempo, se le pueden conectar dispositivos adicionales.<\/p>\n<p><strong>Software<\/strong><\/p>\n<p>El software propio de la c\u00e1mara MAGUS CHD10 permite tomar fotograf\u00edas y grabar v\u00eddeos en Full HD (1920&#215;1080 p\u00edxeles), visualizar la imagen en una pantalla, procesar la imagen y medir las dimensiones lineales y angulares de los objetos y sus estructuras. Para realizar mediciones, el software del dispositivo requerir\u00e1 la calibraci\u00f3n de cada objetivo mediante un portaobjetos de calibraci\u00f3n.<\/p>\n<p><strong>Sensor<\/strong><\/p>\n<p>La c\u00e1mara utiliza el sensor en color SONY Starvis de tipo CMOS. Su tama\u00f1o es de 1\/2,8&#8221; con un tama\u00f1o de p\u00edxel de 2,9&#215;2,9 \u03bcm. La c\u00e1mara utiliza tecnolog\u00eda de retroiluminaci\u00f3n y es capaz de funcionar en condiciones de poca luz. Su sensibilidad a la luz es de 1300 mV a 1\/30 segundos. Para obtener el mejor rendimiento y el m\u00e1ximo campo de visi\u00f3n con una distorsi\u00f3n m\u00ednima, utilice un adaptador con un aumento de 0,35x a 0,6x.<\/p>\n<p><strong>Montaje en un microscopio<\/strong><\/p>\n<p>Para comenzar a utilizar la c\u00e1mara, coloque el MAGUS CHD10 en el tubo del ocular de microscopio en lugar de un ocular. Para conectar los dispositivos necesitar\u00e1 un adaptador de montura C y un anillo adaptador para el di\u00e1metro del tubo. La c\u00e1mara tambi\u00e9n puede montarse en el tubo trinocular mediante un adaptador de montura C.<\/p>\n<p><strong>Accesorios adicionales<\/strong><\/p>\n<p>Se pueden conectar dispositivos adicionales a la c\u00e1mara para hacer que el trabajo sea m\u00e1s c\u00f3modo y productivo:<\/p>\n<ul>\n<li>Se puede conectar un rat\u00f3n a trav\u00e9s del puerto USB. El control del rat\u00f3n eliminar\u00e1 las vibraciones cuando est\u00e9 en contacto directo con la c\u00e1mara<\/li>\n<li>La tarjeta SD incluida sirve para guardar fotos y v\u00eddeos<\/li>\n<li>Combine la c\u00e1mara con los monitores de la l\u00ednea MAGUS. Se pueden montar directamente en la c\u00e1mara para que todo el sistema se convierta en una herramienta de imagen c\u00f3moda y eficaz para los microscopios MAGUS<\/li>\n<\/ul>\n<p><strong>Caracter\u00edsticas principales:<\/strong><\/p>\n<ul>\n<li>Aut\u00f3noma: no requiere conexi\u00f3n a un ordenador, equipada con su propio software<\/li>\n<li>La imagen puede visualizarse f\u00e1cilmente en un monitor, televisor o pantalla de proyector<\/li>\n<li>Im\u00e1genes Full HD de alta calidad (1920&#215;1080 p\u00edxeles)<\/li>\n<li>Capacidad para trabajar en condiciones de poca luz gracias al sensor SONY Starvis de tipo CMOS<\/li>\n<li>F\u00e1cil integraci\u00f3n con los monitores MAGUS<\/li>\n<\/ul>\n<p><strong>El kit incluye:<\/strong><\/p>\n<ul>\n<li>C\u00e1mara digital<\/li>\n<li>Cable HDMI (1,5 m)<\/li>\n<li>Rat\u00f3n USB<\/li>\n<li>Tarjeta de memoria SD de 32 GB<\/li>\n<li>Adaptador de corriente de CA 12 V\/1 A (Europa)<\/li>\n<li>Manual del usuario y tarjeta de garant\u00eda<\/li>\n<\/ul>\n<table>\n<tbody>\n<tr>\n<td>Marca<\/td>\n<td>MAGUS<\/td>\n<\/tr>\n<tr>\n<td>Garant\u00eda<\/td>\n<td>5 \u043b\u0435\u0442<\/td>\n<\/tr>\n<tr>\n<td>EAN<\/td>\n<td>5905555019130<\/td>\n<\/tr>\n<tr>\n<td>Tama\u00f1o de paquete (LxAn.xAl.)<\/td>\n<td>17x17x8 cm<\/td>\n<\/tr>\n<tr>\n<td>Peso del env\u00edo<\/td>\n<td>0.9 kg<\/td>\n<\/tr>\n<tr>\n<td>Sensor<\/td>\n<td>SONY Starvis CMOS<\/td>\n<\/tr>\n<tr>\n<td>Color\/monocromo<\/td>\n<td>color<\/td>\n<\/tr>\n<tr>\n<td>Megap\u00edxeles<\/td>\n<td>2<\/td>\n<\/tr>\n<tr>\n<td>Resoluci\u00f3n m\u00e1xima, p\u00edxeles<\/td>\n<td>1920&#215;1080<\/td>\n<\/tr>\n<tr>\n<td>Tama\u00f1o del sensor<\/td>\n<td>1\/2,8&#8242; (5,57&#215;3,13mm)<\/td>\n<\/tr>\n<tr>\n<td>Tama\u00f1o del p\u00edxel, &amp;micro m<\/td>\n<td>2.9&#215;2.9<\/td>\n<\/tr>\n<tr>\n<td>Conectores de interfaz<\/td>\n<td>HDMI 1,4<\/td>\n<\/tr>\n<tr>\n<td>Tarjeta de memoria<\/td>\n<td>SD hasta 32 GB<\/td>\n<\/tr>\n<tr>\n<td>Posibilidad de conectar accesorios<\/td>\n<td>rat\u00f3n USB<\/td>\n<\/tr>\n<tr>\n<td>Sensibilidad a la luz<\/td>\n<td>1300 mV a 1\/30 s<\/td>\n<\/tr>\n<tr>\n<td>Tiempo de exposici\u00f3n<\/td>\n<td>0,04 ms \u2013 1000 ms<\/td>\n<\/tr>\n<tr>\n<td>Grabaci\u00f3n de v\u00eddeo<\/td>\n<td>yes<\/td>\n<\/tr>\n<tr>\n<td>Frecuencia de fotogramas, fps para cada resoluci\u00f3n<\/td>\n<td>60 a 1920&#215;1080 (HDMI)<\/td>\n<\/tr>\n<tr>\n<td>Lugar de instalaci\u00f3n<\/td>\n<td>tubo trinocular, tubo ocular en sustituci\u00f3n de un ocular<\/td>\n<\/tr>\n<tr>\n<td>Formato de foto<\/td>\n<td>*.jpg<\/td>\n<\/tr>\n<tr>\n<td>Formato de v\u00eddeo<\/td>\n<td>*.h264, *.mp4<\/td>\n<\/tr>\n<tr>\n<td>Intervalo espectral, nm<\/td>\n<td>380-650 (filtro IR incorporado)<\/td>\n<\/tr>\n<tr>\n<td>Tipo de obturador<\/td>\n<td>obturador rodante<\/td>\n<\/tr>\n<tr>\n<td>Requisitos del sistema<\/td>\n<td>no necesita conexi\u00f3n a un ordenador<\/td>\n<\/tr>\n<tr>\n<td>Software<\/td>\n<td>HDMI: integrado<\/td>\n<\/tr>\n<tr>\n<td>Tipo de montura<\/td>\n<td>montura C<\/td>\n<\/tr>\n<tr>\n<td>Cuerpo<\/td>\n<td>aluminio macizo<\/td>\n<\/tr>\n<tr>\n<td>Alimentaci\u00f3n<\/td>\n<td>adaptador de CA 12 V, 1 A<\/td>\n<\/tr>\n<tr>\n<td>Intervalo de temperatura de funcionamiento, \u00b0C<\/td>\n<td>-10 \u2014 50<\/td>\n<\/tr>\n<tr>\n<td>Intervalo de humedad de funcionamiento, %<\/td>\n<td>30 \u2014 80<\/td>\n<\/tr>\n<\/tbody>\n<\/table>\n","protected":false},"excerpt":{"rendered":"<p>MAGUS CHD10 es la c\u00e1mara HDMI de nivel b\u00e1sico de la gama de c\u00e1maras MAGUS. El dispositivo se instala en un microscopio y permite tomar fotograf\u00edas y grabar v\u00eddeos, procesar los resultados e incluso medir objetos de estudio. La grabaci\u00f3n de v\u00eddeo se realiza a 60 fotogramas por segundo, lo que produce una imagen Full HD de alta calidad (1920&#215;1080 p\u00edxeles) sin interferencias ni distorsiones, incluso al observar objetos en movimiento. El resultado se puede mostrar en una pantalla en tiempo real y guardar en una tarjeta SD.<\/p>\n","protected":false},"featured_media":83192,"template":"","meta":{"_exactmetrics_skip_tracking":false,"_exactmetrics_sitenote_active":false,"_exactmetrics_sitenote_note":"","_exactmetrics_sitenote_category":0},"product_brand":[],"product_cat":[615],"product_tag":[],"class_list":{"0":"post-84589","1":"product","2":"type-product","3":"status-publish","4":"has-post-thumbnail","6":"product_cat-camaras-2","7":"product_shipping_class-pieza-pequena","9":"first","10":"outofstock","11":"taxable","12":"shipping-taxable","13":"purchasable","14":"product-type-simple"},"_links":{"self":[{"href":"https:\/\/microscopistas.com\/en\/wp-json\/wp\/v2\/product\/84589","targetHints":{"allow":["GET"]}}],"collection":[{"href":"https:\/\/microscopistas.com\/en\/wp-json\/wp\/v2\/product"}],"about":[{"href":"https:\/\/microscopistas.com\/en\/wp-json\/wp\/v2\/types\/product"}],"wp:featuredmedia":[{"embeddable":true,"href":"https:\/\/microscopistas.com\/en\/wp-json\/wp\/v2\/media\/83192"}],"wp:attachment":[{"href":"https:\/\/microscopistas.com\/en\/wp-json\/wp\/v2\/media?parent=84589"}],"wp:term":[{"taxonomy":"product_brand","embeddable":true,"href":"https:\/\/microscopistas.com\/en\/wp-json\/wp\/v2\/product_brand?post=84589"},{"taxonomy":"product_cat","embeddable":true,"href":"https:\/\/microscopistas.com\/en\/wp-json\/wp\/v2\/product_cat?post=84589"},{"taxonomy":"product_tag","embeddable":true,"href":"https:\/\/microscopistas.com\/en\/wp-json\/wp\/v2\/product_tag?post=84589"}],"curies":[{"name":"wp","href":"https:\/\/api.w.org\/{rel}","templated":true}]}}