{"id":84588,"date":"2024-07-29T18:29:03","date_gmt":"2024-07-29T16:29:03","guid":{"rendered":"http:\/\/microscopistas.com\/?post_type=product&#038;p=84588"},"modified":"2024-07-29T18:42:38","modified_gmt":"2024-07-29T16:42:38","slug":"estereomicroscopio-digital-magus-stereo-d9t-lcd","status":"publish","type":"product","link":"https:\/\/microscopistas.com\/en\/producto\/estereomicroscopio-digital-magus-stereo-d9t-lcd\/","title":{"rendered":"Estereomicroscopio digital MAGUS Stereo D9T LCD"},"content":{"rendered":"<p>El estereomicroscopio MAGUS Stereo 9T obtiene una imagen tridimensional no invertida y tiene una gran distancia de trabajo. Le permite examinar muestras y tambi\u00e9n realizar experimentos con ellas. El dise\u00f1o \u00f3ptico Greenough produce im\u00e1genes n\u00edtidas y tridimensionales, lo cual es esencial para observaciones de alta precisi\u00f3n. El microscopio est\u00e1 equipado con una lente de tipo zoom y dos fuentes de luz (luz transmitida y reflejada) y, opcionalmente, se puede ampliar con accesorios adicionales. Es una excelente opci\u00f3n para trabajos de restauraci\u00f3n, soldadura, construcci\u00f3n de maquetas, reparaci\u00f3n de maquinaria y control de calidad.<\/p>\n<p><strong>C\u00e1mara digital<\/strong><\/p>\n<p>La c\u00e1mara MAGUS CHD10 est\u00e1 equipada con un sensor de 2 MP y produce im\u00e1genes realistas con calidad Full HD y una resoluci\u00f3n de 1920&#215;1080 p\u00edxeles.<br \/> Es una c\u00e1mara aut\u00f3noma que no requiere conexi\u00f3n a un ordenador ni instalaci\u00f3n de software adicional. La c\u00e1mara se puede conectar directamente a un televisor, monitor o proyector para mostrar las im\u00e1genes. La interfaz HDMI proporciona una velocidad de transferencia alta y estable desde la c\u00e1mara a la pantalla externa. El v\u00eddeo se graba a 60 fps.<br \/> La c\u00e1mara combina una alta frecuencia de fotogramas (fps) y una interfaz HDMI de ancho de banda amplio. Por ello, los v\u00eddeos son v\u00edvidos, sin detenciones de la imagen ni saltos entre fotogramas. A la resoluci\u00f3n m\u00e1xima, la imagen es detallada, los objetos en movimiento son visibles sin distorsiones y el movimiento se muestra sin retardos.<\/p>\n<p><strong>Monitor<\/strong>  <\/p>\n<p>Los monitores MAGUS MCD funcionan en combinaci\u00f3n con las c\u00e1maras MAGUS CHD para formar un sistema de imagen completo para los microscopios MAGUS.<br \/> La conexi\u00f3n con la c\u00e1mara se realiza a trav\u00e9s de su interfaz HDMI. El monitor muestra im\u00e1genes en tiempo real. Su pantalla LCD IPS tiene un amplio \u00e1ngulo de visi\u00f3n, alto brillo y buen contraste. Al mirar la pantalla, incluso desde un gran \u00e1ngulo, la imagen no se distorsiona. El tama\u00f1o de la pantalla es de 13,3&#8221;.<br \/> El monitor puede instalarse en una superficie horizontal mediante un soporte plegable o directamente en una c\u00e1mara o tr\u00edpode.<\/p>\n<p><strong>\u00d3ptica<\/strong><\/p>\n<p>El microscopio tiene un cabezal trinocular con un tubo trinocular para instalar una c\u00e1mara. Se incluye un adaptador de montura C, pero se debe comprar una c\u00e1mara digital por separado. El cabezal trinocular gira 360\u00b0. El objetivo de tipo zoom combinado con un ocular de 10x proporciona un aumento de 7x a 63x. Gracias al objetivo de tipo zoom, el grado de aumento cambia sin reducir el enfoque. Si utiliza objetivos auxiliares (no incluidos en el kit), puede cambiar el rango de aumento, la distancia de trabajo y el campo de visi\u00f3n del microscopio. Con accesorios opcionales, el aumento del microscopio se puede incrementar hasta 315x.<\/p>\n<p><strong>Iluminaci\u00f3n<\/strong><\/p>\n<p>La zona de trabajo est\u00e1 iluminada por dos fuentes de luz LED: una fuente de luz transmitida de 5 W y una fuente de luz oblicua reflejada de 3 W. Ambas fuentes de luz funcionan con corriente alterna, son brillantes, no cambian la temperatura del color al ajustar el brillo y tienen una vida \u00fatil de 50.000 horas.<\/p>\n<p><strong>Platina y mecanismo de enfoque<\/strong> <\/p>\n<p>En la platina se instala una de las placas incluidas: placa de doble cara blanca y negra, placa blanca o placa transparente. La primera placa se utiliza para observar objetos opacos y aporta un alto contraste a la imagen. Las muestras de color oscuro se examinan utilizando la cara blanca de la placa, mientras que para las muestras de color claro se utiliza la cara negra. Las placas blanca y transparente se utilizan cuando se observan muestras transl\u00facidas y transparentes y se desea lograr el m\u00e1ximo brillo y una iluminaci\u00f3n uniforme de la zona de trabajo.<\/p>\n<p>El microscopio tiene un mecanismo de enfoque aproximado y enfoque preciso. El enfoque preciso se utiliza con aumentos mayores que 40x. El enfoque aproximado tiene un mando de ajuste de la tensi\u00f3n.<\/p>\n<p><strong>Accesorios<\/strong><\/p>\n<p>Para ampliar las prestaciones del microscopio, utilice accesorios adicionales tales como oculares, lentes auxiliares, portaobjetos de calibraci\u00f3n y c\u00e1maras digitales. Tambi\u00e9n es posible instalar un dispositivo para observaciones con luz polarizada.<\/p>\n<p><strong>Caracter\u00edsticas principales del microscopio:<\/strong><\/p>\n<ul>\n<li>Objetivo de tipo zoom con una relaci\u00f3n de zoom de 9:1<\/li>\n<li>Cabezal trinocular con rotaci\u00f3n de 360\u00b0, tubo trinocular para toma de fotos y grabaci\u00f3n de v\u00eddeo<\/li>\n<li>Dise\u00f1o \u00f3ptico Greenough, imagen tridimensional con una gran profundidad de campo<\/li>\n<li>Iluminaci\u00f3n transmitida y reflejada (oblicua), dos fuentes de luz LED duraderos<\/li>\n<li>Accesorios opcionales para mejorar el rendimiento del microscopio<\/li>\n<\/ul>\n<p><strong>Caracter\u00edsticas principales de la c\u00e1mara:<\/strong>  <\/p>\n<ul>\n<li>La c\u00e1mara funciona de forma aut\u00f3noma, sin necesidad de conexi\u00f3n a un ordenador ni instalaci\u00f3n de ning\u00fan software<\/li>\n<li>Interfaz HDMI para lograr una velocidad de transferencia de datos alta y estable<\/li>\n<li>La resoluci\u00f3n de la c\u00e1mara es de 1920&#215;1080 p\u00edxeles, una opci\u00f3n ideal para mostrar im\u00e1genes en un monitor con calidad Full HD<\/li>\n<li>Frecuencia de fotogramas de 60 fps para observar muestras en movimiento, grabar v\u00eddeo y mover la muestra sin sacudidas ni retardos<\/li>\n<li>El sensor en color SONY Starvis de tipo CMOS proporciona un bajo nivel de ruido digital y una alta sensibilidad a la luz incluso en condiciones de poca luz. Obtendr\u00e1 im\u00e1genes m\u00e1s claras, brillantes y con colores m\u00e1s saturados<\/li>\n<li>Software para toma de fotograf\u00edas, grabaci\u00f3n de v\u00eddeos, edici\u00f3n, visualizaci\u00f3n en un monitor externo, mediciones lineales y angulares<\/li>\n<\/ul>\n<p><strong>El kit incluye:<\/strong><\/p>\n<ul>\n<li>C\u00e1mara digital MAGUS CHD10 (c\u00e1mara digital, Cable HDMI (1,5 m), rat\u00f3n USB, tarjeta de memoria SD de 32 GB, adaptador de corriente de CA 12 V\/1 A (Europa), manual del usuario y tarjeta de garant\u00eda)<\/li>\n<li>Monitor LCD MAGUS MCD20<\/li>\n<li>Base con fuente de luz transmitida integrada y fuente de alimentaci\u00f3n<\/li>\n<li>Cuerpo con mecanismo de enfoque<\/li>\n<li>Cabezal trinocular <\/li>\n<li>Ocular de 10x\/22 mm (2 unidades)<\/li>\n<li>Placa de platina blanca y negra<\/li>\n<li>Placa blanca <\/li>\n<li>Placa transparente<\/li>\n<li>Iluminador oblicuo de luz reflejada <\/li>\n<li>Adaptador de montura C <\/li>\n<li>Cable de alimentaci\u00f3n CA<\/li>\n<li>Cubierta protectora <\/li>\n<li>Manual del usuario y tarjeta de garant\u00eda<\/li>\n<\/ul>\n<p><strong>Disponible bajo petici\u00f3n:<\/strong><\/p>\n<ul>\n<li>Ocular de 15x\/15 mm (2 unidades)<\/li>\n<li>Ocular de 16x\/15 mm (2 unidades)<\/li>\n<li>Ocular de 20x\/12 mm (2 unidades)<\/li>\n<li>Ocular de 25x\/9 mm (2 unidades)<\/li>\n<li>Objetivo auxiliar de 0,5x<\/li>\n<li>Objetivo auxiliar de 2x<\/li>\n<li>Iluminador de luz anular reflejada<\/li>\n<li>Dispositivo de polarizaci\u00f3n<\/li>\n<li>Portaobjetos de calibraci\u00f3n<\/li>\n<\/ul>\n<table>\n<tbody>\n<tr>\n<td>Marca<\/td>\n<td>MAGUS<\/td>\n<\/tr>\n<tr>\n<td>Garant\u00eda<\/td>\n<td>5 \u043b\u0435\u0442<\/td>\n<\/tr>\n<tr>\n<td>EAN<\/td>\n<td>5905555018584<\/td>\n<\/tr>\n<tr>\n<td>Tama\u00f1o de paquete (LxAn.xAl.)<\/td>\n<td>44x42x67 cm<\/td>\n<\/tr>\n<tr>\n<td>Peso del env\u00edo<\/td>\n<td>13.65 kg<\/td>\n<\/tr>\n<tr>\n<td>Delimitador<\/td>\n<td>Estereomicroscopio MAGUS Stereo 9T<\/td>\n<\/tr>\n<tr>\n<td>Tipo<\/td>\n<td>est\u00e9reo\/instrumental, digital<\/td>\n<\/tr>\n<tr>\n<td>Cabezal<\/td>\n<td>trinocular<\/td>\n<\/tr>\n<tr>\n<td>Boquilla<\/td>\n<td>giratorio 360\u00b0<\/td>\n<\/tr>\n<tr>\n<td>\u00c1ngulo de inclinaci\u00f3n de cabezal<\/td>\n<td>45\u00b0<\/td>\n<\/tr>\n<tr>\n<td>Ampliaci\u00f3n, x<\/td>\n<td>configuraci\u00f3n b\u00e1sica: 7\u201363 (*opcional: 3,5\u2013315)  relaci\u00f3n de zoom 9:1<\/td>\n<\/tr>\n<tr>\n<td>Rango de ampliaci\u00f3n<\/td>\n<td>hasta 200x<\/td>\n<\/tr>\n<tr>\n<td>Di\u00e1metro del tubo del ocular, mm<\/td>\n<td>30<\/td>\n<\/tr>\n<tr>\n<td>Oculares<\/td>\n<td>10x\/22 mm, larga distancia de acomodaci\u00f3n ocular (*opcional: 15x\/15 mm, 16x\/15 mm, 20x\/12 mm, 25x\/9 mm)<\/td>\n<\/tr>\n<tr>\n<td>Objetivos<\/td>\n<td>0,7\u20136,3x (*opcional: con objetivo auxiliar de 0,5x: 0,35\u20133,15x  con objetivo auxiliar de 2x: 1,4\u201312,6x)<\/td>\n<\/tr>\n<tr>\n<td>Distancia de trabajo, mm<\/td>\n<td>110 (con objetivo auxiliar de 0,5x: 188  con objetivo auxiliar de 2x: 40,4)<\/td>\n<\/tr>\n<tr>\n<td>Distancia interpupilar, mm<\/td>\n<td>53 \u2014 75<\/td>\n<\/tr>\n<tr>\n<td>Campo de visi\u00f3n, mm<\/td>\n<td>31,43\u20133,49 (con objetivo auxiliar de 0,5x: 62,85\u20136,98  con objetivo auxiliar de 2x: 15,71\u20131,745), con ocular de 10x<\/td>\n<\/tr>\n<tr>\n<td>Platina, mm<\/td>\n<td>\u00d890<\/td>\n<\/tr>\n<tr>\n<td>Platina<\/td>\n<td>placa blanca, placa negra\/blanca, placa transparente<\/td>\n<\/tr>\n<tr>\n<td>Ajuste di\u00f3ptrico<\/td>\n<td>\u00b15D en cada ocular<\/td>\n<\/tr>\n<tr>\n<td>Enfoque<\/td>\n<td>coaxial, aproximado (83 mm, con ajuste de tensi\u00f3n del enfoque aproximado) y enfoque preciso (0,002 mm)<\/td>\n<\/tr>\n<tr>\n<td>Iluminaci\u00f3n<\/td>\n<td>LED<\/td>\n<\/tr>\n<tr>\n<td>Ajuste del brillo<\/td>\n<td>yes<\/td>\n<\/tr>\n<tr>\n<td>Alimentaci\u00f3n<\/td>\n<td>220 V\/50 Hz, alimentaci\u00f3n de red de CA<\/td>\n<\/tr>\n<tr>\n<td>Tipo de fuente de iluminaci\u00f3n<\/td>\n<td>fuente de luz oblicua reflejada: LED de 3 W  luz transmitida: LED de 5 W<\/td>\n<\/tr>\n<tr>\n<td>Posibilidad de conectar accesorios<\/td>\n<td>dispositivo de polarizaci\u00f3n<\/td>\n<\/tr>\n<tr>\n<td>Nivel de usuario<\/td>\n<td>usuarios experimentados, profesionales<\/td>\n<\/tr>\n<tr>\n<td>Montaje y nivel de dificultad de instalaci\u00f3n<\/td>\n<td>complicado<\/td>\n<\/tr>\n<tr>\n<td>Sistema \u00f3ptico<\/td>\n<td>Greenough<\/td>\n<\/tr>\n<tr>\n<td>Aplicaci\u00f3n<\/td>\n<td>investigaci\u00f3n aplicada<\/td>\n<\/tr>\n<tr>\n<td>Ubicaci\u00f3n de la iluminaci\u00f3n<\/td>\n<td>doble<\/td>\n<\/tr>\n<tr>\n<td>M\u00e9todo de investigaci\u00f3n<\/td>\n<td>campo claro<\/td>\n<\/tr>\n<tr>\n<td>Funda\/malet\u00edn\/bolsa incluida en el kit<\/td>\n<td>cubierta protectora<\/td>\n<\/tr>\n<tr>\n<td>Peso, kg<\/td>\n<td>8<\/td>\n<\/tr>\n<tr>\n<td>Dimensiones, mm<\/td>\n<td>280x463x335<\/td>\n<\/tr>\n<tr>\n<td>=== Delimitador ===<\/td>\n<td>C\u00e1mara digital<\/td>\n<\/tr>\n<tr>\n<td>Sensor<\/td>\n<td>SONY Starvis CMOS<\/td>\n<\/tr>\n<tr>\n<td>Color\/monocromo<\/td>\n<td>color <\/td>\n<\/tr>\n<tr>\n<td>Megap\u00edxeles<\/td>\n<td>2<\/td>\n<\/tr>\n<tr>\n<td>Resoluci\u00f3n m\u00e1xima, p\u00edxeles<\/td>\n<td>1920&#215;1080<\/td>\n<\/tr>\n<tr>\n<td>Tama\u00f1o del sensor<\/td>\n<td>1\/2,8&#8242; (5,57&#215;3,13mm)<\/td>\n<\/tr>\n<tr>\n<td>Tama\u00f1o del p\u00edxel, &#038;micro m<\/td>\n<td>2.9&#215;2.9<\/td>\n<\/tr>\n<tr>\n<td>Conectores de interfaz<\/td>\n<td>HDMI 1,4<\/td>\n<\/tr>\n<tr>\n<td>Tarjeta de memoria<\/td>\n<td>SD hasta 32 GB<\/td>\n<\/tr>\n<tr>\n<td>Posibilidad de conectar accesorios<\/td>\n<td>rat\u00f3n USB<\/td>\n<\/tr>\n<tr>\n<td>Sensibilidad a la luz<\/td>\n<td>1300 mV a 1\/30 s<\/td>\n<\/tr>\n<tr>\n<td>Tiempo de exposici\u00f3n<\/td>\n<td>0,04 ms \u2013 1000 ms<\/td>\n<\/tr>\n<tr>\n<td>Grabaci\u00f3n de v\u00eddeo<\/td>\n<td>yes<\/td>\n<\/tr>\n<tr>\n<td>Frecuencia de fotogramas, fps para cada resoluci\u00f3n<\/td>\n<td>60 a 1920&#215;1080 (HDMI)<\/td>\n<\/tr>\n<tr>\n<td>Lugar de instalaci\u00f3n<\/td>\n<td>tubo trinocular, tubo ocular en sustituci\u00f3n de un ocular<\/td>\n<\/tr>\n<tr>\n<td>Formato de foto<\/td>\n<td>*.jpg<\/td>\n<\/tr>\n<tr>\n<td>Formato de v\u00eddeo<\/td>\n<td>*.h264\/*.h265, *.mp4<\/td>\n<\/tr>\n<tr>\n<td>Intervalo espectral, nm<\/td>\n<td>380-650 (filtro IR incorporado)<\/td>\n<\/tr>\n<tr>\n<td>Tipo de obturador<\/td>\n<td>obturador rodante<\/td>\n<\/tr>\n<tr>\n<td>Software<\/td>\n<td>HDMI: integrado<\/td>\n<\/tr>\n<tr>\n<td>Requisitos del sistema<\/td>\n<td>no necesita conexi\u00f3n a un ordenador<\/td>\n<\/tr>\n<tr>\n<td>Tipo de montura<\/td>\n<td>montura C<\/td>\n<\/tr>\n<tr>\n<td>Cuerpo<\/td>\n<td>aluminio macizo<\/td>\n<\/tr>\n<tr>\n<td>Fuente de alimentaci\u00f3n para c\u00e1mara<\/td>\n<td>adaptador de CA de 12 V, 1 A<\/td>\n<\/tr>\n<tr>\n<td>Especificaciones del adaptador de corriente CA<\/td>\n<td>entrada de corriente: voltaje de CA 100\u2013240 V, 50\/60 Hz, salida de corriente: voltaje de CC 12 V\/1 A<\/td>\n<\/tr>\n<tr>\n<td>Rango de temperaturas de funcionamiento de la c\u00e1mara, \u00b0C<\/td>\n<td>-10 \u2014 50<\/td>\n<\/tr>\n<tr>\n<td>Intervalo de humedad de funcionamiento, %<\/td>\n<td>30 \u2014 80<\/td>\n<\/tr>\n<tr>\n<td>=== Delimitador ===<\/td>\n<td>Monitor<\/td>\n<\/tr>\n<tr>\n<td>Tipo de matriz<\/td>\n<td>IPS<\/td>\n<\/tr>\n<tr>\n<td>Diagonal de pantalla, pulgadas<\/td>\n<td>13.3<\/td>\n<\/tr>\n<tr>\n<td>Resoluci\u00f3n de pantalla, px<\/td>\n<td>1920&#215;1080 (Full HD)<\/td>\n<\/tr>\n<tr>\n<td>Relaci\u00f3n de aspecto<\/td>\n<td>16:9<\/td>\n<\/tr>\n<tr>\n<td>Brillo, cd\/m\u00b2<\/td>\n<td>400<\/td>\n<\/tr>\n<tr>\n<td>N\u00famero de colores mostrados<\/td>\n<td>16,7 millones<\/td>\n<\/tr>\n<tr>\n<td>Contraste<\/td>\n<td>1000:1<\/td>\n<\/tr>\n<tr>\n<td>\u00c1ngulo de visualizaci\u00f3n horizontal\/vertical, \u00b0<\/td>\n<td>178\/178<\/td>\n<\/tr>\n<tr>\n<td>Tama\u00f1o del \u00e1rea visible de la pantalla (ancho x alto), mm<\/td>\n<td>295&#215;165<\/td>\n<\/tr>\n<tr>\n<td>Tama\u00f1o de p\u00edxel (ancho x alto), mm<\/td>\n<td>0,154&#215;0,154<\/td>\n<\/tr>\n<tr>\n<td>Frecuencia de fuente \u00f3ptica, Hz<\/td>\n<td>60<\/td>\n<\/tr>\n<tr>\n<td>Tipo de iluminaci\u00f3n de fondo de la matriz<\/td>\n<td>LED<\/td>\n<\/tr>\n<tr>\n<td>Vida \u00fatil de la iluminaci\u00f3n de fondo LED, h<\/td>\n<td>50000<\/td>\n<\/tr>\n<tr>\n<td>Interfaz<\/td>\n<td>HDMI<\/td>\n<\/tr>\n<tr>\n<td>Intervalo de temperatura de funcionamiento, \u00b0C<\/td>\n<td>-15 \u2014 55<\/td>\n<\/tr>\n<tr>\n<td>Intervalo de humedad de funcionamiento, %<\/td>\n<td>10 \u2014 90<\/td>\n<\/tr>\n<tr>\n<td>Alimentaci\u00f3n<\/td>\n<td>CA 110\u2013220 V, CC 5\u201312 V\/1 A (Tipo C)<\/td>\n<\/tr>\n<tr>\n<td>Consumo de energ\u00eda, W<\/td>\n<td>12 (m\u00e1x.)<\/td>\n<\/tr>\n<\/tbody>\n<\/table>\n","protected":false},"excerpt":{"rendered":"<p>El estereomicroscopio MAGUS Stereo 9T obtiene una imagen tridimensional no invertida y tiene una gran distancia de trabajo. Le permite examinar muestras y tambi\u00e9n realizar experimentos con ellas. El dise\u00f1o \u00f3ptico Greenough produce im\u00e1genes n\u00edtidas y tridimensionales, lo cual es esencial para observaciones de alta precisi\u00f3n. El microscopio est\u00e1 equipado con una lente de tipo zoom y dos fuentes de luz (luz transmitida y reflejada) y, opcionalmente, se puede ampliar con accesorios adicionales. Es una excelente opci\u00f3n para trabajos de restauraci\u00f3n, soldadura, construcci\u00f3n de maquetas, reparaci\u00f3n de maquinaria y control de calidad.<\/p>\n","protected":false},"featured_media":83117,"template":"","meta":{"_exactmetrics_skip_tracking":false,"_exactmetrics_sitenote_active":false,"_exactmetrics_sitenote_note":"","_exactmetrics_sitenote_category":0},"product_brand":[],"product_cat":[614],"product_tag":[],"class_list":{"0":"post-84588","1":"product","2":"type-product","3":"status-publish","4":"has-post-thumbnail","6":"product_cat-estereomicroscopios","7":"product_shipping_class-microscopio","9":"first","10":"instock","11":"taxable","12":"shipping-taxable","13":"purchasable","14":"product-type-simple"},"_links":{"self":[{"href":"https:\/\/microscopistas.com\/en\/wp-json\/wp\/v2\/product\/84588","targetHints":{"allow":["GET"]}}],"collection":[{"href":"https:\/\/microscopistas.com\/en\/wp-json\/wp\/v2\/product"}],"about":[{"href":"https:\/\/microscopistas.com\/en\/wp-json\/wp\/v2\/types\/product"}],"wp:featuredmedia":[{"embeddable":true,"href":"https:\/\/microscopistas.com\/en\/wp-json\/wp\/v2\/media\/83117"}],"wp:attachment":[{"href":"https:\/\/microscopistas.com\/en\/wp-json\/wp\/v2\/media?parent=84588"}],"wp:term":[{"taxonomy":"product_brand","embeddable":true,"href":"https:\/\/microscopistas.com\/en\/wp-json\/wp\/v2\/product_brand?post=84588"},{"taxonomy":"product_cat","embeddable":true,"href":"https:\/\/microscopistas.com\/en\/wp-json\/wp\/v2\/product_cat?post=84588"},{"taxonomy":"product_tag","embeddable":true,"href":"https:\/\/microscopistas.com\/en\/wp-json\/wp\/v2\/product_tag?post=84588"}],"curies":[{"name":"wp","href":"https:\/\/api.w.org\/{rel}","templated":true}]}}