{"id":84586,"date":"2024-07-29T18:29:02","date_gmt":"2024-07-29T16:29:02","guid":{"rendered":"http:\/\/microscopistas.com\/?post_type=product&#038;p=84586"},"modified":"2024-07-29T18:43:11","modified_gmt":"2024-07-29T16:43:11","slug":"microscopio-polarizador-digital-magus-pol-d850-lcd","status":"publish","type":"product","link":"https:\/\/microscopistas.com\/en\/producto\/microscopio-polarizador-digital-magus-pol-d850-lcd\/","title":{"rendered":"Microscopio polarizador digital MAGUS Pol D850 LCD"},"content":{"rendered":"<p>El microscopio polarizador MAGUS Pol 850 est\u00e1 dise\u00f1ado para trabajar con luz transmitida y reflejada. M\u00e9todos de observaci\u00f3n disponibles: polarizaci\u00f3n y campo claro. El microscopio se utiliza para estudiar objetos biol\u00f3gicos, geol\u00f3gicos y polim\u00e9ricos anis\u00f3tropos, as\u00ed como secciones pulidas opacas de hasta 15 mm de grosor con una cara pulida. El microscopio es perfecto para una amplia gama de tareas de profesionales del campo de la medicina, la medicina forense, la mineralog\u00eda, la cristalograf\u00eda o la petrograf\u00eda.<\/p>\n<p><strong>C\u00e1mara digital<\/strong><\/p>\n<p>La c\u00e1mara digital MAGUS CHD40 es una c\u00e1mara HDMI con tres interfaces de v\u00eddeo y conmutaci\u00f3n autom\u00e1tica entre 4K y Full HD dependiendo de la resoluci\u00f3n del monitor. La c\u00e1mara est\u00e1 equipada con un sensor de 8 MP y produce im\u00e1genes realistas con una resoluci\u00f3n 4K (3840&#215;2160 px) cuando se conecta a trav\u00e9s de HDMI o USB 3.0. Cuando se conecta a trav\u00e9s de Wi-Fi, la calidad de imagen es Full HD (1920&#215;1080 px). La c\u00e1mara utiliza una interfaz HDMI para conectarse directamente a un televisor, monitor o proyector. En este modo de operaci\u00f3n, la c\u00e1mara funciona de forma aut\u00f3noma, sin necesidad de estar conectada a un ordenador. La interfaz HDMI proporciona una velocidad de transferencia alta y estable desde la c\u00e1mara a la pantalla externa. Puede conectar la c\u00e1mara a un PC mediante Wi-Fi o USB 3.0. El v\u00eddeo se graba a 30 fps. La c\u00e1mara combina una alta frecuencia de fotogramas (fps) y una interfaz HDMI de ancho de banda amplio. Por ello, los v\u00eddeos son v\u00edvidos, sin detenciones de la imagen ni saltos entre fotogramas. A la resoluci\u00f3n m\u00e1xima, la imagen es detallada, los objetos en movimiento son visibles sin distorsiones y el movimiento se muestra sin retardos.<\/p>\n<p><strong>Monitor<\/strong><\/p>\n<p>El monitor MAGUS MCD40 est\u00e1 dise\u00f1ado para ser utilizado como dispositivo de visualizaci\u00f3n con un microscopio MAGUS. Se conecta a una c\u00e1mara que est\u00e1 instalada en el microscopio para mostrar im\u00e1genes en tiempo real. Admite c\u00e1maras MAGUS con resoluci\u00f3n 4K e interfaz HDMI. La diagonal de la pantalla es de 13,3 pulgadas. La matriz IPS proporciona im\u00e1genes brillantes con \u00e1ngulos de visualizaci\u00f3n amplios. Si mira la pantalla en \u00e1ngulo, la reproducci\u00f3n del color no se distorsiona. El monitor se puede colocar en un soporte plegable sobre una mesa o estante o instalar directamente en la c\u00e1mara o microscopio.<\/p>\n<p><strong>\u00d3ptica<\/strong><\/p>\n<p>La \u00f3ptica del microscopio est\u00e1 corregida al infinito y carece de tensiones internas. La imagen formada por las lentes es aut\u00e9ntica, libre de reflejos espurios, de alto contraste y detallada. Los objetivos est\u00e1n instalados en un rev\u00f3lver giratorio con ranuras centradas en el eje \u00f3ptico. Hay cinco ranuras, con cuatro objetivos incluidos en el kit  se puede instalar un objetivo adicional para obtener un mayor aumento dentro de la gama de aumentos del microscopio. Los objetivos est\u00e1n dise\u00f1ados para trabajar con muestras sin cubreobjetos.<\/p>\n<p>El cabezal trinocular permite instalar una c\u00e1mara digital en el tubo trinocular. La divisi\u00f3n del haz es 100:0 o 0:100, es decir, toda la luz va a la c\u00e1mara o a los tubos oculares. El tubo ocular izquierdo est\u00e1 equipado con un anillo de ajuste de las dioptr\u00edas: se gira para compensar la diferencia de visi\u00f3n entre los ojos y obtener una imagen lo m\u00e1s n\u00edtida posible de la muestra.<\/p>\n<p><strong>Iluminaci\u00f3n<\/strong><\/p>\n<p>Se utilizan bombillas hal\u00f3genas de 30 W para la luz transmitida y reflejada. Su luminosidad es suficiente para obtener una imagen claramente legible en cada objetivo, y el espectro de emisi\u00f3n \u00abc\u00e1lido\u00bb resulta c\u00f3modo durante un uso prolongado. La configuraci\u00f3n de iluminaci\u00f3n K\u00f6hler proporcionar\u00e1 una mayor resoluci\u00f3n y eliminar\u00e1 los artefactos en el campo de visi\u00f3n y el oscurecimiento en los bordes. Se utilizan filtros de luz para ajustar con precisi\u00f3n la reproducci\u00f3n del color cuando se trabaja con luz reflejada.<\/p>\n<p>La polarizaci\u00f3n est\u00e1 disponible tanto para luz transmitida como reflejada. Para comenzar las observaciones con luz polarizada, se introduce un analizador en el camino \u00f3ptico. A continuaci\u00f3n, se cambia la posici\u00f3n relativa del analizador y el polarizador gir\u00e1ndolos, lo que tambi\u00e9n cambia el \u00e1ngulo de polarizaci\u00f3n. El contraste de los objetos se aumenta con la ayuda de compensadores, que se instalan en una ranura especial del accesorio intermedio. El mismo accesorio contiene tambi\u00e9n una lente Bertrand que se utiliza para los ex\u00e1menes conosc\u00f3picos.<\/p>\n<p><strong>Platina y mecanismo de enfoque<\/strong><\/p>\n<p>El microscopio dispone de una platina giratoria: al girarla, cambia la forma en que la muestra refracta la luz polarizada. La platina tiene una escala en la que se puede determinar el \u00e1ngulo de rotaci\u00f3n con una precisi\u00f3n de hasta 0,1\u00b0. Para obtener la imagen m\u00e1s clara y brillante, la platina puede centrarse con respecto al eje \u00f3ptico del microscopio.<\/p>\n<p>Los mandos de enfoque aproximado y preciso est\u00e1n situados en la parte inferior del soporte, por lo que el usuario puede adoptar una postura relajada con las manos sobre la mesa. La tensi\u00f3n aproximada se puede ajustar y tambi\u00e9n hay un bloqueo de enfoque aproximado. El enfoque preciso permite un movimiento suave de la muestra.<\/p>\n<p><strong>Accesorios<\/strong><\/p>\n<p>Para sacar el m\u00e1ximo partido al microscopio, utilice accesorios de la l\u00ednea MAGUS: oculares, objetivos, portaobjetos de calibraci\u00f3n, c\u00e1maras digitales, etc.<\/p>\n<p><strong>Caracter\u00edsticas principales del microscopio:<\/strong><\/p>\n<ul>\n<li>Para trabajar con luz natural y polarizada transmitida y reflejada<\/li>\n<li>Cabezal trinocular con tubo para c\u00e1mara digital  divisi\u00f3n del haz 100:0 o 0:100<\/li>\n<li>Objetivos planos acrom\u00e1ticos sin tensiones para obtener im\u00e1genes claras sin artefactos ni falsos reflejos internos<\/li>\n<li>Iluminaci\u00f3n hal\u00f3gena del \u00e1rea de trabajo, un espectro de color c\u00f3modo para los ojos  potencia de la bombilla de 30 W<\/li>\n<li>Platina giratoria, polarizador y analizador con marcas de \u00e1ngulo de rotaci\u00f3n, objetivo Bertrand y compensadores<\/li>\n<li>Las ranuras giratorias y la platina est\u00e1n centradas con respecto al eje \u00f3ptico del microscopio<\/li>\n<li>Compatible con accesorios adicionales <\/li>\n<\/ul>\n<p><strong>Caracter\u00edsticas principales de la c\u00e1mara:<\/strong><\/p>\n<ul>\n<li>La c\u00e1mara funciona de forma aut\u00f3noma sin conexi\u00f3n a un PC y a trav\u00e9s de una interfaz HDMI. Se puede conectar a un PC mediante Wi-Fi y una interfaz USB 3.0<\/li>\n<li>Existe conmutaci\u00f3n autom\u00e1tica entre 4K y Full HD dependiendo de la resoluci\u00f3n del monitor<\/li>\n<li>30 fps para observar objetos en movimiento, grabar v\u00eddeos y mover la muestra sin sacudidas ni retardos<\/li>\n<li>El sensor en color SONY Exmor\/Starvis de tipo CMOS con iluminaci\u00f3n de fondo proporciona un bajo nivel de ruido digital y una alta sensibilidad a la luz incluso en condiciones de poca luz. Obtendr\u00e1 im\u00e1genes m\u00e1s claras, brillantes y con colores m\u00e1s saturados<\/li>\n<li>Software para toma de fotograf\u00edas, grabaci\u00f3n de v\u00eddeos, edici\u00f3n, visualizaci\u00f3n en un monitor externo, mediciones lineales y angulares<\/li>\n<\/ul>\n<p><strong>El kit incluye:<\/strong><\/p>\n<ul>\n<li>C\u00e1mara digital MAGUS CHD40 (c\u00e1mara digital, cable HDMI (1,5 m), cable USB 3.0 (1,5 m), rat\u00f3n USB, tarjeta de memoria SD de 32 GB, adaptador USB de red Wi-Fi (2 uds.), adaptador de corriente de CA 12 V\/1 A (Europa), CD de instalaci\u00f3n con controladores y software, manual del usuario y tarjeta de garant\u00eda)<\/li>\n<li>Monitor LCD MAGUS MCD40<\/li>\n<li>Base con conexi\u00f3n el\u00e9ctrica, fuente de luz transmitida y condensador, mecanismo de enfoque, platina y rev\u00f3lver giratorio<\/li>\n<li>Iluminador de luz reflejada con cabina para la l\u00e1mpara<\/li>\n<li>Cabezal trinocular<\/li>\n<li>Tubo intermedio con lente de Bertrand, analizador y ranura para compensador<\/li>\n<li>Compensadores: compensador \u03bb, compensador \u03bb\/4, cu\u00f1a de cuarzo<\/li>\n<li>Objetivo plano acrom\u00e1tico corregido al infinito: PL 5x\/0,12 WD 26,1 mm<\/li>\n<li>Objetivo plano acrom\u00e1tico corregido al infinito: PL 10x\/0,25 WD 5,0 mm<\/li>\n<li>Objetivo plano acrom\u00e1tico corregido al infinito: PL 40x\/0,6 (con mecanismo de resorte) WD 3,98 mm<\/li>\n<li>Objetivo plano acrom\u00e1tico corregido al infinito: PL 60x\/0,7 (con mecanismo de resorte) WD 2,03 mm<\/li>\n<li>Ocular de 10x\/20 mm (2 unidades)<\/li>\n<li>Ocular de 10x\/20 mm con escala de medici\u00f3n. Valor de incremento: 0,1 mm<\/li>\n<li>Adaptador de montura C con poder de aumento 1x<\/li>\n<li>Llave hexagonal<\/li>\n<li>Cable de alimentaci\u00f3n<\/li>\n<li>Cubierta protectora<\/li>\n<li>Manual del usuario y tarjeta de garant\u00eda<\/li>\n<\/ul>\n<p><strong>Disponible bajo petici\u00f3n:<\/strong>  <\/p>\n<ul>\n<li>Ocular de 16x\/11 mm (2 unidades)<\/li>\n<li>Ocular de 20x\/11 mm (2 unidades)<\/li>\n<li>Objetivo plano acrom\u00e1tico corregido al infinito: PL 2,5x\/0,07 WD 11 mm<\/li>\n<li>Objetivo plano acrom\u00e1tico corregido al infinito: PL 50x\/0,7 (con mecanismo de resorte) WD 3,67 mm<\/li>\n<li>Objetivo plano acrom\u00e1tico corregido al infinito: PL 80x\/0,8 (con mecanismo de resorte) WD 1,25 mm<\/li>\n<li>Objetivo plano acrom\u00e1tico corregido al infinito: PL 100x\/0,85 (con mecanismo de resorte) WD 0,4 mm<\/li>\n<li>Micr\u00f3metro mec\u00e1nico <\/li>\n<li>Portaobjetos de calibraci\u00f3n<\/li>\n<\/ul>\n<table>\n<tbody>\n<tr>\n<td>Marca<\/td>\n<td>MAGUS<\/td>\n<\/tr>\n<tr>\n<td>Garant\u00eda<\/td>\n<td>5 \u043b\u0435\u0442<\/td>\n<\/tr>\n<tr>\n<td>EAN<\/td>\n<td>5905555018553<\/td>\n<\/tr>\n<tr>\n<td>Tama\u00f1o de paquete (LxAn.xAl.)<\/td>\n<td>44x42x67 cm<\/td>\n<\/tr>\n<tr>\n<td>Peso del env\u00edo<\/td>\n<td>14.25 kg<\/td>\n<\/tr>\n<tr>\n<td>Delimitador<\/td>\n<td>Microscopio polarizador MAGUS Pol 850<\/td>\n<\/tr>\n<tr>\n<td>Tipo<\/td>\n<td>biol\u00f3gico, luz\/\u00f3ptico, digital<\/td>\n<\/tr>\n<tr>\n<td>Cabezal<\/td>\n<td>trinocular<\/td>\n<\/tr>\n<tr>\n<td>Boquilla<\/td>\n<td>Siedentopf<\/td>\n<\/tr>\n<tr>\n<td>\u00c1ngulo de inclinaci\u00f3n de cabezal<\/td>\n<td>30\u00b0<\/td>\n<\/tr>\n<tr>\n<td>Ampliaci\u00f3n, x<\/td>\n<td>50\u2013600 configuraci\u00f3n b\u00e1sica (*opcional: 25\u20131000\/1600\/2000)<\/td>\n<\/tr>\n<tr>\n<td>Di\u00e1metro del tubo del ocular, mm<\/td>\n<td>23.2<\/td>\n<\/tr>\n<tr>\n<td>Oculares<\/td>\n<td>10\u0445\/20  10x\/20 con escala de medici\u00f3n (*opcional: 16x\/11  20\u0445\/11)<\/td>\n<\/tr>\n<tr>\n<td>Objetivos<\/td>\n<td>acrom\u00e1ticos de plan infinito, sin tensiones: PL 5x\/0,12  PL 10x\/0,25  PL 40x\/0,6  PL 60x\/0,7 (*opcional: PL 2,5x\/0,07  PL 50x\/0,7  PL 80x\/0,8  PL 100x\/0,85)  altura parafocal de 45 mm, dise\u00f1ados para estudiar muestras sin cubreobjetos<\/td>\n<\/tr>\n<tr>\n<td>Rev\u00f3lver<\/td>\n<td>para 5 objetivos, centrado<\/td>\n<\/tr>\n<tr>\n<td>Distancia de trabajo, mm<\/td>\n<td>26,1 (5x)  5,0 (10x)  3,98 (40x)  2,03 (60x)  11 (2,5x)  3,67 (50x)  1,25 (80x)  0,4 (100x)<\/td>\n<\/tr>\n<tr>\n<td>Platina, mm<\/td>\n<td>\u00d8150<\/td>\n<\/tr>\n<tr>\n<td>Platina<\/td>\n<td>giratorio 360\u00b0, centrado, graduaci\u00f3n de 1\u00b0 del \u00e1ngulo de rotaci\u00f3n  una escala de Vernier para medir \u00e1ngulos con una exactitud de 0,1\u00b0<\/td>\n<\/tr>\n<tr>\n<td>Ajuste di\u00f3ptrico<\/td>\n<td>\u00b15 (en el tubo izquierdo)<\/td>\n<\/tr>\n<tr>\n<td>Condensador<\/td>\n<td>condensador Abbe NA 1,25 con diafragma de apertura ajustable y lente giratoria<\/td>\n<\/tr>\n<tr>\n<td>Diafragma<\/td>\n<td>diafragma de apertura ajustable, diafragma de campo iris ajustable<\/td>\n<\/tr>\n<tr>\n<td>Enfoque<\/td>\n<td>coaxial, enfoque aproximado (21 mm, 39,8 mm\/c\u00edrculo, con mando de bloqueo y mando de ajuste de tensi\u00f3n) y enfoque preciso (0,002 mm)<\/td>\n<\/tr>\n<tr>\n<td>Iluminaci\u00f3n<\/td>\n<td>hal\u00f3gena<\/td>\n<\/tr>\n<tr>\n<td>Ajuste del brillo<\/td>\n<td>yes<\/td>\n<\/tr>\n<tr>\n<td>Alimentaci\u00f3n<\/td>\n<td>220\u00b122 V, 50 Hz, alimentaci\u00f3n de red de CA<\/td>\n<\/tr>\n<tr>\n<td>Tipo de fuente de iluminaci\u00f3n<\/td>\n<td>luz reflejada y transmitida: 12 V\/30 W<\/td>\n<\/tr>\n<tr>\n<td>Filtros de luz<\/td>\n<td>fuente de luz oblicua reflejada: mate, amarillo, verde, azul<\/td>\n<\/tr>\n<tr>\n<td>Intervalo de temperatura de funcionamiento, \u00b0C<\/td>\n<td>5 \u2014 35<\/td>\n<\/tr>\n<tr>\n<td>Nivel de usuario<\/td>\n<td>usuarios experimentados, profesionales<\/td>\n<\/tr>\n<tr>\n<td>Montaje y nivel de dificultad de instalaci\u00f3n<\/td>\n<td>complicado<\/td>\n<\/tr>\n<tr>\n<td>Polarizador<\/td>\n<td>luz transmitida: con marcas de 0\u00b0, 90\u00b0, 180\u00b0, 270\u00b0 en la escala  giro de 360\u00b0  fuente de luz reflejada: extra\u00edble<\/td>\n<\/tr>\n<tr>\n<td>Tubo intermedio<\/td>\n<td>analizador integrado con giro de 0\u2013360\u00b0  escala de Vernier para medir \u00e1ngulos con una exactitud de 0,1\u00b0  lente de Bertrand  ranura para instalar compensadores<\/td>\n<\/tr>\n<tr>\n<td>Compensador<\/td>\n<td>compensador \u03bb  compensador \u03bb\/4  cu\u00f1a de cuarzo<\/td>\n<\/tr>\n<tr>\n<td>Aplicaci\u00f3n<\/td>\n<td>laboratorio\/m\u00e9dico<\/td>\n<\/tr>\n<tr>\n<td>Ubicaci\u00f3n de la iluminaci\u00f3n<\/td>\n<td>doble<\/td>\n<\/tr>\n<tr>\n<td>M\u00e9todo de investigaci\u00f3n<\/td>\n<td>campo claro, polarizaci\u00f3n<\/td>\n<\/tr>\n<tr>\n<td>Funda\/malet\u00edn\/bolsa incluida en el kit<\/td>\n<td>cubierta protectora<\/td>\n<\/tr>\n<tr>\n<td>=== Delimitador ===<\/td>\n<td>C\u00e1mara digital<\/td>\n<\/tr>\n<tr>\n<td>Sensor<\/td>\n<td>Sony Exmor\/Starvis CMOS<\/td>\n<\/tr>\n<tr>\n<td>Color\/monocromo<\/td>\n<td>color <\/td>\n<\/tr>\n<tr>\n<td>Megap\u00edxeles<\/td>\n<td>8<\/td>\n<\/tr>\n<tr>\n<td>Resoluci\u00f3n m\u00e1xima, p\u00edxeles<\/td>\n<td>3840&#215;2160<\/td>\n<\/tr>\n<tr>\n<td>Tama\u00f1o del sensor<\/td>\n<td>1\/1,2&#8242; (11,14&#215;6,26 mm)<\/td>\n<\/tr>\n<tr>\n<td>Tama\u00f1o del p\u00edxel, &#038;micro m<\/td>\n<td>2.9&#215;2.9<\/td>\n<\/tr>\n<tr>\n<td>Conectores de interfaz<\/td>\n<td>Wi-Fi, HDMI 1,4, USB 3.0<\/td>\n<\/tr>\n<tr>\n<td>Tarjeta de memoria<\/td>\n<td>SD hasta 32 GB<\/td>\n<\/tr>\n<tr>\n<td>Posibilidad de conectar accesorios<\/td>\n<td>rat\u00f3n USB, memoria flash (USB), adaptador Wi-Fi (USB)<\/td>\n<\/tr>\n<tr>\n<td>Sensibilidad a la luz<\/td>\n<td>1028 mV con 1\/30 s<\/td>\n<\/tr>\n<tr>\n<td>Relaci\u00f3n se\u00f1al\/ruido<\/td>\n<td>0,13 mV a 1\/30 s<\/td>\n<\/tr>\n<tr>\n<td>Tiempo de exposici\u00f3n<\/td>\n<td>0,14 ms \u2013 1000 ms<\/td>\n<\/tr>\n<tr>\n<td>Grabaci\u00f3n de v\u00eddeo<\/td>\n<td>yes<\/td>\n<\/tr>\n<tr>\n<td>Frecuencia de fotogramas, fps para cada resoluci\u00f3n<\/td>\n<td>30 a 3840&#215;2160 (HDMI), 30 a 1920&#215;1080 (Wi-Fi), 30 a 3840&#215;2160 (USB 3.0)<\/td>\n<\/tr>\n<tr>\n<td>Lugar de instalaci\u00f3n<\/td>\n<td>tubo trinocular, tubo ocular en sustituci\u00f3n de un ocular<\/td>\n<\/tr>\n<tr>\n<td>Formato de foto<\/td>\n<td>*.jpg, *.tif<\/td>\n<\/tr>\n<tr>\n<td>Formato de v\u00eddeo<\/td>\n<td>*.h264\/*.h265, *.mp4<\/td>\n<\/tr>\n<tr>\n<td>Intervalo espectral, nm<\/td>\n<td>380-650 (filtro IR incorporado)<\/td>\n<\/tr>\n<tr>\n<td>Tipo de obturador<\/td>\n<td>obturador rodante<\/td>\n<\/tr>\n<tr>\n<td>Software<\/td>\n<td>HDMI: integrado  USB: MAGUS View<\/td>\n<\/tr>\n<tr>\n<td>Requisitos del sistema<\/td>\n<td>Windows 8\/10\/11 (32 bits y 64 bits), Mac OS X, Linux, procesador Intel Core 2 de hasta 2,8 GHz o superior, m\u00ednimo 4 GB de RAM, puerto USB 2.0, RJ45, CD-ROM, pantalla de 19&#8242; o mayor<\/td>\n<\/tr>\n<tr>\n<td>Tipo de montura<\/td>\n<td>montura C<\/td>\n<\/tr>\n<tr>\n<td>Cuerpo<\/td>\n<td>aleaci\u00f3n de aluminio CNC<\/td>\n<\/tr>\n<tr>\n<td>Fuente de alimentaci\u00f3n para c\u00e1mara<\/td>\n<td>adaptador de CD de 12 V, 1 A<\/td>\n<\/tr>\n<tr>\n<td>Especificaciones del adaptador de corriente CA<\/td>\n<td>entrada de corriente: voltaje de CA 100\u2013240 V, 50\/60 Hz, salida de corriente: voltaje de CC 12 V\/1 A<\/td>\n<\/tr>\n<tr>\n<td>Rango de temperaturas de funcionamiento de la c\u00e1mara, \u00b0C<\/td>\n<td>-10 \u2014 50<\/td>\n<\/tr>\n<tr>\n<td>Intervalo de humedad de funcionamiento, %<\/td>\n<td>30 \u2014 80<\/td>\n<\/tr>\n<tr>\n<td>=== Delimitador ===<\/td>\n<td>Monitor<\/td>\n<\/tr>\n<tr>\n<td>Tipo de matriz<\/td>\n<td>IPS<\/td>\n<\/tr>\n<tr>\n<td>Diagonal de pantalla, pulgadas<\/td>\n<td>13.3<\/td>\n<\/tr>\n<tr>\n<td>Resoluci\u00f3n de pantalla, px<\/td>\n<td>3840&#215;2160 (4K)<\/td>\n<\/tr>\n<tr>\n<td>Relaci\u00f3n de aspecto<\/td>\n<td>16:9<\/td>\n<\/tr>\n<tr>\n<td>Brillo, cd\/m\u00b2<\/td>\n<td>400<\/td>\n<\/tr>\n<tr>\n<td>N\u00famero de colores mostrados<\/td>\n<td>16,7 millones<\/td>\n<\/tr>\n<tr>\n<td>Contraste<\/td>\n<td>1000:1<\/td>\n<\/tr>\n<tr>\n<td>\u00c1ngulo de visualizaci\u00f3n horizontal\/vertical, \u00b0<\/td>\n<td>178\/178<\/td>\n<\/tr>\n<tr>\n<td>Tama\u00f1o del \u00e1rea visible de la pantalla (ancho x alto), mm<\/td>\n<td>295&#215;165<\/td>\n<\/tr>\n<tr>\n<td>Tama\u00f1o de p\u00edxel (ancho x alto), mm<\/td>\n<td>0,154&#215;0,154<\/td>\n<\/tr>\n<tr>\n<td>Frecuencia de fuente \u00f3ptica, Hz<\/td>\n<td>60<\/td>\n<\/tr>\n<tr>\n<td>Tipo de iluminaci\u00f3n de fondo de la matriz<\/td>\n<td>LED<\/td>\n<\/tr>\n<tr>\n<td>Vida \u00fatil de la iluminaci\u00f3n de fondo LED, h<\/td>\n<td>50000<\/td>\n<\/tr>\n<tr>\n<td>Interfaz<\/td>\n<td>HDMI<\/td>\n<\/tr>\n<tr>\n<td>Intervalo de temperatura de funcionamiento, \u00b0C<\/td>\n<td>-15 \u2014 55<\/td>\n<\/tr>\n<tr>\n<td>Intervalo de humedad de funcionamiento, %<\/td>\n<td>10 \u2014 90<\/td>\n<\/tr>\n<tr>\n<td>Alimentaci\u00f3n<\/td>\n<td>CA 110\u2013220 V, CC 5\u201312 V\/1 A (Tipo C)<\/td>\n<\/tr>\n<tr>\n<td>Consumo de energ\u00eda, W<\/td>\n<td>12 (m\u00e1x.)<\/td>\n<\/tr>\n<\/tbody>\n<\/table>\n","protected":false},"excerpt":{"rendered":"<p>El microscopio polarizador MAGUS Pol 850 est\u00e1 dise\u00f1ado para trabajar con luz transmitida y reflejada. M\u00e9todos de observaci\u00f3n disponibles: polarizaci\u00f3n y campo claro. El microscopio se utiliza para estudiar objetos biol\u00f3gicos, geol\u00f3gicos y polim\u00e9ricos anis\u00f3tropos, as\u00ed como secciones pulidas opacas de hasta 15 mm de grosor con una cara pulida. El microscopio es perfecto para una amplia gama de tareas de profesionales del campo de la medicina, la medicina forense, la mineralog\u00eda, la cristalograf\u00eda o la petrograf\u00eda.<\/p>\n","protected":false},"featured_media":83112,"template":"","meta":{"_exactmetrics_skip_tracking":false,"_exactmetrics_sitenote_active":false,"_exactmetrics_sitenote_note":"","_exactmetrics_sitenote_category":0},"product_brand":[],"product_cat":[610],"product_tag":[],"class_list":{"0":"post-84586","1":"product","2":"type-product","3":"status-publish","4":"has-post-thumbnail","6":"product_cat-polarizacion","7":"product_shipping_class-microscopio","9":"first","10":"instock","11":"taxable","12":"shipping-taxable","13":"purchasable","14":"product-type-simple"},"_links":{"self":[{"href":"https:\/\/microscopistas.com\/en\/wp-json\/wp\/v2\/product\/84586","targetHints":{"allow":["GET"]}}],"collection":[{"href":"https:\/\/microscopistas.com\/en\/wp-json\/wp\/v2\/product"}],"about":[{"href":"https:\/\/microscopistas.com\/en\/wp-json\/wp\/v2\/types\/product"}],"wp:featuredmedia":[{"embeddable":true,"href":"https:\/\/microscopistas.com\/en\/wp-json\/wp\/v2\/media\/83112"}],"wp:attachment":[{"href":"https:\/\/microscopistas.com\/en\/wp-json\/wp\/v2\/media?parent=84586"}],"wp:term":[{"taxonomy":"product_brand","embeddable":true,"href":"https:\/\/microscopistas.com\/en\/wp-json\/wp\/v2\/product_brand?post=84586"},{"taxonomy":"product_cat","embeddable":true,"href":"https:\/\/microscopistas.com\/en\/wp-json\/wp\/v2\/product_cat?post=84586"},{"taxonomy":"product_tag","embeddable":true,"href":"https:\/\/microscopistas.com\/en\/wp-json\/wp\/v2\/product_tag?post=84586"}],"curies":[{"name":"wp","href":"https:\/\/api.w.org\/{rel}","templated":true}]}}