{"id":84585,"date":"2024-07-29T18:29:02","date_gmt":"2024-07-29T16:29:02","guid":{"rendered":"http:\/\/microscopistas.com\/?post_type=product&#038;p=84585"},"modified":"2024-07-29T18:42:52","modified_gmt":"2024-07-29T16:42:52","slug":"microscopio-polarizador-digital-magus-pol-d850","status":"publish","type":"product","link":"https:\/\/microscopistas.com\/en\/producto\/microscopio-polarizador-digital-magus-pol-d850\/","title":{"rendered":"Microscopio polarizador digital MAGUS Pol D850"},"content":{"rendered":"<p>El microscopio polarizador MAGUS Pol 850 est\u00e1 dise\u00f1ado para trabajar con luz transmitida y reflejada. M\u00e9todos de observaci\u00f3n disponibles: polarizaci\u00f3n y campo claro. El microscopio se utiliza para estudiar objetos biol\u00f3gicos, geol\u00f3gicos y polim\u00e9ricos anis\u00f3tropos, as\u00ed como secciones pulidas opacas de hasta 15 mm de grosor con una cara pulida. El microscopio es perfecto para una amplia gama de tareas de profesionales del campo de la medicina, la medicina forense, la mineralog\u00eda, la cristalograf\u00eda o la petrograf\u00eda.<\/p>\n<p><strong>C\u00e1mara digital<\/strong><\/p>\n<p>La c\u00e1mara cient\u00edfica profesional MAGUS CBF70 est\u00e1 dise\u00f1ada para su uso con un microscopio, as\u00ed como con objetivos de 4x, 10x, 20x y 40x. El dispositivo permite tomar fotograf\u00edas, grabar v\u00eddeos, organizar demostraciones, mostrar im\u00e1genes en una pantalla externa y realizar mediciones angulares y lineales de los objetos en estudio (para que esta funci\u00f3n funcione correctamente, debe calibrar el software). Se recomienda la c\u00e1mara para trabajar con el m\u00e9todo de campo claro.<\/p>\n<p>La c\u00e1mara MAGUS CBF70 dispone de cinco modos de resoluci\u00f3n de imagen y frecuencia de imagen, por lo que podr\u00e1 encontrar f\u00e1cilmente entre ellos el que mejor se adapte a sus necesidades: 5280&#215;3954 p\u00edxeles (17 fps), 3952&#215;3952 p\u00edxeles (17 fps), 2640&#215;1976 p\u00edxeles (56 fps), 1760&#215;1316 p\u00edxeles (67 fps) y 584&#215;438 p\u00edxeles (192 fps).<br \/> Los modos de alta resoluci\u00f3n son ideales para la fotograf\u00eda, ya que permiten crear im\u00e1genes claras, vibrantes y muy detalladas. Los modos con una mayor frecuencia de fotogramas le ayudar\u00e1n a la hora de grabar v\u00eddeos fluidos e informativos, sin saltos ni retrasos, registrando los movimientos m\u00e1s leves del objeto o las caracter\u00edsticas de los procesos observados a gran velocidad.<br \/> Para obtener la mejor calidad de imagen sin distorsiones, se recomienda utilizar un adaptador con un aumento de 1x.<\/p>\n<p>El dise\u00f1o de la c\u00e1mara utiliza un sensor CMOS en color SONY Exmor 4\/3&#8221; con iluminaci\u00f3n de fondo. Esto hace que la imagen sea brillante incluso con poca luz ambiental. El mayor tama\u00f1o f\u00edsico del sensor ayuda a que los colores mostrados sean m\u00e1s profundos y la imagen m\u00e1s n\u00edtida. <\/p>\n<p><strong>\u00d3ptica<\/strong><\/p>\n<p>La \u00f3ptica del microscopio est\u00e1 corregida al infinito y carece de tensiones internas. La imagen formada por las lentes es aut\u00e9ntica, libre de reflejos espurios, de alto contraste y detallada. Los objetivos est\u00e1n instalados en un rev\u00f3lver giratorio con ranuras centradas en el eje \u00f3ptico. Hay cinco ranuras, con cuatro objetivos incluidos en el kit  se puede instalar un objetivo adicional para obtener un mayor aumento dentro de la gama de aumentos del microscopio. Los objetivos est\u00e1n dise\u00f1ados para trabajar con muestras sin cubreobjetos.<\/p>\n<p>El cabezal trinocular permite instalar una c\u00e1mara digital en el tubo trinocular. La divisi\u00f3n del haz es 100:0 o 0:100, es decir, toda la luz va a la c\u00e1mara o a los tubos oculares. El tubo ocular izquierdo est\u00e1 equipado con un anillo de ajuste de las dioptr\u00edas: se gira para compensar la diferencia de visi\u00f3n entre los ojos y obtener una imagen lo m\u00e1s n\u00edtida posible de la muestra.<\/p>\n<p><strong>Iluminaci\u00f3n<\/strong><\/p>\n<p>Se utilizan bombillas hal\u00f3genas de 30 W para la luz transmitida y reflejada. Su luminosidad es suficiente para obtener una imagen claramente legible en cada objetivo, y el espectro de emisi\u00f3n \u00abc\u00e1lido\u00bb resulta c\u00f3modo durante un uso prolongado. La configuraci\u00f3n de iluminaci\u00f3n K\u00f6hler proporcionar\u00e1 una mayor resoluci\u00f3n y eliminar\u00e1 los artefactos en el campo de visi\u00f3n y el oscurecimiento en los bordes. Se utilizan filtros de luz para ajustar con precisi\u00f3n la reproducci\u00f3n del color cuando se trabaja con luz reflejada.<\/p>\n<p>La polarizaci\u00f3n est\u00e1 disponible tanto para luz transmitida como reflejada. Para comenzar las observaciones con luz polarizada, se introduce un analizador en el camino \u00f3ptico. A continuaci\u00f3n, se cambia la posici\u00f3n relativa del analizador y el polarizador gir\u00e1ndolos, lo que tambi\u00e9n cambia el \u00e1ngulo de polarizaci\u00f3n. El contraste de los objetos se aumenta con la ayuda de compensadores, que se instalan en una ranura especial del accesorio intermedio. El mismo accesorio contiene tambi\u00e9n una lente Bertrand que se utiliza para los ex\u00e1menes conosc\u00f3picos.<\/p>\n<p><strong>Platina y mecanismo de enfoque<\/strong><\/p>\n<p>El microscopio dispone de una platina giratoria: al girarla, cambia la forma en que la muestra refracta la luz polarizada. La platina tiene una escala en la que se puede determinar el \u00e1ngulo de rotaci\u00f3n con una precisi\u00f3n de hasta 0,1\u00b0. Para obtener la imagen m\u00e1s clara y brillante, la platina puede centrarse con respecto al eje \u00f3ptico del microscopio.<\/p>\n<p>Los mandos de enfoque aproximado y preciso est\u00e1n situados en la parte inferior del soporte, por lo que el usuario puede adoptar una postura relajada con las manos sobre la mesa. La tensi\u00f3n aproximada se puede ajustar y tambi\u00e9n hay un bloqueo de enfoque aproximado. El enfoque preciso permite un movimiento suave de la muestra.<\/p>\n<p><strong>Accesorios<\/strong><\/p>\n<p>Para sacar el m\u00e1ximo partido al microscopio, utilice accesorios de la l\u00ednea MAGUS: oculares, objetivos, portaobjetos de calibraci\u00f3n, c\u00e1maras digitales, etc.<\/p>\n<p><strong>Caracter\u00edsticas principales del microscopio:<\/strong><\/p>\n<ul>\n<li>Para trabajar con luz natural y polarizada transmitida y reflejada<\/li>\n<li>Cabezal trinocular con tubo para c\u00e1mara digital  divisi\u00f3n del haz 100:0 o 0:100<\/li>\n<li>Objetivos planos acrom\u00e1ticos sin tensiones para obtener im\u00e1genes claras sin artefactos ni falsos reflejos internos<\/li>\n<li>Iluminaci\u00f3n hal\u00f3gena del \u00e1rea de trabajo, un espectro de color c\u00f3modo para los ojos  potencia de la bombilla de 30 W<\/li>\n<li>Platina giratoria, polarizador y analizador con marcas de \u00e1ngulo de rotaci\u00f3n, objetivo Bertrand y compensadores<\/li>\n<li>Las ranuras giratorias y la platina est\u00e1n centradas con respecto al eje \u00f3ptico del microscopio<\/li>\n<li>Compatible con accesorios adicionales <\/li>\n<\/ul>\n<p><strong>Caracter\u00edsticas principales de la c\u00e1mara:<\/strong><\/p>\n<ul>\n<li>Cinco ajustes de gr\u00e1ficos y fps: entre ellos, podr\u00e1 encontrar f\u00e1cilmente el modo m\u00e1s adecuado para usted<\/li>\n<li>R\u00e1pida transferencia de datos gracias a la interfaz USB 3.0<\/li>\n<li>Gran sensor de color SONY Exmor para obtener im\u00e1genes brillantes y n\u00edtidas incluso en condiciones de poca luz<\/li>\n<li>\u00abInicio r\u00e1pido\u00bb: instale el software incluido y la c\u00e1mara estar\u00e1 lista para su uso<\/li>\n<li>Simplifique sus observaciones o haga una demostraci\u00f3n a un p\u00fablico mostrando la imagen de la c\u00e1mara en una pantalla externa<\/li>\n<\/ul>\n<p><strong>El kit incluye:<\/strong>  <\/p>\n<ul>\n<li>C\u00e1mara digital MAGUS CBF70 (c\u00e1mara digital, cable USB, CD de instalaci\u00f3n con controladores y software, manual del usuario y tarjeta de garant\u00eda)<\/li>\n<li>Base con conexi\u00f3n el\u00e9ctrica, fuente de luz transmitida y condensador, mecanismo de enfoque, platina y rev\u00f3lver giratorio<\/li>\n<li>Iluminador de luz reflejada con cabina para la l\u00e1mpara<\/li>\n<li>Cabezal trinocular<\/li>\n<li>Tubo intermedio con lente de Bertrand, analizador y ranura para compensador<\/li>\n<li>Compensadores: compensador \u03bb, compensador \u03bb\/4, cu\u00f1a de cuarzo<\/li>\n<li>Objetivo plano acrom\u00e1tico corregido al infinito: PL 5x\/0,12 WD 26,1 mm<\/li>\n<li>Objetivo plano acrom\u00e1tico corregido al infinito: PL 10x\/0,25 WD 5,0 mm<\/li>\n<li>Objetivo plano acrom\u00e1tico corregido al infinito: PL 40x\/0,6 (con mecanismo de resorte) WD 3,98 mm<\/li>\n<li>Objetivo plano acrom\u00e1tico corregido al infinito: PL 60x\/0,7 (con mecanismo de resorte) WD 2,03 mm<\/li>\n<li>Ocular de 10x\/20 mm (2 unidades)<\/li>\n<li>Ocular de 10x\/20 mm con escala de medici\u00f3n. Valor de incremento: 0,1 mm<\/li>\n<li>Adaptador de montura C con poder de aumento 1x<\/li>\n<li>Llave hexagonal<\/li>\n<li>Cable de alimentaci\u00f3n<\/li>\n<li>Cubierta protectora<\/li>\n<li>Manual del usuario y tarjeta de garant\u00eda<\/li>\n<\/ul>\n<p><strong>Disponible bajo petici\u00f3n:<\/strong>  <\/p>\n<ul>\n<li>Ocular de 16x\/11 mm (2 unidades)<\/li>\n<li>Ocular de 20x\/11 mm (2 unidades)<\/li>\n<li>Objetivo plano acrom\u00e1tico corregido al infinito: PL 2,5x\/0,07 WD 11 mm<\/li>\n<li>Objetivo plano acrom\u00e1tico corregido al infinito: PL 50x\/0,7 (con mecanismo de resorte) WD 3,67 mm<\/li>\n<li>Objetivo plano acrom\u00e1tico corregido al infinito: PL 80x\/0,8 (con mecanismo de resorte) WD 1,25 mm<\/li>\n<li>Objetivo plano acrom\u00e1tico corregido al infinito: PL 100x\/0,85 (con mecanismo de resorte) WD 0,4 mm<\/li>\n<li>Micr\u00f3metro mec\u00e1nico <\/li>\n<li>Portaobjetos de calibraci\u00f3n<\/li>\n<\/ul>\n<table>\n<tbody>\n<tr>\n<td>Marca<\/td>\n<td>MAGUS<\/td>\n<\/tr>\n<tr>\n<td>Garant\u00eda<\/td>\n<td>5 \u043b\u0435\u0442<\/td>\n<\/tr>\n<tr>\n<td>EAN<\/td>\n<td>5905555018546<\/td>\n<\/tr>\n<tr>\n<td>Tama\u00f1o de paquete (LxAn.xAl.)<\/td>\n<td>44x42x67 cm<\/td>\n<\/tr>\n<tr>\n<td>Peso del env\u00edo<\/td>\n<td>12.1 kg<\/td>\n<\/tr>\n<tr>\n<td>Delimitador<\/td>\n<td>Microscopio polarizador MAGUS Pol 850<\/td>\n<\/tr>\n<tr>\n<td>=== Delimitador ===<\/td>\n<td>Especificaciones del microscopio<\/td>\n<\/tr>\n<tr>\n<td>Tipo<\/td>\n<td>biol\u00f3gico, luz\/\u00f3ptico, digital<\/td>\n<\/tr>\n<tr>\n<td>Cabezal<\/td>\n<td>trinocular<\/td>\n<\/tr>\n<tr>\n<td>Boquilla<\/td>\n<td>Siedentopf<\/td>\n<\/tr>\n<tr>\n<td>\u00c1ngulo de inclinaci\u00f3n de cabezal<\/td>\n<td>30\u00b0<\/td>\n<\/tr>\n<tr>\n<td>Ampliaci\u00f3n, x<\/td>\n<td>50\u2013600 configuraci\u00f3n b\u00e1sica (*opcional: 25\u20131000\/1600\/2000)<\/td>\n<\/tr>\n<tr>\n<td>Di\u00e1metro del tubo del ocular, mm<\/td>\n<td>23.2<\/td>\n<\/tr>\n<tr>\n<td>Oculares<\/td>\n<td>10\u0445\/20  10x\/20 con escala de medici\u00f3n (*opcional: 16x\/11  20\u0445\/11)<\/td>\n<\/tr>\n<tr>\n<td>Objetivos<\/td>\n<td>acrom\u00e1ticos de plan infinito, sin tensiones: PL 5x\/0,12  PL 10x\/0,25  PL 40x\/0,6  PL 60x\/0,7 (*opcional: PL 2,5x\/0,07  PL 50x\/0,7  PL 80x\/0,8  PL 100x\/0,85)  altura parafocal de 45 mm, dise\u00f1ados para estudiar muestras sin cubreobjetos<\/td>\n<\/tr>\n<tr>\n<td>Rev\u00f3lver<\/td>\n<td>para 5 objetivos, centrado<\/td>\n<\/tr>\n<tr>\n<td>Distancia de trabajo, mm<\/td>\n<td>26,1 (5x)  5,0 (10x)  3,98 (40x)  2,03 (60x)  11 (2,5x)  3,67 (50x)  1,25 (80x)  0,4 (100x)<\/td>\n<\/tr>\n<tr>\n<td>Platina, mm<\/td>\n<td>\u00d8150<\/td>\n<\/tr>\n<tr>\n<td>Platina<\/td>\n<td>giratorio 360\u00b0, centrado, graduaci\u00f3n de 1\u00b0 del \u00e1ngulo de rotaci\u00f3n  una escala de Vernier para medir \u00e1ngulos con una exactitud de 0,1\u00b0<\/td>\n<\/tr>\n<tr>\n<td>Ajuste di\u00f3ptrico<\/td>\n<td>\u00b15 (en el tubo izquierdo)<\/td>\n<\/tr>\n<tr>\n<td>Condensador<\/td>\n<td>condensador Abbe NA 1,25 con diafragma de apertura ajustable y lente giratoria<\/td>\n<\/tr>\n<tr>\n<td>Diafragma<\/td>\n<td>diafragma de apertura ajustable, diafragma de campo iris ajustable<\/td>\n<\/tr>\n<tr>\n<td>Enfoque<\/td>\n<td>coaxial, enfoque aproximado (21 mm, 39,8 mm\/c\u00edrculo, con mando de bloqueo y mando de ajuste de tensi\u00f3n) y enfoque preciso (0,002 mm)<\/td>\n<\/tr>\n<tr>\n<td>Iluminaci\u00f3n<\/td>\n<td>hal\u00f3gena<\/td>\n<\/tr>\n<tr>\n<td>Ajuste del brillo<\/td>\n<td>yes<\/td>\n<\/tr>\n<tr>\n<td>Alimentaci\u00f3n<\/td>\n<td>220\u00b122 V, 50 Hz, alimentaci\u00f3n de red de CA<\/td>\n<\/tr>\n<tr>\n<td>Tipo de fuente de iluminaci\u00f3n<\/td>\n<td>luz reflejada y transmitida: 12 V\/30 W<\/td>\n<\/tr>\n<tr>\n<td>Filtros de luz<\/td>\n<td>fuente de luz oblicua reflejada: mate, amarillo, verde, azul<\/td>\n<\/tr>\n<tr>\n<td>Intervalo de temperatura de funcionamiento, \u00b0C<\/td>\n<td>5 \u2014 35<\/td>\n<\/tr>\n<tr>\n<td>Nivel de usuario<\/td>\n<td>usuarios experimentados, profesionales<\/td>\n<\/tr>\n<tr>\n<td>Montaje y nivel de dificultad de instalaci\u00f3n<\/td>\n<td>complicado<\/td>\n<\/tr>\n<tr>\n<td>Polarizador<\/td>\n<td>luz transmitida: con marcas de 0\u00b0, 90\u00b0, 180\u00b0, 270\u00b0 en la escala  giro de 360\u00b0  fuente de luz reflejada: extra\u00edble<\/td>\n<\/tr>\n<tr>\n<td>Tubo intermedio<\/td>\n<td>analizador integrado con giro de 0\u2013360\u00b0  escala de Vernier para medir \u00e1ngulos con una exactitud de 0,1\u00b0  lente de Bertrand  ranura para instalar compensadores<\/td>\n<\/tr>\n<tr>\n<td>Compensador<\/td>\n<td>compensador \u03bb  compensador \u03bb\/4  cu\u00f1a de cuarzo<\/td>\n<\/tr>\n<tr>\n<td>Aplicaci\u00f3n<\/td>\n<td>laboratorio\/m\u00e9dico<\/td>\n<\/tr>\n<tr>\n<td>Ubicaci\u00f3n de la iluminaci\u00f3n<\/td>\n<td>doble<\/td>\n<\/tr>\n<tr>\n<td>M\u00e9todo de investigaci\u00f3n<\/td>\n<td>campo claro, polarizaci\u00f3n<\/td>\n<\/tr>\n<tr>\n<td>Funda\/malet\u00edn\/bolsa incluida en el kit<\/td>\n<td>cubierta protectora<\/td>\n<\/tr>\n<tr>\n<td>=== Delimitador ===<\/td>\n<td>C\u00e1mara digital<\/td>\n<\/tr>\n<tr>\n<td>Sensor<\/td>\n<td>SONY Exmor CMOS<\/td>\n<\/tr>\n<tr>\n<td>Color\/monocromo<\/td>\n<td>color <\/td>\n<\/tr>\n<tr>\n<td>Resoluci\u00f3n m\u00e1xima, p\u00edxeles<\/td>\n<td>5280&#215;3954<\/td>\n<\/tr>\n<tr>\n<td>Tama\u00f1o del sensor<\/td>\n<td>4\/3&#8242; (17,4&#215;13,0 mm)<\/td>\n<\/tr>\n<tr>\n<td>Tama\u00f1o del p\u00edxel, &#038;micro m<\/td>\n<td>3.3&#215;3.3<\/td>\n<\/tr>\n<tr>\n<td>Sensibilidad a la luz<\/td>\n<td>399 mV a 1\/30 s<\/td>\n<\/tr>\n<tr>\n<td>Relaci\u00f3n se\u00f1al\/ruido<\/td>\n<td>0,1 mV a 1\/30 s<\/td>\n<\/tr>\n<tr>\n<td>Tiempo de exposici\u00f3n<\/td>\n<td>0,1 ms \u2013 15 s<\/td>\n<\/tr>\n<tr>\n<td>Grabaci\u00f3n de v\u00eddeo<\/td>\n<td>yes<\/td>\n<\/tr>\n<tr>\n<td>Grabaci\u00f3n de v\u00eddeo<\/td>\n<td>s\u00ed<\/td>\n<\/tr>\n<tr>\n<td>Frecuencia de fotogramas, fps para cada resoluci\u00f3n<\/td>\n<td>17 a 5280&#215;3954, 192 a 584&#215;438, 67 a 1760&#215;1316, 56 a 2640&#215;1976, 17 a 3952&#215;3952<\/td>\n<\/tr>\n<tr>\n<td>Lugar de instalaci\u00f3n<\/td>\n<td>tubo trinocular, tubo ocular en sustituci\u00f3n de un ocular<\/td>\n<\/tr>\n<tr>\n<td>Formato de foto<\/td>\n<td>*.jpg, *.bmp, *.png, *.tif<\/td>\n<\/tr>\n<tr>\n<td>Formato de v\u00eddeo<\/td>\n<td>salida: *.wmv, *.avi, *.h264 (Windows 8 y posterior), *.h265 (Windows 10 y posterior)<\/td>\n<\/tr>\n<tr>\n<td>Intervalo espectral, nm<\/td>\n<td>380-650 (filtro IR incorporado)<\/td>\n<\/tr>\n<tr>\n<td>Tipo de obturador<\/td>\n<td>obturador rodante<\/td>\n<\/tr>\n<tr>\n<td>Balance de blancos<\/td>\n<td>manual, autom\u00e1tico<\/td>\n<\/tr>\n<tr>\n<td>Control de exposici\u00f3n<\/td>\n<td>manual, autom\u00e1tico<\/td>\n<\/tr>\n<tr>\n<td>Opciones programables<\/td>\n<td>tama\u00f1o de imagen, brillo, tiempo de exposici\u00f3n<\/td>\n<\/tr>\n<tr>\n<td>Software<\/td>\n<td>MAGUS View<\/td>\n<\/tr>\n<tr>\n<td>Salida<\/td>\n<td>USB 3.0, 5 Gb\/s<\/td>\n<\/tr>\n<tr>\n<td>Requisitos del sistema<\/td>\n<td>Windows 8\/10\/11 (32 bits y 64 bits), Mac OS X, Linux, procesador Intel Core 2 de hasta 2,8 GHz o superior, m\u00ednimo 2 GB de RAM, puerto USB 3.0, CD-ROM, pantalla de 17&#8242; o mayor<\/td>\n<\/tr>\n<tr>\n<td>Tipo de montura<\/td>\n<td>montura C<\/td>\n<\/tr>\n<tr>\n<td>Cuerpo<\/td>\n<td>aluminio macizo<\/td>\n<\/tr>\n<tr>\n<td>Fuente de alimentaci\u00f3n para c\u00e1mara<\/td>\n<td>CC, 5 V, a trav\u00e9s de puerto USB de ordenador  adaptador de 12 V, 3 A para elemento Peltier<\/td>\n<\/tr>\n<tr>\n<td>Rango de temperaturas de funcionamiento de la c\u00e1mara, \u00b0C<\/td>\n<td>-10 \u2014 50<\/td>\n<\/tr>\n<tr>\n<td>Intervalo de humedad de funcionamiento, %<\/td>\n<td>30 \u2014 80<\/td>\n<\/tr>\n<\/tbody>\n<\/table>\n","protected":false},"excerpt":{"rendered":"<p>El microscopio polarizador MAGUS Pol 850 est\u00e1 dise\u00f1ado para trabajar con luz transmitida y reflejada. M\u00e9todos de observaci\u00f3n disponibles: polarizaci\u00f3n y campo claro. El microscopio se utiliza para estudiar objetos biol\u00f3gicos, geol\u00f3gicos y polim\u00e9ricos anis\u00f3tropos, as\u00ed como secciones pulidas opacas de hasta 15 mm de grosor con una cara pulida. El microscopio es perfecto para una amplia gama de tareas de profesionales del campo de la medicina, la medicina forense, la mineralog\u00eda, la cristalograf\u00eda o la petrograf\u00eda.<\/p>\n","protected":false},"featured_media":83109,"template":"","meta":{"_exactmetrics_skip_tracking":false,"_exactmetrics_sitenote_active":false,"_exactmetrics_sitenote_note":"","_exactmetrics_sitenote_category":0},"product_brand":[],"product_cat":[610],"product_tag":[],"class_list":{"0":"post-84585","1":"product","2":"type-product","3":"status-publish","4":"has-post-thumbnail","6":"product_cat-polarizacion","7":"product_shipping_class-microscopio","9":"first","10":"instock","11":"taxable","12":"shipping-taxable","13":"purchasable","14":"product-type-simple"},"_links":{"self":[{"href":"https:\/\/microscopistas.com\/en\/wp-json\/wp\/v2\/product\/84585","targetHints":{"allow":["GET"]}}],"collection":[{"href":"https:\/\/microscopistas.com\/en\/wp-json\/wp\/v2\/product"}],"about":[{"href":"https:\/\/microscopistas.com\/en\/wp-json\/wp\/v2\/types\/product"}],"wp:featuredmedia":[{"embeddable":true,"href":"https:\/\/microscopistas.com\/en\/wp-json\/wp\/v2\/media\/83109"}],"wp:attachment":[{"href":"https:\/\/microscopistas.com\/en\/wp-json\/wp\/v2\/media?parent=84585"}],"wp:term":[{"taxonomy":"product_brand","embeddable":true,"href":"https:\/\/microscopistas.com\/en\/wp-json\/wp\/v2\/product_brand?post=84585"},{"taxonomy":"product_cat","embeddable":true,"href":"https:\/\/microscopistas.com\/en\/wp-json\/wp\/v2\/product_cat?post=84585"},{"taxonomy":"product_tag","embeddable":true,"href":"https:\/\/microscopistas.com\/en\/wp-json\/wp\/v2\/product_tag?post=84585"}],"curies":[{"name":"wp","href":"https:\/\/api.w.org\/{rel}","templated":true}]}}