{"id":84583,"date":"2024-07-29T18:29:01","date_gmt":"2024-07-29T16:29:01","guid":{"rendered":"http:\/\/microscopistas.com\/?post_type=product&#038;p=84583"},"modified":"2024-07-29T18:44:08","modified_gmt":"2024-07-29T16:44:08","slug":"microscopio-polarizador-digital-magus-pol-d800","status":"publish","type":"product","link":"https:\/\/microscopistas.com\/en\/producto\/microscopio-polarizador-digital-magus-pol-d800\/","title":{"rendered":"Microscopio polarizador digital MAGUS Pol D800"},"content":{"rendered":"<p>El microscopio polarizador MAGUS Pol 800 se utiliza para estudiar objetos anis\u00f3tropos en luz transmitida ordinaria y polarizada. Los objetos de estudio pueden ser biol\u00f3gicos, geol\u00f3gicos o polim\u00e9ricos. La \u00f3ptica del microscopio est\u00e1 libre de tensiones, es decir, no crea refracciones par\u00e1sitas. Forman una imagen clara, de alto contraste y aut\u00e9ntica. La funcionalidad del microscopio es \u00fatil en diversos campos de la ciencia: medicina, medicina forense, mineralog\u00eda, petrograf\u00eda, cristalograf\u00eda, etc.<\/p>\n<p><strong>C\u00e1mara digital<\/strong><\/p>\n<p>La c\u00e1mara cient\u00edfica profesional MAGUS CBF70 est\u00e1 dise\u00f1ada para su uso con un microscopio, as\u00ed como con objetivos de 4x, 10x, 20x y 40x. El dispositivo permite tomar fotograf\u00edas, grabar v\u00eddeos, organizar demostraciones, mostrar im\u00e1genes en una pantalla externa y realizar mediciones angulares y lineales de los objetos en estudio (para que esta funci\u00f3n funcione correctamente, debe calibrar el software). Se recomienda la c\u00e1mara para trabajar con el m\u00e9todo de campo claro.<\/p>\n<p>La c\u00e1mara MAGUS CBF70 dispone de cinco modos de resoluci\u00f3n de imagen y frecuencia de imagen, por lo que podr\u00e1 encontrar f\u00e1cilmente entre ellos el que mejor se adapte a sus necesidades: 5280&#215;3954 p\u00edxeles (17 fps), 3952&#215;3952 p\u00edxeles (17 fps), 2640&#215;1976 p\u00edxeles (56 fps), 1760&#215;1316 p\u00edxeles (67 fps) y 584&#215;438 p\u00edxeles (192 fps).<br \/> Los modos de alta resoluci\u00f3n son ideales para la fotograf\u00eda, ya que permiten crear im\u00e1genes claras, vibrantes y muy detalladas. Los modos con una mayor frecuencia de fotogramas le ayudar\u00e1n a la hora de grabar v\u00eddeos fluidos e informativos, sin saltos ni retrasos, registrando los movimientos m\u00e1s leves del objeto o las caracter\u00edsticas de los procesos observados a gran velocidad.<br \/> Para obtener la mejor calidad de imagen sin distorsiones, se recomienda utilizar un adaptador con un aumento de 1x.<\/p>\n<p>El dise\u00f1o de la c\u00e1mara utiliza un sensor CMOS en color SONY Exmor 4\/3&#8221; con iluminaci\u00f3n de fondo. Esto hace que la imagen sea brillante incluso con poca luz ambiental. El mayor tama\u00f1o f\u00edsico del sensor ayuda a que los colores mostrados sean m\u00e1s profundos y la imagen m\u00e1s n\u00edtida. <\/p>\n<p><strong>\u00d3ptica<\/strong><\/p>\n<p>El cabezal trinocular est\u00e1 equipado con un tubo trinocular para montar una c\u00e1mara digital. Mediante el interruptor situado en el cuerpo, la luz se dirige completamente a los tubos oculares o a la c\u00e1mara digital. El \u00e1ngulo de 30\u00b0 de los tubos oculares es c\u00f3modo para observaciones prolongadas y no provoca tensi\u00f3n en los m\u00fasculos del cuello. El tubo izquierdo dispone de un anillo de ajuste de las dioptr\u00edas en el que gira y adapta la \u00f3ptica del microscopio a la visi\u00f3n \u00fanica del usuario.<\/p>\n<p>El rev\u00f3lver giratorio est\u00e1 dise\u00f1ado para la instalaci\u00f3n simult\u00e1nea de cinco objetivos, cuatro de los cuales ya est\u00e1n incluidos en el paquete. Se puede adquirir por separado un objetivo adicional de la gama de accesorios MAGUS. Todos los objetivos est\u00e1n dise\u00f1ados para trabajar con cubreobjetos de 0,17 mm de grosor. Gracias al dise\u00f1o de rev\u00f3lver \u00abalejado del observador\u00bb, el objetivo insertado en el camino \u00f3ptico se puede ver claramente durante el trabajo, lo que hace m\u00e1s c\u00f3modo el trabajo del investigador. Las ranuras del rev\u00f3lver giratorio est\u00e1n centradas.<\/p>\n<p><strong>Iluminaci\u00f3n<\/strong><\/p>\n<p>La fuente de iluminaci\u00f3n se encuentra debajo de la platina del objeto, es decir, las observaciones se realizan con luz transmitida. La bombilla hal\u00f3gena de 30 W produce una iluminaci\u00f3n clara y agradable para la vista, apta para todos los objetivos. Ajustando la iluminaci\u00f3n mediante el m\u00e9todo K\u00f6hler se consigue un mayor contraste y una mejor calidad de imagen.<\/p>\n<p>El microscopio est\u00e1 equipado con un polarizador y un analizador. Para trabajar con luz polarizada, el analizador se introduce en el camino \u00f3ptico, y el \u00e1ngulo de polarizaci\u00f3n se cambia girando el polarizador y el analizador uno respecto al otro. El microscopio tambi\u00e9n tiene un accesorio intermedio que sostiene un objetivo Bertrand y tiene una ranura para compensadores. Los compensadores mejoran el contraste de las muestras con baja birrefringencia, y la lente Bertrand est\u00e1 dise\u00f1ada para estudios conosc\u00f3picos.<\/p>\n<p><strong>Platina y mecanismo de enfoque<\/strong><\/p>\n<p>La platina del microscopio gira y eso permite cambiar r\u00e1pidamente la refracci\u00f3n de la luz por la muestra cuando se trabaja con luz polarizada. La platina est\u00e1 centrada con respecto al eje \u00f3ptico del microscopio, tiene gradaci\u00f3n del \u00e1ngulo de rotaci\u00f3n y una escala que le permite determinar el \u00e1ngulo con una precisi\u00f3n de 0,1 \u00b0.<\/p>\n<p>El mecanismo de enfoque proporciona un ajuste de nitidez aproximado y preciso. Para el enfoque aproximado, hay disponible un bloqueo de enfoque aproximado y tambi\u00e9n se puede ajustar la tensi\u00f3n aproximada para obtener un control m\u00e1s c\u00f3modo.<\/p>\n<p><strong>Accesorios<\/strong><\/p>\n<p>Hay disponibles oculares, objetivos, c\u00e1maras digitales y portaobjetos de calibraci\u00f3n opcionales para el microscopio. Ampl\u00edan las capacidades del microscopio para llevar a cabo las tareas de los investigadores.<\/p>\n<p><strong>Caracter\u00edsticas principales del microscopio:<\/strong><\/p>\n<ul>\n<li>Observaciones en luz transmitida en campo claro y por los m\u00e9todos de polarizaci\u00f3n<\/li>\n<li>La fuente de iluminaci\u00f3n es una bombilla hal\u00f3gena de 30 W con un espectro de luz \u00abc\u00e1lida\u00bb que resulta c\u00f3moda para los ojos<\/li>\n<li>La polarizaci\u00f3n se consigue mediante un analizador y un polarizador giratorios  el accesorio intermedio tiene un objetivo Bertrand y una ranura para compensadores<\/li>\n<li>Es posible ajustar la iluminaci\u00f3n seg\u00fan el m\u00e9todo de K\u00f6hler, lo que mejora la legibilidad de la imagen<\/li>\n<li>El tubo trinocular permite la instalaci\u00f3n de una c\u00e1mara digital<\/li>\n<li>Los objetivos plano acrom\u00e1ticos corregidos al infinito est\u00e1n libres de tensi\u00f3n  las ranuras del rev\u00f3lver giratorio est\u00e1n centradas<\/li>\n<li>Platina giratoria, enfoque aproximado y preciso<\/li>\n<li>Compatible con accesorios adicionales: oculares, objetivos, etc.<\/li>\n<\/ul>\n<p><strong>Caracter\u00edsticas principales de la c\u00e1mara:<\/strong><\/p>\n<ul>\n<li>Cinco ajustes de gr\u00e1ficos y fps: entre ellos, podr\u00e1 encontrar f\u00e1cilmente el modo m\u00e1s adecuado para usted<\/li>\n<li>R\u00e1pida transferencia de datos gracias a la interfaz USB 3.0<\/li>\n<li>Gran sensor de color SONY Exmor para obtener im\u00e1genes brillantes y n\u00edtidas incluso en condiciones de poca luz<\/li>\n<li>\u00abInicio r\u00e1pido\u00bb: instale el software incluido y la c\u00e1mara estar\u00e1 lista para su uso<\/li>\n<li>Simplifique sus observaciones o haga una demostraci\u00f3n a un p\u00fablico mostrando la imagen de la c\u00e1mara en una pantalla externa<\/li>\n<\/ul>\n<p><strong>El kit incluye:<\/strong>  <\/p>\n<ul>\n<li>C\u00e1mara digital MAGUS CBF70 (c\u00e1mara digital, cable USB, CD de instalaci\u00f3n con controladores y software, manual del usuario y tarjeta de garant\u00eda)<\/li>\n<li>Base con conexi\u00f3n el\u00e9ctrica, fuente de luz transmitida y condensador, mecanismo de enfoque, platina y rev\u00f3lver giratorio<\/li>\n<li>Cabezal trinocular<\/li>\n<li>Tubo intermedio con lente de Bertrand, analizador y ranura para compensador<\/li>\n<li>Compensadores: compensador \u03bb, compensador \u03bb\/4, cu\u00f1a de cuarzo<\/li>\n<li>Objetivo plano acrom\u00e1tico corregido al infinito: PL 4x\/0,10 WD 21 mm<\/li>\n<li>Objetivo plano acrom\u00e1tico corregido al infinito: PL 10x\/0,25 WD 5,0 mm<\/li>\n<li>Objetivo plano acrom\u00e1tico corregido al infinito: PL 40x\/0,65 (con mecanismo de resorte) WD 0,66 mm<\/li>\n<li>Objetivo plano acrom\u00e1tico corregido al infinito: PL 60x\/0,80 (con mecanismo de resorte) WD 0,46 mm<\/li>\n<li>Ocular de 10x\/22 mm con larga distancia de acomodaci\u00f3n ocular (2 unidades)<\/li>\n<li>Ocular de 10x\/22 mm con escala de medici\u00f3n. Valor de incremento: 0,1 mm<\/li>\n<li>Adaptador de montura C con poder de aumento 1x<\/li>\n<li>Llave hexagonal<\/li>\n<li>Cable de alimentaci\u00f3n<\/li>\n<li>Cubierta protectora<\/li>\n<li>Manual del usuario y tarjeta de garant\u00eda<\/li>\n<\/ul>\n<p><strong>Disponible bajo petici\u00f3n:<\/strong>  <\/p>\n<ul>\n<li>Ocular de 10x\/22 mm con ret\u00edcula<\/li>\n<li>Ocular de 12,5x\/14 mm (2 unidades)<\/li>\n<li>Ocular de 15x\/15 mm (2 unidades)<\/li>\n<li>Ocular de 20x\/12 mm (2 unidades)<\/li>\n<li>Ocular de 25x\/9 mm (2 unidades)<\/li>\n<li>Objetivo plano acrom\u00e1tico corregido al infinito: PL 5x\/0,12 WD 26,1 mm<\/li>\n<li>Objetivo plano acrom\u00e1tico corregido al infinito: PL 20x\/0,4 WD 8,8 mm<\/li>\n<li>Objetivo plano acrom\u00e1tico corregido al infinito, fluorita: PL 100x\/1,25 (con mecanismo de resorte, aceite) WD 0,36 mm<\/li>\n<li>Objetivo plano acrom\u00e1tico corregido al infinito, fluorita: PL 100x\/0,8 (con mecanismo de resorte, seco) WD 2,02 mm<\/li>\n<li>Micr\u00f3metro mec\u00e1nico<\/li>\n<li>Portaobjetos de calibraci\u00f3n<\/li>\n<\/ul>\n<table>\n<tbody>\n<tr>\n<td>Marca<\/td>\n<td>MAGUS<\/td>\n<\/tr>\n<tr>\n<td>Garant\u00eda<\/td>\n<td>5 \u043b\u0435\u0442<\/td>\n<\/tr>\n<tr>\n<td>EAN<\/td>\n<td>5905555018515<\/td>\n<\/tr>\n<tr>\n<td>Tama\u00f1o de paquete (LxAn.xAl.)<\/td>\n<td>43x27x63 cm<\/td>\n<\/tr>\n<tr>\n<td>Peso del env\u00edo<\/td>\n<td>15.1 kg<\/td>\n<\/tr>\n<tr>\n<td>Delimitador<\/td>\n<td>Microscopio polarizador MAGUS Pol 800<\/td>\n<\/tr>\n<tr>\n<td>=== Delimitador ===<\/td>\n<td>Especificaciones del microscopio<\/td>\n<\/tr>\n<tr>\n<td>Tipo<\/td>\n<td>biol\u00f3gico, luz\/\u00f3ptico, digital<\/td>\n<\/tr>\n<tr>\n<td>Cabezal<\/td>\n<td>trinocular<\/td>\n<\/tr>\n<tr>\n<td>Boquilla<\/td>\n<td>Siedentopf<\/td>\n<\/tr>\n<tr>\n<td>\u00c1ngulo de inclinaci\u00f3n de cabezal<\/td>\n<td>30\u00b0<\/td>\n<\/tr>\n<tr>\n<td>Di\u00e1metro del tubo del ocular, mm<\/td>\n<td>30<\/td>\n<\/tr>\n<tr>\n<td>Oculares<\/td>\n<td>10\u0445\/22 mm, distancia de acomodaci\u00f3n ocular: 10 mm  10\u0445\/22 mm con escala de medici\u00f3n (*opcional: 10x\/22 mm con ret\u00edcula  12,5x\/14  15x\/15  20x\/12  25x\/9)<\/td>\n<\/tr>\n<tr>\n<td>Objetivos<\/td>\n<td>acrom\u00e1ticos de plan infinito, sin tensiones: PL 4x\/0,10  PL 10x\/0,25  PL 40x\/0,65  PL 60x\/0,80 (*opcional: PL 5x\/0,12  PL 20x\/0,4  PL 100x\/1,25 (aceite)  PL 100x\/0,8 (seco))  altura parafocal de 45 mm, dise\u00f1ados para trabajar con cubreobjetos de 0,17 mm de espesor<\/td>\n<\/tr>\n<tr>\n<td>Rev\u00f3lver<\/td>\n<td>para 5 objetivos, centrado<\/td>\n<\/tr>\n<tr>\n<td>Distancia de trabajo, mm<\/td>\n<td>21 (4x)  5,0 (10x)  0,66 (40x)  0,46 (60x)  26,1 (5x)  8,8 (20x)  0,36 (100x (aceite))  2,02 (100x (seco))<\/td>\n<\/tr>\n<tr>\n<td>Distancia interpupilar, mm<\/td>\n<td>48 \u2014 75<\/td>\n<\/tr>\n<tr>\n<td>Platina, mm<\/td>\n<td>\u00d8150<\/td>\n<\/tr>\n<tr>\n<td>Platina<\/td>\n<td>giratorio 360\u00b0, centrado, graduaci\u00f3n de 1\u00b0 del \u00e1ngulo de rotaci\u00f3n  una escala de Vernier para medir \u00e1ngulos con una exactitud de 0,1\u00b0<\/td>\n<\/tr>\n<tr>\n<td>Ajuste di\u00f3ptrico<\/td>\n<td>\u00b15 (en el tubo izquierdo)<\/td>\n<\/tr>\n<tr>\n<td>Condensador<\/td>\n<td>condensador Abbe NA 1,25 con diafragma de apertura ajustable y lente giratoria<\/td>\n<\/tr>\n<tr>\n<td>Diafragma<\/td>\n<td>diafragma de apertura ajustable, diafragma de campo iris ajustable<\/td>\n<\/tr>\n<tr>\n<td>Enfoque<\/td>\n<td>coaxial, enfoque aproximado (21 mm, 39,8 mm\/c\u00edrculo, con mando de bloqueo y mando de ajuste de tensi\u00f3n) y enfoque preciso (0,002 mm)<\/td>\n<\/tr>\n<tr>\n<td>Iluminaci\u00f3n<\/td>\n<td>hal\u00f3gena<\/td>\n<\/tr>\n<tr>\n<td>Ajuste del brillo<\/td>\n<td>yes<\/td>\n<\/tr>\n<tr>\n<td>Alimentaci\u00f3n<\/td>\n<td>220\u00b122 V, 50 Hz, alimentaci\u00f3n de red de CA<\/td>\n<\/tr>\n<tr>\n<td>Tipo de fuente de iluminaci\u00f3n<\/td>\n<td>l\u00e1mpara hal\u00f3gena: 12V\/30W<\/td>\n<\/tr>\n<tr>\n<td>Intervalo de temperatura de funcionamiento, \u00b0C<\/td>\n<td>5 \u2014 35<\/td>\n<\/tr>\n<tr>\n<td>Nivel de usuario<\/td>\n<td>usuarios experimentados, profesionales<\/td>\n<\/tr>\n<tr>\n<td>Montaje y nivel de dificultad de instalaci\u00f3n<\/td>\n<td>complicado<\/td>\n<\/tr>\n<tr>\n<td>Polarizador<\/td>\n<td>con marcas de 0\u00b0, 90\u00b0, 180\u00b0, 270\u00b0 en la escala  giro de 360\u00b0<\/td>\n<\/tr>\n<tr>\n<td>Tubo intermedio<\/td>\n<td>analizador integrado con giro de 0\u2013360\u00b0  escala de Vernier para medir \u00e1ngulos con una exactitud de 0,1\u00b0  lente de Bertrand  ranura para instalar compensadores<\/td>\n<\/tr>\n<tr>\n<td>Compensador<\/td>\n<td>compensador \u03bb  compensador \u03bb\/4  cu\u00f1a de cuarzo<\/td>\n<\/tr>\n<tr>\n<td>Aplicaci\u00f3n<\/td>\n<td>laboratorio\/m\u00e9dico<\/td>\n<\/tr>\n<tr>\n<td>Ubicaci\u00f3n de la iluminaci\u00f3n<\/td>\n<td>inferior<\/td>\n<\/tr>\n<tr>\n<td>M\u00e9todo de investigaci\u00f3n<\/td>\n<td>campo claro, polarizaci\u00f3n<\/td>\n<\/tr>\n<tr>\n<td>Funda\/malet\u00edn\/bolsa incluida en el kit<\/td>\n<td>cubierta protectora<\/td>\n<\/tr>\n<tr>\n<td>=== Delimitador ===<\/td>\n<td>C\u00e1mara digital<\/td>\n<\/tr>\n<tr>\n<td>Sensor<\/td>\n<td>SONY Exmor CMOS<\/td>\n<\/tr>\n<tr>\n<td>Color\/monocromo<\/td>\n<td>color <\/td>\n<\/tr>\n<tr>\n<td>Megap\u00edxeles<\/td>\n<td>21<\/td>\n<\/tr>\n<tr>\n<td>Resoluci\u00f3n m\u00e1xima, p\u00edxeles<\/td>\n<td>5280&#215;3954<\/td>\n<\/tr>\n<tr>\n<td>Tama\u00f1o del sensor<\/td>\n<td>4\/3&#8242; (17,4&#215;13,0 mm)<\/td>\n<\/tr>\n<tr>\n<td>Tama\u00f1o del p\u00edxel, &#038;micro m<\/td>\n<td>3.3&#215;3.3<\/td>\n<\/tr>\n<tr>\n<td>Sensibilidad a la luz<\/td>\n<td>399 mV a 1\/30 s<\/td>\n<\/tr>\n<tr>\n<td>Relaci\u00f3n se\u00f1al\/ruido<\/td>\n<td>0,1 mV a 1\/30 s<\/td>\n<\/tr>\n<tr>\n<td>Tiempo de exposici\u00f3n<\/td>\n<td>0,1 ms \u2013 15 s<\/td>\n<\/tr>\n<tr>\n<td>Grabaci\u00f3n de v\u00eddeo<\/td>\n<td>yes<\/td>\n<\/tr>\n<tr>\n<td>Grabaci\u00f3n de v\u00eddeo<\/td>\n<td>s\u00ed<\/td>\n<\/tr>\n<tr>\n<td>Frecuencia de fotogramas, fps para cada resoluci\u00f3n<\/td>\n<td>17 a 5280&#215;3954, 192 a 584&#215;438, 67 a 1760&#215;1316, 56 a 2640&#215;1976, 17 a 3952&#215;3952<\/td>\n<\/tr>\n<tr>\n<td>Lugar de instalaci\u00f3n<\/td>\n<td>tubo trinocular, tubo ocular en sustituci\u00f3n de un ocular<\/td>\n<\/tr>\n<tr>\n<td>Formato de foto<\/td>\n<td>*.jpg, *.bmp, *.png, *.tif<\/td>\n<\/tr>\n<tr>\n<td>Formato de v\u00eddeo<\/td>\n<td>salida: *.wmv, *.avi, *.h264 (Windows 8 y posterior), *.h265 (Windows 10 y posterior)<\/td>\n<\/tr>\n<tr>\n<td>Intervalo espectral, nm<\/td>\n<td>380-650 (filtro IR incorporado)<\/td>\n<\/tr>\n<tr>\n<td>Tipo de obturador<\/td>\n<td>obturador rodante<\/td>\n<\/tr>\n<tr>\n<td>Balance de blancos<\/td>\n<td>manual, autom\u00e1tico<\/td>\n<\/tr>\n<tr>\n<td>Control de exposici\u00f3n<\/td>\n<td>manual, autom\u00e1tico<\/td>\n<\/tr>\n<tr>\n<td>Opciones programables<\/td>\n<td>tama\u00f1o de imagen, brillo, tiempo de exposici\u00f3n<\/td>\n<\/tr>\n<tr>\n<td>Software<\/td>\n<td>MAGUS View<\/td>\n<\/tr>\n<tr>\n<td>Salida<\/td>\n<td>USB 3.0, 5 Gb\/s<\/td>\n<\/tr>\n<tr>\n<td>Requisitos del sistema<\/td>\n<td>Windows 8\/10\/11 (32 bits y 64 bits), Mac OS X, Linux, procesador Intel Core 2 de hasta 2,8 GHz o superior, m\u00ednimo 2 GB de RAM, puerto USB 3.0, CD-ROM, pantalla de 17&#8242; o mayor<\/td>\n<\/tr>\n<tr>\n<td>Tipo de montura<\/td>\n<td>montura C<\/td>\n<\/tr>\n<tr>\n<td>Cuerpo<\/td>\n<td>aluminio macizo<\/td>\n<\/tr>\n<tr>\n<td>Fuente de alimentaci\u00f3n para c\u00e1mara<\/td>\n<td>CC, 5 V, a trav\u00e9s de puerto USB de ordenador  adaptador de 12 V, 3 A para elemento Peltier<\/td>\n<\/tr>\n<tr>\n<td>Rango de temperaturas de funcionamiento de la c\u00e1mara, \u00b0C<\/td>\n<td>-10 \u2014 50<\/td>\n<\/tr>\n<tr>\n<td>Intervalo de humedad de funcionamiento, %<\/td>\n<td>30 \u2014 80<\/td>\n<\/tr>\n<\/tbody>\n<\/table>\n","protected":false},"excerpt":{"rendered":"<p>El microscopio polarizador MAGUS Pol 800 se utiliza para estudiar objetos anis\u00f3tropos en luz transmitida ordinaria y polarizada. Los objetos de estudio pueden ser biol\u00f3gicos, geol\u00f3gicos o polim\u00e9ricos. La \u00f3ptica del microscopio est\u00e1 libre de tensiones, es decir, no crea refracciones par\u00e1sitas. Forman una imagen clara, de alto contraste y aut\u00e9ntica. La funcionalidad del microscopio es \u00fatil en diversos campos de la ciencia: medicina, medicina forense, mineralog\u00eda, petrograf\u00eda, cristalograf\u00eda, etc.<\/p>\n","protected":false},"featured_media":83103,"template":"","meta":{"_exactmetrics_skip_tracking":false,"_exactmetrics_sitenote_active":false,"_exactmetrics_sitenote_note":"","_exactmetrics_sitenote_category":0},"product_brand":[],"product_cat":[610],"product_tag":[],"class_list":{"0":"post-84583","1":"product","2":"type-product","3":"status-publish","4":"has-post-thumbnail","6":"product_cat-polarizacion","7":"product_shipping_class-microscopio","9":"first","10":"instock","11":"taxable","12":"shipping-taxable","13":"purchasable","14":"product-type-simple"},"_links":{"self":[{"href":"https:\/\/microscopistas.com\/en\/wp-json\/wp\/v2\/product\/84583","targetHints":{"allow":["GET"]}}],"collection":[{"href":"https:\/\/microscopistas.com\/en\/wp-json\/wp\/v2\/product"}],"about":[{"href":"https:\/\/microscopistas.com\/en\/wp-json\/wp\/v2\/types\/product"}],"wp:featuredmedia":[{"embeddable":true,"href":"https:\/\/microscopistas.com\/en\/wp-json\/wp\/v2\/media\/83103"}],"wp:attachment":[{"href":"https:\/\/microscopistas.com\/en\/wp-json\/wp\/v2\/media?parent=84583"}],"wp:term":[{"taxonomy":"product_brand","embeddable":true,"href":"https:\/\/microscopistas.com\/en\/wp-json\/wp\/v2\/product_brand?post=84583"},{"taxonomy":"product_cat","embeddable":true,"href":"https:\/\/microscopistas.com\/en\/wp-json\/wp\/v2\/product_cat?post=84583"},{"taxonomy":"product_tag","embeddable":true,"href":"https:\/\/microscopistas.com\/en\/wp-json\/wp\/v2\/product_tag?post=84583"}],"curies":[{"name":"wp","href":"https:\/\/api.w.org\/{rel}","templated":true}]}}