{"id":84581,"date":"2024-07-29T18:29:01","date_gmt":"2024-07-29T16:29:01","guid":{"rendered":"http:\/\/microscopistas.com\/?post_type=product&#038;p=84581"},"modified":"2024-07-29T18:43:32","modified_gmt":"2024-07-29T16:43:32","slug":"microscopio-metalurgico-invertido-digital-magus-metal-vd700-bd","status":"publish","type":"product","link":"https:\/\/microscopistas.com\/en\/producto\/microscopio-metalurgico-invertido-digital-magus-metal-vd700-bd\/","title":{"rendered":"Microscopio metal\u00fargico invertido digital MAGUS Metal VD700 BD"},"content":{"rendered":"<p>El modelo MAGUS Metal VD700 BD es un microscopio metal\u00fargico invertido digital: el rev\u00f3lver giratorio se encuentra debajo de la muestra y utiliza luz reflejada para las observaciones. T\u00e9cnicas de microscop\u00eda disponibles: campo claro, campo oscuro y luz polarizada. El microscopio se utiliza para estudiar metales, aleaciones, semiconductores y otras muestras opacas de gran tama\u00f1o, de hasta 2 kg. Se utiliza ampliamente en instalaciones industriales, f\u00e1bricas y laboratorios de control de calidad, as\u00ed como en universidades y centros de investigaci\u00f3n.<\/p>\n<p><strong>C\u00e1mara digital<\/strong><\/p>\n<p>La c\u00e1mara digital MAGUS CLM30 est\u00e1 dise\u00f1ada para ser utilizada en las t\u00e9cnicas de microscop\u00eda de fluorescencia y campo oscuro.<br \/> La c\u00e1mara est\u00e1 equipada con un sensor de 8,3 MP y produce im\u00e1genes realistas con una resoluci\u00f3n de 3840&#215;2160 p\u00edxeles. Se recomienda utilizar la c\u00e1mara con objetivos de 4x, 10x, 20x y 40x. Cuando trabaje con objetivos de bajo aumento, la c\u00e1mara le permitir\u00e1 ver m\u00e1s detalles.<br \/> El v\u00eddeo se graba a 45 fps o 70 fps, dependiendo de la resoluci\u00f3n utilizada: las transiciones entre fotogramas son fluidas y suaves. El movimiento de la muestra observada se muestra en tiempo real y sin retardos. La c\u00e1mara permite trabajar f\u00e1cilmente con muestras en movimiento y es adecuada para presentaciones en el aula.<br \/> La c\u00e1mara est\u00e1 equipada con una interfaz USB 3.0. La velocidad de transferencia de datos es 10 veces m\u00e1s r\u00e1pida que la de las c\u00e1maras provistas con una interfaz USB 2.0. Se recomienda utilizar una c\u00e1mara de alta velocidad para laboratorios profesionales, trabajos de investigaci\u00f3n o formaci\u00f3n universitaria.<\/p>\n<p><strong>\u00d3ptica<\/strong><\/p>\n<p>Puede instalar el cabezal del microscopio de la forma habitual o girarlo 180\u00b0, de acuerdo con el dise\u00f1o del aparato. Existe la opci\u00f3n de instalar una c\u00e1mara digital y un monitor: El cabezal del microscopio tiene un tubo trinocular y en el cuerpo se encuentra un conector lateral para c\u00e1mara. Existe divisi\u00f3n del haz de luz para el cabezal y el cuerpo: relaci\u00f3n de intensidades luminosas de 50:50 y 100:0 en el cabezal del microscopio, y de 100:0 y 0:100 en el cuerpo.<\/p>\n<p>Debajo de la muestra examinada se encuentra un rev\u00f3lver giratorio para 5 objetivos. El rev\u00f3lver tiene 4 posiciones para instalar los objetivos incluidos en el kit y una posici\u00f3n adicional para instalar otro objetivo. Todos los objetivos de este microscopio llevan la indicaci\u00f3n &#8216;BD&#8217;, es decir, est\u00e1n especialmente dise\u00f1ados para la microscop\u00eda de campo claro y campo oscuro y tienen una larga distancia de trabajo.<\/p>\n<p><strong>Iluminaci\u00f3n<\/strong><\/p>\n<p>Fuente de luz: Bombilla hal\u00f3gena de 50 W. La iluminaci\u00f3n c\u00e1lida reduce la fatiga visual y es ideal para largas horas de trabajo con el microscopio. La potente iluminaci\u00f3n permite obtener im\u00e1genes n\u00edtidas y detalladas utilizando cualquier t\u00e9cnica de microscop\u00eda y cualquier objetivo. La fuente de luz se puede centrar a lo largo de tres ejes y la iluminaci\u00f3n K\u00f6hler se puede ajustar mediante diafragmas de apertura y de campo. El sistema de iluminaci\u00f3n por luz reflejada tambi\u00e9n incluye un dispositivo de polarizaci\u00f3n y un dispositivo de campo oscuro.<\/p>\n<p><strong>Platina y mecanismo de enfoque<\/strong> <\/p>\n<p>Platina con placa redonda giratoria en el centro. De acuerdo con el uso previsto, se pueden utilizar placas diferentes: Difieren en el di\u00e1metro del orificio: 10 mm, 20 mm o 30 mm. Despu\u00e9s de colocar la muestra en la platina, se fija con un soporte. La platina, junto con la muestra, se puede desplazar a lo largo del eje X o el eje Y. Para ajustar el enfoque se utilizan el enfoque grueso (tiene un mando de bloqueo y un mando de ajuste de la tensi\u00f3n) y el enfoque preciso. Los mandos coaxiales de enfoque aproximado y enfoque preciso est\u00e1n situados en ambos lados cerca de la base del microscopio, por lo que el usuario puede reposar las manos sobre la mesa mientras usa un microscopio, en lugar de mantenerlas en el aire.<\/p>\n<p><strong>Accesorios<\/strong><\/p>\n<p>Puede instalar accesorios adicionales en el microscopio MAGUS Metal V700 BD para ampliar sus prestaciones. Los accesorios incluyen oculares, objetivos de campo oscuro y campo claro con una larga distancia de trabajo, c\u00e1maras digitales y portaobjetos de calibraci\u00f3n.<\/p>\n<p><strong>Caracter\u00edsticas principales del microscopio:<\/strong><\/p>\n<ul>\n<li>Platina provista de placas redondas con orificios de 10 mm, 20 mm y 30 mm  instrumento adecuado para estudiar muestras pesadas y grandes <\/li>\n<li>Compatible con las t\u00e9cnicas de microscop\u00eda de campo claro, campo oscuro y luz polarizada <\/li>\n<li>Posibilidad de girar el cabezal del microscopio 180\u00b0 durante la instalaci\u00f3n<\/li>\n<li>Opciones para instalar un monitor y una c\u00e1mara digital: tubo trinocular y conector lateral para c\u00e1mara  divisi\u00f3n del haz de luz: relaci\u00f3n de intensidades luminosas de 100:0 y 0:100 en el cuerpo, y de 50:50 y 100:0 en el cabezal trinocular<\/li>\n<li>Potente iluminador hal\u00f3geno (50 W) para realizar observaciones c\u00f3modas utilizando la t\u00e9cnica de campo oscuro, control del brillo, configuraci\u00f3n del m\u00e9todo de iluminaci\u00f3n K\u00f6hler, filtros de color y una fuente de luz que se puede centrar a lo largo de tres ejes<\/li>\n<li>Posibilidad de instalar accesorios opcionales para mejorar el rendimiento del microscopio<\/li>\n<\/ul>\n<p><strong>Caracter\u00edsticas principales de la c\u00e1mara:<\/strong><\/p>\n<ul>\n<li>C\u00e1mara apta para microscop\u00eda de fluorescencia y campo oscuro con objetivos de 4x, 10x, 20x y 40x<\/li>\n<li>Resoluci\u00f3n de 8,3 MP: cuando trabaje con objetivos de bajo aumento, la c\u00e1mara le permitir\u00e1 ver m\u00e1s detalles<\/li>\n<li>45 fps y 70 fps a resoluciones de 3840&#215;2160 px y 1920&#215;1080 px para observar muestras en movimiento, grabar v\u00eddeos y mover la preparaci\u00f3n sin sacudidas ni retardos <\/li>\n<li>El elemento Peltier reduce la temperatura del sensor durante un funcionamiento prolongado y elimina el ruido t\u00e9rmico. Esto permite tomar fotograf\u00edas con velocidades de obturaci\u00f3n largas.<\/li>\n<li>El sensor en color SONY Exmor de tipo CMOS con iluminaci\u00f3n de fondo proporciona un bajo nivel de ruido digital y una alta sensibilidad a la luz incluso en condiciones de poca luz. Obtendr\u00e1 im\u00e1genes m\u00e1s claras, brillantes y con colores m\u00e1s saturados.<\/li>\n<li>Interfaz USB 3.0 para una transferencia de datos r\u00e1pida y fluida<\/li>\n<li>Software para toma de fotograf\u00edas, grabaci\u00f3n de v\u00eddeos, edici\u00f3n, visualizaci\u00f3n en un monitor externo, mediciones lineales y angulares<\/li>\n<\/ul>\n<p><strong>El kit incluye:<\/strong><\/p>\n<ul>\n<li>La c\u00e1mara digital MAGUS CLM30 (c\u00e1mara digital, cable USB, adaptador de 12 V, 3 A, estuche, CD de instalaci\u00f3n con controladores y software, manual del usuario y tarjeta de garant\u00eda)<\/li>\n<li>Base del microscopio con conexi\u00f3n el\u00e9ctrica, mecanismo de enfoque, platina y rev\u00f3lver giratorio<\/li>\n<li>Iluminador de luz reflejada con cabina para la l\u00e1mpara <\/li>\n<li>Cabezal trinocular<\/li>\n<li>Objetivo plano acrom\u00e1tico corregido al infinito: PL L5x\/0,12 BD WD 9,7 mm<\/li>\n<li>Objetivo plano acrom\u00e1tico corregido al infinito: PL L10x\/0,25 BD WD 9,3 mm<\/li>\n<li>Objetivo plano acrom\u00e1tico corregido al infinito: PL L20x\/0,40 BD WD 7,2 mm<\/li>\n<li>Objetivo plano acrom\u00e1tico corregido al infinito: PL L50\u0445\/0,70 BD WD 2,5 mm<\/li>\n<li>Ocular 10x\/22 mm con larga distancia de acomodaci\u00f3n ocular (2 unidades)<\/li>\n<li>Adaptador de montura C con poder de aumento 1x<\/li>\n<li>Llave hexagonal<\/li>\n<li>Cable de alimentaci\u00f3n CA<\/li>\n<li>Cubierta protectora<\/li>\n<li>Manual del usuario y tarjeta de garant\u00eda<\/li>\n<\/ul>\n<p><strong>Disponible bajo petici\u00f3n:<\/strong><\/p>\n<ul>\n<li>Ocular de 10x\/22 mm con escala de medici\u00f3n<\/li>\n<li>Ocular de 12,5x\/14 mm (2 unidades)<\/li>\n<li>Ocular de 15x\/15 mm (2 unidades)<\/li>\n<li>Ocular de 20x\/12 mm (2 unidades)<\/li>\n<li>Ocular de 25x\/9 mm (2 unidades)<\/li>\n<li>Objetivo plano acrom\u00e1tico corregido al infinito: PL L40x\/0,60 BD WD 3,0 mm<\/li>\n<li>Objetivo plano acrom\u00e1tico corregido al infinito: PL L60x\/0,70 BD WD: 1,9 mm<\/li>\n<li>Objetivo plano acrom\u00e1tico corregido al infinito: PL L80x\/0,80 BD WD: 0,8 mm<\/li>\n<li>Objetivo plano acrom\u00e1tico corregido al infinito: PL L100\u0445\/0,85 (uso en seco) BD WD: 0,4 mm<\/li>\n<li>Portaobjetos de calibraci\u00f3n<\/li>\n<\/ul>\n<table>\n<tbody>\n<tr>\n<td>Marca<\/td>\n<td>MAGUS<\/td>\n<\/tr>\n<tr>\n<td>Garant\u00eda<\/td>\n<td>5 \u043b\u0435\u0442<\/td>\n<\/tr>\n<tr>\n<td>EAN<\/td>\n<td>5905555018485<\/td>\n<\/tr>\n<tr>\n<td>Tama\u00f1o de paquete (LxAn.xAl.)<\/td>\n<td>49x34x68 cm<\/td>\n<\/tr>\n<tr>\n<td>Peso del env\u00edo<\/td>\n<td>19.3 kg<\/td>\n<\/tr>\n<tr>\n<td>Delimitador<\/td>\n<td>Microscopio metal\u00fargico invertido MAGUS Metal V700 BD<\/td>\n<\/tr>\n<tr>\n<td>Tipo<\/td>\n<td>luz\/\u00f3ptico, metal\u00fargico <\/td>\n<\/tr>\n<tr>\n<td>Cabezal<\/td>\n<td>trinocular<\/td>\n<\/tr>\n<tr>\n<td>Boquilla<\/td>\n<td>Siedentopf, giratorio 180\u00b0<\/td>\n<\/tr>\n<tr>\n<td>\u00c1ngulo de inclinaci\u00f3n de cabezal<\/td>\n<td>45\u00b0<\/td>\n<\/tr>\n<tr>\n<td>Ampliaci\u00f3n, x<\/td>\n<td>b\u00e1sico: 50\u2013500 (*opcional: 50\u20131000\/1250\/1500\/2000\/2500)<\/td>\n<\/tr>\n<tr>\n<td>Rango de ampliaci\u00f3n<\/td>\n<td>200x a 800x<\/td>\n<\/tr>\n<tr>\n<td>Di\u00e1metro del tubo del ocular, mm<\/td>\n<td>30<\/td>\n<\/tr>\n<tr>\n<td>Oculares<\/td>\n<td>10\u0445\/22 mm, distancia de acomodaci\u00f3n ocular: 10 mm (*opcional: 10x\/22 mm con escala, 12,5x\/14  15x\/15  20x\/12  25x\/9)<\/td>\n<\/tr>\n<tr>\n<td>Objetivos<\/td>\n<td>plano acrom\u00e1ticos corregidos al infinito: PL L5x\/0,12 BD, PL L10x\/0,25 BD, PL L20x\/0,40 BD, PL L50x\/0,70 BD  distancia parafocal 45 mm (*opcional: PL L40x\/0,60 BD, PL L60x\u202f\/ 0,70 BD, PL L80x\/0,80 BD, PL L100x\/0,85 BD (uso en seco))<\/td>\n<\/tr>\n<tr>\n<td>Rev\u00f3lver<\/td>\n<td>para 5 objetivos<\/td>\n<\/tr>\n<tr>\n<td>Distancia de trabajo, mm<\/td>\n<td>9,7 (5x)  9,3 (10x)  7,2 (20x)  2,5 (50x)  3,0 (40x)  1,9 (60x)  0,80 (80x)  0,40 (100x)<\/td>\n<\/tr>\n<tr>\n<td>Distancia interpupilar, mm<\/td>\n<td>48 \u2014 75<\/td>\n<\/tr>\n<tr>\n<td>Platina, mm<\/td>\n<td>242&#215;200<\/td>\n<\/tr>\n<tr>\n<td>Rango de desplazamiento de la platina, mm<\/td>\n<td>30\/30<\/td>\n<\/tr>\n<tr>\n<td>Platina<\/td>\n<td>mec\u00e1nico de dos ejes, placa giratoria redonda de \u00d8130\u202fmm con orificios de \u00d810\u202fmm, \u00d820\u202fmm y \u00d830\u202fmm<\/td>\n<\/tr>\n<tr>\n<td>Diafragma<\/td>\n<td>diafragmas de apertura y de campo integrados<\/td>\n<\/tr>\n<tr>\n<td>Enfoque<\/td>\n<td>coaxial, enfoque aproximado (con ajuste de la tensi\u00f3n y mando de bloqueo) y enfoque preciso (0,002 mm)<\/td>\n<\/tr>\n<tr>\n<td>Iluminaci\u00f3n<\/td>\n<td>hal\u00f3gena<\/td>\n<\/tr>\n<tr>\n<td>Ajuste del brillo<\/td>\n<td>yes<\/td>\n<\/tr>\n<tr>\n<td>Alimentaci\u00f3n<\/td>\n<td>220\u00b122 V, 50 Hz, alimentaci\u00f3n de red de CA<\/td>\n<\/tr>\n<tr>\n<td>Tipo de fuente de iluminaci\u00f3n<\/td>\n<td>12 V\/50 W<\/td>\n<\/tr>\n<tr>\n<td>Filtros de luz<\/td>\n<td>verde, azul, amarillo, mate<\/td>\n<\/tr>\n<tr>\n<td>Intervalo de temperatura de funcionamiento, \u00b0C<\/td>\n<td>5 \u2014 35<\/td>\n<\/tr>\n<tr>\n<td>Adicional<\/td>\n<td>analizador y polarizador extra\u00edbles, dispositivo de campo oscuro<\/td>\n<\/tr>\n<tr>\n<td>Nivel de usuario<\/td>\n<td>usuarios experimentados, profesionales<\/td>\n<\/tr>\n<tr>\n<td>Montaje y nivel de dificultad de instalaci\u00f3n<\/td>\n<td>complicado<\/td>\n<\/tr>\n<tr>\n<td>Aplicaci\u00f3n<\/td>\n<td>metal\u00fargico <\/td>\n<\/tr>\n<tr>\n<td>Ubicaci\u00f3n de la iluminaci\u00f3n<\/td>\n<td>inferior<\/td>\n<\/tr>\n<tr>\n<td>M\u00e9todo de investigaci\u00f3n<\/td>\n<td>campo claro, campo oscuro, polarizaci\u00f3n<\/td>\n<\/tr>\n<tr>\n<td>Funda\/malet\u00edn\/bolsa incluida en el kit<\/td>\n<td>cubierta protectora<\/td>\n<\/tr>\n<tr>\n<td>=== Delimitador ===<\/td>\n<td>C\u00e1mara digital<\/td>\n<\/tr>\n<tr>\n<td>Sensor<\/td>\n<td>SONY Exmor CMOS<\/td>\n<\/tr>\n<tr>\n<td>Color\/monocromo<\/td>\n<td>color <\/td>\n<\/tr>\n<tr>\n<td>Megap\u00edxeles<\/td>\n<td>8.3<\/td>\n<\/tr>\n<tr>\n<td>Resoluci\u00f3n m\u00e1xima, p\u00edxeles<\/td>\n<td>3840&#215;2160<\/td>\n<\/tr>\n<tr>\n<td>Tama\u00f1o del sensor<\/td>\n<td>1\/1,2&#8242; (11,14&#215;6,26 mm)<\/td>\n<\/tr>\n<tr>\n<td>Tama\u00f1o del p\u00edxel, &#038;micro m<\/td>\n<td>2.9&#215;2.9<\/td>\n<\/tr>\n<tr>\n<td>M\u00f3dulo termoel\u00e9ctrico de dos etapas (elemento Peltier) para ajustar la temperatura a 42 \u00b0C por debajo de la temperatura ambiente<\/td>\n<td>yes<\/td>\n<\/tr>\n<tr>\n<td>Sensibilidad a la luz<\/td>\n<td>5970 mV a 1\/30 s<\/td>\n<\/tr>\n<tr>\n<td>Relaci\u00f3n se\u00f1al\/ruido<\/td>\n<td>0,15 mV a 1\/30 s<\/td>\n<\/tr>\n<tr>\n<td>Tiempo de exposici\u00f3n<\/td>\n<td>0,1 ms \u2013 1 h<\/td>\n<\/tr>\n<tr>\n<td>Grabaci\u00f3n de v\u00eddeo<\/td>\n<td>yes<\/td>\n<\/tr>\n<tr>\n<td>Frecuencia de fotogramas, fps para cada resoluci\u00f3n<\/td>\n<td>45 a 3840&#215;2160, 70 a 1920&#215;1080<\/td>\n<\/tr>\n<tr>\n<td>Capacidad de d\u00edgitos de ADC (bits)<\/td>\n<td>8\/12 (seleccionable)<\/td>\n<\/tr>\n<tr>\n<td>Lugar de instalaci\u00f3n<\/td>\n<td>tubo trinocular<\/td>\n<\/tr>\n<tr>\n<td>Formato de foto<\/td>\n<td>*.jpg, *.bmp, *.png, *.tif<\/td>\n<\/tr>\n<tr>\n<td>Formato de v\u00eddeo<\/td>\n<td>salida: *.wmv, *.avi, *.h264 (Windows 8 y posterior), *.h265 (Windows 10 y posterior)<\/td>\n<\/tr>\n<tr>\n<td>Intervalo espectral, nm<\/td>\n<td>380-650 (filtro IR incorporado)<\/td>\n<\/tr>\n<tr>\n<td>Tipo de obturador<\/td>\n<td>obturador rodante<\/td>\n<\/tr>\n<tr>\n<td>Balance de blancos<\/td>\n<td>manual, autom\u00e1tico<\/td>\n<\/tr>\n<tr>\n<td>Control de exposici\u00f3n<\/td>\n<td>manual, autom\u00e1tico<\/td>\n<\/tr>\n<tr>\n<td>Opciones programables<\/td>\n<td>tama\u00f1o de imagen, brillo, tiempo de exposici\u00f3n<\/td>\n<\/tr>\n<tr>\n<td>Software<\/td>\n<td>MAGUS View<\/td>\n<\/tr>\n<tr>\n<td>Requisitos del sistema<\/td>\n<td>Windows 8\/10\/11 (32 bits y 64 bits), Mac OS X, Linux, procesador Intel Core 2 de hasta 2,8 GHz o superior, m\u00ednimo 2 GB de RAM, puerto USB 3.0, CD-ROM, pantalla de 17&#8242; o mayor<\/td>\n<\/tr>\n<tr>\n<td>Tipo de montura<\/td>\n<td>montura C<\/td>\n<\/tr>\n<tr>\n<td>Fuente de alimentaci\u00f3n para c\u00e1mara<\/td>\n<td>CC, 5 V, a trav\u00e9s de puerto USB de ordenador  adaptador de 12 V, 3 A para elemento Peltier<\/td>\n<\/tr>\n<tr>\n<td>Rango de temperaturas de funcionamiento de la c\u00e1mara, \u00b0C<\/td>\n<td>-10 \u2014 50<\/td>\n<\/tr>\n<tr>\n<td>Intervalo de humedad de funcionamiento, %<\/td>\n<td>30 \u2014 80<\/td>\n<\/tr>\n<\/tbody>\n<\/table>\n","protected":false},"excerpt":{"rendered":"<p>El modelo MAGUS Metal VD700 BD es un microscopio metal\u00fargico invertido digital: el rev\u00f3lver giratorio se encuentra debajo de la muestra y utiliza luz reflejada para las observaciones. T\u00e9cnicas de microscop\u00eda disponibles: campo claro, campo oscuro y luz polarizada. El microscopio se utiliza para estudiar metales, aleaciones, semiconductores y otras muestras opacas de gran tama\u00f1o, de hasta 2 kg. Se utiliza ampliamente en instalaciones industriales, f\u00e1bricas y laboratorios de control de calidad, as\u00ed como en universidades y centros de investigaci\u00f3n.<\/p>\n","protected":false},"featured_media":83098,"template":"","meta":{"_exactmetrics_skip_tracking":false,"_exactmetrics_sitenote_active":false,"_exactmetrics_sitenote_note":"","_exactmetrics_sitenote_category":0},"product_brand":[],"product_cat":[612,611],"product_tag":[],"class_list":{"0":"post-84581","1":"product","2":"type-product","3":"status-publish","4":"has-post-thumbnail","6":"product_cat-invertidos","7":"product_cat-metalograficos","8":"product_shipping_class-microscopio","10":"first","11":"instock","12":"taxable","13":"shipping-taxable","14":"purchasable","15":"product-type-simple"},"_links":{"self":[{"href":"https:\/\/microscopistas.com\/en\/wp-json\/wp\/v2\/product\/84581","targetHints":{"allow":["GET"]}}],"collection":[{"href":"https:\/\/microscopistas.com\/en\/wp-json\/wp\/v2\/product"}],"about":[{"href":"https:\/\/microscopistas.com\/en\/wp-json\/wp\/v2\/types\/product"}],"wp:featuredmedia":[{"embeddable":true,"href":"https:\/\/microscopistas.com\/en\/wp-json\/wp\/v2\/media\/83098"}],"wp:attachment":[{"href":"https:\/\/microscopistas.com\/en\/wp-json\/wp\/v2\/media?parent=84581"}],"wp:term":[{"taxonomy":"product_brand","embeddable":true,"href":"https:\/\/microscopistas.com\/en\/wp-json\/wp\/v2\/product_brand?post=84581"},{"taxonomy":"product_cat","embeddable":true,"href":"https:\/\/microscopistas.com\/en\/wp-json\/wp\/v2\/product_cat?post=84581"},{"taxonomy":"product_tag","embeddable":true,"href":"https:\/\/microscopistas.com\/en\/wp-json\/wp\/v2\/product_tag?post=84581"}],"curies":[{"name":"wp","href":"https:\/\/api.w.org\/{rel}","templated":true}]}}