{"id":84572,"date":"2024-07-29T18:28:58","date_gmt":"2024-07-29T16:28:58","guid":{"rendered":"http:\/\/microscopistas.com\/?post_type=product&#038;p=84572"},"modified":"2024-07-29T18:46:05","modified_gmt":"2024-07-29T16:46:05","slug":"microscopio-metalurgico-digital-magus-metal-d630-lcd","status":"publish","type":"product","link":"https:\/\/microscopistas.com\/en\/producto\/microscopio-metalurgico-digital-magus-metal-d630-lcd\/","title":{"rendered":"Microscopio metal\u00fargico digital MAGUS Metal D630 LCD"},"content":{"rendered":"<p>El microscopio metal\u00fargico de luz reflejada MAGUS Metal D630 LCD se utiliza para examinar la microestructura de objetos opacos de cualquier altura y tama\u00f1o. Los objetos de estudio son metales, aleaciones, semiconductores y revestimientos de pintura. T\u00e9cnicas de microscop\u00eda disponibles: campo claro y luz polarizada. Una de las ventajas del microscopio es su tama\u00f1o compacto, por lo que es ideal para laboratorios con un espacio de trabajo y almacenaje limitado. El microscopio MAGUS Metal 630 es una excelente opci\u00f3n para diversos sectores industriales, centros de investigaci\u00f3n y departamentos universitarios.<\/p>\n<p><strong>C\u00e1mara digital<\/strong>  <\/p>\n<p>La c\u00e1mara digital MAGUS CHD20 est\u00e1 equipada con un sensor de 2 MP y produce im\u00e1genes realistas con calidad Full HD y una resoluci\u00f3n de 1920&#215;1080 px. La c\u00e1mara tiene una alta sensibilidad a la luz que es adecuada para trabajar con iluminaci\u00f3n fluorescente. Mediante el uso de filtros de mosaico de colores primarios R, G, B se obtienen una baja corriente de oscuridad y una imagen clara.<br \/> La c\u00e1mara utiliza una interfaz HDMI para conectarse directamente a un televisor, monitor o proyector. En este modo de operaci\u00f3n, la c\u00e1mara funciona de forma aut\u00f3noma sin necesidad de un PC. La interfaz HDMI proporciona una velocidad de transferencia alta y estable desde la c\u00e1mara a la pantalla externa. Se proporciona una interfaz USB 2.0 adicional para conectar la c\u00e1mara a un PC.<br \/> El v\u00eddeo se graba a 60 fps o 50 fps dependiendo de la interfaz de salida de v\u00eddeo.<br \/> La c\u00e1mara combina una alta frecuencia de fotogramas y una interfaz HDMI de ancho de banda amplio, por lo que los v\u00eddeos son v\u00edvidos, sin detenciones de la imagen ni saltos entre fotogramas. A la resoluci\u00f3n m\u00e1xima, la imagen es detallada, los objetos en movimiento son visibles sin distorsiones y el movimiento se muestra sin retardos.<\/p>\n<p><strong>Monitor<\/strong><\/p>\n<p>Los monitores MAGUS MCD funcionan en combinaci\u00f3n con las c\u00e1maras MAGUS CHD para formar un sistema de imagen completo para los microscopios MAGUS.<br \/> La conexi\u00f3n con la c\u00e1mara se realiza a trav\u00e9s de su interfaz HDMI. El monitor muestra im\u00e1genes en tiempo real. Su pantalla LCD IPS tiene un amplio \u00e1ngulo de visi\u00f3n, alto brillo y buen contraste. Al mirar la pantalla, incluso desde un gran \u00e1ngulo, la imagen no se distorsiona. El tama\u00f1o de la pantalla es de 13,3&#8221;.<br \/> El monitor puede instalarse en una superficie horizontal mediante un soporte plegable o directamente en una c\u00e1mara o tr\u00edpode.<\/p>\n<p><strong>\u00d3ptica<\/strong><\/p>\n<p>La \u00f3ptica del microscopio est\u00e1 corregida al infinito. El tubo que se utiliza para instalar la c\u00e1mara est\u00e1 dispuesto verticalmente. El haz de luz se puede dirigir hacia los oculares o hacia la c\u00e1mara. La c\u00e1mara no est\u00e1 incluida en la configuraci\u00f3n b\u00e1sica del producto. Es c\u00f3modo trabajar con este microscopio durante largos per\u00edodos, pues el cabezal binocular tiene una inclinaci\u00f3n de 30\u00b0. Existe correcci\u00f3n de dioptr\u00edas en el ocular izquierdo para ajustar la \u00f3ptica a la visi\u00f3n del usuario.<\/p>\n<p>El rev\u00f3lver giratorio tiene 5 posiciones. El kit incluye 4 objetivos plano acrom\u00e1ticos. Una vez instalados los objetivos, queda una posici\u00f3n libre para instalar un objetivo opcional. Los objetivos tienen una larga distancia de trabajo y est\u00e1n dise\u00f1ados para la t\u00e9cnica de microscop\u00eda de campo claro. <\/p>\n<p><strong>Iluminaci\u00f3n<\/strong><\/p>\n<p>El microscopio s\u00f3lo utiliza iluminaci\u00f3n por luz reflejada. El sistema de iluminaci\u00f3n incluye un dispositivo de polarizaci\u00f3n, un diafragma de apertura y un diafragma de campo. Fuente de luz: Bombilla hal\u00f3gena de 30 W. La luz que proporciona es c\u00f3moda para la vista, por lo que no produce fatiga ocular. El diafragma y la fuente de luz se pueden centrar y existe la posibilidad de configurar el m\u00e9todo de iluminaci\u00f3n K\u00f6hler. Se incluyen filtros de color.<\/p>\n<p><strong>Platina y mecanismo de enfoque<\/strong><\/p>\n<p>El cuerpo y el mecanismo de enfoque de dise\u00f1o \u00fanico ofrecen dos ventajas: tama\u00f1o compacto y la posibilidad de observar muestras de cualquier altura. El microscopio cabe f\u00e1cilmente en superficies de 40 cm. Se utiliza una platina de dos ejes para examinar muestras peque\u00f1as. El enfoque se ajusta girando los mandos de enfoque aproximado y enfoque preciso que est\u00e1n dispuestos coaxialmente a ambos lados del cuerpo del microscopio. Los mecanismos de enfoque son fluidos y precisos. Tambi\u00e9n se puede ajustar la tensi\u00f3n del enfoque aproximado.<\/p>\n<p><strong>Accesorios<\/strong><\/p>\n<p>Las prestaciones del microscopio se pueden ampliar mediante accesorios opcionales: objetivos de larga distancia de trabajo, oculares, c\u00e1mara digital y portaobjetos de calibraci\u00f3n.<\/p>\n<p><strong>Caracter\u00edsticas principales del microscopio:<\/strong><\/p>\n<ul>\n<li>No existen restricciones respecto a la altura y el tama\u00f1o de las muestras examinadas <\/li>\n<li>Cabezal trinocular con tubo vertical para instalar una c\u00e1mara digital, y divisor del haz de luz con dos posiciones (100:0 y 0:100)<\/li>\n<li>Bombilla hal\u00f3gena de 30 W con luz c\u00e1lida para trabajar con luz reflejada mediante las t\u00e9cnicas de microscop\u00eda de campo claro y polarizaci\u00f3n<\/li>\n<li>Filtros de color, posibilidad de configurar el m\u00e9todo de iluminaci\u00f3n K\u00f6hler, fuente de luz y diafragmas de campo y apertura que se pueden centrar<\/li>\n<li>Cuerpo compacto para instalar el microscopio en superficies peque\u00f1as<\/li>\n<li>M\u00faltiples accesorios opcionales<\/li>\n<\/ul>\n<p><strong>Caracter\u00edsticas principales de la c\u00e1mara:<\/strong><\/p>\n<ul>\n<li>La c\u00e1mara funciona de forma aut\u00f3noma, sin conexi\u00f3n a un PC, a trav\u00e9s de una interfaz HDMI. Se puede conectar a un PC a trav\u00e9s de una interfaz USB 2.0<\/li>\n<li>La resoluci\u00f3n de la c\u00e1mara es de 1920&#215;1080 p\u00edxeles, que es ideal para mostrar im\u00e1genes en un monitor con calidad Full HD<\/li>\n<li>60 fps o 50 fps dependiendo de la interfaz de salida de v\u00eddeo para observar objetos en movimiento, grabar v\u00eddeo y mover la preparaci\u00f3n sin sacudidas ni retardos<\/li>\n<li>El sensor en color SONY Starvis de tipo CMOS proporciona un bajo nivel de ruido digital y una alta sensibilidad a la luz incluso en condiciones de poca luz. Obtendr\u00e1 im\u00e1genes m\u00e1s claras, brillantes y con colores m\u00e1s saturados.<\/li>\n<li>Software para toma de fotograf\u00edas, grabaci\u00f3n de v\u00eddeos, edici\u00f3n, visualizaci\u00f3n en un monitor externo, mediciones lineales y angulares<\/li>\n<\/ul>\n<p><strong>El kit incluye:<\/strong><\/p>\n<ul>\n<li>C\u00e1mara digital MAGUS CHD20 (c\u00e1mara digital, cable HDMI (1,5 m), cable USB 2.0 (2 m), Rat\u00f3n USB, tarjeta de memoria SD de 32 GB, adaptador de corriente de CA 12 V\/1 A (Europa), CD de instalaci\u00f3n con controladores y software, manual del usuario y tarjeta de garant\u00eda)<\/li>\n<li>Monitor LCD MAGUS MCD20<\/li>\n<li>Cuerpo con mecanismo de enfoque, platina y rev\u00f3lver giratorio<\/li>\n<li>Iluminador de luz reflejada con cabina para la l\u00e1mpara <\/li>\n<li>Cabezal trinocular<\/li>\n<li>Objetivo plano acrom\u00e1tico corregido al infinito: PL L5x\/0,12 WD 26,1 mm<\/li>\n<li>Objetivo plano acrom\u00e1tico corregido al infinito: PL L10\u0445\/0,25 WD 20,2 mm<\/li>\n<li>Objetivo plano acrom\u00e1tico corregido al infinito: PL L20\u0445\/0,40 WD 8,80 mm<\/li>\n<li>Objetivo plano acrom\u00e1tico corregido al infinito: PL L50\u0445\/0,70 WD 3,68 mm<\/li>\n<li>Ocular 10x\/22 mm con larga distancia de acomodaci\u00f3n ocular (2 unidades)<\/li>\n<li>Adaptador de montura C con poder de aumento 1x<\/li>\n<li>Llave hexagonal<\/li>\n<li>Base con conexi\u00f3n el\u00e9ctrica <\/li>\n<li>Cable de alimentaci\u00f3n<\/li>\n<li>Cable de alimentaci\u00f3n del iluminador de luz reflejada<\/li>\n<li>Cubierta protectora<\/li>\n<li>Manual del usuario y tarjeta de garant\u00eda<\/li>\n<\/ul>\n<p><strong>Disponible bajo petici\u00f3n:<\/strong><\/p>\n<ul>\n<li>Ocular de 10x\/22 mm con escala de medici\u00f3n<\/li>\n<li>Ocular de 12,5x\/14 mm (2 unidades)<\/li>\n<li>Ocular de 15x\/15 mm (2 unidades)<\/li>\n<li>Ocular de 20x\/12 mm (2 unidades)<\/li>\n<li>Ocular de 25x\/9 mm (2 unidades)<\/li>\n<li>Objetivo plano acrom\u00e1tico corregido al infinito: PL L40\u0445\/0,60 WD: 3,98 mm<\/li>\n<li>Objetivo plano acrom\u00e1tico corregido al infinito: PL L60x\/0,70 WD: 2,08 mm<\/li>\n<li>Objetivo plano acrom\u00e1tico corregido al infinito: PL L80x\/0,80 WD: 1,25 mm<\/li>\n<li>Objetivo plano acrom\u00e1tico corregido al infinito: PL L100x\/0,85 (uso en seco) WD 0,40 mm<\/li>\n<li>Portaobjetos de calibraci\u00f3n<\/li>\n<\/ul>\n<table>\n<tbody>\n<tr>\n<td>Marca<\/td>\n<td>MAGUS<\/td>\n<\/tr>\n<tr>\n<td>Garant\u00eda<\/td>\n<td>5 \u043b\u0435\u0442<\/td>\n<\/tr>\n<tr>\n<td>EAN<\/td>\n<td>5905555018348<\/td>\n<\/tr>\n<tr>\n<td>Tama\u00f1o de paquete (LxAn.xAl.)<\/td>\n<td>39x37x73 cm<\/td>\n<\/tr>\n<tr>\n<td>Peso del env\u00edo<\/td>\n<td>22.25 kg<\/td>\n<\/tr>\n<tr>\n<td>Delimitador<\/td>\n<td>Microscopio metal\u00fargico MAGUS Metal 630<\/td>\n<\/tr>\n<tr>\n<td>Tipo<\/td>\n<td>luz\/\u00f3ptico, digital, metal\u00fargico <\/td>\n<\/tr>\n<tr>\n<td>Cabezal<\/td>\n<td>trinocular<\/td>\n<\/tr>\n<tr>\n<td>Boquilla<\/td>\n<td>Siedentopf<\/td>\n<\/tr>\n<tr>\n<td>\u00c1ngulo de inclinaci\u00f3n de cabezal<\/td>\n<td>30\u00b0<\/td>\n<\/tr>\n<tr>\n<td>Ampliaci\u00f3n, x<\/td>\n<td>b\u00e1sico: 50\u2013500 (*opcional: 50\u20131000\/1250\/1500\/2000\/2500)<\/td>\n<\/tr>\n<tr>\n<td>Rango de ampliaci\u00f3n<\/td>\n<td>200x a 800x<\/td>\n<\/tr>\n<tr>\n<td>Di\u00e1metro del tubo del ocular, mm<\/td>\n<td>30<\/td>\n<\/tr>\n<tr>\n<td>Oculares<\/td>\n<td>10\u0445\/22 mm, distancia de acomodaci\u00f3n ocular: 10 mm (*opcional: 10x\/22 mm con escala, 12,5x\/14  15x\/15  20x\/12  25x\/9)<\/td>\n<\/tr>\n<tr>\n<td>Objetivos<\/td>\n<td>plano acrom\u00e1ticos corregidos al infinito: PL L5x\/0,12, PL L10x\/0,25, PL L20x\/0,40, PL L50x\/0,70  distancia parafocal 45 mm (*opcional: PL L40x\/0,60, PL L60x\/0,70, PL L80x\/0,80, PL L100x\/0,85 (uso en seco)<\/td>\n<\/tr>\n<tr>\n<td>Rev\u00f3lver<\/td>\n<td>para 5 objetivos<\/td>\n<\/tr>\n<tr>\n<td>Distancia de trabajo, mm<\/td>\n<td>26,1 (5x)  20,2 (10x)  3,98 (40x)  2,08 (60x)  8,80 (20x)  3,68 (50x)  1,25 (80x)  0,40 (100x)<\/td>\n<\/tr>\n<tr>\n<td>Distancia interpupilar, mm<\/td>\n<td>48 \u2014 75<\/td>\n<\/tr>\n<tr>\n<td>Platina, mm<\/td>\n<td>185&#215;140<\/td>\n<\/tr>\n<tr>\n<td>Rango de desplazamiento de la platina, mm<\/td>\n<td>35\/30<\/td>\n<\/tr>\n<tr>\n<td>Platina<\/td>\n<td>platina mec\u00e1nica de dos ejes  tama\u00f1o de la base del microscopio: 300\u202fx\u202f240 mm<\/td>\n<\/tr>\n<tr>\n<td>Ajuste di\u00f3ptrico<\/td>\n<td>\u00b15 (en el tubo izquierdo)<\/td>\n<\/tr>\n<tr>\n<td>Diafragma<\/td>\n<td>diafragmas de apertura y de campo integrados<\/td>\n<\/tr>\n<tr>\n<td>Enfoque<\/td>\n<td>coaxial, enfoque aproximado (con ajuste de tensi\u00f3n) y ajuste preciso (0,002 mm)<\/td>\n<\/tr>\n<tr>\n<td>Iluminaci\u00f3n<\/td>\n<td>hal\u00f3gena<\/td>\n<\/tr>\n<tr>\n<td>Ajuste del brillo<\/td>\n<td>yes<\/td>\n<\/tr>\n<tr>\n<td>Alimentaci\u00f3n<\/td>\n<td>220\u00b122 V, 50 Hz, alimentaci\u00f3n de red de CA<\/td>\n<\/tr>\n<tr>\n<td>Tipo de fuente de iluminaci\u00f3n<\/td>\n<td>12 V\/30 W<\/td>\n<\/tr>\n<tr>\n<td>Filtros de luz<\/td>\n<td>verde, azul, amarillo, mate<\/td>\n<\/tr>\n<tr>\n<td>Intervalo de temperatura de funcionamiento, \u00b0C<\/td>\n<td>5 \u2014 35<\/td>\n<\/tr>\n<tr>\n<td>Adicional<\/td>\n<td>analizador integrado y polarizador extra\u00edble<\/td>\n<\/tr>\n<tr>\n<td>Nivel de usuario<\/td>\n<td>usuarios experimentados, profesionales<\/td>\n<\/tr>\n<tr>\n<td>Montaje y nivel de dificultad de instalaci\u00f3n<\/td>\n<td>complicado<\/td>\n<\/tr>\n<tr>\n<td>Aplicaci\u00f3n<\/td>\n<td>metal\u00fargico <\/td>\n<\/tr>\n<tr>\n<td>Ubicaci\u00f3n de la iluminaci\u00f3n<\/td>\n<td>superior<\/td>\n<\/tr>\n<tr>\n<td>M\u00e9todo de investigaci\u00f3n<\/td>\n<td>campo claro, polarizaci\u00f3n<\/td>\n<\/tr>\n<tr>\n<td>Funda\/malet\u00edn\/bolsa incluida en el kit<\/td>\n<td>cubierta protectora<\/td>\n<\/tr>\n<tr>\n<td>=== Delimitador ===<\/td>\n<td>C\u00e1mara digital<\/td>\n<\/tr>\n<tr>\n<td>Sensor<\/td>\n<td>Sony Exmor\/Starvis CMOS<\/td>\n<\/tr>\n<tr>\n<td>Color\/monocromo<\/td>\n<td>color <\/td>\n<\/tr>\n<tr>\n<td>Megap\u00edxeles<\/td>\n<td>2<\/td>\n<\/tr>\n<tr>\n<td>Resoluci\u00f3n m\u00e1xima, p\u00edxeles<\/td>\n<td>1920&#215;1080<\/td>\n<\/tr>\n<tr>\n<td>Tama\u00f1o del sensor<\/td>\n<td>1\/2&#8242; (7,2&#215;4,05 mm)<\/td>\n<\/tr>\n<tr>\n<td>Tama\u00f1o del p\u00edxel, &#038;micro m<\/td>\n<td>3.75&#215;3.75<\/td>\n<\/tr>\n<tr>\n<td>Conectores de interfaz<\/td>\n<td>USB 2.0, HDMI 1,4<\/td>\n<\/tr>\n<tr>\n<td>Tarjeta de memoria<\/td>\n<td>SD hasta 32 GB<\/td>\n<\/tr>\n<tr>\n<td>Posibilidad de conectar accesorios<\/td>\n<td>rat\u00f3n USB, memoria flash (USB)<\/td>\n<\/tr>\n<tr>\n<td>Sensibilidad a la luz<\/td>\n<td>1175 mV con 1\/30 s<\/td>\n<\/tr>\n<tr>\n<td>Relaci\u00f3n se\u00f1al\/ruido<\/td>\n<td>0,15 mV a 1\/30 s<\/td>\n<\/tr>\n<tr>\n<td>Tiempo de exposici\u00f3n<\/td>\n<td>0,04 ms \u2013 1000 ms<\/td>\n<\/tr>\n<tr>\n<td>Grabaci\u00f3n de v\u00eddeo<\/td>\n<td>yes<\/td>\n<\/tr>\n<tr>\n<td>Frecuencia de fotogramas, fps para cada resoluci\u00f3n<\/td>\n<td>60 a 1920&#215;1080 (HDMI), 50 a 1920&#215;1080 (USB)<\/td>\n<\/tr>\n<tr>\n<td>Lugar de instalaci\u00f3n<\/td>\n<td>tubo trinocular, tubo ocular en sustituci\u00f3n de un ocular<\/td>\n<\/tr>\n<tr>\n<td>Formato de foto<\/td>\n<td>*.jpg, *.tif<\/td>\n<\/tr>\n<tr>\n<td>Formato de v\u00eddeo<\/td>\n<td>*.h264\/*.h265, *.mp4<\/td>\n<\/tr>\n<tr>\n<td>Intervalo espectral, nm<\/td>\n<td>380-650 (filtro IR incorporado)<\/td>\n<\/tr>\n<tr>\n<td>Tipo de obturador<\/td>\n<td>obturador rodante<\/td>\n<\/tr>\n<tr>\n<td>Software<\/td>\n<td>HDMI: integrado  USB: MAGUS View<\/td>\n<\/tr>\n<tr>\n<td>Requisitos del sistema<\/td>\n<td>Windows 8\/10\/11 (32 bits y 64 bits), Mac OS X, Linux, procesador Intel Core 2 de hasta 2,8 GHz o superior, m\u00ednimo 4 GB de RAM, puerto USB 2.0, RJ45, CD-ROM, pantalla de 19&#8242; o mayor<\/td>\n<\/tr>\n<tr>\n<td>Tipo de montura<\/td>\n<td>montura C<\/td>\n<\/tr>\n<tr>\n<td>Cuerpo<\/td>\n<td>aleaci\u00f3n de aluminio CNC<\/td>\n<\/tr>\n<tr>\n<td>Fuente de alimentaci\u00f3n para c\u00e1mara<\/td>\n<td>adaptador de CD de 12 V, 1 A<\/td>\n<\/tr>\n<tr>\n<td>Especificaciones del adaptador de corriente de CC<\/td>\n<td>entrada de corriente: voltaje de CA 100\u2013240 V, 50\/60 Hz, salida de corriente: voltaje de CC 12 V\/1 A<\/td>\n<\/tr>\n<tr>\n<td>Rango de temperaturas de funcionamiento de la c\u00e1mara, \u00b0C<\/td>\n<td>-10 \u2014 50<\/td>\n<\/tr>\n<tr>\n<td>Intervalo de humedad de funcionamiento, %<\/td>\n<td>30 \u2014 80<\/td>\n<\/tr>\n<tr>\n<td>=== Delimitador ===<\/td>\n<td>Monitor<\/td>\n<\/tr>\n<tr>\n<td>Tipo de matriz<\/td>\n<td>IPS<\/td>\n<\/tr>\n<tr>\n<td>Diagonal de pantalla, pulgadas<\/td>\n<td>13.3<\/td>\n<\/tr>\n<tr>\n<td>Resoluci\u00f3n de pantalla, px<\/td>\n<td>1920&#215;1080 (Full HD)<\/td>\n<\/tr>\n<tr>\n<td>Relaci\u00f3n de aspecto<\/td>\n<td>16:9<\/td>\n<\/tr>\n<tr>\n<td>Brillo, cd\/m\u00b2<\/td>\n<td>400<\/td>\n<\/tr>\n<tr>\n<td>N\u00famero de colores mostrados<\/td>\n<td>16,7 millones<\/td>\n<\/tr>\n<tr>\n<td>Contraste<\/td>\n<td>1000:1<\/td>\n<\/tr>\n<tr>\n<td>\u00c1ngulo de visualizaci\u00f3n horizontal\/vertical, \u00b0<\/td>\n<td>178\/178<\/td>\n<\/tr>\n<tr>\n<td>Tama\u00f1o del \u00e1rea visible de la pantalla (ancho x alto), mm<\/td>\n<td>295&#215;165<\/td>\n<\/tr>\n<tr>\n<td>Tama\u00f1o de p\u00edxel (ancho x alto), mm<\/td>\n<td>0,154&#215;0,154<\/td>\n<\/tr>\n<tr>\n<td>Frecuencia de fuente \u00f3ptica, Hz<\/td>\n<td>60<\/td>\n<\/tr>\n<tr>\n<td>Tipo de iluminaci\u00f3n de fondo de la matriz<\/td>\n<td>LED<\/td>\n<\/tr>\n<tr>\n<td>Vida \u00fatil de la iluminaci\u00f3n de fondo LED, h<\/td>\n<td>50000<\/td>\n<\/tr>\n<tr>\n<td>Interfaz<\/td>\n<td>HDMI<\/td>\n<\/tr>\n<tr>\n<td>Intervalo de temperatura de funcionamiento, \u00b0C<\/td>\n<td>-15 \u2014 55<\/td>\n<\/tr>\n<tr>\n<td>Intervalo de humedad de funcionamiento, %<\/td>\n<td>10 \u2014 90<\/td>\n<\/tr>\n<tr>\n<td>Alimentaci\u00f3n<\/td>\n<td>CA 110\u2013220 V, CC 5\u201312 V\/1 A (Tipo C)<\/td>\n<\/tr>\n<tr>\n<td>Consumo de energ\u00eda, W<\/td>\n<td>12 (m\u00e1x.)<\/td>\n<\/tr>\n<\/tbody>\n<\/table>\n","protected":false},"excerpt":{"rendered":"<p>El microscopio metal\u00fargico de luz reflejada MAGUS Metal D630 LCD se utiliza para examinar la microestructura de objetos opacos de cualquier altura y tama\u00f1o. Los objetos de estudio son metales, aleaciones, semiconductores y revestimientos de pintura. T\u00e9cnicas de microscop\u00eda disponibles: campo claro y luz polarizada. Una de las ventajas del microscopio es su tama\u00f1o compacto, por lo que es ideal para laboratorios con un espacio de trabajo y almacenaje limitado. El microscopio MAGUS Metal 630 es una excelente opci\u00f3n para diversos sectores industriales, centros de investigaci\u00f3n y departamentos universitarios.<\/p>\n","protected":false},"featured_media":83073,"template":"","meta":{"_exactmetrics_skip_tracking":false,"_exactmetrics_sitenote_active":false,"_exactmetrics_sitenote_note":"","_exactmetrics_sitenote_category":0},"product_brand":[],"product_cat":[611],"product_tag":[],"class_list":{"0":"post-84572","1":"product","2":"type-product","3":"status-publish","4":"has-post-thumbnail","6":"product_cat-metalograficos","7":"product_shipping_class-microscopio","9":"first","10":"instock","11":"taxable","12":"shipping-taxable","13":"purchasable","14":"product-type-simple"},"_links":{"self":[{"href":"https:\/\/microscopistas.com\/en\/wp-json\/wp\/v2\/product\/84572","targetHints":{"allow":["GET"]}}],"collection":[{"href":"https:\/\/microscopistas.com\/en\/wp-json\/wp\/v2\/product"}],"about":[{"href":"https:\/\/microscopistas.com\/en\/wp-json\/wp\/v2\/types\/product"}],"wp:featuredmedia":[{"embeddable":true,"href":"https:\/\/microscopistas.com\/en\/wp-json\/wp\/v2\/media\/83073"}],"wp:attachment":[{"href":"https:\/\/microscopistas.com\/en\/wp-json\/wp\/v2\/media?parent=84572"}],"wp:term":[{"taxonomy":"product_brand","embeddable":true,"href":"https:\/\/microscopistas.com\/en\/wp-json\/wp\/v2\/product_brand?post=84572"},{"taxonomy":"product_cat","embeddable":true,"href":"https:\/\/microscopistas.com\/en\/wp-json\/wp\/v2\/product_cat?post=84572"},{"taxonomy":"product_tag","embeddable":true,"href":"https:\/\/microscopistas.com\/en\/wp-json\/wp\/v2\/product_tag?post=84572"}],"curies":[{"name":"wp","href":"https:\/\/api.w.org\/{rel}","templated":true}]}}