{"id":84567,"date":"2024-07-29T18:28:56","date_gmt":"2024-07-29T16:28:56","guid":{"rendered":"http:\/\/microscopistas.com\/?post_type=product&#038;p=84567"},"modified":"2024-07-29T18:48:46","modified_gmt":"2024-07-29T16:48:46","slug":"microscopio-metalurgico-digital-magus-metal-d600","status":"publish","type":"product","link":"https:\/\/microscopistas.com\/en\/producto\/microscopio-metalurgico-digital-magus-metal-d600\/","title":{"rendered":"Microscopio metal\u00fargico digital MAGUS Metal D600"},"content":{"rendered":"<p>El microscopio metal\u00fargico MAGUS Metal 600 est\u00e1 dise\u00f1ado para estudiar muestras opacas (metales, aleaciones, revestimientos de pintura, materiales semiconductores y otros materiales) utilizando las t\u00e9cnicas de microscop\u00eda de campo claro y polarizaci\u00f3n con luz reflejada. Puedes estudiar las microestructuras en muestras planas y pulidas. El iluminador de luz transmitida tambi\u00e9n permite examinar bajo el microscopio las part\u00edculas atrapadas en filtros y materiales transl\u00facidos (tales como pel\u00edculas finas). El microscopio es adecuado para trabajos de investigaci\u00f3n y an\u00e1lisis realizados por ge\u00f3logos, metal\u00fargicos, ingenieros, arque\u00f3logos y especialistas en otros campos de la ciencia.<\/p>\n<p><strong>C\u00e1mara digital<\/strong><\/p>\n<p>La c\u00e1mara digital MAGUS CBF30 permite tomar fotograf\u00edas y grabar v\u00eddeo a trav\u00e9s de un microscopio, editar los archivos resultantes, organizar presentaciones y realizar mediciones lineales y angulares de objetos (tras una calibraci\u00f3n correcta).<br \/> El dispositivo est\u00e1 dise\u00f1ado para trabajar en microscopios que utilicen el m\u00e9todo de campo claro y objetivos de 4x, 10x, 20x y 40x.<\/p>\n<p>El sensor de 6,3 MP permite tomar fotos y v\u00eddeos brillantes y detallados con una resoluci\u00f3n m\u00e1xima de 3072&#215;2048 p\u00edxeles. Si es necesario, la resoluci\u00f3n se puede bajar a 1536&#215;1024 p\u00edxeles. Sin embargo, esto no afectar\u00e1 a la velocidad de fotogramas, que se mantendr\u00e1 en 59 fps, garantizando as\u00ed transiciones de fotogramas suaves, sin sacudidas ni retrasos.<\/p>\n<p>El sensor CMOS en color con iluminaci\u00f3n de fondo SONY Exmor permite utilizar la c\u00e1mara incluso en condiciones de poca luz. La imagen seguir\u00e1 siendo legible y brillante. El uso de un adaptador con un aumento de 0,5x a 0,75x proporcionar\u00e1 la imagen m\u00e1s n\u00edtida posible sin distorsi\u00f3n.<\/p>\n<p><strong>\u00d3ptica<\/strong><\/p>\n<p>El cabezal trinocular est\u00e1 equipado con un tubo trinocular para montar una c\u00e1mara (no incluida). El haz de luz se puede desviar hacia dos posiciones: 100:0 o 0:100, lo que significa que el usuario puede dirigir el haz de luz hacia la c\u00e1mara digital o hacia el tubo ocular. El cabezal trinocular tiene una inclinaci\u00f3n de 30\u00b0, lo que es c\u00f3modo para realizar observaciones prolongadas. Hay un anillo de ajuste de las dioptr\u00edas en el tubo izquierdo.<\/p>\n<p>En la configuraci\u00f3n b\u00e1sica, el aumento del microscopio oscila entre 50x y 600x. Para aumentar el l\u00edmite de aumento superior, puede instalar oculares adicionales. El rev\u00f3lver giratorio con objetivos est\u00e1 orientado hacia el interior. Se pueden instalar cinco objetivos al mismo tiempo: cuatro de ellos est\u00e1n incluidos en el kit y hay una posici\u00f3n libre para instalar un objetivo adicional. El microscopio utiliza objetivos plano acrom\u00e1ticos con una larga distancia de trabajo, que son adecuados para la t\u00e9cnica de microscop\u00eda de campo claro.<\/p>\n<p><strong>Iluminaci\u00f3n<\/strong><\/p>\n<p>El microscopio est\u00e1 equipado con sistemas de iluminaci\u00f3n por luz transmitida y luz reflejada. Ambos sistemas utilizan bombillas hal\u00f3genas de brillo ajustable de 30 W alimentadas por una fuente de alimentaci\u00f3n de CA. Las bombillas hal\u00f3genas emiten luz con una temperatura de color que permite trabajar c\u00f3modamente.<\/p>\n<p>El microscopio est\u00e1 equipado con dispositivos de polarizaci\u00f3n para observaciones con luz reflejada: un analizador integrado y un polarizador extra\u00edble. Los diafragmas de apertura y de campo permiten configurar el m\u00e9todo de iluminaci\u00f3n K\u00f6hler y el kit tambi\u00e9n incluye filtros de color. El diafragma de apertura y la fuente de luz reflejada se pueden centrar.<\/p>\n<p>El sistema de iluminaci\u00f3n por luz transmitida utiliza un condensador Abbe tradicional, cuya posici\u00f3n se puede centrar y ajustar en altura. El condensador se complementa con una lente abatible para utilizar con objetivos de bajo aumento. Hay diafragmas de apertura y de campo, es decir, se puede utilizar el m\u00e9todo de iluminaci\u00f3n K\u00f6hler.<\/p>\n<p><strong>Platina y mecanismo de enfoque<\/strong> <\/p>\n<p>La altura m\u00e1xima de la muestra que se puede colocar en la platina es de 20 mm. La muestra se puede desplazar moviendo la platina a lo largo de dos ejes. La platina se complementa con una placa de vidrio que se utiliza para trabajar con muestras opacas.<\/p>\n<p>Para ajustar el enfoque se utilizan mecanismos de enfoque aproximado y enfoque preciso. El enfoque es fluido y preciso. El mecanismo de enfoque aproximado tiene un mando de bloqueo y un mando de ajuste de la tensi\u00f3n. Los mandos de enfoque est\u00e1n dispuestos coaxialmente a ambos lados de la base del microscopio, lo que permite reposar las manos sobre la mesa mientras trabaja, en lugar de mantenerlas en el aire.<\/p>\n<p><strong>Accesorios<\/strong><\/p>\n<p>El microscopio MAGUS Metal 600 se puede equipar adem\u00e1s con oculares adicionales, objetivos de larga distancia de trabajo, c\u00e1maras digitales y portaobjetos de calibraci\u00f3n.<\/p>\n<p><strong>Caracter\u00edsticas principales del microscopio:<\/strong><\/p>\n<ul>\n<li>Microscopio para estudiar muestras opacas planas y pulidas con luz reflejada y muestras transl\u00facidas con luz transmitida<\/li>\n<li>Cabezal trinocular con tubo trinocular y divisor del haz de luz<\/li>\n<li>Fuente de luz transmitida y reflejada: bombilla hal\u00f3gena de 30 W<\/li>\n<li>M\u00e9todo de iluminaci\u00f3n K\u00f6hler con luz transmitida y reflejada, t\u00e9cnica de microscop\u00eda de polarizaci\u00f3n con luz reflejada <\/li>\n<li>Los elementos (diafragmas y fuentes de luz) del sistema de iluminaci\u00f3n por luz reflejada se pueden centrar  se incluye un juego de filtros<\/li>\n<li>Condensador Abbe con lente abatible para utilizar con objetivos de bajo aumento<\/li>\n<li>Amplia gama de objetivos y oculares adicionales<\/li>\n<\/ul>\n<p><strong>Caracter\u00edsticas principales de la c\u00e1mara:<\/strong><\/p>\n<ul>\n<li>Recomendado para su uso con objetivos de bajo aumento<\/li>\n<li>Sensor sensible a la luz en color para obtener im\u00e1genes n\u00edtidas incluso en condiciones de poca luz<\/li>\n<li>Frecuencia de fotogramas de 59 fps, suficiente para la observaci\u00f3n de objetos en movimiento o procesos en r\u00e1pido movimiento<\/li>\n<li>El kit incluye un software que garantiza plenamente la funcionalidad de todas las caracter\u00edsticas de la c\u00e1mara y, en consecuencia, un \u00abinicio r\u00e1pido\u00bb<\/li>\n<li>Fiable interfaz USB 3.0 para altas velocidades de transferencia de datos<\/li>\n<li>Ajuste de resoluci\u00f3n para que pueda elegir la opci\u00f3n que m\u00e1s le convenga en cada momento<\/li>\n<\/ul>\n<p><strong>El kit incluye:<\/strong><\/p>\n<ul>\n<li>C\u00e1mara digital MAGUS CBF30 (c\u00e1mara digital, cable USB, CD de instalaci\u00f3n con controladores y software, manual del usuario y tarjeta de garant\u00eda)<\/li>\n<li>Base con conexi\u00f3n el\u00e9ctrica, fuente de luz transmitida y condensador, mecanismo de enfoque, platina y rev\u00f3lver giratorio<\/li>\n<li>Iluminador de luz reflejada con cabina para la l\u00e1mpara <\/li>\n<li>Cabezal trinocular<\/li>\n<li>Objetivo plano acrom\u00e1tico corregido al infinito: PL L5x\/0,12 WD 26,1 mm<\/li>\n<li>Objetivo plano acrom\u00e1tico corregido al infinito: PL L10\u0445\/0,25 WD 20,2 mm<\/li>\n<li>Objetivo plano acrom\u00e1tico corregido al infinito: PL L40\u0445\/0,60 WD: 3,98 mm<\/li>\n<li>Objetivo plano acrom\u00e1tico corregido al infinito: PL L60x\/0,70 WD: 2,08 mm<\/li>\n<li>Ocular 10x\/22 mm con larga distancia de acomodaci\u00f3n ocular (2 unidades)<\/li>\n<li>Placa de platina de vidrio <\/li>\n<li>Adaptador de montura C con poder de aumento 1x<\/li>\n<li>Llave hexagonal<\/li>\n<li>Cable de alimentaci\u00f3n CA<\/li>\n<li>Cable de alimentaci\u00f3n del iluminador de luz reflejada<\/li>\n<li>Cubierta protectora<\/li>\n<li>Manual del usuario y tarjeta de garant\u00eda<\/li>\n<\/ul>\n<p><strong>Disponible bajo petici\u00f3n:<\/strong><\/p>\n<ul>\n<li>Ocular de 10x\/22 mm con escala de medici\u00f3n<\/li>\n<li>Ocular de 12,5x\/14 mm (2 unidades)<\/li>\n<li>Ocular de 15x\/15 mm (2 unidades)<\/li>\n<li>Ocular de 20x\/12 mm (2 unidades)<\/li>\n<li>Ocular de 25x\/9 mm (2 unidades)<\/li>\n<li>Objetivo plano acrom\u00e1tico corregido al infinito: PL L20\u0445\/0,40 WD 8,80 mm<\/li>\n<li>Objetivo plano acrom\u00e1tico corregido al infinito: PL L50\u0445\/0,70 WD 3,68 mm<\/li>\n<li>Objetivo plano acrom\u00e1tico corregido al infinito: PL L80x\/0,80 WD: 1,25 mm<\/li>\n<li>Objetivo plano acrom\u00e1tico corregido al infinito: PL L100x\/0,85 (uso en seco) WD 0,40 mm<\/li>\n<li>Portaobjetos de calibraci\u00f3n<\/li>\n<\/ul>\n<table>\n<tbody>\n<tr>\n<td>Marca<\/td>\n<td>MAGUS<\/td>\n<\/tr>\n<tr>\n<td>Garant\u00eda<\/td>\n<td>5 \u043b\u0435\u0442<\/td>\n<\/tr>\n<tr>\n<td>EAN<\/td>\n<td>5905555018270<\/td>\n<\/tr>\n<tr>\n<td>Tama\u00f1o de paquete (LxAn.xAl.)<\/td>\n<td>35x30x75 cm<\/td>\n<\/tr>\n<tr>\n<td>Peso del env\u00edo<\/td>\n<td>15.1 kg<\/td>\n<\/tr>\n<tr>\n<td>Delimitador<\/td>\n<td>Microscopio metal\u00fargico MAGUS Metal 600<\/td>\n<\/tr>\n<tr>\n<td>=== Delimitador ===<\/td>\n<td>Especificaciones del microscopio<\/td>\n<\/tr>\n<tr>\n<td>Tipo<\/td>\n<td>luz\/\u00f3ptico, digital, metal\u00fargico <\/td>\n<\/tr>\n<tr>\n<td>Cabezal<\/td>\n<td>trinocular<\/td>\n<\/tr>\n<tr>\n<td>Boquilla<\/td>\n<td>Siedentopf<\/td>\n<\/tr>\n<tr>\n<td>\u00c1ngulo de inclinaci\u00f3n de cabezal<\/td>\n<td>30\u00b0<\/td>\n<\/tr>\n<tr>\n<td>Ampliaci\u00f3n, x<\/td>\n<td>b\u00e1sico: 50\u2013600 (*opcional: 50\u20131000\/1250\/1500\/2000\/2500)<\/td>\n<\/tr>\n<tr>\n<td>Rango de ampliaci\u00f3n<\/td>\n<td>200x a 800x<\/td>\n<\/tr>\n<tr>\n<td>Di\u00e1metro del tubo del ocular, mm<\/td>\n<td>30<\/td>\n<\/tr>\n<tr>\n<td>Oculares<\/td>\n<td>10\u0445\/22 mm, distancia de acomodaci\u00f3n ocular: 10 mm (*opcional: 10x\/22 mm con escala, 12,5x\/14  15x\/15  20x\/12  25x\/9)<\/td>\n<\/tr>\n<tr>\n<td>Objetivos<\/td>\n<td>plano acrom\u00e1ticos corregidos al infinito: PL L5x\/0,12, PL L10x\/0,25, PL L40x\/0,60, PL L60x\/0,70  distancia parafocal 45 mm (*opcional: PL L20x\/0,40, PL L50x\/0,70, PL L80x\/0,80, PL L100x\/0,85 (uso en seco)<\/td>\n<\/tr>\n<tr>\n<td>Rev\u00f3lver<\/td>\n<td>para 5 objetivos<\/td>\n<\/tr>\n<tr>\n<td>Distancia de trabajo, mm<\/td>\n<td>26,1 (5x)  20,2 (10x)  3,98 (40x)  2,08 (60x)  8,80 (20x)  3,68 (50x)  1,25 (80x)  0,40 (100x)<\/td>\n<\/tr>\n<tr>\n<td>Distancia interpupilar, mm<\/td>\n<td>48 \u2014 75<\/td>\n<\/tr>\n<tr>\n<td>Platina, mm<\/td>\n<td>210&#215;140<\/td>\n<\/tr>\n<tr>\n<td>Rango de desplazamiento de la platina, mm<\/td>\n<td>75\/50<\/td>\n<\/tr>\n<tr>\n<td>Platina<\/td>\n<td>platina mec\u00e1nica de dos ejes, con placa de vidrio<\/td>\n<\/tr>\n<tr>\n<td>Ajuste di\u00f3ptrico<\/td>\n<td>\u00b15 (en el tubo izquierdo)<\/td>\n<\/tr>\n<tr>\n<td>Condensador<\/td>\n<td>luz transmitida: condensador Abbe ajustable en altura y en el centro, NA 1,25  diafragma de apertura ajustable y lente abatible, con tornillos de bloqueo<\/td>\n<\/tr>\n<tr>\n<td>Enfoque<\/td>\n<td>coaxial, enfoque aproximado (25 mm, con mando de bloqueo y mando de ajuste de la tensi\u00f3n) y enfoque preciso (0,002 mm)<\/td>\n<\/tr>\n<tr>\n<td>Iluminaci\u00f3n<\/td>\n<td>hal\u00f3gena<\/td>\n<\/tr>\n<tr>\n<td>Ajuste del brillo<\/td>\n<td>yes<\/td>\n<\/tr>\n<tr>\n<td>Alimentaci\u00f3n<\/td>\n<td>220\u00b122 V, 50 Hz, alimentaci\u00f3n de red de CA<\/td>\n<\/tr>\n<tr>\n<td>Tipo de fuente de iluminaci\u00f3n<\/td>\n<td>luz reflejada y transmitida: 12 V\/30 W<\/td>\n<\/tr>\n<tr>\n<td>Filtros de luz<\/td>\n<td>verde, azul, amarillo, mate<\/td>\n<\/tr>\n<tr>\n<td>Intervalo de temperatura de funcionamiento, \u00b0C<\/td>\n<td>5 \u2014 35<\/td>\n<\/tr>\n<tr>\n<td>Adicional<\/td>\n<td>analizador integrado y polarizador extra\u00edble<\/td>\n<\/tr>\n<tr>\n<td>Nivel de usuario<\/td>\n<td>usuarios experimentados, profesionales<\/td>\n<\/tr>\n<tr>\n<td>Montaje y nivel de dificultad de instalaci\u00f3n<\/td>\n<td>complicado<\/td>\n<\/tr>\n<tr>\n<td>Aplicaci\u00f3n<\/td>\n<td>metal\u00fargico <\/td>\n<\/tr>\n<tr>\n<td>Ubicaci\u00f3n de la iluminaci\u00f3n<\/td>\n<td>doble<\/td>\n<\/tr>\n<tr>\n<td>M\u00e9todo de investigaci\u00f3n<\/td>\n<td>campo claro, polarizaci\u00f3n<\/td>\n<\/tr>\n<tr>\n<td>Funda\/malet\u00edn\/bolsa incluida en el kit<\/td>\n<td>cubierta protectora<\/td>\n<\/tr>\n<tr>\n<td>Peso, kg<\/td>\n<td>11<\/td>\n<\/tr>\n<tr>\n<td>=== Delimitador ===<\/td>\n<td>C\u00e1mara digital<\/td>\n<\/tr>\n<tr>\n<td>Sensor<\/td>\n<td>SONY Exmor CMOS<\/td>\n<\/tr>\n<tr>\n<td>Color\/monocromo<\/td>\n<td>color <\/td>\n<\/tr>\n<tr>\n<td>Megap\u00edxeles<\/td>\n<td>6.3<\/td>\n<\/tr>\n<tr>\n<td>Resoluci\u00f3n m\u00e1xima, p\u00edxeles<\/td>\n<td>3072&#215;2048<\/td>\n<\/tr>\n<tr>\n<td>Tama\u00f1o del sensor<\/td>\n<td>1\/1,8&#8242; (7,37&#215;4,92 mm)<\/td>\n<\/tr>\n<tr>\n<td>Tama\u00f1o del p\u00edxel, &#038;micro m<\/td>\n<td>2.4&#215;2.4<\/td>\n<\/tr>\n<tr>\n<td>Sensibilidad a la luz<\/td>\n<td>425 mV a 1\/30 s<\/td>\n<\/tr>\n<tr>\n<td>Relaci\u00f3n se\u00f1al\/ruido<\/td>\n<td>0,15 mV a 1\/30 s<\/td>\n<\/tr>\n<tr>\n<td>Tiempo de exposici\u00f3n<\/td>\n<td>0,02 ms \u2013 15 s<\/td>\n<\/tr>\n<tr>\n<td>Grabaci\u00f3n de v\u00eddeo<\/td>\n<td>yes<\/td>\n<\/tr>\n<tr>\n<td>Grabaci\u00f3n de v\u00eddeo<\/td>\n<td>s\u00ed<\/td>\n<\/tr>\n<tr>\n<td>Frecuencia de fotogramas, fps para cada resoluci\u00f3n<\/td>\n<td>59 a 3072&#215;2048, 59 a 1536&#215;1024<\/td>\n<\/tr>\n<tr>\n<td>Lugar de instalaci\u00f3n<\/td>\n<td>tubo trinocular, tubo ocular en sustituci\u00f3n de un ocular<\/td>\n<\/tr>\n<tr>\n<td>Formato de foto<\/td>\n<td>*.jpg, *.bmp, *.png, *.tif<\/td>\n<\/tr>\n<tr>\n<td>Formato de v\u00eddeo<\/td>\n<td>salida: *.wmv, *.avi, *.h264 (Windows 8 y posterior), *.h265 (Windows 10 y posterior)<\/td>\n<\/tr>\n<tr>\n<td>Intervalo espectral, nm<\/td>\n<td>380-650 (filtro IR incorporado)<\/td>\n<\/tr>\n<tr>\n<td>Tipo de obturador<\/td>\n<td>obturador rodante<\/td>\n<\/tr>\n<tr>\n<td>Balance de blancos<\/td>\n<td>manual, autom\u00e1tico<\/td>\n<\/tr>\n<tr>\n<td>Control de exposici\u00f3n<\/td>\n<td>manual, autom\u00e1tico<\/td>\n<\/tr>\n<tr>\n<td>Opciones programables<\/td>\n<td>tama\u00f1o de imagen, brillo, tiempo de exposici\u00f3n<\/td>\n<\/tr>\n<tr>\n<td>Software<\/td>\n<td>MAGUS View<\/td>\n<\/tr>\n<tr>\n<td>Salida<\/td>\n<td>USB 3.0, 5 Gb\/s<\/td>\n<\/tr>\n<tr>\n<td>Requisitos del sistema<\/td>\n<td>Windows 8\/10\/11 (32 bits y 64 bits), Mac OS X, Linux, procesador Intel Core 2 de hasta 2,8 GHz o superior, m\u00ednimo 2 GB de RAM, puerto USB 3.0, CD-ROM, pantalla de 17&#8242; o mayor<\/td>\n<\/tr>\n<tr>\n<td>Tipo de montura<\/td>\n<td>montura C<\/td>\n<\/tr>\n<tr>\n<td>Cuerpo<\/td>\n<td>aluminio macizo<\/td>\n<\/tr>\n<tr>\n<td>Fuente de alimentaci\u00f3n para c\u00e1mara<\/td>\n<td>CC, 5 V, a trav\u00e9s de puerto USB de ordenador  adaptador de 12 V, 3 A para elemento Peltier<\/td>\n<\/tr>\n<tr>\n<td>Rango de temperaturas de funcionamiento de la c\u00e1mara, \u00b0C<\/td>\n<td>-10 \u2014 50<\/td>\n<\/tr>\n<tr>\n<td>Intervalo de humedad de funcionamiento, %<\/td>\n<td>30 \u2014 80<\/td>\n<\/tr>\n<\/tbody>\n<\/table>\n","protected":false},"excerpt":{"rendered":"<p>El microscopio metal\u00fargico MAGUS Metal 600 est\u00e1 dise\u00f1ado para estudiar muestras opacas (metales, aleaciones, revestimientos de pintura, materiales semiconductores y otros materiales) utilizando las t\u00e9cnicas de microscop\u00eda de campo claro y polarizaci\u00f3n con luz reflejada. Puedes estudiar las microestructuras en muestras planas y pulidas. El iluminador de luz transmitida tambi\u00e9n permite examinar bajo el microscopio las part\u00edculas atrapadas en filtros y materiales transl\u00facidos (tales como pel\u00edculas finas). El microscopio es adecuado para trabajos de investigaci\u00f3n y an\u00e1lisis realizados por ge\u00f3logos, metal\u00fargicos, ingenieros, arque\u00f3logos y especialistas en otros campos de la ciencia.<\/p>\n","protected":false},"featured_media":83060,"template":"","meta":{"_exactmetrics_skip_tracking":false,"_exactmetrics_sitenote_active":false,"_exactmetrics_sitenote_note":"","_exactmetrics_sitenote_category":0},"product_brand":[],"product_cat":[611],"product_tag":[],"class_list":{"0":"post-84567","1":"product","2":"type-product","3":"status-publish","4":"has-post-thumbnail","6":"product_cat-metalograficos","7":"product_shipping_class-microscopio","9":"first","10":"instock","11":"taxable","12":"shipping-taxable","13":"purchasable","14":"product-type-simple"},"_links":{"self":[{"href":"https:\/\/microscopistas.com\/en\/wp-json\/wp\/v2\/product\/84567","targetHints":{"allow":["GET"]}}],"collection":[{"href":"https:\/\/microscopistas.com\/en\/wp-json\/wp\/v2\/product"}],"about":[{"href":"https:\/\/microscopistas.com\/en\/wp-json\/wp\/v2\/types\/product"}],"wp:featuredmedia":[{"embeddable":true,"href":"https:\/\/microscopistas.com\/en\/wp-json\/wp\/v2\/media\/83060"}],"wp:attachment":[{"href":"https:\/\/microscopistas.com\/en\/wp-json\/wp\/v2\/media?parent=84567"}],"wp:term":[{"taxonomy":"product_brand","embeddable":true,"href":"https:\/\/microscopistas.com\/en\/wp-json\/wp\/v2\/product_brand?post=84567"},{"taxonomy":"product_cat","embeddable":true,"href":"https:\/\/microscopistas.com\/en\/wp-json\/wp\/v2\/product_cat?post=84567"},{"taxonomy":"product_tag","embeddable":true,"href":"https:\/\/microscopistas.com\/en\/wp-json\/wp\/v2\/product_tag?post=84567"}],"curies":[{"name":"wp","href":"https:\/\/api.w.org\/{rel}","templated":true}]}}