{"id":84565,"date":"2024-07-29T18:28:55","date_gmt":"2024-07-29T16:28:55","guid":{"rendered":"http:\/\/microscopistas.com\/?post_type=product&#038;p=84565"},"modified":"2024-07-29T18:49:38","modified_gmt":"2024-07-29T16:49:38","slug":"microscopio-invertido-digital-de-fluorescencia-magus-lum-vd500l","status":"publish","type":"product","link":"https:\/\/microscopistas.com\/en\/producto\/microscopio-invertido-digital-de-fluorescencia-magus-lum-vd500l\/","title":{"rendered":"Microscopio invertido digital de fluorescencia MAGUS Lum VD500L"},"content":{"rendered":"<p>El modelo MAGUS Lum V500L es un microscopio invertido para microscop\u00eda de fluorescencia con luz reflejada y microscop\u00eda de campo claro y contraste de fases con luz transmitida. Para la microscop\u00eda de fluorescencia se utilizan filtros de fluorocromo DAPI, FITC y TRITC. El dise\u00f1o invertido del microscopio le permite estudiar muestras contenidas en recipientes de laboratorio, tales como placas de Petri, frascos, etc. La altura m\u00e1xima de los recipientes de laboratorio puede ser 55 mm, o 165 mm si se inclina el soporte. La \u00f3ptica est\u00e1 dise\u00f1ada para trabajar con recipientes de laboratorio con un grosor de 1,2 mm en la base. El microscopio es ideal para trabajos de investigaci\u00f3n y trabajos cotidianos de laboratorio y se puede utilizar con fines educativos.<\/p>\n<p><strong>C\u00e1mara digital<\/strong><\/p>\n<p>La c\u00e1mara digital MAGUS CLM90 est\u00e1 dise\u00f1ada para ser utilizada en las t\u00e9cnicas de microscop\u00eda de fluorescencia y campo oscuro.<br \/> La c\u00e1mara est\u00e1 equipada con un sensor de 7,1 MP y produce im\u00e1genes realistas con una resoluci\u00f3n de 3200&#215;2200 p\u00edxeles. Se recomienda utilizar la c\u00e1mara con objetivos de 4x, 10x, 20x y 40x. Cuando trabaje con objetivos de bajo aumento, la c\u00e1mara le permitir\u00e1 ver m\u00e1s detalles.<br \/> El v\u00eddeo se graba a 51,3 fps o 133,8 fps dependiendo de la resoluci\u00f3n utilizada. Los v\u00eddeos son fluidos, con transiciones suaves y sutiles entre fotogramas. El movimiento de la muestra observada se muestra en tiempo real y sin retardos. La c\u00e1mara permite trabajar f\u00e1cilmente con muestras en movimiento y es adecuada para presentaciones en el aula.<br \/> La c\u00e1mara est\u00e1 equipada con una interfaz USB 3.0. La velocidad de transferencia de datos es 10 veces m\u00e1s r\u00e1pida que la de las c\u00e1maras provistas con una interfaz USB 2.0. Se recomienda utilizar una c\u00e1mara de alta velocidad para laboratorios profesionales, trabajos de investigaci\u00f3n o formaci\u00f3n universitaria.<\/p>\n<p><strong>\u00d3ptica<\/strong><\/p>\n<p>Dos opciones para instalar una c\u00e1mara digital y un monitor: el tubo trinocular es para instalar un monitor (no incluido en el kit) y el puerto lateral del cuerpo es para instalar una c\u00e1mara digital (no incluida en el kit). Existe divisi\u00f3n del haz de luz: divisi\u00f3n del haz seg\u00fan las proporciones 100\/0 y 0\/100 (cuerpo del microscopio) y seg\u00fan la proporci\u00f3n 80\/20 (cabezal trinocular). El \u00e1ngulo de inclinaci\u00f3n de 45\u00b0 del tubo ocular permite realizar observaciones con la m\u00e1xima comodidad. Al montar el microscopio, el usuario puede girar los tubos oculares 180\u00b0.<\/p>\n<p>El kit incluye seis objetivos plano acrom\u00e1ticos: tres de ellos para microscop\u00eda de campo claro y de fluorescencia, y otros tres para microscop\u00eda de contraste de fases. Los objetivos est\u00e1n corregidos al infinito y tienen una larga distancia de trabajo. El rev\u00f3lver giratorio tiene seis posiciones para instalar objetivos. Est\u00e1 situado debajo de la platina sobre un soporte.<\/p>\n<p><strong>Iluminaci\u00f3n<\/strong><\/p>\n<p>La fuente de excitaci\u00f3n de fluorescencia es un LED de 5 W con una vida \u00fatil de 50.000 horas. Hay tres filtros de excitaci\u00f3n: filtros de fluorocromo DAPI, FITC y TRITC. La iluminaci\u00f3n LED es m\u00e1s eficiente respecto al uso de la energ\u00eda y m\u00e1s f\u00e1cil de mantener que la iluminaci\u00f3n de mercurio, por lo que se recomienda su uso en universidades. La iluminaci\u00f3n LED proporciona consistencia del color. Los LED se encienden y apagan r\u00e1pidamente y no se sobrecalientan durante un funcionamiento prolongado.<\/p>\n<p>La fuente de luz transmitida es tambi\u00e9n un LED de 5 W. Es lo suficientemente brillante para las t\u00e9cnicas de microscop\u00eda de campo claro y contraste de fases con cada objetivo.<\/p>\n<p>Tanto la iluminaci\u00f3n reflejada como la transmitida se pueden ajustar de acuerdo con el m\u00e9todo de iluminaci\u00f3n K\u00f6hler. Este m\u00e9todo le permite alcanzar el l\u00edmite m\u00e1ximo de resoluci\u00f3n para cada objetivo y obtener una imagen clara y n\u00edtida, sin artefactos ni zonas oscuras en los bordes. <\/p>\n<p>El microscopio est\u00e1 equipado con un condensador de contraste de fases: tres posiciones del condensador se utilizan para objetivos de fase con aumentos de 10x, 20x y 40x, y la cuarta posici\u00f3n se utiliza para la microscop\u00eda de campo claro. Los anillos de fase se pueden centrar. Puede pasar de una t\u00e9cnica de microscop\u00eda a otra girando un disco.<\/p>\n<p><strong>Platina y mecanismo de enfoque<\/strong> <\/p>\n<p>La platina es fija y est\u00e1 provista de un micr\u00f3metro mec\u00e1nico para mover los recipientes de laboratorio y tres soportes de ventosa de diferentes tama\u00f1os. Los recipientes de laboratorio se pueden mover en dos direcciones perpendiculares entre s\u00ed en el plano horizontal. El microscopio tiene un mecanismo de enfoque aproximado y enfoque preciso. El mecanismo de enfoque aproximado tiene un mando de bloqueo y ajuste de tensi\u00f3n. Los mandos de ajuste del enfoque tienen un dise\u00f1o ergon\u00f3mico para permitir al usuario mantener una postura relajada mientras trabaja.<\/p>\n<p><strong>Accesorios<\/strong><\/p>\n<p>El microscopio se puede equipar con oculares adicionales, portaobjetos de calibraci\u00f3n o una c\u00e1mara digital, pertenecientes a la gama de accesorios MAGUS.<\/p>\n<p><strong>Caracter\u00edsticas principales del microscopio:<\/strong><\/p>\n<ul>\n<li>Dise\u00f1o invertido para observar muestras contenidas en recipientes de laboratorio que tienen un grosor m\u00e1ximo de 1,2 mm en la base y una altura m\u00e1xima de 55 mm, o de 165 mm si el soporte se inclina hacia arriba<\/li>\n<li>T\u00e9cnicas de microscop\u00eda: fluorescencia (luz reflejada), campo claro y contraste de fases (luz transmitida)<\/li>\n<li>Sistema de iluminaci\u00f3n K\u00f6hler para luz transmitida y reflejada  l\u00e1mparas LED de 5 W de larga duraci\u00f3n como fuentes de luz<\/li>\n<li>Hay tres filtros de excitaci\u00f3n: filtros de fluorocromo DAPI, FITC y TRITC.<\/li>\n<li>Condensador de contraste de fases para un cambio r\u00e1pido y c\u00f3modo entre t\u00e9cnicas de microscop\u00eda<\/li>\n<li>Cabezal trinocular  dos opciones para montar una c\u00e1mara o monitor: divisi\u00f3n del haz de luz seg\u00fan las proporciones 100\/0 y 0\/100 (en el cuerpo), y divisi\u00f3n del haz seg\u00fan la proporci\u00f3n 80\/20 (en el cabezal)<\/li>\n<\/ul>\n<p><strong>Caracter\u00edsticas principales de la c\u00e1mara:<\/strong><\/p>\n<ul>\n<li>C\u00e1mara apta para microscop\u00eda de fluorescencia y campo oscuro con objetivos de 4x, 10x, 20x o 40x<\/li>\n<li>Resoluci\u00f3n de 7,1 MP: cuando trabaje con objetivos de bajo aumento, la c\u00e1mara le permitir\u00e1 ver m\u00e1s detalles<\/li>\n<li>51,3 fps y 133,8 fps a resoluciones de 3200&#215;2200 px y 1584&#215;1100 px para observar muestras en movimiento, grabar v\u00eddeo y mover la preparaci\u00f3n sin sacudidas ni retardos<\/li>\n<li>El elemento Peltier reduce la temperatura del sensor durante el funcionamiento prolongado y elimina el ruido t\u00e9rmico, por ello es posible tomar fotograf\u00edas con velocidades de obturaci\u00f3n largas<\/li>\n<li>Obturador global para una lectura r\u00e1pida de la se\u00f1al del sensor, mayor brillo de la imagen y sin efectos \u00f3pticos falsos al observar muestras en movimiento<\/li>\n<li>El sensor monocromo SONY Exmor de tipo CMOS con iluminaci\u00f3n de fondo proporciona un bajo nivel de ruido digital y una alta sensibilidad a la luz incluso en condiciones de poca luz. Obtendr\u00e1 im\u00e1genes m\u00e1s claras, brillantes y con colores m\u00e1s saturados<\/li>\n<li>Interfaz USB 3.0 para una transferencia de datos r\u00e1pida y fluida<\/li>\n<li>Software para toma de fotograf\u00edas, grabaci\u00f3n de v\u00eddeos, edici\u00f3n, visualizaci\u00f3n en un monitor externo, mediciones lineales y angulares<\/li>\n<\/ul>\n<p><strong>El kit incluye:<\/strong>  <\/p>\n<ul>\n<li>C\u00e1mara digital MAGUS CLM90 (c\u00e1mara digital, cable USB, adaptador de 12 V, 3 A, estuche, CD de instalaci\u00f3n con controladores y software, manual del usuario y tarjeta de garant\u00eda)<\/li>\n<li>Base con conexi\u00f3n el\u00e9ctrica integrada, iluminador de luz reflejada, fuente de luz transmitida, condensador, mecanismo de enfoque, platina y rev\u00f3lver giratorio<\/li>\n<li>Cabezal trinocular<\/li>\n<li>Objetivo plano acrom\u00e1tico corregido al infinito: PLL 10x\/0,25 fase WD 4,3 mm<\/li>\n<li>Objetivo plano acrom\u00e1tico corregido al infinito: PLL 20\u0445\/0,40 WD 8,0 mm<\/li>\n<li>Objetivo plano acrom\u00e1tico corregido al infinito: PLL 40\u0445\/0,60 WD: 3,5 mm<\/li>\n<li>Objetivo plano acrom\u00e1tico corregido al infinito: PLL 10x\/0,25 PHP2 WD 4,3 mm<\/li>\n<li>Objetivo plano acrom\u00e1tico corregido al infinito: PLL 20x\/0,40 PHP2 WD 8,0 mm<\/li>\n<li>Objetivo plano acrom\u00e1tico corregido al infinito: PLL 40x\/0,60 PHP2 WD 3,5 mm<\/li>\n<li>Ocular de 10x\/22 mm con larga distancia de acomodaci\u00f3n ocular (2 unidades)<\/li>\n<li>Pantalla protectora para rayos UV<\/li>\n<li>Adaptador de montura C con poder de aumento 1x<\/li>\n<li>Llave hexagonal<\/li>\n<li>Cable de alimentaci\u00f3n<\/li>\n<li>Cubierta protectora<\/li>\n<li>Manual del usuario y tarjeta de garant\u00eda<\/li>\n<\/ul>\n<p><strong>Disponible bajo petici\u00f3n:<\/strong>  <\/p>\n<ul>\n<li>Ocular de 10x\/22 mm con escala de medici\u00f3n<\/li>\n<li>Ocular de 12,5x\/14 mm (2 unidades)<\/li>\n<li>Ocular de 15x\/15 mm (2 unidades)<\/li>\n<li>Ocular de 20x\/12 mm (2 unidades)<\/li>\n<li>Ocular de 25x\/9 mm (2 unidades)<\/li>\n<li>Portaobjetos de calibraci\u00f3n<\/li>\n<\/ul>\n<table>\n<tbody>\n<tr>\n<td>Marca<\/td>\n<td>MAGUS<\/td>\n<\/tr>\n<tr>\n<td>Garant\u00eda<\/td>\n<td>5 \u043b\u0435\u0442<\/td>\n<\/tr>\n<tr>\n<td>EAN<\/td>\n<td>5905555018249<\/td>\n<\/tr>\n<tr>\n<td>Tama\u00f1o de paquete (LxAn.xAl.)<\/td>\n<td>38x61x82 cm<\/td>\n<\/tr>\n<tr>\n<td>Peso del env\u00edo<\/td>\n<td>26.7 kg<\/td>\n<\/tr>\n<tr>\n<td>Delimitador<\/td>\n<td>Microscopio invertido de fluorescencia MAGUS Lum V500L<\/td>\n<\/tr>\n<tr>\n<td>Tipo<\/td>\n<td>biol\u00f3gico, luz\/\u00f3ptico<\/td>\n<\/tr>\n<tr>\n<td>Cabezal<\/td>\n<td>trinocular<\/td>\n<\/tr>\n<tr>\n<td>Boquilla<\/td>\n<td>Siedentopf, giratorio 180\u00b0<\/td>\n<\/tr>\n<tr>\n<td>Ampliaci\u00f3n, x<\/td>\n<td>100\u2013400 configuraci\u00f3n b\u00e1sica (*opcional: 40\u2013500\/600\/800\/1000)<\/td>\n<\/tr>\n<tr>\n<td>Di\u00e1metro del tubo del ocular, mm<\/td>\n<td>30<\/td>\n<\/tr>\n<tr>\n<td>Oculares<\/td>\n<td>10\u0445\/22 mm, distancia de acomodaci\u00f3n ocular: 10 mm (*opcional: 10x\/22 mm con escala, 12,5x\/14  15x\/15  20x\/12  25x\/9)<\/td>\n<\/tr>\n<tr>\n<td>Objetivos<\/td>\n<td>objetivos plano acrom\u00e1ticos corregidos al infinito(\u221e): PLL 10x\/0,25\/4,3  PLL 20x\/0,40\/8,0  PLL 40x\/0,60\/3,5  fase: PLL 10x\/0,25\/4,3 PHP2  PLL 20x\/0,40\/8,0 PHP2  PLL 40x\/0,60\/3,5 PHP2  distancia parafocal: 45 mm<\/td>\n<\/tr>\n<tr>\n<td>Rev\u00f3lver<\/td>\n<td>para 6 objetivos<\/td>\n<\/tr>\n<tr>\n<td>Distancia de trabajo, mm<\/td>\n<td>4,3 (10\u0445)  8,0 (20x)  3,5 (40x)<\/td>\n<\/tr>\n<tr>\n<td>Distancia interpupilar, mm<\/td>\n<td>48 \u2014 75<\/td>\n<\/tr>\n<tr>\n<td>Platina, mm<\/td>\n<td>227&#215;208<\/td>\n<\/tr>\n<tr>\n<td>Rango de desplazamiento de la platina, mm<\/td>\n<td>77\/134,5<\/td>\n<\/tr>\n<tr>\n<td>Platina<\/td>\n<td>fija, con micr\u00f3metro mec\u00e1nico y placas de vidrio \u00d8118 mm  \u00d8118 mm  soportes de ventosa: 86&#215;129,5 mm, \u00d887,5 mm  34&#215;77,5 mm, \u00d868,5 mm  57&#215;82 mm, \u00d860 mm<\/td>\n<\/tr>\n<tr>\n<td>Condensador<\/td>\n<td>NA 0,6  distancia de trabajo: 55 mm  torreta de contraste de fases  con tornillos de bloqueo<\/td>\n<\/tr>\n<tr>\n<td>Diafragma<\/td>\n<td>diafragma iris de apertura<\/td>\n<\/tr>\n<tr>\n<td>Enfoque<\/td>\n<td>mandos coaxiales de enfoque aproximado y preciso ubicados en ambos lados<\/td>\n<\/tr>\n<tr>\n<td>Iluminaci\u00f3n<\/td>\n<td>hal\u00f3gena, fluorescente<\/td>\n<\/tr>\n<tr>\n<td>Ajuste del brillo<\/td>\n<td>yes<\/td>\n<\/tr>\n<tr>\n<td>Alimentaci\u00f3n<\/td>\n<td>alimentaci\u00f3n de red de CA, 85\u2013265 V, 50\/60 Hz<\/td>\n<\/tr>\n<tr>\n<td>Tipo de fuente de iluminaci\u00f3n<\/td>\n<td>fuente de luz reflejada: LED de 5 W  fuente de luz transmitida: LED de 5 W<\/td>\n<\/tr>\n<tr>\n<td>Filtros de luz<\/td>\n<td>s\u00ed<\/td>\n<\/tr>\n<tr>\n<td>Intervalo de temperatura de funcionamiento, \u00b0C<\/td>\n<td>5 \u2014 35<\/td>\n<\/tr>\n<tr>\n<td>Caracter\u00edsticas especiales<\/td>\n<td>condensador de contraste de fase (tipo torreta) con una ranura libre y placas de fase anulares para objetivos de 10x, 20x y 40x  microscopio auxiliar de centrado<\/td>\n<\/tr>\n<tr>\n<td>Nivel de usuario<\/td>\n<td>usuarios experimentados, profesionales<\/td>\n<\/tr>\n<tr>\n<td>Montaje y nivel de dificultad de instalaci\u00f3n<\/td>\n<td>complicado<\/td>\n<\/tr>\n<tr>\n<td>M\u00f3dulo fluorescente<\/td>\n<td>filtros: ultravioleta (UV), violeta (V), azul (B), verde (G)<\/td>\n<\/tr>\n<tr>\n<td>Filtro de fluorescencia: tipo de filtro, longitud de onda de excitaci\u00f3n\/espejo dicroico\/longitud de onda de emisi\u00f3n <\/td>\n<td>ultravioleta (UV), 320\u2013380 nm\/425 nm\/435 nm   violeta (V), 380\u2013415 nm\/455 nm\/475 nm   azul (B), 450\u2013490 nm\/505 nm\/515 nm   verde (G), 495\u2013555 nm\/585 nm\/595 nm<\/td>\n<\/tr>\n<tr>\n<td>Aplicaci\u00f3n<\/td>\n<td>laboratorio\/m\u00e9dico<\/td>\n<\/tr>\n<tr>\n<td>Ubicaci\u00f3n de la iluminaci\u00f3n<\/td>\n<td>doble<\/td>\n<\/tr>\n<tr>\n<td>M\u00e9todo de investigaci\u00f3n<\/td>\n<td>campo claro, microscopio de contraste de fase, fluorescencia<\/td>\n<\/tr>\n<tr>\n<td>Funda\/malet\u00edn\/bolsa incluida en el kit<\/td>\n<td>cubierta protectora<\/td>\n<\/tr>\n<tr>\n<td>=== Delimitador ===<\/td>\n<td>C\u00e1mara digital<\/td>\n<\/tr>\n<tr>\n<td>Sensor<\/td>\n<td>SONY Exmor CMOS<\/td>\n<\/tr>\n<tr>\n<td>Color\/monocromo<\/td>\n<td>monocromo<\/td>\n<\/tr>\n<tr>\n<td>Megap\u00edxeles<\/td>\n<td>7.1<\/td>\n<\/tr>\n<tr>\n<td>Resoluci\u00f3n m\u00e1xima, p\u00edxeles<\/td>\n<td>3200&#215;2200<\/td>\n<\/tr>\n<tr>\n<td>Tama\u00f1o del sensor<\/td>\n<td>1,1&#8242; (14,4&#215;9,9 mm)<\/td>\n<\/tr>\n<tr>\n<td>Tama\u00f1o del p\u00edxel, &#038;micro m<\/td>\n<td>4.5&#215;4.5<\/td>\n<\/tr>\n<tr>\n<td>M\u00f3dulo termoel\u00e9ctrico de dos etapas (elemento Peltier) para ajustar la temperatura a 42 \u00b0C por debajo de la temperatura ambiente<\/td>\n<td>yes<\/td>\n<\/tr>\n<tr>\n<td>Sensibilidad a la luz<\/td>\n<td>3354 mV a 1\/30 s<\/td>\n<\/tr>\n<tr>\n<td>Relaci\u00f3n se\u00f1al\/ruido<\/td>\n<td>0,15 mV a 1\/30 s<\/td>\n<\/tr>\n<tr>\n<td>Tiempo de exposici\u00f3n<\/td>\n<td>0,1 ms \u2013 1 h<\/td>\n<\/tr>\n<tr>\n<td>Grabaci\u00f3n de v\u00eddeo<\/td>\n<td>yes<\/td>\n<\/tr>\n<tr>\n<td>Frecuencia de fotogramas, fps para cada resoluci\u00f3n<\/td>\n<td>51,3 a 3200&#215;2200, 133,8 a 1584@1100<\/td>\n<\/tr>\n<tr>\n<td>Capacidad de d\u00edgitos de ADC (bits)<\/td>\n<td>8\/12 (seleccionable)<\/td>\n<\/tr>\n<tr>\n<td>Formato de foto<\/td>\n<td>*.jpg, *.bmp, *.png, *.tif<\/td>\n<\/tr>\n<tr>\n<td>Formato de v\u00eddeo<\/td>\n<td>salida: *.wmv, *.avi, *.h264 (Windows 8 y posterior), *.h265 (Windows 10 y posterior)<\/td>\n<\/tr>\n<tr>\n<td>Intervalo espectral, nm<\/td>\n<td>380\u2013650 (con filtro de infrarrojos y filtro anti-reflectante)<\/td>\n<\/tr>\n<tr>\n<td>Tipo de obturador<\/td>\n<td>obturador global<\/td>\n<\/tr>\n<tr>\n<td>Balance de blancos<\/td>\n<td>manual, autom\u00e1tico<\/td>\n<\/tr>\n<tr>\n<td>Control de exposici\u00f3n<\/td>\n<td>manual, autom\u00e1tico<\/td>\n<\/tr>\n<tr>\n<td>Opciones programables<\/td>\n<td>tama\u00f1o de imagen, brillo, tiempo de exposici\u00f3n<\/td>\n<\/tr>\n<tr>\n<td>Software<\/td>\n<td>MAGUS View<\/td>\n<\/tr>\n<tr>\n<td>Salida<\/td>\n<td>USB 3.0, 5 Gb\/s<\/td>\n<\/tr>\n<tr>\n<td>Requisitos del sistema<\/td>\n<td>Windows 8\/10\/11 (32 bits y 64 bits), Mac OS X, Linux, procesador Intel Core 2 de hasta 2,8 GHz o superior, m\u00ednimo 2 GB de RAM, puerto USB 3.0, CD-ROM, pantalla de 17&#8242; o mayor<\/td>\n<\/tr>\n<tr>\n<td>Tipo de montura<\/td>\n<td>montura C<\/td>\n<\/tr>\n<tr>\n<td>Cuerpo<\/td>\n<td>aleaci\u00f3n de aluminio CNC<\/td>\n<\/tr>\n<tr>\n<td>Fuente de alimentaci\u00f3n para c\u00e1mara<\/td>\n<td>CC, 5 V, a trav\u00e9s de puerto USB de ordenador  adaptador de 12 V, 3 A para elemento Peltier<\/td>\n<\/tr>\n<tr>\n<td>Rango de temperaturas de funcionamiento de la c\u00e1mara, \u00b0C<\/td>\n<td>-10 \u2014 50<\/td>\n<\/tr>\n<tr>\n<td>Intervalo de humedad de funcionamiento, %<\/td>\n<td>30 \u2014 80<\/td>\n<\/tr>\n<\/tbody>\n<\/table>\n","protected":false},"excerpt":{"rendered":"<p>El modelo MAGUS Lum V500L es un microscopio invertido para microscop\u00eda de fluorescencia con luz reflejada y microscop\u00eda de campo claro y contraste de fases con luz transmitida. Para la microscop\u00eda de fluorescencia se utilizan filtros de fluorocromo DAPI, FITC y TRITC. El dise\u00f1o invertido del microscopio le permite estudiar muestras contenidas en recipientes de laboratorio, tales como placas de Petri, frascos, etc. La altura m\u00e1xima de los recipientes de laboratorio puede ser 55 mm, o 165 mm si se inclina el soporte. La \u00f3ptica est\u00e1 dise\u00f1ada para trabajar con recipientes de laboratorio con un grosor de 1,2 mm en la base. El microscopio es ideal para trabajos de investigaci\u00f3n y trabajos cotidianos de laboratorio y se puede utilizar con fines educativos.<\/p>\n","protected":false},"featured_media":83055,"template":"","meta":{"_exactmetrics_skip_tracking":false,"_exactmetrics_sitenote_active":false,"_exactmetrics_sitenote_note":"","_exactmetrics_sitenote_category":0},"product_brand":[],"product_cat":[606,612],"product_tag":[],"class_list":{"0":"post-84565","1":"product","2":"type-product","3":"status-publish","4":"has-post-thumbnail","6":"product_cat-fluorescencia","7":"product_cat-invertidos","8":"product_shipping_class-microscopio","10":"first","11":"instock","12":"taxable","13":"shipping-taxable","14":"purchasable","15":"product-type-simple"},"_links":{"self":[{"href":"https:\/\/microscopistas.com\/en\/wp-json\/wp\/v2\/product\/84565","targetHints":{"allow":["GET"]}}],"collection":[{"href":"https:\/\/microscopistas.com\/en\/wp-json\/wp\/v2\/product"}],"about":[{"href":"https:\/\/microscopistas.com\/en\/wp-json\/wp\/v2\/types\/product"}],"wp:featuredmedia":[{"embeddable":true,"href":"https:\/\/microscopistas.com\/en\/wp-json\/wp\/v2\/media\/83055"}],"wp:attachment":[{"href":"https:\/\/microscopistas.com\/en\/wp-json\/wp\/v2\/media?parent=84565"}],"wp:term":[{"taxonomy":"product_brand","embeddable":true,"href":"https:\/\/microscopistas.com\/en\/wp-json\/wp\/v2\/product_brand?post=84565"},{"taxonomy":"product_cat","embeddable":true,"href":"https:\/\/microscopistas.com\/en\/wp-json\/wp\/v2\/product_cat?post=84565"},{"taxonomy":"product_tag","embeddable":true,"href":"https:\/\/microscopistas.com\/en\/wp-json\/wp\/v2\/product_tag?post=84565"}],"curies":[{"name":"wp","href":"https:\/\/api.w.org\/{rel}","templated":true}]}}