{"id":84564,"date":"2024-07-29T18:28:55","date_gmt":"2024-07-29T16:28:55","guid":{"rendered":"http:\/\/microscopistas.com\/?post_type=product&#038;p=84564"},"modified":"2024-07-29T18:49:23","modified_gmt":"2024-07-29T16:49:23","slug":"microscopio-digital-invertido-de-fluorescencia-magus-lum-vd500-lcd","status":"publish","type":"product","link":"https:\/\/microscopistas.com\/en\/producto\/microscopio-digital-invertido-de-fluorescencia-magus-lum-vd500-lcd\/","title":{"rendered":"Microscopio digital invertido de fluorescencia MAGUS Lum VD500 LCD"},"content":{"rendered":"<p>El microscopio invertido de fluorescencia MAGUS Lum V500 est\u00e1 dise\u00f1ado para observar muestras contenidas en recipientes de laboratorio de hasta 55 mm de alto y un grosor de hasta 1,2 mm en la base. Si se inclina el soporte de la fuente de luz, se pueden utilizar recipientes de laboratorio m\u00e1s grandes, de hasta 165 mm de alto. Puede observar muestras con luz reflejada (t\u00e9cnica de microscop\u00eda de fluorescencia) y luz transmitida (microscop\u00eda de campo claro y de contraste de fases). \u00c1mbitos principales de aplicaci\u00f3n del microscopio: medicina, farmacolog\u00eda, bioqu\u00edmica, epidemiolog\u00eda, etc.<\/p>\n<p><strong>C\u00e1mara digital<\/strong><\/p>\n<p>La c\u00e1mara digital MAGUS CHD40 es una c\u00e1mara HDMI con tres interfaces de v\u00eddeo y conmutaci\u00f3n autom\u00e1tica entre 4K y Full HD dependiendo de la resoluci\u00f3n del monitor. La c\u00e1mara est\u00e1 equipada con un sensor de 8 MP y produce im\u00e1genes realistas con una resoluci\u00f3n 4K (3840&#215;2160 px) cuando se conecta a trav\u00e9s de HDMI o USB 3.0. Cuando se conecta a trav\u00e9s de Wi-Fi, la calidad de imagen es Full HD (1920&#215;1080 px). La c\u00e1mara utiliza una interfaz HDMI para conectarse directamente a un televisor, monitor o proyector. En este modo de operaci\u00f3n, la c\u00e1mara funciona de forma aut\u00f3noma, sin necesidad de estar conectada a un ordenador. La interfaz HDMI proporciona una velocidad de transferencia alta y estable desde la c\u00e1mara a la pantalla externa. Puede conectar la c\u00e1mara a un PC mediante Wi-Fi o USB 3.0. El v\u00eddeo se graba a 30 fps. La c\u00e1mara combina una alta frecuencia de fotogramas (fps) y una interfaz HDMI de ancho de banda amplio. Por ello, los v\u00eddeos son v\u00edvidos, sin detenciones de la imagen ni saltos entre fotogramas. A la resoluci\u00f3n m\u00e1xima, la imagen es detallada, los objetos en movimiento son visibles sin distorsiones y el movimiento se muestra sin retardos.<\/p>\n<p><strong>Monitor<\/strong><\/p>\n<p>El monitor MAGUS MCD40 est\u00e1 dise\u00f1ado para ser utilizado como dispositivo de visualizaci\u00f3n con un microscopio MAGUS. Se conecta a una c\u00e1mara que est\u00e1 instalada en el microscopio para mostrar im\u00e1genes en tiempo real. Admite c\u00e1maras MAGUS con resoluci\u00f3n 4K e interfaz HDMI. La diagonal de la pantalla es de 13,3 pulgadas. La matriz IPS proporciona im\u00e1genes brillantes con \u00e1ngulos de visualizaci\u00f3n amplios. Si mira la pantalla en \u00e1ngulo, la reproducci\u00f3n del color no se distorsiona. El monitor se puede colocar en un soporte plegable sobre una mesa o estante o instalar directamente en la c\u00e1mara o microscopio.<\/p>\n<p><strong>\u00d3ptica<\/strong><\/p>\n<p>El microscopio est\u00e1 equipado con un cabezal trinocular con un tubo trinocular. Hay un puerto lateral para c\u00e1mara en el microscopio. Este dise\u00f1o le permite instalar al mismo tiempo en el microscopio una c\u00e1mara digital y un monitor (no incluidos en el kit). La divisi\u00f3n del haz de luz en el cabezal trinocular se realiza seg\u00fan la proporci\u00f3n 80\/20, y en el cuerpo del microscopio seg\u00fan las proporciones 100\/0 y 0\/100. Los tubos oculares pueden girar 180\u00b0, lo que le permite ajustar la distancia de acomodaci\u00f3n ocular seg\u00fan sus necesidades.<\/p>\n<p>El rev\u00f3lver giratorio se encuentra en el soporte situado debajo de la platina. Tiene seis posiciones libres para instalar objetivos. El kit incluye tres objetivos de contraste de fases y tres objetivos de fluorita de campo claro. Hay objetivos plano acrom\u00e1ticos con una larga distancia de trabajo dise\u00f1ados para trabajar con recipientes de laboratorio con un grosor m\u00e1ximo de 1,2 mm en la base.<\/p>\n<p><strong>Iluminaci\u00f3n<\/strong><\/p>\n<p>La fuente de luz reflejada es una l\u00e1mpara de mercurio de 100 W. Est\u00e1 situada en una cabina para lograr una mejor disipaci\u00f3n del calor y reducir el riesgo de sobrecalentamiento durante un funcionamiento prolongado. La l\u00e1mpara tiene una amplia gama de longitudes de onda y valores m\u00e1ximos, lo que hace que sea adecuada trabajar con diversos colorantes fluorescentes. Filtros de fluorescencia: ultravioleta (UV), violeta (V), azul (B), verde (G). La l\u00e1mpara de mercurio es brillante, proporciona una buena visibilidad y se puede reemplazar f\u00e1cilmente cuando sea necesario.<\/p>\n<p>La fuente de luz transmitida es una l\u00e1mpara hal\u00f3gena de 30 W. Brilla intensamente y el espectro de luz es c\u00e1lido. Por ello, las observaciones realizadas con cada objetivo son eficientes y c\u00f3modas para los ojos. El microscopio dispone de un condensador de contraste de fases con cuatro posiciones: una posici\u00f3n se utiliza para la t\u00e9cnica de campo claro y las otras tres posiciones son para objetivos de contraste de fases con aumentos de 10x, 20x y 40x. Los anillos de fase se pueden centrar. El usuario puede cambiar entre las t\u00e9cnicas de campo claro y contraste de fases girando un disco. Esto es pr\u00e1ctico en los trabajos de investigaci\u00f3n, pues ahorra tiempo.<\/p>\n<p>M\u00e9todo de iluminaci\u00f3n K\u00f6hler para la luz transmitida y reflejada. El uso de este m\u00e9todo le permite obtener una imagen clara y n\u00edtida en alta resoluci\u00f3n, sin artefactos ni zonas oscuras en los bordes de la imagen.<\/p>\n<p><strong>Platina y mecanismo de enfoque<\/strong> <\/p>\n<p>La platina es fija y tiene un mecanismo para mover los recipientes de laboratorio. Los recipientes de laboratorio se pueden mover horizontalmente a lo largo de dos direcciones perpendiculares entre s\u00ed. Este movimiento es preciso y fluido, y hay integrados cuatro soportes de ventosa para sujetar recipientes diferentes tama\u00f1os. El enfoque del microscopio se ajusta mediante mandos de enfoque aproximado y enfoque preciso. El mecanismo de enfoque aproximado tiene un mando de bloqueo y un mando de ajuste de la tensi\u00f3n. Los mandos de enfoque est\u00e1n dispuestos coaxialmente a ambos lados del cuerpo del microscopio.<\/p>\n<p><strong>Accesorios<\/strong><\/p>\n<p>La gama de productos incluye accesorios adicionales para el microscopio MAGUS Lum V500: oculares, c\u00e1maras digitales y portaobjetos de calibraci\u00f3n.<\/p>\n<p><strong>Caracter\u00edsticas principales del microscopio:<\/strong>  <\/p>\n<ul>\n<li>Microscop\u00eda de fluorescencia con luz reflejada, as\u00ed como microscop\u00eda de campo claro y contraste de fases con luz transmitida<\/li>\n<li>Posibilidad de observar muestras contenidas en recipientes de laboratorio cuya altura m\u00e1xima sea 55 mm, o 165 mm si se inclina el soporte<\/li>\n<li>L\u00e1mpara de mercurio de 100 W como fuente de luz reflejada, l\u00e1mpara hal\u00f3gena de 30 W como fuente de luz transmitida  sistema de iluminaci\u00f3n K\u00f6hler<\/li>\n<li>Cuatro filtros de fluorescencia: ultravioleta (UV), violeta (V), azul (B) y verde (G)<\/li>\n<li>Cabezal trinocular, con giro de 180\u00b0. Dos opciones para instalar una c\u00e1mara digital y un monitor: divisi\u00f3n del haz de luz seg\u00fan la proporci\u00f3n 80\/20 (cabezal trinocular) o seg\u00fan las proporciones 100\/0 y 0\/100 (en el cuerpo del microscopio)<\/li>\n<li>Platina con soportes para recipientes de laboratorio (placas de Petri) de diferentes di\u00e1metros<\/li>\n<li>Condensador de contraste de fases con una abertura para campo claro y tres aberturas para contraste de fases<\/li>\n<\/ul>\n<p><strong>Caracter\u00edsticas principales de la c\u00e1mara:<\/strong><\/p>\n<ul>\n<li>La c\u00e1mara funciona de forma aut\u00f3noma sin conexi\u00f3n a un PC y a trav\u00e9s de una interfaz HDMI. Se puede conectar a un PC mediante Wi-Fi y una interfaz USB 3.0<\/li>\n<li>Existe conmutaci\u00f3n autom\u00e1tica entre 4K y Full HD dependiendo de la resoluci\u00f3n del monitor<\/li>\n<li>30 fps para observar objetos en movimiento, grabar v\u00eddeos y mover la muestra sin sacudidas ni retardos<\/li>\n<li>El sensor en color SONY Exmor\/Starvis de tipo CMOS con iluminaci\u00f3n de fondo proporciona un bajo nivel de ruido digital y una alta sensibilidad a la luz incluso en condiciones de poca luz. Obtendr\u00e1 im\u00e1genes m\u00e1s claras, brillantes y con colores m\u00e1s saturados<\/li>\n<li>Software para toma de fotograf\u00edas, grabaci\u00f3n de v\u00eddeos, edici\u00f3n, visualizaci\u00f3n en un monitor externo, mediciones lineales y angulares<\/li>\n<\/ul>\n<p><strong>El kit incluye:<\/strong>  <\/p>\n<ul>\n<li>C\u00e1mara digital MAGUS CHD40 (c\u00e1mara digital, cable HDMI (1,5 m), cable USB 3.0 (1,5 m), rat\u00f3n USB, tarjeta de memoria SD de 32 GB, adaptador USB de red Wi-Fi (2 uds.), adaptador de corriente de CA 12 V\/1 A (Europa), CD de instalaci\u00f3n con controladores y software, manual del usuario y tarjeta de garant\u00eda)<\/li>\n<li>Monitor LCD MAGUS MCD40<\/li>\n<li>Base con conexi\u00f3n el\u00e9ctrica, fuente de luz transmitida y condensador, mecanismo de enfoque, platina y rev\u00f3lver giratorio<\/li>\n<li>Unidades de fluorescencia<\/li>\n<li>Compartimento de la l\u00e1mpara de mercurio<\/li>\n<li>Cabezal trinocular<\/li>\n<li>Objetivo plano acrom\u00e1tico corregido al infinito: PLL 10x\/0,25 WD 4,3 mm<\/li>\n<li>Objetivo plano acrom\u00e1tico corregido al infinito: PLL 20\u0445\/0,40 WD 8,0 mm<\/li>\n<li>Objetivo plano acrom\u00e1tico corregido al infinito: PLL 40\u0445\/0,60 WD 3,5 mm<\/li>\n<li>Objetivo plano acrom\u00e1tico corregido al infinito: PLL 10x\/0,25 PHP2 WD 4,3 mm<\/li>\n<li>Objetivo plano acrom\u00e1tico corregido al infinito: PLL 20x\/0,40 PHP2 WD 8,0 mm<\/li>\n<li>Objetivo plano acrom\u00e1tico corregido al infinito: PLL 40x\/0,60 PHP2 WD 3,5 mm<\/li>\n<li>Ocular de 10x\/22 mm con larga distancia de acomodaci\u00f3n ocular (2 unidades)<\/li>\n<li>Pantalla protectora para rayos UV<\/li>\n<li>Adaptador de montura C con poder de aumento 1x<\/li>\n<li>Llave hexagonal<\/li>\n<li>Fuente de alimentaci\u00f3n de la l\u00e1mpara de mercurio<\/li>\n<li>Cable de alimentaci\u00f3n<\/li>\n<li>Cable de alimentaci\u00f3n del iluminador de luz reflejada<\/li>\n<li>Cubierta protectora<\/li>\n<li>Manual del usuario y tarjeta de garant\u00eda<\/li>\n<\/ul>\n<p><strong>Disponible bajo petici\u00f3n:<\/strong>  <\/p>\n<ul>\n<li>Ocular de 10x\/22 mm con escala de medici\u00f3n<\/li>\n<li>Ocular de 12,5x\/14 mm (2 unidades)<\/li>\n<li>Ocular de 15x\/15 mm (2 unidades)<\/li>\n<li>Ocular de 20x\/12 mm (2 unidades)<\/li>\n<li>Ocular de 25x\/9 mm (2 unidades)<\/li>\n<li>Portaobjetos de calibraci\u00f3n<\/li>\n<\/ul>\n<table>\n<tbody>\n<tr>\n<td>Marca<\/td>\n<td>MAGUS<\/td>\n<\/tr>\n<tr>\n<td>Garant\u00eda<\/td>\n<td>5 \u043b\u0435\u0442<\/td>\n<\/tr>\n<tr>\n<td>EAN<\/td>\n<td>5905555018225<\/td>\n<\/tr>\n<tr>\n<td>Tama\u00f1o de paquete (LxAn.xAl.)<\/td>\n<td>38x61x82 cm<\/td>\n<\/tr>\n<tr>\n<td>Peso del env\u00edo<\/td>\n<td>28.75 kg<\/td>\n<\/tr>\n<tr>\n<td>Delimitador<\/td>\n<td>Microscopio invertido de fluorescencia MAGUS Lum V500<\/td>\n<\/tr>\n<tr>\n<td>Tipo<\/td>\n<td>biol\u00f3gico, luz\/\u00f3ptico<\/td>\n<\/tr>\n<tr>\n<td>Cabezal<\/td>\n<td>trinocular<\/td>\n<\/tr>\n<tr>\n<td>Boquilla<\/td>\n<td>Siedentopf, giratorio 180\u00b0<\/td>\n<\/tr>\n<tr>\n<td>Ampliaci\u00f3n, x<\/td>\n<td>100\u2013400 configuraci\u00f3n b\u00e1sica (*opcional: 40\u2013500\/600\/800\/1000)<\/td>\n<\/tr>\n<tr>\n<td>Di\u00e1metro del tubo del ocular, mm<\/td>\n<td>30<\/td>\n<\/tr>\n<tr>\n<td>Oculares<\/td>\n<td>10\u0445\/22 mm, distancia de acomodaci\u00f3n ocular: 10 mm (*opcional: 10x\/22 mm con escala, 12,5x\/14  15x\/15  20x\/12  25x\/9)<\/td>\n<\/tr>\n<tr>\n<td>Objetivos<\/td>\n<td>objetivos plano acrom\u00e1ticos corregidos al infinito(\u221e): PLL 10x\/0,25\/4,3  PLL 20x\/0,40\/8,0  PLL 40x\/0,60\/3,5  fase: PLL 10x\/0,25\/4,3 PHP2  PLL 20x\/0,40\/8,0 PHP2  PLL 40x\/0,60\/3,5 PHP2  distancia parafocal: 45 mm<\/td>\n<\/tr>\n<tr>\n<td>Rev\u00f3lver<\/td>\n<td>para 6 objetivos<\/td>\n<\/tr>\n<tr>\n<td>Distancia de trabajo, mm<\/td>\n<td>4,3 (10\u0445)  8,0 (20x)  3,5 (40x)<\/td>\n<\/tr>\n<tr>\n<td>Distancia interpupilar, mm<\/td>\n<td>48 \u2014 75<\/td>\n<\/tr>\n<tr>\n<td>Platina, mm<\/td>\n<td>227&#215;208<\/td>\n<\/tr>\n<tr>\n<td>Rango de desplazamiento de la platina, mm<\/td>\n<td>77\/134,5<\/td>\n<\/tr>\n<tr>\n<td>Platina<\/td>\n<td>platina fija, con placa de vidrio \u00d8118 mm y micr\u00f3metro mec\u00e1nico  soportes para placas de Petri: 86&#215;129,5, \u00d890 mm  34&#215;77,5 mm, \u00d868,5 mm  57&#215;82 mm, \u00d860 mm  29&#215;77,5 mm, \u00d835 mm<\/td>\n<\/tr>\n<tr>\n<td>Condensador<\/td>\n<td>NA 0,6  distancia de trabajo: 55 mm  torreta de contraste de fases  con tornillos de bloqueo<\/td>\n<\/tr>\n<tr>\n<td>Diafragma<\/td>\n<td>diafragma de apertura ajustable, diafragma de campo iris ajustable<\/td>\n<\/tr>\n<tr>\n<td>Enfoque<\/td>\n<td>coaxial, enfoque aproximado (con ajuste de la tensi\u00f3n y mando de bloqueo) y enfoque preciso (0,002 mm)<\/td>\n<\/tr>\n<tr>\n<td>Iluminaci\u00f3n<\/td>\n<td>hal\u00f3gena, fluorescente<\/td>\n<\/tr>\n<tr>\n<td>Ajuste del brillo<\/td>\n<td>yes<\/td>\n<\/tr>\n<tr>\n<td>Alimentaci\u00f3n<\/td>\n<td>alimentaci\u00f3n de red de CA, 85\u2013265 V, 50\/60 Hz<\/td>\n<\/tr>\n<tr>\n<td>Tipo de fuente de iluminaci\u00f3n<\/td>\n<td>fuente de luz reflejada: l\u00e1mpara de mercurio de 100 W  luz transmitida: bombilla hal\u00f3gena de 12 V, 30 W<\/td>\n<\/tr>\n<tr>\n<td>Filtros de luz<\/td>\n<td>s\u00ed<\/td>\n<\/tr>\n<tr>\n<td>Intervalo de temperatura de funcionamiento, \u00b0C<\/td>\n<td>5 \u2014 35<\/td>\n<\/tr>\n<tr>\n<td>Caracter\u00edsticas especiales<\/td>\n<td>condensador de contraste de fase (tipo torreta) con una ranura libre y placas de fase anulares para objetivos de 10x, 20x y 40x  microscopio auxiliar de centrado<\/td>\n<\/tr>\n<tr>\n<td>Nivel de usuario<\/td>\n<td>usuarios experimentados, profesionales<\/td>\n<\/tr>\n<tr>\n<td>Montaje y nivel de dificultad de instalaci\u00f3n<\/td>\n<td>complicado<\/td>\n<\/tr>\n<tr>\n<td>M\u00f3dulo fluorescente<\/td>\n<td>filtros: ultravioleta (UV), violeta (V), azul (B), verde (G)<\/td>\n<\/tr>\n<tr>\n<td>Filtro de fluorescencia: tipo de filtro, longitud de onda de excitaci\u00f3n\/espejo dicroico\/longitud de onda de emisi\u00f3n <\/td>\n<td>ultravioleta (UV), 320\u2013380 nm\/425 nm\/435 nm   violeta (V), 380\u2013415 nm\/455 nm\/475 nm   azul (B), 450\u2013490 nm\/505 nm\/515 nm   verde (G), 495\u2013555 nm\/585 nm\/595 nm<\/td>\n<\/tr>\n<tr>\n<td>Aplicaci\u00f3n<\/td>\n<td>laboratorio\/m\u00e9dico<\/td>\n<\/tr>\n<tr>\n<td>Ubicaci\u00f3n de la iluminaci\u00f3n<\/td>\n<td>doble<\/td>\n<\/tr>\n<tr>\n<td>M\u00e9todo de investigaci\u00f3n<\/td>\n<td>campo claro, microscopio de contraste de fase, fluorescencia<\/td>\n<\/tr>\n<tr>\n<td>Funda\/malet\u00edn\/bolsa incluida en el kit<\/td>\n<td>cubierta protectora<\/td>\n<\/tr>\n<tr>\n<td>=== Delimitador ===<\/td>\n<td>C\u00e1mara digital<\/td>\n<\/tr>\n<tr>\n<td>Sensor<\/td>\n<td>Sony Exmor\/Starvis CMOS<\/td>\n<\/tr>\n<tr>\n<td>Color\/monocromo<\/td>\n<td>color <\/td>\n<\/tr>\n<tr>\n<td>Megap\u00edxeles<\/td>\n<td>8<\/td>\n<\/tr>\n<tr>\n<td>Resoluci\u00f3n m\u00e1xima, p\u00edxeles<\/td>\n<td>3840&#215;2160<\/td>\n<\/tr>\n<tr>\n<td>Tama\u00f1o del sensor<\/td>\n<td>1\/1,2&#8242; (11,14&#215;6,26 mm)<\/td>\n<\/tr>\n<tr>\n<td>Tama\u00f1o del p\u00edxel, &#038;micro m<\/td>\n<td>2.9&#215;2.9<\/td>\n<\/tr>\n<tr>\n<td>Conectores de interfaz<\/td>\n<td>Wi-Fi, HDMI 1,4, USB 3.0<\/td>\n<\/tr>\n<tr>\n<td>Tarjeta de memoria<\/td>\n<td>SD hasta 32 GB<\/td>\n<\/tr>\n<tr>\n<td>Posibilidad de conectar accesorios<\/td>\n<td>rat\u00f3n USB, memoria flash (USB), adaptador Wi-Fi (USB)<\/td>\n<\/tr>\n<tr>\n<td>Sensibilidad a la luz<\/td>\n<td>1028 mV con 1\/30 s<\/td>\n<\/tr>\n<tr>\n<td>Relaci\u00f3n se\u00f1al\/ruido<\/td>\n<td>0,13 mV a 1\/30 s<\/td>\n<\/tr>\n<tr>\n<td>Tiempo de exposici\u00f3n<\/td>\n<td>0,14 ms \u2013 1000 ms<\/td>\n<\/tr>\n<tr>\n<td>Grabaci\u00f3n de v\u00eddeo<\/td>\n<td>yes<\/td>\n<\/tr>\n<tr>\n<td>Frecuencia de fotogramas, fps para cada resoluci\u00f3n<\/td>\n<td>30 a 3840&#215;2160 (HDMI), 30 a 1920&#215;1080 (Wi-Fi), 30 a 3840&#215;2160 (USB 3.0)<\/td>\n<\/tr>\n<tr>\n<td>Lugar de instalaci\u00f3n<\/td>\n<td>tubo trinocular, tubo ocular en sustituci\u00f3n de un ocular<\/td>\n<\/tr>\n<tr>\n<td>Formato de foto<\/td>\n<td>*.jpg, *.tif<\/td>\n<\/tr>\n<tr>\n<td>Formato de v\u00eddeo<\/td>\n<td>*.h264\/*.h265, *.mp4<\/td>\n<\/tr>\n<tr>\n<td>Intervalo espectral, nm<\/td>\n<td>380-650 (filtro IR incorporado)<\/td>\n<\/tr>\n<tr>\n<td>Tipo de obturador<\/td>\n<td>obturador rodante<\/td>\n<\/tr>\n<tr>\n<td>Software<\/td>\n<td>HDMI: integrado  USB: MAGUS View<\/td>\n<\/tr>\n<tr>\n<td>Requisitos del sistema<\/td>\n<td>Windows 8\/10\/11 (32 bits y 64 bits), Mac OS X, Linux, procesador Intel Core 2 de hasta 2,8 GHz o superior, m\u00ednimo 4 GB de RAM, puerto USB 2.0, RJ45, CD-ROM, pantalla de 19&#8242; o mayor<\/td>\n<\/tr>\n<tr>\n<td>Tipo de montura<\/td>\n<td>montura C<\/td>\n<\/tr>\n<tr>\n<td>Cuerpo<\/td>\n<td>aleaci\u00f3n de aluminio CNC<\/td>\n<\/tr>\n<tr>\n<td>Fuente de alimentaci\u00f3n para c\u00e1mara<\/td>\n<td>adaptador de CD de 12 V, 1 A<\/td>\n<\/tr>\n<tr>\n<td>Especificaciones del adaptador de corriente CA<\/td>\n<td>entrada de corriente: voltaje de CA 100\u2013240 V, 50\/60 Hz, salida de corriente: voltaje de CC 12 V\/1 A<\/td>\n<\/tr>\n<tr>\n<td>Rango de temperaturas de funcionamiento de la c\u00e1mara, \u00b0C<\/td>\n<td>-10 \u2014 50<\/td>\n<\/tr>\n<tr>\n<td>Intervalo de humedad de funcionamiento, %<\/td>\n<td>30 \u2014 80<\/td>\n<\/tr>\n<tr>\n<td>=== Delimitador ===<\/td>\n<td>Monitor<\/td>\n<\/tr>\n<tr>\n<td>Tipo de matriz<\/td>\n<td>IPS<\/td>\n<\/tr>\n<tr>\n<td>Diagonal de pantalla, pulgadas<\/td>\n<td>13.3<\/td>\n<\/tr>\n<tr>\n<td>Resoluci\u00f3n de pantalla, px<\/td>\n<td>3840&#215;2160 (4K)<\/td>\n<\/tr>\n<tr>\n<td>Relaci\u00f3n de aspecto<\/td>\n<td>16:9<\/td>\n<\/tr>\n<tr>\n<td>Brillo, cd\/m\u00b2<\/td>\n<td>400<\/td>\n<\/tr>\n<tr>\n<td>N\u00famero de colores mostrados<\/td>\n<td>16,7 millones<\/td>\n<\/tr>\n<tr>\n<td>Contraste<\/td>\n<td>1000:1<\/td>\n<\/tr>\n<tr>\n<td>\u00c1ngulo de visualizaci\u00f3n horizontal\/vertical, \u00b0<\/td>\n<td>178\/178<\/td>\n<\/tr>\n<tr>\n<td>Tama\u00f1o del \u00e1rea visible de la pantalla (ancho x alto), mm<\/td>\n<td>295&#215;165<\/td>\n<\/tr>\n<tr>\n<td>Tama\u00f1o de p\u00edxel (ancho x alto), mm<\/td>\n<td>0,154&#215;0,154<\/td>\n<\/tr>\n<tr>\n<td>Frecuencia de fuente \u00f3ptica, Hz<\/td>\n<td>60<\/td>\n<\/tr>\n<tr>\n<td>Tipo de iluminaci\u00f3n de fondo de la matriz<\/td>\n<td>LED<\/td>\n<\/tr>\n<tr>\n<td>Vida \u00fatil de la iluminaci\u00f3n de fondo LED, h<\/td>\n<td>50000<\/td>\n<\/tr>\n<tr>\n<td>Interfaz<\/td>\n<td>HDMI<\/td>\n<\/tr>\n<tr>\n<td>Intervalo de temperatura de funcionamiento, \u00b0C<\/td>\n<td>-15 \u2014 55<\/td>\n<\/tr>\n<tr>\n<td>Intervalo de humedad de funcionamiento, %<\/td>\n<td>10 \u2014 90<\/td>\n<\/tr>\n<tr>\n<td>Alimentaci\u00f3n<\/td>\n<td>CA 110\u2013220 V, CC 5\u201312 V\/1 A (Tipo C)<\/td>\n<\/tr>\n<tr>\n<td>Consumo de energ\u00eda, W<\/td>\n<td>12 (m\u00e1x.)<\/td>\n<\/tr>\n<\/tbody>\n<\/table>\n","protected":false},"excerpt":{"rendered":"<p>El microscopio invertido de fluorescencia MAGUS Lum V500 est\u00e1 dise\u00f1ado para observar muestras contenidas en recipientes de laboratorio de hasta 55 mm de alto y un grosor de hasta 1,2 mm en la base. Si se inclina el soporte de la fuente de luz, se pueden utilizar recipientes de laboratorio m\u00e1s grandes, de hasta 165 mm de alto. Puede observar muestras con luz reflejada (t\u00e9cnica de microscop\u00eda de fluorescencia) y luz transmitida (microscop\u00eda de campo claro y de contraste de fases). \u00c1mbitos principales de aplicaci\u00f3n del microscopio: medicina, farmacolog\u00eda, bioqu\u00edmica, epidemiolog\u00eda, etc.<\/p>\n","protected":false},"featured_media":83052,"template":"","meta":{"_exactmetrics_skip_tracking":false,"_exactmetrics_sitenote_active":false,"_exactmetrics_sitenote_note":"","_exactmetrics_sitenote_category":0},"product_brand":[],"product_cat":[606,612],"product_tag":[],"class_list":{"0":"post-84564","1":"product","2":"type-product","3":"status-publish","4":"has-post-thumbnail","6":"product_cat-fluorescencia","7":"product_cat-invertidos","8":"product_shipping_class-microscopio","10":"first","11":"instock","12":"taxable","13":"shipping-taxable","14":"purchasable","15":"product-type-simple"},"_links":{"self":[{"href":"https:\/\/microscopistas.com\/en\/wp-json\/wp\/v2\/product\/84564","targetHints":{"allow":["GET"]}}],"collection":[{"href":"https:\/\/microscopistas.com\/en\/wp-json\/wp\/v2\/product"}],"about":[{"href":"https:\/\/microscopistas.com\/en\/wp-json\/wp\/v2\/types\/product"}],"wp:featuredmedia":[{"embeddable":true,"href":"https:\/\/microscopistas.com\/en\/wp-json\/wp\/v2\/media\/83052"}],"wp:attachment":[{"href":"https:\/\/microscopistas.com\/en\/wp-json\/wp\/v2\/media?parent=84564"}],"wp:term":[{"taxonomy":"product_brand","embeddable":true,"href":"https:\/\/microscopistas.com\/en\/wp-json\/wp\/v2\/product_brand?post=84564"},{"taxonomy":"product_cat","embeddable":true,"href":"https:\/\/microscopistas.com\/en\/wp-json\/wp\/v2\/product_cat?post=84564"},{"taxonomy":"product_tag","embeddable":true,"href":"https:\/\/microscopistas.com\/en\/wp-json\/wp\/v2\/product_tag?post=84564"}],"curies":[{"name":"wp","href":"https:\/\/api.w.org\/{rel}","templated":true}]}}