{"id":84562,"date":"2024-07-29T18:28:54","date_gmt":"2024-07-29T16:28:54","guid":{"rendered":"http:\/\/microscopistas.com\/?post_type=product&#038;p=84562"},"modified":"2024-07-29T18:58:35","modified_gmt":"2024-07-29T16:58:35","slug":"microscopio-de-fluorescencia-digital-magus-lum-d400l-lcd","status":"publish","type":"product","link":"https:\/\/microscopistas.com\/en\/producto\/microscopio-de-fluorescencia-digital-magus-lum-d400l-lcd\/","title":{"rendered":"Microscopio de fluorescencia digital MAGUS Lum D400L LCD"},"content":{"rendered":"<p>El microscopio de fluorescencia MAGUS Lum 400L se puede utilizar para dos t\u00e9cnicas de microscop\u00eda: fluorescencia con luz reflejada y campo claro con luz transmitida. Mediante accesorios adicionales, puede utilizar el microscopio para realizar observaciones con luz polarizada, as\u00ed como utilizar las t\u00e9cnicas de campo oscuro y contraste de fases. El microscopio se puede utilizar para investigaci\u00f3n y diagn\u00f3stico de laboratorio en los campos de la medicina, farmacolog\u00eda, medicina forense, biotecnolog\u00eda, veterinaria, etc.<\/p>\n<p><strong>C\u00e1mara digital<\/strong><\/p>\n<p>La c\u00e1mara digital MAGUS CHD40 es una c\u00e1mara HDMI con tres interfaces de v\u00eddeo y conmutaci\u00f3n autom\u00e1tica entre 4K y Full HD dependiendo de la resoluci\u00f3n del monitor. La c\u00e1mara est\u00e1 equipada con un sensor de 8 MP y produce im\u00e1genes realistas con una resoluci\u00f3n 4K (3840&#215;2160 px) cuando se conecta a trav\u00e9s de HDMI o USB 3.0. Cuando se conecta a trav\u00e9s de Wi-Fi, la calidad de imagen es Full HD (1920&#215;1080 px). La c\u00e1mara utiliza una interfaz HDMI para conectarse directamente a un televisor, monitor o proyector. En este modo de operaci\u00f3n, la c\u00e1mara funciona de forma aut\u00f3noma, sin necesidad de estar conectada a un ordenador. La interfaz HDMI proporciona una velocidad de transferencia alta y estable desde la c\u00e1mara a la pantalla externa. Puede conectar la c\u00e1mara a un PC mediante Wi-Fi o USB 3.0. El v\u00eddeo se graba a 30 fps. La c\u00e1mara combina una alta frecuencia de fotogramas (fps) y una interfaz HDMI de ancho de banda amplio. Por ello, los v\u00eddeos son v\u00edvidos, sin detenciones de la imagen ni saltos entre fotogramas. A la resoluci\u00f3n m\u00e1xima, la imagen es detallada, los objetos en movimiento son visibles sin distorsiones y el movimiento se muestra sin retardos.<\/p>\n<p><strong>Monitor<\/strong><\/p>\n<p>El monitor MAGUS MCD40 est\u00e1 dise\u00f1ado para ser utilizado como dispositivo de visualizaci\u00f3n con un microscopio MAGUS. Se conecta a una c\u00e1mara que est\u00e1 instalada en el microscopio para mostrar im\u00e1genes en tiempo real. Admite c\u00e1maras MAGUS con resoluci\u00f3n 4K e interfaz HDMI. La diagonal de la pantalla es de 13,3 pulgadas. La matriz IPS proporciona im\u00e1genes brillantes con \u00e1ngulos de visualizaci\u00f3n amplios. Si mira la pantalla en \u00e1ngulo, la reproducci\u00f3n del color no se distorsiona. El monitor se puede colocar en un soporte plegable sobre una mesa o estante o instalar directamente en la c\u00e1mara o microscopio.<\/p>\n<p><strong>\u00d3ptica<\/strong><\/p>\n<p>El cabezal trinocular incluye dos tubos oculares para hacer observaciones y un tubo trinocular para instalar una c\u00e1mara digital (no incluida en el kit). Para realizar observaciones c\u00f3modas prolongadas, los tubos oculares se pueden ajustar de acuerdo con la estatura del observador, ya que giran 360\u00b0. Est\u00e1n inclinados 30\u00b0.<\/p>\n<p>El rev\u00f3lver giratorio de 5 objetivos est\u00e1 orientado hacia el interior: el usuario puede ver el objetivo que hay insertado en el camino \u00f3ptico. El microscopio viene acompa\u00f1ado de cuatro objetivos plano acrom\u00e1ticos corregidos al infinito: tres para la t\u00e9cnica de campo claro y un objetivo de fluorita para la t\u00e9cnica de fluorescencia. Una vez instalados todos los objetivos en el rev\u00f3lver giratorio queda una posici\u00f3n libre. Esa posici\u00f3n libre se utiliza para centrar la fuente de luz reflejada. Tambi\u00e9n puede instalar un objetivo opcional para obtener un aumento adicional.<\/p>\n<p><strong>Iluminaci\u00f3n<\/strong><\/p>\n<p>Luz reflejada: cuatro l\u00e1mparas LED de 5 W. Cada LED tiene una longitud de onda determinada: azul (B), verde (G), violeta (V) y ultravioleta (UV). Para elegir el LED de trabajo, debe girar el anillo. La ventaja de la iluminaci\u00f3n LED es que los LED se encienden y apagan r\u00e1pidamente, lo que facilita el cambio entre las t\u00e9cnicas de campo claro y de fluorescencia. Los LED no se calientan, no necesitan un disipador de calor y tienen una vida \u00fatil de 50.000 horas. La fluorescencia basada en LED es una t\u00e9cnica de microscop\u00eda segura y de f\u00e1cil cuidado, por lo que se recomienda su uso en escuelas y universidades.<\/p>\n<p>La fuente de luz transmitida es un LED de 3 W. Tiene tambi\u00e9n una vida \u00fatil de 50.000 horas. El sistema de iluminaci\u00f3n tambi\u00e9n incluye un condensador. El condensador tiene una ranura para colocar un control deslizante de campo oscuro o un control deslizante de contraste de fase. El uso de placas es una forma f\u00e1cil y r\u00e1pida de cambiar la t\u00e9cnica de microscop\u00eda sin cambiar el condensador.<\/p>\n<p>Tanto para luz transmitida como reflejada se puede configurar la iluminaci\u00f3n K\u00f6hler. La muestra examinada tendr\u00e1 un enfoque n\u00edtido y la imagen estar\u00e1 libre de artefactos. No hay oscurecimiento en los bordes de la imagen y se puede alcanzar el l\u00edmite de resoluci\u00f3n para cada objetivo.<\/p>\n<p><strong>Platina y mecanismo de enfoque<\/strong> <\/p>\n<p>La platina del microscopio est\u00e1 equipada con un soporte para muestras, que se puede quitar para realizar exploraciones manuales. La platina no tiene cremallera de posicionamiento. Por tanto, requiere menos espacio para trabajar. Se puede instalar una placa negra en la platina para eliminar la luz par\u00e1sita procedente de la fuente de luz transmitida.<\/p>\n<p>Los mandos coaxiales de enfoque aproximado y preciso se encuentran a ambos lados de la base del microscopio. Mecanismo de enfoque aproximado tiene un mando de bloqueo y un mando de ajuste de la tensi\u00f3n. <\/p>\n<p><strong>Accesorios<\/strong><\/p>\n<p>El microscopio MAGUS Lum 400L cuenta con una amplia gama de accesorios compatibles que se pueden utilizar para ampliar las funciones del dispositivo. La gama incluye oculares, objetivos, dispositivos de campo oscuro, luz polarizada y de contraste de fases, as\u00ed como c\u00e1maras digitales y portaobjetos de calibraci\u00f3n.<\/p>\n<p><strong>Caracter\u00edsticas principales del microscopio:<\/strong><\/p>\n<ul>\n<li>Estudio de muestras con luz reflejada mediante la t\u00e9cnica de microscop\u00eda de fluorescencia y con luz transmitida mediante la t\u00e9cnica de microscop\u00eda de campo claro<\/li>\n<li>Objetivos plano acrom\u00e1ticos corregidos al infinito: tres objetivos de campo claro, un objetivo de fluorita <\/li>\n<li>Cabezal trinocular, tubos \u00f3pticos con giro de 360\u00b0  tubo trinocular para instalar una c\u00e1mara digital<\/li>\n<li>Cuatro l\u00e1mparas LED de luz reflejada que funcionan con diferentes longitudes de onda: azul (B), verde (G), violeta (V) y ultravioleta (UV)<\/li>\n<li>LED de 3 W para luz transmitida, iluminaci\u00f3n K\u00f6eler por luz transmitida y luz reflejada<\/li>\n<li>Platina sin cremallera de posicionamiento, soporte para muestras extra\u00edble<\/li>\n<li>Amplia gama de accesorios, que incluye dispositivos de campo oscuro, luz polarizada y de contraste de fases<\/li>\n<\/ul>\n<p><strong>Caracter\u00edsticas principales de la c\u00e1mara:<\/strong><\/p>\n<ul>\n<li>La c\u00e1mara funciona de forma aut\u00f3noma sin conexi\u00f3n a un PC y a trav\u00e9s de una interfaz HDMI. Se puede conectar a un PC mediante Wi-Fi y una interfaz USB 3.0<\/li>\n<li>Existe conmutaci\u00f3n autom\u00e1tica entre 4K y Full HD dependiendo de la resoluci\u00f3n del monitor<\/li>\n<li>30 fps para observar objetos en movimiento, grabar v\u00eddeos y mover la muestra sin sacudidas ni retardos<\/li>\n<li>El sensor en color SONY Exmor\/Starvis de tipo CMOS con iluminaci\u00f3n de fondo proporciona un bajo nivel de ruido digital y una alta sensibilidad a la luz incluso en condiciones de poca luz. Obtendr\u00e1 im\u00e1genes m\u00e1s claras, brillantes y con colores m\u00e1s saturados<\/li>\n<li>Software para toma de fotograf\u00edas, grabaci\u00f3n de v\u00eddeos, edici\u00f3n, visualizaci\u00f3n en un monitor externo, mediciones lineales y angulares<\/li>\n<\/ul>\n<p><strong>El kit incluye:<\/strong><\/p>\n<ul>\n<li>C\u00e1mara digital MAGUS CHD40 (c\u00e1mara digital, cable HDMI (1,5 m), cable USB 3.0 (1,5 m), rat\u00f3n USB, tarjeta de memoria SD de 32 GB, adaptador USB de red Wi-Fi (2 uds.), adaptador de corriente de CA 12 V\/1 A (Europa), CD de instalaci\u00f3n con controladores y software, manual del usuario y tarjeta de garant\u00eda)<\/li>\n<li>Monitor LCD MAGUS MCD40<\/li>\n<li>Soporte con fuente de alimentaci\u00f3n integrada, fuente de luz transmitida, mecanismo de enfoque, platina, soporte de condensador y rev\u00f3lver giratorio<\/li>\n<li>Condensador Abbe<\/li>\n<li>Iluminador de luz reflejada <\/li>\n<li>Iluminador con diodos LED<\/li>\n<li>Cabezal trinocular<\/li>\n<li>Objetivo plano acrom\u00e1tico corregido al infinito: PL 4x\/0,10 WD 19,8 mm<\/li>\n<li>Objetivo plano acrom\u00e1tico corregido al infinito: PL 10x\/0,25 WD 5,0 mm<\/li>\n<li>Objetivo plano acrom\u00e1tico corregido al infinito, fluorita: PL FL 40x\/0,85 (con mecanismo de resorte) WD 0,42 mm<\/li>\n<li>Objetivo plano acrom\u00e1tico corregido al infinito: PL 100x\/1,25 (con mecanismo de resorte, aceite) WD 0,36 mm<\/li>\n<li>Ocular de 10x\/22 mm con larga distancia de acomodaci\u00f3n ocular (2 unidades)<\/li>\n<li>Ojera de ocular (2 unidades)<\/li>\n<li>Pantalla protectora para rayos UV<\/li>\n<li>Portafiltros<\/li>\n<li>Placa protectora negra para instalaci\u00f3n debajo de la platina<\/li>\n<li>Adaptador de c\u00e1mara con montura C<\/li>\n<li>Filtro de color (4 unidades)<\/li>\n<li>Botella de aceite de inmersi\u00f3n<\/li>\n<li>Fuente de alimentaci\u00f3n del iluminador de luz reflejada<\/li>\n<li>Cable de alimentaci\u00f3n<\/li>\n<li>Cable de alimentaci\u00f3n del iluminador de luz reflejada<\/li>\n<li>Cable de alimentaci\u00f3n de la fuente de alimentaci\u00f3n del iluminador de luz reflejada<\/li>\n<li>Cubierta protectora<\/li>\n<li>Manual del usuario y tarjeta de garant\u00eda<\/li>\n<\/ul>\n<p><strong>Disponible bajo petici\u00f3n:<\/strong><\/p>\n<ul>\n<li>Ocular de 10x\/22 mm con escala de medici\u00f3n<\/li>\n<li>Ocular de 12,5x\/14 mm (2 unidades)<\/li>\n<li>Ocular de 15x\/15 mm (2 unidades)<\/li>\n<li>Ocular de 20x\/12 mm (2 unidades)<\/li>\n<li>Ocular de 25x\/9 mm (2 unidades)<\/li>\n<li>Objetivo plano acrom\u00e1tico corregido al infinito, fluorita: PL FL 10x\/0,35 WD 2,37 mm<\/li>\n<li>Objetivo plano acrom\u00e1tico corregido al infinito: PL 20\u0445\/0,40 WD 8,8 mm<\/li>\n<li>Objetivo plano acrom\u00e1tico corregido al infinito: PL 60x\/0,80 \u221e\/0,17 WD 0,46 mm<\/li>\n<li>Dispositivo de contraste de fases<\/li>\n<li>Condensador de campo oscuro NA 0,9<\/li>\n<li>Condensador de campo oscuro de aceite NA 1,36\u20131,25<\/li>\n<li>Control deslizante de campo oscuro<\/li>\n<li>Dispositivo de polarizaci\u00f3n<\/li>\n<li>Portaobjetos de calibraci\u00f3n<\/li>\n<\/ul>\n<table>\n<tbody>\n<tr>\n<td>Marca<\/td>\n<td>MAGUS<\/td>\n<\/tr>\n<tr>\n<td>Garant\u00eda<\/td>\n<td>5 \u043b\u0435\u0442<\/td>\n<\/tr>\n<tr>\n<td>EAN<\/td>\n<td>5905555018195<\/td>\n<\/tr>\n<tr>\n<td>Tama\u00f1o de paquete (LxAn.xAl.)<\/td>\n<td>45x30x96 cm<\/td>\n<\/tr>\n<tr>\n<td>Peso del env\u00edo<\/td>\n<td>17.25 kg<\/td>\n<\/tr>\n<tr>\n<td>Delimitador<\/td>\n<td>Microscopio de fluorescencia MAGUS Lum 400L<\/td>\n<\/tr>\n<tr>\n<td>Tipo<\/td>\n<td>biol\u00f3gico, luz\/\u00f3ptico, digital<\/td>\n<\/tr>\n<tr>\n<td>Cabezal<\/td>\n<td>trinocular<\/td>\n<\/tr>\n<tr>\n<td>Boquilla<\/td>\n<td>cabezal Gemel (Siedentopf, rotaci\u00f3n de 360\u00b0)<\/td>\n<\/tr>\n<tr>\n<td>\u00c1ngulo de inclinaci\u00f3n de cabezal<\/td>\n<td>30\u00b0<\/td>\n<\/tr>\n<tr>\n<td>Ampliaci\u00f3n, x<\/td>\n<td>configuraci\u00f3n b\u00e1sica: 40\u20131000 (*opcional: 40\u20131250\/1500\/2000\/2500)<\/td>\n<\/tr>\n<tr>\n<td>Di\u00e1metro del tubo del ocular, mm<\/td>\n<td>30<\/td>\n<\/tr>\n<tr>\n<td>Oculares<\/td>\n<td>10\u0445\/22 mm, distancia de acomodaci\u00f3n ocular: 10 mm (*opcional: 10x\/22 mm con escala, 12,5x\/14  15x\/15  20x\/12  25x\/9)<\/td>\n<\/tr>\n<tr>\n<td>Objetivos<\/td>\n<td>objetivos plano acrom\u00e1ticos corregidos al infinito y objetivos de fluorita: PL 4x\/0,10, PL 10x\/0,25, PL FL 40x\/0,85, PL 100x\/1,25 (aceite)  distancia parafocal: 45 mm (*opcional: PL FL 10x\/0,35, PL 20\u0445\/0,40, PL 60x\/0,80 \u221e\/0,17)<\/td>\n<\/tr>\n<tr>\n<td>Rev\u00f3lver<\/td>\n<td>para 5 objetivos<\/td>\n<\/tr>\n<tr>\n<td>Distancia de trabajo, mm<\/td>\n<td>19,8 (4x)  5,0 (10x)  0,42 (FL 40x)  0,36 (100x)  2,37 (FL 10\u0445)  )  8,8 (20\u0445)  0,46 (60\u0445)<\/td>\n<\/tr>\n<tr>\n<td>Distancia interpupilar, mm<\/td>\n<td>48 \u2014 75<\/td>\n<\/tr>\n<tr>\n<td>Platina, mm<\/td>\n<td>180&#215;150<\/td>\n<\/tr>\n<tr>\n<td>Rango de desplazamiento de la platina, mm<\/td>\n<td>75\/50<\/td>\n<\/tr>\n<tr>\n<td>Platina<\/td>\n<td>micr\u00f3metro mec\u00e1nico de dos ejes, sin cremallera de posicionamiento<\/td>\n<\/tr>\n<tr>\n<td>Condensador<\/td>\n<td>condensador Abbe, N.A. 1,25, centro ajustable, ajustable en altura, diafragma de apertura ajustable, ranura para una placa de campo oscuro y una placa contraste de fases, montura de cola de milano<\/td>\n<\/tr>\n<tr>\n<td>Diafragma<\/td>\n<td>diafragma de apertura ajustable, diafragma de campo iris ajustable<\/td>\n<\/tr>\n<tr>\n<td>Enfoque<\/td>\n<td>coaxial, enfoque aproximado (21 mm, 39,8 mm\/c\u00edrculo, con mando de bloqueo y mando de ajuste de tensi\u00f3n) y enfoque preciso (0,002 mm)<\/td>\n<\/tr>\n<tr>\n<td>Iluminaci\u00f3n<\/td>\n<td>LED, fluorescente<\/td>\n<\/tr>\n<tr>\n<td>Ajuste del brillo<\/td>\n<td>yes<\/td>\n<\/tr>\n<tr>\n<td>Alimentaci\u00f3n<\/td>\n<td>alimentaci\u00f3n de red de CA, 85\u2013265 V, 50\/60 Hz<\/td>\n<\/tr>\n<tr>\n<td>Tipo de fuente de iluminaci\u00f3n<\/td>\n<td>fuente de luz reflejada: 4 l\u00e1mparas LED de diferentes longitudes de onda, 5 W  luz transmitida: LED de 3 W<\/td>\n<\/tr>\n<tr>\n<td>Filtros de luz<\/td>\n<td>s\u00ed<\/td>\n<\/tr>\n<tr>\n<td>Posibilidad de conectar accesorios<\/td>\n<td>dispositivo de contraste de fases (condensador y objetivos), condensador de campo oscuro (en seco o en aceite), dispositivos de polarizaci\u00f3n (polarizador y analizador), \u0441ontrol deslizante de campo oscuro<\/td>\n<\/tr>\n<tr>\n<td>Nivel de usuario<\/td>\n<td>usuarios experimentados, profesionales<\/td>\n<\/tr>\n<tr>\n<td>Montaje y nivel de dificultad de instalaci\u00f3n<\/td>\n<td>complicado<\/td>\n<\/tr>\n<tr>\n<td>M\u00f3dulo fluorescente<\/td>\n<td>filtros: ultravioleta (UV), violeta (V), azul (B), verde (G)<\/td>\n<\/tr>\n<tr>\n<td>Filtro de fluorescencia: tipo de filtro, longitud de onda de excitaci\u00f3n\/espejo dicroico\/longitud de onda de emisi\u00f3n <\/td>\n<td>ultravioleta (UV), 320\u2013380 nm\/420 nm\/435 nm  violeta (V), 380\u2013415 nm\/460 nm\/475 nm   azul (B), 410\u2013490 nm\/505 nm\/515 nm   verde (G), 475\u2013550 nm\/580 nm\/595 nm<\/td>\n<\/tr>\n<tr>\n<td>Aplicaci\u00f3n<\/td>\n<td>laboratorio\/m\u00e9dico<\/td>\n<\/tr>\n<tr>\n<td>Ubicaci\u00f3n de la iluminaci\u00f3n<\/td>\n<td>doble<\/td>\n<\/tr>\n<tr>\n<td>M\u00e9todo de investigaci\u00f3n<\/td>\n<td>campo claro, fluorescencia<\/td>\n<\/tr>\n<tr>\n<td>Funda\/malet\u00edn\/bolsa incluida en el kit<\/td>\n<td>cubierta protectora<\/td>\n<\/tr>\n<tr>\n<td>=== Delimitador ===<\/td>\n<td>C\u00e1mara digital<\/td>\n<\/tr>\n<tr>\n<td>Sensor<\/td>\n<td>Sony Exmor\/Starvis CMOS<\/td>\n<\/tr>\n<tr>\n<td>Color\/monocromo<\/td>\n<td>color <\/td>\n<\/tr>\n<tr>\n<td>Megap\u00edxeles<\/td>\n<td>8<\/td>\n<\/tr>\n<tr>\n<td>Resoluci\u00f3n m\u00e1xima, p\u00edxeles<\/td>\n<td>3840&#215;2160<\/td>\n<\/tr>\n<tr>\n<td>Tama\u00f1o del sensor<\/td>\n<td>1\/1,2&#8242; (11,14&#215;6,26 mm)<\/td>\n<\/tr>\n<tr>\n<td>Tama\u00f1o del p\u00edxel, &#038;micro m<\/td>\n<td>2.9&#215;2.9<\/td>\n<\/tr>\n<tr>\n<td>Conectores de interfaz<\/td>\n<td>Wi-Fi, HDMI 1,4, USB 3.0<\/td>\n<\/tr>\n<tr>\n<td>Tarjeta de memoria<\/td>\n<td>SD hasta 32 GB<\/td>\n<\/tr>\n<tr>\n<td>Posibilidad de conectar accesorios<\/td>\n<td>rat\u00f3n USB, memoria flash (USB), adaptador Wi-Fi (USB)<\/td>\n<\/tr>\n<tr>\n<td>Sensibilidad a la luz<\/td>\n<td>1028 mV con 1\/30 s<\/td>\n<\/tr>\n<tr>\n<td>Relaci\u00f3n se\u00f1al\/ruido<\/td>\n<td>0,13 mV a 1\/30 s<\/td>\n<\/tr>\n<tr>\n<td>Tiempo de exposici\u00f3n<\/td>\n<td>0,14 ms \u2013 1000 ms<\/td>\n<\/tr>\n<tr>\n<td>Grabaci\u00f3n de v\u00eddeo<\/td>\n<td>yes<\/td>\n<\/tr>\n<tr>\n<td>Frecuencia de fotogramas, fps para cada resoluci\u00f3n<\/td>\n<td>30 a 3840&#215;2160 (HDMI), 30 a 1920&#215;1080 (Wi-Fi), 30 a 3840&#215;2160 (USB 3.0)<\/td>\n<\/tr>\n<tr>\n<td>Lugar de instalaci\u00f3n<\/td>\n<td>tubo trinocular, tubo ocular en sustituci\u00f3n de un ocular<\/td>\n<\/tr>\n<tr>\n<td>Formato de foto<\/td>\n<td>*.jpg, *.tif<\/td>\n<\/tr>\n<tr>\n<td>Formato de v\u00eddeo<\/td>\n<td>*.h264\/*.h265, *.mp4<\/td>\n<\/tr>\n<tr>\n<td>Intervalo espectral, nm<\/td>\n<td>380-650 (filtro IR incorporado)<\/td>\n<\/tr>\n<tr>\n<td>Tipo de obturador<\/td>\n<td>obturador rodante<\/td>\n<\/tr>\n<tr>\n<td>Software<\/td>\n<td>HDMI: integrado  USB: MAGUS View<\/td>\n<\/tr>\n<tr>\n<td>Requisitos del sistema<\/td>\n<td>Windows 8\/10\/11 (32 bits y 64 bits), Mac OS X, Linux, procesador Intel Core 2 de hasta 2,8 GHz o superior, m\u00ednimo 4 GB de RAM, puerto USB 2.0, RJ45, CD-ROM, pantalla de 19&#8242; o mayor<\/td>\n<\/tr>\n<tr>\n<td>Tipo de montura<\/td>\n<td>montura C<\/td>\n<\/tr>\n<tr>\n<td>Cuerpo<\/td>\n<td>aleaci\u00f3n de aluminio CNC<\/td>\n<\/tr>\n<tr>\n<td>Fuente de alimentaci\u00f3n para c\u00e1mara<\/td>\n<td>adaptador de CD de 12 V, 1 A<\/td>\n<\/tr>\n<tr>\n<td>Especificaciones del adaptador de corriente de CC<\/td>\n<td>entrada de corriente: voltaje de CA 100\u2013240 V, 50\/60 Hz, salida de corriente: voltaje de CC 12 V\/1 A<\/td>\n<\/tr>\n<tr>\n<td>Rango de temperaturas de funcionamiento de la c\u00e1mara, \u00b0C<\/td>\n<td>-10 \u2014 50<\/td>\n<\/tr>\n<tr>\n<td>Intervalo de humedad de funcionamiento, %<\/td>\n<td>30 \u2014 80<\/td>\n<\/tr>\n<tr>\n<td>=== Delimitador ===<\/td>\n<td>Monitor<\/td>\n<\/tr>\n<tr>\n<td>Tipo de matriz<\/td>\n<td>IPS<\/td>\n<\/tr>\n<tr>\n<td>Diagonal de pantalla, pulgadas<\/td>\n<td>13.3<\/td>\n<\/tr>\n<tr>\n<td>Resoluci\u00f3n de pantalla, px<\/td>\n<td>3840&#215;2160 (4K)<\/td>\n<\/tr>\n<tr>\n<td>Relaci\u00f3n de aspecto<\/td>\n<td>16:9<\/td>\n<\/tr>\n<tr>\n<td>Brillo, cd\/m\u00b2<\/td>\n<td>400<\/td>\n<\/tr>\n<tr>\n<td>N\u00famero de colores mostrados<\/td>\n<td>16,7 millones<\/td>\n<\/tr>\n<tr>\n<td>Contraste<\/td>\n<td>1000:1<\/td>\n<\/tr>\n<tr>\n<td>\u00c1ngulo de visualizaci\u00f3n horizontal\/vertical, \u00b0<\/td>\n<td>178\/178<\/td>\n<\/tr>\n<tr>\n<td>Tama\u00f1o del \u00e1rea visible de la pantalla (ancho x alto), mm<\/td>\n<td>295&#215;165<\/td>\n<\/tr>\n<tr>\n<td>Tama\u00f1o de p\u00edxel (ancho x alto), mm<\/td>\n<td>0,154&#215;0,154<\/td>\n<\/tr>\n<tr>\n<td>Frecuencia de fuente \u00f3ptica, Hz<\/td>\n<td>60<\/td>\n<\/tr>\n<tr>\n<td>Tipo de iluminaci\u00f3n de fondo de la matriz<\/td>\n<td>LED<\/td>\n<\/tr>\n<tr>\n<td>Vida \u00fatil de la iluminaci\u00f3n de fondo LED, h<\/td>\n<td>50000<\/td>\n<\/tr>\n<tr>\n<td>Interfaz<\/td>\n<td>HDMI<\/td>\n<\/tr>\n<tr>\n<td>Intervalo de temperatura de funcionamiento, \u00b0C<\/td>\n<td>-15 \u2014 55<\/td>\n<\/tr>\n<tr>\n<td>Intervalo de humedad de funcionamiento, %<\/td>\n<td>10 \u2014 90<\/td>\n<\/tr>\n<tr>\n<td>Alimentaci\u00f3n<\/td>\n<td>CA 110\u2013220 V, CC 5\u201312 V\/1 A (Tipo C)<\/td>\n<\/tr>\n<tr>\n<td>Consumo de energ\u00eda, W<\/td>\n<td>12 (m\u00e1x.)<\/td>\n<\/tr>\n<\/tbody>\n<\/table>\n","protected":false},"excerpt":{"rendered":"<p>El microscopio de fluorescencia MAGUS Lum 400L se puede utilizar para dos t\u00e9cnicas de microscop\u00eda: fluorescencia con luz reflejada y campo claro con luz transmitida. Mediante accesorios adicionales, puede utilizar el microscopio para realizar observaciones con luz polarizada, as\u00ed como utilizar las t\u00e9cnicas de campo oscuro y contraste de fases. El microscopio se puede utilizar para investigaci\u00f3n y diagn\u00f3stico de laboratorio en los campos de la medicina, farmacolog\u00eda, medicina forense, biotecnolog\u00eda, veterinaria, etc.<\/p>\n","protected":false},"featured_media":83046,"template":"","meta":{"_exactmetrics_skip_tracking":false,"_exactmetrics_sitenote_active":false,"_exactmetrics_sitenote_note":"","_exactmetrics_sitenote_category":0},"product_brand":[],"product_cat":[606],"product_tag":[],"class_list":{"0":"post-84562","1":"product","2":"type-product","3":"status-publish","4":"has-post-thumbnail","6":"product_cat-fluorescencia","7":"product_shipping_class-microscopio","9":"first","10":"instock","11":"taxable","12":"shipping-taxable","13":"purchasable","14":"product-type-simple"},"_links":{"self":[{"href":"https:\/\/microscopistas.com\/en\/wp-json\/wp\/v2\/product\/84562","targetHints":{"allow":["GET"]}}],"collection":[{"href":"https:\/\/microscopistas.com\/en\/wp-json\/wp\/v2\/product"}],"about":[{"href":"https:\/\/microscopistas.com\/en\/wp-json\/wp\/v2\/types\/product"}],"wp:featuredmedia":[{"embeddable":true,"href":"https:\/\/microscopistas.com\/en\/wp-json\/wp\/v2\/media\/83046"}],"wp:attachment":[{"href":"https:\/\/microscopistas.com\/en\/wp-json\/wp\/v2\/media?parent=84562"}],"wp:term":[{"taxonomy":"product_brand","embeddable":true,"href":"https:\/\/microscopistas.com\/en\/wp-json\/wp\/v2\/product_brand?post=84562"},{"taxonomy":"product_cat","embeddable":true,"href":"https:\/\/microscopistas.com\/en\/wp-json\/wp\/v2\/product_cat?post=84562"},{"taxonomy":"product_tag","embeddable":true,"href":"https:\/\/microscopistas.com\/en\/wp-json\/wp\/v2\/product_tag?post=84562"}],"curies":[{"name":"wp","href":"https:\/\/api.w.org\/{rel}","templated":true}]}}