{"id":84557,"date":"2024-07-29T18:28:53","date_gmt":"2024-07-29T16:28:53","guid":{"rendered":"http:\/\/microscopistas.com\/?post_type=product&#038;p=84557"},"modified":"2024-07-29T19:14:27","modified_gmt":"2024-07-29T17:14:27","slug":"microscopio-biologico-invertido-digital-magus-bio-vd350","status":"publish","type":"product","link":"https:\/\/microscopistas.com\/en\/producto\/microscopio-biologico-invertido-digital-magus-bio-vd350\/","title":{"rendered":"Microscopio biol\u00f3gico invertido digital MAGUS Bio VD350"},"content":{"rendered":"<p>&amp;lt p&amp;gt Microscopio biol&amp;amp oacute gico invertido digital MAGUS Bio VD350&amp;lt \/p&amp;gt<br \/>\n&amp;lt p&amp;gt Con c&amp;amp aacute mara. Ampliaci&amp;amp oacute n: 100&amp;amp ndash 400x. Cabezal trinocular, lentes plano acrom&amp;amp aacute ticas, iluminador hal&amp;amp oacute geno de 30 W, condensador de contraste de fases, sistema de iluminaci&amp;amp oacute n K&amp;amp ouml hler&amp;lt \/p&amp;gt<br \/>\n&amp;lt p&amp;gt El modelo MAGUS Bio V350 es un microscopio biol&amp;amp oacute gico con dise&amp;amp ntilde o invertido que se utiliza para estudiar muestras te&amp;amp ntilde idas y sin te&amp;amp ntilde ir contenidas en envases de laboratorio: placas de Petri, frascos. La altura de las placas de Petri puede ser de 55 mm, y si inclina el soporte de la fuente de luz, hasta 165 mm. El grosor de la base de los recipientes compatibles puede ser de hasta 1,2 mm. El microscopio utiliza las t&amp;amp eacute cnicas de microscop&amp;amp iacute a de campo claro y contraste de fases con luz transmitida dispone de un tubo trinocular y un puerto lateral para c&amp;amp aacute mara para instalar una c&amp;amp aacute mara digital y un monitor. Se utiliza para trabajos cotidianos de laboratorio y de investigaci&amp;amp oacute n, as&amp;amp iacute como con fines educativos.&amp;lt \/p&amp;gt<br \/>\n&amp;lt p&amp;gt &amp;lt strong&amp;gt C&amp;amp aacute mara digital&amp;lt \/strong&amp;gt &amp;lt \/p&amp;gt<br \/>\n&amp;lt p&amp;gt Ocular de v&amp;amp iacute deo con sensor digital SONY Exmor de 8,3 MP. El sensor utiliza tecnolog&amp;amp iacute a de retroiluminaci&amp;amp oacute n para mejorar la sensibilidad a la luz, as&amp;amp iacute como para producir im&amp;amp aacute genes brillantes y claras, incluso con poca luz. La c&amp;amp aacute mara se utiliza para trabajar con la t&amp;amp eacute cnica de microscop&amp;amp iacute a de campo oscuro o campo claro en objetivos con un aumento de 4x, 10x y 20x. Tambi&amp;amp eacute n funciona con microscopios estereosc&amp;amp oacute picos. Se utiliza un puerto USB 3.0 con alta velocidad de transferencia de datos (5 Gbps) para conectarla a un ordenador y mostrar las im&amp;amp aacute genes en la pantalla.&amp;lt \/p&amp;gt<br \/>\n&amp;lt p&amp;gt La c&amp;amp aacute mara MAGUS CDF30 puede instalarse en el tubo trinocular o en el tubo ocular de un microscopio. El campo de visi&amp;amp oacute n m&amp;amp aacute ximo sin defectos &amp;amp oacute pticos puede alcanzarse utilizando un adaptador con un aumento de 0,65x a 0,9x. Para instalarla en el tubo ocular, adem&amp;amp aacute s del adaptador, tambi&amp;amp eacute n necesitar&amp;amp aacute un adaptador que coincida con el di&amp;amp aacute metro del tubo.&amp;lt \/p&amp;gt<br \/>\n&amp;lt p&amp;gt La imagen se muestra en la pantalla del ordenador con una resoluci&amp;amp oacute n m&amp;amp aacute xima de 3840&#215;2160 p&amp;amp iacute xeles. La frecuencia de fotogramas es de 45 fps. Con una resoluci&amp;amp oacute n inferior (1920&#215;1080 p&amp;amp iacute xeles), la frecuencia de fotogramas aumenta a 70 fps. Las transiciones entre fotogramas son casi imperceptibles, sin retrasos, por lo que la c&amp;amp aacute mara puede utilizarse para estudiar y mostrar objetos en movimiento. Las fotos y los v&amp;amp iacute deos se graban y guardan en varios formatos.&amp;lt \/p&amp;gt<br \/>\n&amp;lt p&amp;gt &amp;lt strong&amp;gt &amp;amp Oacute ptica&amp;lt \/strong&amp;gt &amp;lt \/p&amp;gt<br \/>\n&amp;lt p&amp;gt Al montar el microscopio, puede seleccionar la posici&amp;amp oacute n del cabezal trinocular: Se puede girar 180&amp;amp deg para ajustar la altura de la pupila de salida. Utilice el tubo vertical del cabezal para instalar un monitor y el puerto lateral del cuerpo del microscopio para instalar una c&amp;amp aacute mara digital. La divisi&amp;amp oacute n del haz de luz en el cuerpo del microscopio se realiza seg&amp;amp uacute n la proporci&amp;amp oacute n 100\/0 o 0\/100, as&amp;amp iacute como tambi&amp;amp eacute n en la proporci&amp;amp oacute n 50\/50 en el tubo trinocular (cuando est&amp;amp aacute abierto) o 100\/0 (cuando est&amp;amp aacute cerrado).&amp;lt \/p&amp;gt<br \/>\n&amp;lt p&amp;gt El kit incluye cuatro objetivos plano acrom&amp;amp aacute ticos corregidos al infinito, uno de los cuales es un objetivo de fase. Una vez instalados los cuatro objetivos en el rev&amp;amp oacute lver giratorio, queda una posici&amp;amp oacute n libre para instalar un objetivo adicional.&amp;lt \/p&amp;gt<br \/>\n&amp;lt p&amp;gt &amp;lt strong&amp;gt Iluminaci&amp;amp oacute n&amp;lt \/strong&amp;gt &amp;lt \/p&amp;gt<br \/>\n&amp;lt p&amp;gt El condensador de contraste de fases permite cambiar de forma f&amp;amp aacute cil y c&amp;amp oacute moda desde una t&amp;amp eacute cnica de microscop&amp;amp iacute a a otra. El condensador tiene cuatro posiciones de trabajo: una posici&amp;amp oacute n libre para la t&amp;amp eacute cnica de campo claro, y posiciones para usar objetivos de contraste de fases de 10x, 20x y 40x.&amp;lt \/p&amp;gt<br \/>\n&amp;lt p&amp;gt La fuente de luz transmitida es una bombilla hal&amp;amp oacute gena de 30 W que emite luz con una temperatura de color que permite trabajar de forma c&amp;amp oacute moda. La bombilla tiene brillo ajustable y funciona con corriente alterna. El sistema de iluminaci&amp;amp oacute n permite usar la iluminaci&amp;amp oacute n K&amp;amp ouml hler para mejorar la calidad de la imagen.&amp;lt \/p&amp;gt<br \/>\n&amp;lt p&amp;gt &amp;lt strong&amp;gt Platina y mecanismo de enfoque&amp;lt \/strong&amp;gt &amp;lt \/p&amp;gt<br \/>\n&amp;lt p&amp;gt Se incluyen cuatro soportes para placas de Petri para la platina. La muestra observada se puede desplazar a lo largo de los ejes horizontal y vertical mediante un micr&amp;amp oacute metro mec&amp;amp aacute nico, mientras que la platina permanece est&amp;amp aacute tica. Los soportes est&amp;amp aacute n dise&amp;amp ntilde ados para contener recipientes de laboratorio de diferentes tama&amp;amp ntilde os.&amp;lt \/p&amp;gt<br \/>\n&amp;lt p&amp;gt El mecanismo de enfoque funciona de forma fluida. El mecanismo de enfoque aproximado tiene un mando de bloqueo y ajuste de tensi&amp;amp oacute n. Valor de incremento del enfoque preciso: 2 &amp;amp micro m. Los mandos de ajuste est&amp;amp aacute n situados en la base del microscopio para que pueda mantener las manos en una posici&amp;amp oacute n m&amp;amp aacute s relajada mientras trabaja.&amp;lt \/p&amp;gt<br \/>\n&amp;lt p&amp;gt &amp;lt strong&amp;gt Accesorios&amp;lt \/strong&amp;gt &amp;lt \/p&amp;gt<br \/>\n&amp;lt p&amp;gt Existen accesorios adicionales para maximizar las prestaciones del microscopio que incluyen oculares, objetivos de fase, c&amp;amp aacute maras digitales y portaobjetos de calibraci&amp;amp oacute n.&amp;lt \/p&amp;gt<\/p>\n<p>&amp;lt p&amp;gt &amp;lt strong&amp;gt Caracter&amp;amp iacute sticas principales del microscopio:&amp;lt \/strong&amp;gt &amp;lt \/p&amp;gt<br \/>\n&amp;lt ul&amp;gt<br \/>\n&amp;lt li&amp;gt Estudio de muestras contenidas en envases de laboratorio de hasta 55 mm de altura y con un grosor de hasta 1,2 mm en la base&amp;lt \/li&amp;gt<br \/>\n&amp;lt li&amp;gt Si inclina el soporte de la fuente de luz, puede utilizar placas de Petri de hasta 165 mm de altura&amp;lt \/li&amp;gt<br \/>\n&amp;lt li&amp;gt T&amp;amp eacute cnicas de campo claro y contraste de fases condensador de contraste de fases con diafragma de campo&amp;lt \/li&amp;gt<br \/>\n&amp;lt li&amp;gt Platina con 4 soportes para placas de Petri de diferentes tama&amp;amp ntilde os micr&amp;amp oacute metro mec&amp;amp aacute nico para desplazar la muestra a lo largo de dos ejes&amp;lt \/li&amp;gt<br \/>\n&amp;lt li&amp;gt El cabezal del microscopio gira 180&amp;amp deg &amp;lt \/li&amp;gt<br \/>\n&amp;lt li&amp;gt Dos opciones para instalar una c&amp;amp aacute mara y un monitor: en el tubo vertical y en el cuerpo del microscopio&amp;lt \/li&amp;gt<br \/>\n&amp;lt li&amp;gt Fuente de luz transmitida: l&amp;amp aacute mpara hal&amp;amp oacute gena de 30 W que funciona con una fuente de alimentaci&amp;amp oacute n de CA&amp;lt \/li&amp;gt<br \/>\n&amp;lt li&amp;gt Amplia gama de accesorios opcionales&amp;lt \/li&amp;gt<br \/>\n&amp;lt \/ul&amp;gt<br \/>\n&amp;lt p&amp;gt &amp;lt strong&amp;gt Caracter&amp;amp iacute sticas principales de la c&amp;amp aacute mara:&amp;lt \/strong&amp;gt &amp;lt \/p&amp;gt<br \/>\n&amp;lt ul&amp;gt<br \/>\n&amp;lt li&amp;gt Sensor CMOS en color SONY Exmor con iluminaci&amp;amp oacute n de fondo, alta sensibilidad lum&amp;amp iacute nica&amp;lt \/li&amp;gt<br \/>\n&amp;lt li&amp;gt Funcionamiento en campo oscuro y campo claro con objetivos de 4x, 10x y 20x&amp;lt \/li&amp;gt<br \/>\n&amp;lt li&amp;gt Conexi&amp;amp oacute n al ordenador mediante una interfaz USB 3.0 con una velocidad de transferencia de datos de 5 Gbps&amp;lt \/li&amp;gt<br \/>\n&amp;lt li&amp;gt Salida de im&amp;amp aacute genes a un monitor en resoluci&amp;amp oacute n ultraalta 4K 3840&#215;2160 p&amp;amp iacute xeles (45 fps) o Full HD 1920&#215;1080 p&amp;amp iacute xeles (70 fps)&amp;lt \/li&amp;gt<br \/>\n&amp;lt li&amp;gt Se incluyen controladores y software de procesamiento de im&amp;amp aacute genes&amp;lt \/li&amp;gt<br \/>\n&amp;lt li&amp;gt Instalaci&amp;amp oacute n en el tubo trinocular o en el tubo ocular de un microscopio&amp;lt \/li&amp;gt<br \/>\n&amp;lt \/ul&amp;gt<br \/>\n&amp;lt p&amp;gt &amp;lt strong&amp;gt El kit incluye:&amp;lt \/strong&amp;gt &amp;lt \/p&amp;gt<br \/>\n&amp;lt ul&amp;gt<br \/>\n&amp;lt li&amp;gt C&amp;amp aacute mara digital MAGUS CDF30 (c&amp;amp aacute mara digital, cable USB, CD de instalaci&amp;amp oacute n con controladores y software, manual del usuario y tarjeta de garant&amp;amp iacute a)&amp;lt \/li&amp;gt<br \/>\n&amp;lt li&amp;gt Base con conexi&amp;amp oacute n el&amp;amp eacute ctrica, fuente de luz transmitida, mecanismo de enfoque, condensador y rev&amp;amp oacute lver giratorio&amp;lt \/li&amp;gt<br \/>\n&amp;lt li&amp;gt Cabezal trinocular&amp;lt \/li&amp;gt<br \/>\n&amp;lt li&amp;gt Objetivo plano acrom&amp;amp aacute tico corregido al infinito: PHP2 10x\/0,25 fase WD 4,27 mm&amp;lt \/li&amp;gt<br \/>\n&amp;lt li&amp;gt Objetivo plano acrom&amp;amp aacute tico corregido al infinito: PL 10x\/0,25 WD 4,27 mm&amp;lt \/li&amp;gt<br \/>\n&amp;lt li&amp;gt Objetivo plano acrom&amp;amp aacute tico corregido al infinito: PL 20\u0445\/0,40 WD 8,0 mm&amp;lt \/li&amp;gt<br \/>\n&amp;lt li&amp;gt Objetivo plano acrom&amp;amp aacute tico corregido al infinito: PL 40\u0445\/0,60 WD 3,5 mm&amp;lt \/li&amp;gt<br \/>\n&amp;lt li&amp;gt Oculares de 10x\/22 mm con larga distancia de acomodaci&amp;amp oacute n ocular (2 unidades)&amp;lt \/li&amp;gt<br \/>\n&amp;lt li&amp;gt Platina fija&amp;lt \/li&amp;gt<br \/>\n&amp;lt li&amp;gt Micr&amp;amp oacute metro mec&amp;amp aacute nico para desplazar la muestra observada&amp;lt \/li&amp;gt<br \/>\n&amp;lt li&amp;gt Soportes para placas de Petri (4 unidades)&amp;lt \/li&amp;gt<br \/>\n&amp;lt li&amp;gt Cable de alimentaci&amp;amp oacute n&amp;lt \/li&amp;gt<br \/>\n&amp;lt li&amp;gt Cubierta protectora&amp;lt \/li&amp;gt<br \/>\n&amp;lt li&amp;gt Manual del usuario y tarjeta de garant&amp;amp iacute a&amp;lt \/li&amp;gt<br \/>\n&amp;lt \/ul&amp;gt<br \/>\n&amp;lt p&amp;gt &amp;lt strong&amp;gt Disponible bajo petici&amp;amp oacute n:&amp;lt \/strong&amp;gt &amp;lt \/p&amp;gt<br \/>\n&amp;lt ul&amp;gt<br \/>\n&amp;lt li&amp;gt Ocular de 10x\/22 mm con escala de medici&amp;amp oacute n&amp;lt \/li&amp;gt<br \/>\n&amp;lt li&amp;gt Ocular de 12,5x\/14 mm (2 unidades)&amp;lt \/li&amp;gt<br \/>\n&amp;lt li&amp;gt Ocular de 15x\/15 mm (2 unidades)&amp;lt \/li&amp;gt<br \/>\n&amp;lt li&amp;gt Ocular de 20x\/12 mm (2 unidades)&amp;lt \/li&amp;gt<br \/>\n&amp;lt li&amp;gt Ocular de 25x\/9 mm (2 unidades)&amp;lt \/li&amp;gt<br \/>\n&amp;lt li&amp;gt Objetivo plano acrom&amp;amp aacute tico corregido al infinito: PHP2 20\u0445\/0,40 fase WD 8,0 mm&amp;lt \/li&amp;gt<br \/>\n&amp;lt li&amp;gt Objetivo plano acrom&amp;amp aacute tico corregido al infinito: PHP2 40x\/0,60 fase WD 3,5 mm&amp;lt \/li&amp;gt<br \/>\n&amp;lt li&amp;gt Portaobjetos de calibraci&amp;amp oacute n&amp;lt \/li&amp;gt<br \/>\n&amp;lt \/ul&amp;gt<\/p>\n<table>\n<tbody>\n<tr>\n<td>Marca<\/td>\n<td>MAGUS<\/td>\n<\/tr>\n<tr>\n<td>Garant\u00eda<\/td>\n<td>5 \u043b\u0435\u0442<\/td>\n<\/tr>\n<tr>\n<td>EAN<\/td>\n<td>5905555018126<\/td>\n<\/tr>\n<tr>\n<td>Tama\u00f1o de paquete (LxAn.xAl.)<\/td>\n<td>49x34x73 cm<\/td>\n<\/tr>\n<tr>\n<td>Peso del env\u00edo<\/td>\n<td>20.1 kg<\/td>\n<\/tr>\n<tr>\n<td>Delimitador<\/td>\n<td>Microscopio biol\u00f3gico invertido MAGUS Bio V350<\/td>\n<\/tr>\n<tr>\n<td>=== Delimitador ===<\/td>\n<td>Especificaciones del microscopio<\/td>\n<\/tr>\n<tr>\n<td>Tipo<\/td>\n<td>biol\u00f3gico, luz\/\u00f3ptico, digital<\/td>\n<\/tr>\n<tr>\n<td>Cabezal<\/td>\n<td>trinocular<\/td>\n<\/tr>\n<tr>\n<td>Boquilla<\/td>\n<td>Siedentopf, giratorio 180\u00b0<\/td>\n<\/tr>\n<tr>\n<td>\u00c1ngulo de inclinaci\u00f3n de cabezal<\/td>\n<td>45\u00b0<\/td>\n<\/tr>\n<tr>\n<td>Ampliaci\u00f3n, x<\/td>\n<td>100\u2013400 configuraci\u00f3n b\u00e1sica (*opcional: 40\u2013500\/600\/800\/1000)<\/td>\n<\/tr>\n<tr>\n<td>Rango de ampliaci\u00f3n<\/td>\n<td>200x a 800x<\/td>\n<\/tr>\n<tr>\n<td>Di\u00e1metro del tubo del ocular, mm<\/td>\n<td>30<\/td>\n<\/tr>\n<tr>\n<td>Oculares<\/td>\n<td>10\u0445\/22 mm, distancia de acomodaci\u00f3n ocular: 10 mm (*opcional: 10x\/22 mm con escala, 12,5x\/14 15x\/15 20x\/12 25x\/9)<\/td>\n<\/tr>\n<tr>\n<td>Objetivos<\/td>\n<td>plano acrom\u00e1ticos corregidos al infinito: PL 10x\/0,25 PL 20x\/0,40 PL 40x\/0,60 objetivo de fase PHP2 10x\/0,25 distancia parafocal: 45 mm (*opcional: PL 4x\/0,10 objetivo de fase PHP2 20x\/0,40 objetivo de fase PHP2 40x\/0,60)<\/td>\n<\/tr>\n<tr>\n<td>Rev\u00f3lver<\/td>\n<td>para 5 objetivos<\/td>\n<\/tr>\n<tr>\n<td>Distancia de trabajo, mm<\/td>\n<td>4,27 (10x) 8,0 (20\u0445) 3,5 (40x)<\/td>\n<\/tr>\n<tr>\n<td>Distancia interpupilar, mm<\/td>\n<td>48 \u2014 75<\/td>\n<\/tr>\n<tr>\n<td>Platina, mm<\/td>\n<td>227&#215;208<\/td>\n<\/tr>\n<tr>\n<td>Rango de desplazamiento de la platina, mm<\/td>\n<td>77\/114<\/td>\n<\/tr>\n<tr>\n<td>Platina<\/td>\n<td>platina fija, con placa de vidrio \u00d8118 mm y micr\u00f3metro mec\u00e1nico soportes para placas de Petri: 86&#215;129,5, \u00d890 mm 34&#215;77,5 mm, \u00d868,5 mm 57&#215;82 mm, \u00d860 mm 29&#215;77,5 mm, \u00d835 mm<\/td>\n<\/tr>\n<tr>\n<td>Condensador<\/td>\n<td>NA 0,6 distancia de trabajo: 55 mm contraste de fases, torreta<\/td>\n<\/tr>\n<tr>\n<td>Diafragma<\/td>\n<td>diafragma de apertura ajustable, diafragma de campo iris ajustable<\/td>\n<\/tr>\n<tr>\n<td>Enfoque<\/td>\n<td>coaxial, enfoque aproximado (con ajuste de la tensi\u00f3n y mando de bloqueo) y enfoque preciso (0,002 mm)<\/td>\n<\/tr>\n<tr>\n<td>Iluminaci\u00f3n<\/td>\n<td>hal\u00f3gena<\/td>\n<\/tr>\n<tr>\n<td>Ajuste del brillo<\/td>\n<td>yes<\/td>\n<\/tr>\n<tr>\n<td>Alimentaci\u00f3n<\/td>\n<td>220\u00b122 V, 50 Hz, alimentaci\u00f3n de red de CA<\/td>\n<\/tr>\n<tr>\n<td>Tipo de fuente de iluminaci\u00f3n<\/td>\n<td>12 V\/30 W<\/td>\n<\/tr>\n<tr>\n<td>Filtros de luz<\/td>\n<td>s\u00ed<\/td>\n<\/tr>\n<tr>\n<td>Intervalo de temperatura de funcionamiento, \u00b0C<\/td>\n<td>5 \u2014 35<\/td>\n<\/tr>\n<tr>\n<td>Caracter\u00edsticas especiales<\/td>\n<td>condensador de contraste de fase (tipo torreta) con una ranura libre y placas de fase anulares para objetivos de 10x, 20x y 40x microscopio auxiliar de centrado<\/td>\n<\/tr>\n<tr>\n<td>Nivel de usuario<\/td>\n<td>usuarios experimentados, profesionales<\/td>\n<\/tr>\n<tr>\n<td>Montaje y nivel de dificultad de instalaci\u00f3n<\/td>\n<td>complicado<\/td>\n<\/tr>\n<tr>\n<td>Aplicaci\u00f3n<\/td>\n<td>laboratorio\/m\u00e9dico<\/td>\n<\/tr>\n<tr>\n<td>Ubicaci\u00f3n de la iluminaci\u00f3n<\/td>\n<td>inferior<\/td>\n<\/tr>\n<tr>\n<td>M\u00e9todo de investigaci\u00f3n<\/td>\n<td>campo claro, microscopio de contraste de fase<\/td>\n<\/tr>\n<tr>\n<td>Funda\/malet\u00edn\/bolsa incluida en el kit<\/td>\n<td>cubierta protectora<\/td>\n<\/tr>\n<tr>\n<td>=== Delimitador ===<\/td>\n<td>C\u00e1mara digital<\/td>\n<\/tr>\n<tr>\n<td>Sensor<\/td>\n<td>SONY Exmor CMOS<\/td>\n<\/tr>\n<tr>\n<td>Color\/monocromo<\/td>\n<td>color<\/td>\n<\/tr>\n<tr>\n<td>Megap\u00edxeles<\/td>\n<td>8.3<\/td>\n<\/tr>\n<tr>\n<td>Resoluci\u00f3n m\u00e1xima, p\u00edxeles<\/td>\n<td>3840&#215;2160<\/td>\n<\/tr>\n<tr>\n<td>Tama\u00f1o del sensor<\/td>\n<td>1\/1,2&#8242; (11,14&#215;6,26 mm)<\/td>\n<\/tr>\n<tr>\n<td>Tama\u00f1o del p\u00edxel, &amp;micro m<\/td>\n<td>2.9&#215;2.9<\/td>\n<\/tr>\n<tr>\n<td>Sensibilidad a la luz<\/td>\n<td>5970 mV\/lux\/s<\/td>\n<\/tr>\n<tr>\n<td>Relaci\u00f3n se\u00f1al\/ruido<\/td>\n<td>0,13 mV a 1\/30 s<\/td>\n<\/tr>\n<tr>\n<td>Tiempo de exposici\u00f3n<\/td>\n<td>0,02 ms \u2013 15 s<\/td>\n<\/tr>\n<tr>\n<td>Grabaci\u00f3n de v\u00eddeo<\/td>\n<td>yes<\/td>\n<\/tr>\n<tr>\n<td>Grabaci\u00f3n de v\u00eddeo<\/td>\n<td>s\u00ed<\/td>\n<\/tr>\n<tr>\n<td>Frecuencia de fotogramas, fps para cada resoluci\u00f3n<\/td>\n<td>45 a 3840&#215;2160, 70 a 1920&#215;1080<\/td>\n<\/tr>\n<tr>\n<td>Lugar de instalaci\u00f3n<\/td>\n<td>tubo trinocular, tubo ocular en sustituci\u00f3n de un ocular<\/td>\n<\/tr>\n<tr>\n<td>Formato de foto<\/td>\n<td>*.jpg, *.bmp, *.png, *.tif<\/td>\n<\/tr>\n<tr>\n<td>Formato de v\u00eddeo<\/td>\n<td>salida: *.wmv, *.avi, *.h264 (Windows 8 y posterior), *.h265 (Windows 10 y posterior)<\/td>\n<\/tr>\n<tr>\n<td>Intervalo espectral, nm<\/td>\n<td>380-650 (filtro IR incorporado)<\/td>\n<\/tr>\n<tr>\n<td>Tipo de obturador<\/td>\n<td>obturador rodante<\/td>\n<\/tr>\n<tr>\n<td>Balance de blancos<\/td>\n<td>manual, autom\u00e1tico<\/td>\n<\/tr>\n<tr>\n<td>Control de exposici\u00f3n<\/td>\n<td>manual, autom\u00e1tico<\/td>\n<\/tr>\n<tr>\n<td>Software<\/td>\n<td>MAGUS View<\/td>\n<\/tr>\n<tr>\n<td>Salida<\/td>\n<td>USB 3.0, 5 Gb\/s<\/td>\n<\/tr>\n<tr>\n<td>Requisitos del sistema<\/td>\n<td>Windows 8\/10\/11 (32 bits y 64 bits), Mac OS X, Linux, procesador Intel Core 2 de hasta 2,8 GHz o superior, m\u00ednimo 2 GB de RAM, puerto USB 3.0, CD-ROM, pantalla de 17&#8242; o mayor<\/td>\n<\/tr>\n<tr>\n<td>Tipo de montura<\/td>\n<td>montura C<\/td>\n<\/tr>\n<tr>\n<td>Cuerpo<\/td>\n<td>aluminio macizo<\/td>\n<\/tr>\n<tr>\n<td>Fuente de alimentaci\u00f3n para c\u00e1mara<\/td>\n<td>CC, 5 V, a trav\u00e9s de puerto USB de ordenador adaptador de 12 V, 3 A para elemento Peltier<\/td>\n<\/tr>\n<tr>\n<td>Rango de temperaturas de funcionamiento de la c\u00e1mara, \u00b0C<\/td>\n<td>-10 \u2014 50<\/td>\n<\/tr>\n<tr>\n<td>Intervalo de humedad de funcionamiento, %<\/td>\n<td>30 \u2014 80<\/td>\n<\/tr>\n<\/tbody>\n<\/table>\n","protected":false},"excerpt":{"rendered":"<p>El modelo MAGUS Bio V350 es un microscopio biol\u00f3gico con dise\u00f1o invertido que se utiliza para estudiar muestras te\u00f1idas y sin te\u00f1ir contenidas en envases de laboratorio: placas de Petri, frascos. La altura de las placas de Petri puede ser de 55 mm, y si inclina el soporte de la fuente de luz, hasta 165 mm. El grosor de la base de los recipientes compatibles puede ser de hasta 1,2 mm. El microscopio utiliza las t\u00e9cnicas de microscop\u00eda de campo claro y contraste de fases con luz transmitida dispone de un tubo trinocular y un puerto lateral para c\u00e1mara para instalar una c\u00e1mara digital y un monitor. Se utiliza para trabajos cotidianos de laboratorio y de investigaci\u00f3n, as\u00ed como con fines educativos.<\/p>\n","protected":false},"featured_media":83033,"template":"","meta":{"_exactmetrics_skip_tracking":false,"_exactmetrics_sitenote_active":false,"_exactmetrics_sitenote_note":"","_exactmetrics_sitenote_category":0},"product_brand":[],"product_cat":[595,612],"product_tag":[],"class_list":{"0":"post-84557","1":"product","2":"type-product","3":"status-publish","4":"has-post-thumbnail","6":"product_cat-contraste-de-fases","7":"product_cat-invertidos","8":"product_shipping_class-microscopio","10":"first","11":"instock","12":"taxable","13":"shipping-taxable","14":"purchasable","15":"product-type-simple"},"_links":{"self":[{"href":"https:\/\/microscopistas.com\/en\/wp-json\/wp\/v2\/product\/84557","targetHints":{"allow":["GET"]}}],"collection":[{"href":"https:\/\/microscopistas.com\/en\/wp-json\/wp\/v2\/product"}],"about":[{"href":"https:\/\/microscopistas.com\/en\/wp-json\/wp\/v2\/types\/product"}],"wp:featuredmedia":[{"embeddable":true,"href":"https:\/\/microscopistas.com\/en\/wp-json\/wp\/v2\/media\/83033"}],"wp:attachment":[{"href":"https:\/\/microscopistas.com\/en\/wp-json\/wp\/v2\/media?parent=84557"}],"wp:term":[{"taxonomy":"product_brand","embeddable":true,"href":"https:\/\/microscopistas.com\/en\/wp-json\/wp\/v2\/product_brand?post=84557"},{"taxonomy":"product_cat","embeddable":true,"href":"https:\/\/microscopistas.com\/en\/wp-json\/wp\/v2\/product_cat?post=84557"},{"taxonomy":"product_tag","embeddable":true,"href":"https:\/\/microscopistas.com\/en\/wp-json\/wp\/v2\/product_tag?post=84557"}],"curies":[{"name":"wp","href":"https:\/\/api.w.org\/{rel}","templated":true}]}}