{"id":84556,"date":"2024-07-29T18:28:52","date_gmt":"2024-07-29T16:28:52","guid":{"rendered":"http:\/\/microscopistas.com\/?post_type=product&#038;p=84556"},"modified":"2024-07-29T19:15:23","modified_gmt":"2024-07-29T17:15:23","slug":"microscopio-biologico-invertido-digital-magus-bio-vd300-lcd","status":"publish","type":"product","link":"https:\/\/microscopistas.com\/en\/producto\/microscopio-biologico-invertido-digital-magus-bio-vd300-lcd\/","title":{"rendered":"Microscopio biol\u00f3gico invertido digital MAGUS Bio VD300 LCD"},"content":{"rendered":"<p>El microscopio biol\u00f3gico MAGUS Bio VD300 LCD con dise\u00f1o invertido permite estudiar muestras contenidas en envases de laboratorio de hasta 70 mm de altura y con un grosor en la base de hasta 1,2 mm. Los objetos de estudio pueden ser colonias de c\u00e9lulas, cultivos de tejidos, fluidos biol\u00f3gicos, etc. Las muestras no requieren tinci\u00f3n previa. Las observaciones se realizan con luz transmitida. T\u00e9cnicas de microscop\u00eda utilizadas: campo claro y contraste de fases. El microscopio es adecuado para trabajos cotidianos y de investigaci\u00f3n y para fines educativos.<\/p>\n<p><strong>C\u00e1mara digital<\/strong><\/p>\n<p>La c\u00e1mara digital MAGUS CHD30 est\u00e1 equipada con un sensor de 2 MP y produce im\u00e1genes realistas con calidad Full HD y una resoluci\u00f3n de 1920&#215;1080 px. La c\u00e1mara tiene una alta sensibilidad a la luz, funci\u00f3n de enfoque autom\u00e1tico y es adecuada para hacer observaciones con luz de fluorescencia.<br \/>\nLa c\u00e1mara utiliza una interfaz HDMI para conectarse directamente a un televisor, monitor o proyector. En este modo de operaci\u00f3n, la c\u00e1mara funciona de forma aut\u00f3noma, sin necesidad de estar conectada a un ordenador. La interfaz HDMI proporciona una velocidad de transferencia alta y estable desde la c\u00e1mara a la pantalla externa. Puede conectar la c\u00e1mara a un ordenador trav\u00e9s de Wi-Fi.<br \/>\nEl v\u00eddeo se graba a 60 fps o 25 fps dependiendo de la interfaz de salida de v\u00eddeo.<br \/>\nLa c\u00e1mara combina una alta frecuencia de fotogramas (fps) y una interfaz HDMI de ancho de banda amplio. De esta manera, los v\u00eddeos son v\u00edvidos, sin detenciones de imagen ni saltos entre fotogramas. A la resoluci\u00f3n m\u00e1xima, la imagen es detallada, los objetos en movimiento son visibles sin distorsiones y el movimiento se muestra sin retardos.<\/p>\n<p><strong>Monitor<\/strong><\/p>\n<p>Los monitores MAGUS MCD funcionan en combinaci\u00f3n con las c\u00e1maras MAGUS CHD para formar un sistema de imagen completo para los microscopios MAGUS.<br \/>\nLa conexi\u00f3n con la c\u00e1mara se realiza a trav\u00e9s de su interfaz HDMI. El monitor muestra im\u00e1genes en tiempo real. Su pantalla LCD IPS tiene un amplio \u00e1ngulo de visi\u00f3n, alto brillo y buen contraste. Al mirar la pantalla, incluso desde un gran \u00e1ngulo, la imagen no se distorsiona. El tama\u00f1o de la pantalla es de 13,3&#8221;.<br \/>\nEl monitor puede instalarse en una superficie horizontal mediante un soporte plegable o directamente en una c\u00e1mara o tr\u00edpode.<\/p>\n<p><strong>\u00d3ptica<\/strong><\/p>\n<p>El microscopio est\u00e1 equipado con un cabezal trinocular cl\u00e1sico el tubo trinocular se utiliza para instalar una c\u00e1mara digital. La c\u00e1mara no est\u00e1 incluida en el kit. La divisi\u00f3n del haz de luz se realiza seg\u00fan la proporci\u00f3n 50\/50.<br \/>\nEn el rev\u00f3lver giratorio se pueden instalar cuatro objetivos (incluidos en el kit) u objetivos adicionales. Todos los objetivos est\u00e1n dise\u00f1ados para ser utilizados con envases de laboratorio y tienen una larga distancia de trabajo. Se incluyen 3 objetivos plano acrom\u00e1ticos para la t\u00e9cnica de campo claro y 1 objetivo plano acrom\u00e1tico para la t\u00e9cnica de contraste de fases.<\/p>\n<p><strong>Iluminaci\u00f3n<\/strong><\/p>\n<p>La fuente de luz transmitida es un LED de 9 W. La alta potencia del LED hace que la iluminaci\u00f3n de la zona de trabajo sea lo suficientemente brillante como para trabajar con cualquiera de los objetivos y con cualquier t\u00e9cnica de microscop\u00eda. El ajuste del brillo no cambia la temperatura del color. La vida \u00fatil del LED es de 50.000 horas aproximadamente.<br \/>\nEl condensador tiene una ranura para una placa de contraste de fases (incluida en el kit). Los anillos de contraste de fases se pueden centrar. La instalaci\u00f3n de la placa ahorra tiempo al cambiar desde una t\u00e9cnica de microscop\u00eda a otra.<\/p>\n<p><strong>Platina y mecanismo de enfoque<\/strong><\/p>\n<p>Platina mec\u00e1nica fija. Est\u00e1 equipada con soportes para placas de Petri (se incluyen tres soportes de tama\u00f1os diferentes). Las placas de Petri se pueden desplazar a lo largo de los ejes horizontal y vertical mediante un micr\u00f3metro mec\u00e1nico. El mecanismo coaxial de enfoque aproximado y preciso proporciona un enfoque r\u00e1pido y preciso. El enfoque aproximado tiene un mecanismo de bloqueo y un mando de ajuste de la tensi\u00f3n.<\/p>\n<p><strong>Accesorios<\/strong><\/p>\n<p>La gama de accesorios opcionales incluye objetivos de fase, oculares, c\u00e1maras digitales y portaobjetos de calibraci\u00f3n.<\/p>\n<p><strong>Caracter\u00edsticas principales del microscopio:<\/strong><\/p>\n<ul>\n<li>Uso de las t\u00e9cnicas de microscop\u00eda de campo claro y contraste de fases con luz transmitida estudio de muestras contenidas en envases de laboratorio<\/li>\n<li>La c\u00e1mara digital se instala en tubo trinocular<\/li>\n<li>Fuente de luz transmitida LED de 9 W con brillo ajustable y una larga vida \u00fatil<\/li>\n<li>Platina fija con desplazamiento de la muestra a lo largo de dos ejes, el kit incluye 3 soportes para placas de Petri de diferentes tama\u00f1os<\/li>\n<li>Accesorios opcionales para mejorar el rendimiento del microscopio<\/li>\n<\/ul>\n<p><strong>Caracter\u00edsticas principales de la c\u00e1mara:<\/strong><\/p>\n<ul>\n<li>La c\u00e1mara funciona de forma aut\u00f3noma, sin conexi\u00f3n a un ordenador, a trav\u00e9s de una interfaz HDMI. Se puede conectar a un ordenador a trav\u00e9s de una interfaz USB 2.0<\/li>\n<li>El enfoque autom\u00e1tico en modo HDMI facilita el ajuste de la nitidez de la imagen<\/li>\n<li>La resoluci\u00f3n de la c\u00e1mara es de 1920&#215;1080 p\u00edxeles, que es ideal para mostrar im\u00e1genes en un monitor con calidad Full HD<\/li>\n<li>60 fps para observar objetos en movimiento, grabar v\u00eddeos y mover la muestra sin sacudidas ni retardos<\/li>\n<li>25 fps a trav\u00e9s de Wi-Fi: suficiente para ajustar el enfoque y procesar im\u00e1genes mediante el software<\/li>\n<li>Sensor SONY en color de tipo CMOS: bajo nivel de ruido digital y alta sensibilidad a la luz<\/li>\n<li>Software para toma de fotograf\u00edas, grabaci\u00f3n de v\u00eddeos, edici\u00f3n, visualizaci\u00f3n en un monitor externo, mediciones lineales y angulares<\/li>\n<\/ul>\n<p><strong>El kit incluye:<\/strong><\/p>\n<ul>\n<li>C\u00e1mara digital MAGUS CHD30 (c\u00e1mara digital, Cable HDMI (1,5 m), rat\u00f3n USB, tarjeta de memoria SD de 32 GB, adaptador USB de red Wi-Fi, adaptador de corriente de CA 12 V\/1 A (Europa), CD de instalaci\u00f3n con controladores y software, manual del usuario y tarjeta de garant\u00eda)<\/li>\n<li>Monitor LCD MAGUS MCD20<\/li>\n<li>Soporte con fuente de alimentaci\u00f3n integrada, fuente de luz transmitida, mecanismo de enfoque, platina, condensador con ranura para control deslizante de contraste de fase y rev\u00f3lver giratorio<\/li>\n<li>Cabezal trinocular<\/li>\n<li>Objetivo plano acrom\u00e1tico corregido al infinito: PL 10x\/0,25 WD 4,27 mm<\/li>\n<li>Objetivo plano acrom\u00e1tico corregido al infinito: PL L20\u0445\/0,40 WD 8,0 mm<\/li>\n<li>Objetivo plano acrom\u00e1tico corregido al infinito: PL L40\u0445\/0,60 WD: 3,5 mm<\/li>\n<li>Objetivo plano acrom\u00e1tico corregido al infinito: objetivo de fase PHP2 10x\/0,25 WD 4,27 mm<\/li>\n<li>Ocular de 10x\/22 mm con larga distancia de acomodaci\u00f3n ocular (2 unidades)<\/li>\n<li>Ojera (2 unidades)<\/li>\n<li>Telescopio de centrado<\/li>\n<li>Placa con anillos de fase que se pueden centrar<\/li>\n<li>Micr\u00f3metro mec\u00e1nico para desplazar la muestra observada<\/li>\n<li>Soporte de ventosa (3 unidades)<\/li>\n<li>Adaptador de c\u00e1mara con montura CFiltro de color<\/li>\n<li>Cable de alimentaci\u00f3n CA<\/li>\n<li>Cubierta protectora<\/li>\n<li>Manual del usuario y tarjeta de garant\u00eda<\/li>\n<\/ul>\n<p><strong>Disponible bajo petici\u00f3n:<\/strong><\/p>\n<ul>\n<li>Ocular de 10x\/22 mm con escala de medici\u00f3n<\/li>\n<li>Ocular de 12,5x\/14 mm (2 unidades)<\/li>\n<li>Ocular de 15x\/15 mm (2 unidades)<\/li>\n<li>Ocular de 20x\/12 mm (2 unidades)<\/li>\n<li>Ocular de 25x\/9 mm (2 unidades)<\/li>\n<li>Objetivo plano acrom\u00e1tico corregido al infinito: PL 4x\/0,10 WD 21 mm<\/li>\n<li>Objetivo plano acrom\u00e1tico corregido al infinito: objetivo de fase PHP2 20x\/0,40 WD 8,0 mm<\/li>\n<li>Objetivo plano acrom\u00e1tico corregido al infinito: objetivo de fase PHP2 40x\/0,60 WD 3,5 mm<\/li>\n<li>Portaobjetos de calibraci\u00f3n<\/li>\n<\/ul>\n<table>\n<tbody>\n<tr>\n<td>Marca<\/td>\n<td>MAGUS<\/td>\n<\/tr>\n<tr>\n<td>Garant\u00eda<\/td>\n<td>5 \u043b\u0435\u0442<\/td>\n<\/tr>\n<tr>\n<td>EAN<\/td>\n<td>5905555018102<\/td>\n<\/tr>\n<tr>\n<td>Tama\u00f1o de paquete (LxAn.xAl.)<\/td>\n<td>64x42x67 cm<\/td>\n<\/tr>\n<tr>\n<td>Peso del env\u00edo<\/td>\n<td>20.75 kg<\/td>\n<\/tr>\n<tr>\n<td>Delimitador<\/td>\n<td>Microscopio biol\u00f3gico invertido MAGUS Bio V300<\/td>\n<\/tr>\n<tr>\n<td>Tipo<\/td>\n<td>biol\u00f3gico, luz\/\u00f3ptico, digital<\/td>\n<\/tr>\n<tr>\n<td>Cabezal<\/td>\n<td>trinocular<\/td>\n<\/tr>\n<tr>\n<td>Boquilla<\/td>\n<td>Siedentopf<\/td>\n<\/tr>\n<tr>\n<td>\u00c1ngulo de inclinaci\u00f3n de cabezal<\/td>\n<td>45\u00b0<\/td>\n<\/tr>\n<tr>\n<td>Ampliaci\u00f3n, x<\/td>\n<td>100\u2013400 configuraci\u00f3n b\u00e1sica (*opcional: 40\u2013500\/600\/800\/1000)<\/td>\n<\/tr>\n<tr>\n<td>Rango de ampliaci\u00f3n<\/td>\n<td>200x a 800x<\/td>\n<\/tr>\n<tr>\n<td>Di\u00e1metro del tubo del ocular, mm<\/td>\n<td>30<\/td>\n<\/tr>\n<tr>\n<td>Oculares<\/td>\n<td>10\u0445\/22 mm, distancia de acomodaci\u00f3n ocular: 10 mm (*opcional: 10x\/22 mm con escala, 12,5x\/14 15x\/15 20x\/12 25x\/9)<\/td>\n<\/tr>\n<tr>\n<td>Objetivos<\/td>\n<td>plano acrom\u00e1ticos corregidos al infinito: PL 10x\/0,25 PL 20x\/0,40 PL 40x\/0,60 objetivo de fase PHP2 10x\/0,25 distancia parafocal: 45 mm (*opcional: PL 4x\/0,10 objetivo de fase PHP2 20x\/0,40 objetivo de fase PHP2 40x\/0,60)<\/td>\n<\/tr>\n<tr>\n<td>Rev\u00f3lver<\/td>\n<td>para 4 objetivos<\/td>\n<\/tr>\n<tr>\n<td>Distancia de trabajo, mm<\/td>\n<td>4,27 (10x) 8,0 (20\u0445) 3,5 (40x)<\/td>\n<\/tr>\n<tr>\n<td>Distancia interpupilar, mm<\/td>\n<td>48 \u2014 75<\/td>\n<\/tr>\n<tr>\n<td>Rango de desplazamiento de la platina, mm<\/td>\n<td>77\/112<\/td>\n<\/tr>\n<tr>\n<td>Platina<\/td>\n<td>fija, con micr\u00f3metro mec\u00e1nico para desplazar la muestra soportes para placas de Petri: 29&#215;77 mm, \u00d890 mm 34&#215;77,5 mm, \u00d868,5 mm 57&#215;82 mm, \u00d860 mm<\/td>\n<\/tr>\n<tr>\n<td>Condensador<\/td>\n<td>NA 0,6 distancia de trabajo: 70 mm con diafragma de apertura ajustable y ranura para placas de contraste de fases<\/td>\n<\/tr>\n<tr>\n<td>Diafragma<\/td>\n<td>apertura ajustable<\/td>\n<\/tr>\n<tr>\n<td>Enfoque<\/td>\n<td>coaxial, enfoque aproximado (con ajuste de la tensi\u00f3n y mando de bloqueo) y enfoque preciso (0,002 mm)<\/td>\n<\/tr>\n<tr>\n<td>Iluminaci\u00f3n<\/td>\n<td>LED<\/td>\n<\/tr>\n<tr>\n<td>Ajuste del brillo<\/td>\n<td>yes<\/td>\n<\/tr>\n<tr>\n<td>Alimentaci\u00f3n<\/td>\n<td>220\u00b122 V, 50 Hz, alimentaci\u00f3n de red de CA<\/td>\n<\/tr>\n<tr>\n<td>Tipo de fuente de iluminaci\u00f3n<\/td>\n<td>9 W<\/td>\n<\/tr>\n<tr>\n<td>Filtros de luz<\/td>\n<td>s\u00ed<\/td>\n<\/tr>\n<tr>\n<td>Intervalo de temperatura de funcionamiento, \u00b0C<\/td>\n<td>5 \u2014 35<\/td>\n<\/tr>\n<tr>\n<td>Caracter\u00edsticas especiales<\/td>\n<td>placa para objetivo de 10x provista de un anillo de fase que se puede centrar<\/td>\n<\/tr>\n<tr>\n<td>Nivel de usuario<\/td>\n<td>usuarios experimentados, profesionales<\/td>\n<\/tr>\n<tr>\n<td>Montaje y nivel de dificultad de instalaci\u00f3n<\/td>\n<td>complicado<\/td>\n<\/tr>\n<tr>\n<td>Aplicaci\u00f3n<\/td>\n<td>laboratorio\/m\u00e9dico<\/td>\n<\/tr>\n<tr>\n<td>Ubicaci\u00f3n de la iluminaci\u00f3n<\/td>\n<td>inferior<\/td>\n<\/tr>\n<tr>\n<td>M\u00e9todo de investigaci\u00f3n<\/td>\n<td>campo claro, microscopio de contraste de fase<\/td>\n<\/tr>\n<tr>\n<td>Funda\/malet\u00edn\/bolsa incluida en el kit<\/td>\n<td>cubierta protectora<\/td>\n<\/tr>\n<tr>\n<td>=== Delimitador ===<\/td>\n<td>C\u00e1mara digital<\/td>\n<\/tr>\n<tr>\n<td>Sensor<\/td>\n<td>SONY CMOS<\/td>\n<\/tr>\n<tr>\n<td>Color\/monocromo<\/td>\n<td>color<\/td>\n<\/tr>\n<tr>\n<td>Megap\u00edxeles<\/td>\n<td>2<\/td>\n<\/tr>\n<tr>\n<td>Resoluci\u00f3n m\u00e1xima, p\u00edxeles<\/td>\n<td>1920&#215;1080<\/td>\n<\/tr>\n<tr>\n<td>Tama\u00f1o del sensor<\/td>\n<td>1\/1,9&#8242; (7,20&#215;4,05 mm)<\/td>\n<\/tr>\n<tr>\n<td>Tama\u00f1o del p\u00edxel, &amp;micro m<\/td>\n<td>3.75&#215;3.75<\/td>\n<\/tr>\n<tr>\n<td>Enfoque autom\u00e1tico<\/td>\n<td>yes<\/td>\n<\/tr>\n<tr>\n<td>Conectores de interfaz<\/td>\n<td>Wi-Fi, HDMI 1,4<\/td>\n<\/tr>\n<tr>\n<td>Tarjeta de memoria<\/td>\n<td>SD hasta 32 GB<\/td>\n<\/tr>\n<tr>\n<td>Posibilidad de conectar accesorios<\/td>\n<td>rat\u00f3n USB, adaptador Wi-Fi (USB)<\/td>\n<\/tr>\n<tr>\n<td>Configuraci\u00f3n Wi-Fi<\/td>\n<td>802.11n, 150 Mbps, 20 dBm<\/td>\n<\/tr>\n<tr>\n<td>Sensibilidad a la luz<\/td>\n<td>1120 mV con 1\/30 s<\/td>\n<\/tr>\n<tr>\n<td>Relaci\u00f3n se\u00f1al\/ruido<\/td>\n<td>0,15 mV a 1\/30 s<\/td>\n<\/tr>\n<tr>\n<td>Tiempo de exposici\u00f3n<\/td>\n<td>0,06 ms \u2013 918 ms<\/td>\n<\/tr>\n<tr>\n<td>Grabaci\u00f3n de v\u00eddeo<\/td>\n<td>yes<\/td>\n<\/tr>\n<tr>\n<td>Frecuencia de fotogramas, fps para cada resoluci\u00f3n<\/td>\n<td>60 a 1920&#215;1080 (HDMI), 25 a 1920&#215;1080 (WiFi)<\/td>\n<\/tr>\n<tr>\n<td>Lugar de instalaci\u00f3n<\/td>\n<td>tubo trinocular, tubo ocular en sustituci\u00f3n de un ocular<\/td>\n<\/tr>\n<tr>\n<td>Formato de foto<\/td>\n<td>*.jpg<\/td>\n<\/tr>\n<tr>\n<td>Formato de v\u00eddeo<\/td>\n<td>*.asf<\/td>\n<\/tr>\n<tr>\n<td>Intervalo espectral, nm<\/td>\n<td>380-650 (filtro IR incorporado)<\/td>\n<\/tr>\n<tr>\n<td>Tipo de obturador<\/td>\n<td>obturador rodante<\/td>\n<\/tr>\n<tr>\n<td>Software<\/td>\n<td>HDMI: integrado USB: MAGUS View<\/td>\n<\/tr>\n<tr>\n<td>Requisitos del sistema<\/td>\n<td>Windows 8\/10\/11 (32 bits y 64 bits), Mac OS X, Linux, procesador Intel Core 2 de hasta 2,8 GHz o superior, m\u00ednimo 4 GB de RAM, puerto USB 2.0, RJ45, CD-ROM, pantalla de 19&#8242; o mayor<\/td>\n<\/tr>\n<tr>\n<td>Tipo de montura<\/td>\n<td>montura C<\/td>\n<\/tr>\n<tr>\n<td>Cuerpo<\/td>\n<td>aleaci\u00f3n de aluminio CNC<\/td>\n<\/tr>\n<tr>\n<td>Fuente de alimentaci\u00f3n para c\u00e1mara<\/td>\n<td>adaptador de CD de 12 V, 1 A<\/td>\n<\/tr>\n<tr>\n<td>Especificaciones del adaptador de corriente de CC<\/td>\n<td>entrada de corriente: voltaje de CA 100\u2013240 V, 50\/60 Hz, salida de corriente: voltaje de CC 12 V\/1 A<\/td>\n<\/tr>\n<tr>\n<td>Rango de temperaturas de funcionamiento de la c\u00e1mara, \u00b0C<\/td>\n<td>-10 \u2014 50<\/td>\n<\/tr>\n<tr>\n<td>Intervalo de humedad de funcionamiento, %<\/td>\n<td>30 \u2014 80<\/td>\n<\/tr>\n<tr>\n<td>=== Delimitador ===<\/td>\n<td>Monitor<\/td>\n<\/tr>\n<tr>\n<td>Tipo de matriz<\/td>\n<td>IPS<\/td>\n<\/tr>\n<tr>\n<td>Diagonal de pantalla, pulgadas<\/td>\n<td>13.3<\/td>\n<\/tr>\n<tr>\n<td>Resoluci\u00f3n de pantalla, px<\/td>\n<td>1920&#215;1080 (Full HD)<\/td>\n<\/tr>\n<tr>\n<td>Relaci\u00f3n de aspecto<\/td>\n<td>16:9<\/td>\n<\/tr>\n<tr>\n<td>Brillo, cd\/m\u00b2<\/td>\n<td>400<\/td>\n<\/tr>\n<tr>\n<td>N\u00famero de colores mostrados<\/td>\n<td>16,7 millones<\/td>\n<\/tr>\n<tr>\n<td>Contraste<\/td>\n<td>1000:1<\/td>\n<\/tr>\n<tr>\n<td>\u00c1ngulo de visualizaci\u00f3n horizontal\/vertical, \u00b0<\/td>\n<td>178\/178<\/td>\n<\/tr>\n<tr>\n<td>Tama\u00f1o del \u00e1rea visible de la pantalla (ancho x alto), mm<\/td>\n<td>295&#215;165<\/td>\n<\/tr>\n<tr>\n<td>Tama\u00f1o de p\u00edxel (ancho x alto), mm<\/td>\n<td>0,154&#215;0,154<\/td>\n<\/tr>\n<tr>\n<td>Frecuencia de fuente \u00f3ptica, Hz<\/td>\n<td>60<\/td>\n<\/tr>\n<tr>\n<td>Tipo de iluminaci\u00f3n de fondo de la matriz<\/td>\n<td>LED<\/td>\n<\/tr>\n<tr>\n<td>Vida \u00fatil de la iluminaci\u00f3n de fondo LED, h<\/td>\n<td>50000<\/td>\n<\/tr>\n<tr>\n<td>Interfaz<\/td>\n<td>HDMI<\/td>\n<\/tr>\n<tr>\n<td>Intervalo de temperatura de funcionamiento, \u00b0C<\/td>\n<td>-15 \u2014 55<\/td>\n<\/tr>\n<tr>\n<td>Intervalo de humedad de funcionamiento, %<\/td>\n<td>10 \u2014 90<\/td>\n<\/tr>\n<tr>\n<td>Alimentaci\u00f3n<\/td>\n<td>CA 110\u2013220 V, CC 5\u201312 V\/1 A (Tipo C)<\/td>\n<\/tr>\n<tr>\n<td>Consumo de energ\u00eda, W<\/td>\n<td>12 (m\u00e1x.)<\/td>\n<\/tr>\n<\/tbody>\n<\/table>\n","protected":false},"excerpt":{"rendered":"<p>El microscopio biol\u00f3gico MAGUS Bio VD300 LCD con dise\u00f1o invertido permite estudiar muestras contenidas en envases de laboratorio de hasta 70 mm de altura y con un grosor en la base de hasta 1,2 mm. Los objetos de estudio pueden ser colonias de c\u00e9lulas, cultivos de tejidos, fluidos biol\u00f3gicos, etc. Las muestras no requieren tinci\u00f3n previa. Las observaciones se realizan con luz transmitida. T\u00e9cnicas de microscop\u00eda utilizadas: campo claro y contraste de fases. El microscopio es adecuado para trabajos cotidianos y de investigaci\u00f3n y para fines educativos.<\/p>\n","protected":false},"featured_media":83030,"template":"","meta":{"_exactmetrics_skip_tracking":false,"_exactmetrics_sitenote_active":false,"_exactmetrics_sitenote_note":"","_exactmetrics_sitenote_category":0},"product_brand":[],"product_cat":[595,612],"product_tag":[],"class_list":{"0":"post-84556","1":"product","2":"type-product","3":"status-publish","4":"has-post-thumbnail","6":"product_cat-contraste-de-fases","7":"product_cat-invertidos","8":"product_shipping_class-microscopio","10":"first","11":"instock","12":"taxable","13":"shipping-taxable","14":"purchasable","15":"product-type-simple"},"_links":{"self":[{"href":"https:\/\/microscopistas.com\/en\/wp-json\/wp\/v2\/product\/84556","targetHints":{"allow":["GET"]}}],"collection":[{"href":"https:\/\/microscopistas.com\/en\/wp-json\/wp\/v2\/product"}],"about":[{"href":"https:\/\/microscopistas.com\/en\/wp-json\/wp\/v2\/types\/product"}],"wp:featuredmedia":[{"embeddable":true,"href":"https:\/\/microscopistas.com\/en\/wp-json\/wp\/v2\/media\/83030"}],"wp:attachment":[{"href":"https:\/\/microscopistas.com\/en\/wp-json\/wp\/v2\/media?parent=84556"}],"wp:term":[{"taxonomy":"product_brand","embeddable":true,"href":"https:\/\/microscopistas.com\/en\/wp-json\/wp\/v2\/product_brand?post=84556"},{"taxonomy":"product_cat","embeddable":true,"href":"https:\/\/microscopistas.com\/en\/wp-json\/wp\/v2\/product_cat?post=84556"},{"taxonomy":"product_tag","embeddable":true,"href":"https:\/\/microscopistas.com\/en\/wp-json\/wp\/v2\/product_tag?post=84556"}],"curies":[{"name":"wp","href":"https:\/\/api.w.org\/{rel}","templated":true}]}}