{"id":84555,"date":"2024-07-29T18:28:52","date_gmt":"2024-07-29T16:28:52","guid":{"rendered":"http:\/\/microscopistas.com\/?post_type=product&#038;p=84555"},"modified":"2024-07-29T19:16:18","modified_gmt":"2024-07-29T17:16:18","slug":"microscopio-biologico-invertido-digital-magus-bio-vd300","status":"publish","type":"product","link":"https:\/\/microscopistas.com\/en\/producto\/microscopio-biologico-invertido-digital-magus-bio-vd300\/","title":{"rendered":"Microscopio biol\u00f3gico invertido digital MAGUS Bio VD300"},"content":{"rendered":"<p>&amp;lt p&amp;gt &amp;lt strong&amp;gt Microscopio biol&amp;amp oacute gico invertido digital MAGUS Bio VD300&amp;lt \/strong&amp;gt &amp;lt \/p&amp;gt<br \/>\n&amp;lt p&amp;gt &amp;lt strong&amp;gt Con c&amp;amp aacute mara. Ampliaci&amp;amp oacute n: 100&amp;amp ndash 400x. Cabezal trinocular, objetivos plano acrom&amp;amp aacute ticos corregidos al infinito, fuente de luz LED de 9 W, condensador con ranura para placa de fase&amp;lt \/strong&amp;gt &amp;lt \/p&amp;gt<br \/>\n&amp;lt p&amp;gt El microscopio biol&amp;amp oacute gico MAGUS Bio V300 con dise&amp;amp ntilde o invertido permite estudiar muestras contenidas en envases de laboratorio de hasta 70 mm de altura y con un grosor en la base de hasta 1,2 mm. Los objetos de estudio pueden ser colonias de c&amp;amp eacute lulas, cultivos de tejidos, fluidos biol&amp;amp oacute gicos, etc. Las muestras no requieren tinci&amp;amp oacute n previa. Las observaciones se realizan con luz transmitida. T&amp;amp eacute cnicas de microscop&amp;amp iacute a utilizadas: campo claro y contraste de fases. El microscopio es adecuado para trabajos cotidianos y de investigaci&amp;amp oacute n y para fines educativos.&amp;lt \/p&amp;gt<br \/>\n&amp;lt p&amp;gt &amp;lt strong&amp;gt C&amp;amp aacute mara digital&amp;lt \/strong&amp;gt &amp;lt \/p&amp;gt<br \/>\n&amp;lt p&amp;gt Ocular de v&amp;amp iacute deo con sensor digital SONY Exmor de 8,3 MP. El sensor utiliza tecnolog&amp;amp iacute a de retroiluminaci&amp;amp oacute n para mejorar la sensibilidad a la luz, as&amp;amp iacute como para producir im&amp;amp aacute genes brillantes y claras, incluso con poca luz. La c&amp;amp aacute mara se utiliza para trabajar con la t&amp;amp eacute cnica de microscop&amp;amp iacute a de campo oscuro o campo claro en objetivos con un aumento de 4x, 10x y 20x. Tambi&amp;amp eacute n funciona con microscopios estereosc&amp;amp oacute picos. Se utiliza un puerto USB 3.0 con alta velocidad de transferencia de datos (5 Gbps) para conectarla a un ordenador y mostrar las im&amp;amp aacute genes en la pantalla.&amp;lt \/p&amp;gt<br \/>\n&amp;lt p&amp;gt La c&amp;amp aacute mara MAGUS CDF30 puede instalarse en el tubo trinocular o en el tubo ocular de un microscopio. El campo de visi&amp;amp oacute n m&amp;amp aacute ximo sin defectos &amp;amp oacute pticos puede alcanzarse utilizando un adaptador con un aumento de 0,65x a 0,9x. Para instalarla en el tubo ocular, adem&amp;amp aacute s del adaptador, tambi&amp;amp eacute n necesitar&amp;amp aacute un adaptador que coincida con el di&amp;amp aacute metro del tubo.&amp;lt \/p&amp;gt<br \/>\n&amp;lt p&amp;gt La imagen se muestra en la pantalla del ordenador con una resoluci&amp;amp oacute n m&amp;amp aacute xima de 3840&#215;2160 p&amp;amp iacute xeles. La frecuencia de fotogramas es de 45 fps. Con una resoluci&amp;amp oacute n inferior (1920&#215;1080 p&amp;amp iacute xeles), la frecuencia de fotogramas aumenta a 70 fps. Las transiciones entre fotogramas son casi imperceptibles, sin retrasos, por lo que la c&amp;amp aacute mara puede utilizarse para estudiar y mostrar objetos en movimiento. Las fotos y los v&amp;amp iacute deos se graban y guardan en varios formatos.&amp;lt \/p&amp;gt<br \/>\n&amp;lt p&amp;gt &amp;lt strong&amp;gt &amp;amp Oacute ptica&amp;lt \/strong&amp;gt &amp;lt \/p&amp;gt<br \/>\n&amp;lt p&amp;gt El microscopio est&amp;amp aacute equipado con un cabezal trinocular cl&amp;amp aacute sico el tubo trinocular se utiliza para instalar una c&amp;amp aacute mara digital. La c&amp;amp aacute mara no est&amp;amp aacute incluida en el kit. La divisi&amp;amp oacute n del haz de luz se realiza seg&amp;amp uacute n la proporci&amp;amp oacute n 50\/50. &amp;lt br \/&amp;gt En el rev&amp;amp oacute lver giratorio se pueden instalar cuatro objetivos (incluidos en el kit) u objetivos adicionales. Todos los objetivos est&amp;amp aacute n dise&amp;amp ntilde ados para ser utilizados con envases de laboratorio y tienen una larga distancia de trabajo. Se incluyen 3 objetivos plano acrom&amp;amp aacute ticos para la t&amp;amp eacute cnica de campo claro y 1 objetivo plano acrom&amp;amp aacute tico para la t&amp;amp eacute cnica de contraste de fases.&amp;lt \/p&amp;gt<br \/>\n&amp;lt p&amp;gt &amp;lt strong&amp;gt Iluminaci&amp;amp oacute n&amp;lt \/strong&amp;gt &amp;lt \/p&amp;gt<br \/>\n&amp;lt p&amp;gt La fuente de luz transmitida es un LED de 9 W. La alta potencia del LED hace que la iluminaci&amp;amp oacute n de la zona de trabajo sea lo suficientemente brillante como para trabajar con cualquiera de los objetivos y con cualquier t&amp;amp eacute cnica de microscop&amp;amp iacute a. El ajuste del brillo no cambia la temperatura del color. La vida &amp;amp uacute til del LED es de 50.000 horas aproximadamente. &amp;lt br \/&amp;gt El condensador tiene una ranura para una placa de contraste de fases (incluida en el kit). Los anillos de contraste de fases se pueden centrar. La instalaci&amp;amp oacute n de la placa ahorra tiempo al cambiar desde una t&amp;amp eacute cnica de microscop&amp;amp iacute a a otra.&amp;lt \/p&amp;gt<br \/>\n&amp;lt p&amp;gt &amp;lt strong&amp;gt Platina y mecanismo de enfoque&amp;lt \/strong&amp;gt &amp;lt \/p&amp;gt<br \/>\n&amp;lt p&amp;gt Platina mec&amp;amp aacute nica fija. Est&amp;amp aacute equipada con soportes para placas de Petri (se incluyen tres soportes de tama&amp;amp ntilde os diferentes). Las placas de Petri se pueden desplazar a lo largo de los ejes horizontal y vertical mediante un micr&amp;amp oacute metro mec&amp;amp aacute nico. El mecanismo coaxial de enfoque aproximado y preciso proporciona un enfoque r&amp;amp aacute pido y preciso. El enfoque aproximado tiene un mecanismo de bloqueo y un mando de ajuste de la tensi&amp;amp oacute n.&amp;lt \/p&amp;gt<br \/>\n&amp;lt p&amp;gt Accesorios&amp;lt \/p&amp;gt<br \/>\n&amp;lt p&amp;gt La gama de accesorios opcionales incluye objetivos de fase, oculares, c&amp;amp aacute maras digitales y portaobjetos de calibraci&amp;amp oacute n.&amp;lt \/p&amp;gt<\/p>\n<p>&amp;lt p&amp;gt Caracter&amp;amp iacute sticas principales del microscopio:&amp;lt \/p&amp;gt<br \/>\n&amp;lt ul&amp;gt<br \/>\n&amp;lt li&amp;gt Uso de las t&amp;amp eacute cnicas de microscop&amp;amp iacute a de campo claro y contraste de fases con luz transmitida estudio de muestras contenidas en envases de laboratorio&amp;lt \/li&amp;gt<br \/>\n&amp;lt li&amp;gt La c&amp;amp aacute mara digital se instala en tubo trinocular&amp;lt \/li&amp;gt<br \/>\n&amp;lt li&amp;gt Fuente de luz transmitida LED de 9 W con brillo ajustable y una larga vida &amp;amp uacute til&amp;lt \/li&amp;gt<br \/>\n&amp;lt li&amp;gt Platina fija con desplazamiento de la muestra a lo largo de dos ejes, el kit incluye 3 soportes para placas de Petri de diferentes tama&amp;amp ntilde os&amp;lt \/li&amp;gt<br \/>\n&amp;lt li&amp;gt Accesorios opcionales para mejorar el rendimiento del microscopio&amp;lt \/li&amp;gt<br \/>\n&amp;lt \/ul&amp;gt<br \/>\n&amp;lt p&amp;gt Caracter&amp;amp iacute sticas principales de la c&amp;amp aacute mara:&amp;lt \/p&amp;gt<br \/>\n&amp;lt ul&amp;gt<br \/>\n&amp;lt li&amp;gt Sensor CMOS en color SONY Exmor con iluminaci&amp;amp oacute n de fondo, alta sensibilidad lum&amp;amp iacute nica&amp;lt \/li&amp;gt<br \/>\n&amp;lt li&amp;gt Funcionamiento en campo oscuro y campo claro con objetivos de 4x, 10x y 20x&amp;lt \/li&amp;gt<br \/>\n&amp;lt li&amp;gt Conexi&amp;amp oacute n al ordenador mediante una interfaz USB 3.0 con una velocidad de transferencia de datos de 5 Gbps&amp;lt \/li&amp;gt<br \/>\n&amp;lt li&amp;gt Salida de im&amp;amp aacute genes a un monitor en resoluci&amp;amp oacute n ultraalta 4K 3840&#215;2160 p&amp;amp iacute xeles (45 fps) o Full HD 1920&#215;1080 p&amp;amp iacute xeles (70 fps)&amp;lt \/li&amp;gt<br \/>\n&amp;lt li&amp;gt Se incluyen controladores y software de procesamiento de im&amp;amp aacute genes&amp;lt \/li&amp;gt<br \/>\n&amp;lt li&amp;gt Instalaci&amp;amp oacute n en el tubo trinocular o en el tubo ocular de un microscopio&amp;lt \/li&amp;gt<br \/>\n&amp;lt \/ul&amp;gt<br \/>\n&amp;lt p&amp;gt &amp;lt strong&amp;gt El kit incluye:&amp;lt \/strong&amp;gt &amp;lt \/p&amp;gt<br \/>\n&amp;lt ul&amp;gt<br \/>\n&amp;lt li&amp;gt C&amp;amp aacute mara digital MAGUS CDF30 (c&amp;amp aacute mara digital, cable USB, CD de instalaci&amp;amp oacute n con controladores y software, manual del usuario y tarjeta de garant&amp;amp iacute a)&amp;lt \/li&amp;gt<br \/>\n&amp;lt li&amp;gt Base con conexi&amp;amp oacute n el&amp;amp eacute ctrica, fuente de luz transmitida, mecanismo de enfoque, condensador y rev&amp;amp oacute lver giratorio&amp;lt \/li&amp;gt<br \/>\n&amp;lt li&amp;gt Cabezal trinocular&amp;lt \/li&amp;gt<br \/>\n&amp;lt li&amp;gt Objetivo plano acrom&amp;amp aacute tico corregido al infinito: PL 10x\/0,25 WD 4,27 mm&amp;lt \/li&amp;gt<br \/>\n&amp;lt li&amp;gt Objetivo plano acrom&amp;amp aacute tico corregido al infinito: PL 20\u0445\/0,40 WD 8,0 mm&amp;lt \/li&amp;gt<br \/>\n&amp;lt li&amp;gt Objetivo plano acrom&amp;amp aacute tico corregido al infinito: PL 40\u0445\/0,60 WD 3,5 mm&amp;lt \/li&amp;gt<br \/>\n&amp;lt li&amp;gt Objetivo plano acrom&amp;amp aacute tico corregido al infinito: PHP2 10x\/0,25 fase WD 4,27 mm&amp;lt \/li&amp;gt<br \/>\n&amp;lt li&amp;gt Oculares de 10x\/22 mm con larga distancia de acomodaci&amp;amp oacute n ocular (2 unidades)&amp;lt \/li&amp;gt<br \/>\n&amp;lt li&amp;gt Placa con anillos de fase que se pueden centrar&amp;lt \/li&amp;gt<br \/>\n&amp;lt li&amp;gt Platina fija&amp;lt \/li&amp;gt<br \/>\n&amp;lt li&amp;gt Micr&amp;amp oacute metro mec&amp;amp aacute nico para desplazar la muestra observada&amp;lt \/li&amp;gt<br \/>\n&amp;lt li&amp;gt Soportes para placas de Petri (3 unidades)&amp;lt \/li&amp;gt<br \/>\n&amp;lt li&amp;gt Cable de alimentaci&amp;amp oacute n CA&amp;lt \/li&amp;gt<br \/>\n&amp;lt li&amp;gt Cubierta protectora &amp;lt \/li&amp;gt<br \/>\n&amp;lt li&amp;gt Manual del usuario y tarjeta de garant&amp;amp iacute a&amp;lt \/li&amp;gt<br \/>\n&amp;lt \/ul&amp;gt<br \/>\n&amp;lt p&amp;gt &amp;lt strong&amp;gt Disponible bajo petici&amp;amp oacute n:&amp;lt \/strong&amp;gt &amp;lt \/p&amp;gt<br \/>\n&amp;lt ul&amp;gt<br \/>\n&amp;lt li&amp;gt Ocular de 10x\/22 mm con escala de medici&amp;amp oacute n&amp;lt \/li&amp;gt<br \/>\n&amp;lt li&amp;gt Ocular de 12,5x\/14 mm (2 unidades)&amp;lt \/li&amp;gt<br \/>\n&amp;lt li&amp;gt Ocular de 15x\/15 mm (2 unidades)&amp;lt \/li&amp;gt<br \/>\n&amp;lt li&amp;gt Ocular de 20x\/12 mm (2 unidades)&amp;lt \/li&amp;gt<br \/>\n&amp;lt li&amp;gt Ocular de 25x\/9 mm (2 unidades)&amp;lt \/li&amp;gt<br \/>\n&amp;lt li&amp;gt Objetivo plano acrom&amp;amp aacute tico corregido al infinito: PHP2 20\u0445\/0,40 fase WD 8,0 mm&amp;lt \/li&amp;gt<br \/>\n&amp;lt li&amp;gt Objetivo plano acrom&amp;amp aacute tico corregido al infinito: PHP2 40x\/0,60 fase WD 3,5 mm&amp;lt \/li&amp;gt<br \/>\n&amp;lt li&amp;gt Portaobjetos de calibraci&amp;amp oacute n&amp;lt \/li&amp;gt<br \/>\n&amp;lt \/ul&amp;gt<\/p>\n<table>\n<tbody>\n<tr>\n<td>Marca<\/td>\n<td>MAGUS<\/td>\n<\/tr>\n<tr>\n<td>Garant\u00eda<\/td>\n<td>5 \u043b\u0435\u0442<\/td>\n<\/tr>\n<tr>\n<td>EAN<\/td>\n<td>5905555018096<\/td>\n<\/tr>\n<tr>\n<td>Tama\u00f1o de paquete (LxAn.xAl.)<\/td>\n<td>64x42x67 cm<\/td>\n<\/tr>\n<tr>\n<td>Peso del env\u00edo<\/td>\n<td>18.6 kg<\/td>\n<\/tr>\n<tr>\n<td>Delimitador<\/td>\n<td>Microscopio biol\u00f3gico invertido MAGUS Bio V300<\/td>\n<\/tr>\n<tr>\n<td>=== Delimitador ===<\/td>\n<td>Especificaciones del microscopio<\/td>\n<\/tr>\n<tr>\n<td>Tipo<\/td>\n<td>biol\u00f3gico, luz\/\u00f3ptico, digital<\/td>\n<\/tr>\n<tr>\n<td>Cabezal<\/td>\n<td>trinocular<\/td>\n<\/tr>\n<tr>\n<td>Boquilla<\/td>\n<td>Siedentopf<\/td>\n<\/tr>\n<tr>\n<td>\u00c1ngulo de inclinaci\u00f3n de cabezal<\/td>\n<td>45\u00b0<\/td>\n<\/tr>\n<tr>\n<td>Ampliaci\u00f3n, x<\/td>\n<td>100\u2013400 configuraci\u00f3n b\u00e1sica (*opcional: 40\u2013500\/600\/800\/1000)<\/td>\n<\/tr>\n<tr>\n<td>Rango de ampliaci\u00f3n<\/td>\n<td>200x a 800x<\/td>\n<\/tr>\n<tr>\n<td>Di\u00e1metro del tubo del ocular, mm<\/td>\n<td>30<\/td>\n<\/tr>\n<tr>\n<td>Oculares<\/td>\n<td>10\u0445\/22 mm, distancia de acomodaci\u00f3n ocular: 10 mm (*opcional: 10x\/22 mm con escala, 12,5x\/14 15x\/15 20x\/12 25x\/9)<\/td>\n<\/tr>\n<tr>\n<td>Objetivos<\/td>\n<td>plano acrom\u00e1ticos corregidos al infinito: PL 10x\/0,25 PL 20x\/0,40 PL 40x\/0,60 objetivo de fase PHP2 10x\/0,25 distancia parafocal: 45 mm (*opcional: PL 4x\/0,10 objetivo de fase PHP2 20x\/0,40 objetivo de fase PHP2 40x\/0,60)<\/td>\n<\/tr>\n<tr>\n<td>Rev\u00f3lver<\/td>\n<td>para 4 objetivos<\/td>\n<\/tr>\n<tr>\n<td>Distancia de trabajo, mm<\/td>\n<td>4,27 (10x) 8,0 (20\u0445) 3,5 (40x)<\/td>\n<\/tr>\n<tr>\n<td>Distancia interpupilar, mm<\/td>\n<td>48 \u2014 75<\/td>\n<\/tr>\n<tr>\n<td>Rango de desplazamiento de la platina, mm<\/td>\n<td>77\/112<\/td>\n<\/tr>\n<tr>\n<td>Platina<\/td>\n<td>fija, con micr\u00f3metro mec\u00e1nico para desplazar la muestra soportes para placas de Petri: 29&#215;77 mm, \u00d890 mm 34&#215;77,5 mm, \u00d868,5 mm 57&#215;82 mm, \u00d860 mm<\/td>\n<\/tr>\n<tr>\n<td>Condensador<\/td>\n<td>NA 0,6 distancia de trabajo: 70 mm con diafragma de apertura ajustable y ranura para placas de contraste de fases<\/td>\n<\/tr>\n<tr>\n<td>Diafragma<\/td>\n<td>apertura ajustable<\/td>\n<\/tr>\n<tr>\n<td>Enfoque<\/td>\n<td>coaxial, enfoque aproximado (con ajuste de la tensi\u00f3n y mando de bloqueo) y enfoque preciso (0,002 mm)<\/td>\n<\/tr>\n<tr>\n<td>Iluminaci\u00f3n<\/td>\n<td>LED<\/td>\n<\/tr>\n<tr>\n<td>Ajuste del brillo<\/td>\n<td>yes<\/td>\n<\/tr>\n<tr>\n<td>Alimentaci\u00f3n<\/td>\n<td>220\u00b122 V, 50 Hz, alimentaci\u00f3n de red de CA<\/td>\n<\/tr>\n<tr>\n<td>Tipo de fuente de iluminaci\u00f3n<\/td>\n<td>9 W<\/td>\n<\/tr>\n<tr>\n<td>Filtros de luz<\/td>\n<td>s\u00ed<\/td>\n<\/tr>\n<tr>\n<td>Intervalo de temperatura de funcionamiento, \u00b0C<\/td>\n<td>5 \u2014 35<\/td>\n<\/tr>\n<tr>\n<td>Caracter\u00edsticas especiales<\/td>\n<td>placa para objetivo de 10x provista de un anillo de fase que se puede centrar<\/td>\n<\/tr>\n<tr>\n<td>Nivel de usuario<\/td>\n<td>usuarios experimentados, profesionales<\/td>\n<\/tr>\n<tr>\n<td>Montaje y nivel de dificultad de instalaci\u00f3n<\/td>\n<td>complicado<\/td>\n<\/tr>\n<tr>\n<td>Aplicaci\u00f3n<\/td>\n<td>laboratorio\/m\u00e9dico<\/td>\n<\/tr>\n<tr>\n<td>Ubicaci\u00f3n de la iluminaci\u00f3n<\/td>\n<td>inferior<\/td>\n<\/tr>\n<tr>\n<td>M\u00e9todo de investigaci\u00f3n<\/td>\n<td>campo claro, microscopio de contraste de fase<\/td>\n<\/tr>\n<tr>\n<td>Funda\/malet\u00edn\/bolsa incluida en el kit<\/td>\n<td>cubierta protectora<\/td>\n<\/tr>\n<tr>\n<td>=== Delimitador ===<\/td>\n<td>C\u00e1mara digital<\/td>\n<\/tr>\n<tr>\n<td>Sensor<\/td>\n<td>SONY Exmor CMOS<\/td>\n<\/tr>\n<tr>\n<td>Color\/monocromo<\/td>\n<td>color<\/td>\n<\/tr>\n<tr>\n<td>Megap\u00edxeles<\/td>\n<td>8.3<\/td>\n<\/tr>\n<tr>\n<td>Resoluci\u00f3n m\u00e1xima, p\u00edxeles<\/td>\n<td>3840&#215;2160<\/td>\n<\/tr>\n<tr>\n<td>Tama\u00f1o del sensor<\/td>\n<td>1\/1,2&#8242; (11,14&#215;6,26 mm)<\/td>\n<\/tr>\n<tr>\n<td>Tama\u00f1o del p\u00edxel, &amp;micro m<\/td>\n<td>2.9&#215;2.9<\/td>\n<\/tr>\n<tr>\n<td>Sensibilidad a la luz<\/td>\n<td>5970 mV\/lux\/s<\/td>\n<\/tr>\n<tr>\n<td>Relaci\u00f3n se\u00f1al\/ruido<\/td>\n<td>0,13 mV a 1\/30 s<\/td>\n<\/tr>\n<tr>\n<td>Tiempo de exposici\u00f3n<\/td>\n<td>0,02 ms \u2013 15 s<\/td>\n<\/tr>\n<tr>\n<td>Grabaci\u00f3n de v\u00eddeo<\/td>\n<td>yes<\/td>\n<\/tr>\n<tr>\n<td>Grabaci\u00f3n de v\u00eddeo<\/td>\n<td>s\u00ed<\/td>\n<\/tr>\n<tr>\n<td>Frecuencia de fotogramas, fps para cada resoluci\u00f3n<\/td>\n<td>45 a 3840&#215;2160, 70 a 1920&#215;1080<\/td>\n<\/tr>\n<tr>\n<td>Lugar de instalaci\u00f3n<\/td>\n<td>tubo trinocular, tubo ocular en sustituci\u00f3n de un ocular<\/td>\n<\/tr>\n<tr>\n<td>Formato de foto<\/td>\n<td>*.jpg, *.bmp, *.png, *.tif<\/td>\n<\/tr>\n<tr>\n<td>Formato de v\u00eddeo<\/td>\n<td>salida: *.wmv, *.avi, *.h264 (Windows 8 y posterior), *.h265 (Windows 10 y posterior)<\/td>\n<\/tr>\n<tr>\n<td>Intervalo espectral, nm<\/td>\n<td>380-650 (filtro IR incorporado)<\/td>\n<\/tr>\n<tr>\n<td>Tipo de obturador<\/td>\n<td>obturador rodante<\/td>\n<\/tr>\n<tr>\n<td>Balance de blancos<\/td>\n<td>manual, autom\u00e1tico<\/td>\n<\/tr>\n<tr>\n<td>Control de exposici\u00f3n<\/td>\n<td>manual, autom\u00e1tico<\/td>\n<\/tr>\n<tr>\n<td>Opciones programables<\/td>\n<td>tama\u00f1o de imagen, brillo, tiempo de exposici\u00f3n<\/td>\n<\/tr>\n<tr>\n<td>Software<\/td>\n<td>MAGUS View<\/td>\n<\/tr>\n<tr>\n<td>Salida<\/td>\n<td>USB 3.0, 5 Gb\/s<\/td>\n<\/tr>\n<tr>\n<td>Requisitos del sistema<\/td>\n<td>Windows 8\/10\/11 (32 bits y 64 bits), Mac OS X, Linux, procesador Intel Core 2 de hasta 2,8 GHz o superior, m\u00ednimo 2 GB de RAM, puerto USB 3.0, CD-ROM, pantalla de 17&#8242; o mayor<\/td>\n<\/tr>\n<tr>\n<td>Tipo de montura<\/td>\n<td>montura C<\/td>\n<\/tr>\n<tr>\n<td>Cuerpo<\/td>\n<td>aluminio macizo<\/td>\n<\/tr>\n<tr>\n<td>Fuente de alimentaci\u00f3n para c\u00e1mara<\/td>\n<td>CC, 5 V, a trav\u00e9s de puerto USB de ordenador adaptador de 12 V, 3 A para elemento Peltier<\/td>\n<\/tr>\n<tr>\n<td>Rango de temperaturas de funcionamiento de la c\u00e1mara, \u00b0C<\/td>\n<td>-10 \u2014 50<\/td>\n<\/tr>\n<tr>\n<td>Intervalo de humedad de funcionamiento, %<\/td>\n<td>30 \u2014 80<\/td>\n<\/tr>\n<\/tbody>\n<\/table>\n","protected":false},"excerpt":{"rendered":"<p>El microscopio biol\u00f3gico MAGUS Bio V300 con dise\u00f1o invertido permite estudiar muestras contenidas en envases de laboratorio de hasta 70 mm de altura y con un grosor en la base de hasta 1,2 mm. Los objetos de estudio pueden ser colonias de c\u00e9lulas, cultivos de tejidos, fluidos biol\u00f3gicos, etc. Las muestras no requieren tinci\u00f3n previa. Las observaciones se realizan con luz transmitida. T\u00e9cnicas de microscop\u00eda utilizadas: campo claro y contraste de fases. El microscopio es adecuado para trabajos cotidianos y de investigaci\u00f3n y para fines educativos.<\/p>\n","protected":false},"featured_media":83027,"template":"","meta":{"_exactmetrics_skip_tracking":false,"_exactmetrics_sitenote_active":false,"_exactmetrics_sitenote_note":"","_exactmetrics_sitenote_category":0},"product_brand":[],"product_cat":[595,612],"product_tag":[],"class_list":{"0":"post-84555","1":"product","2":"type-product","3":"status-publish","4":"has-post-thumbnail","6":"product_cat-contraste-de-fases","7":"product_cat-invertidos","8":"product_shipping_class-microscopio","10":"first","11":"instock","12":"taxable","13":"shipping-taxable","14":"purchasable","15":"product-type-simple"},"_links":{"self":[{"href":"https:\/\/microscopistas.com\/en\/wp-json\/wp\/v2\/product\/84555","targetHints":{"allow":["GET"]}}],"collection":[{"href":"https:\/\/microscopistas.com\/en\/wp-json\/wp\/v2\/product"}],"about":[{"href":"https:\/\/microscopistas.com\/en\/wp-json\/wp\/v2\/types\/product"}],"wp:featuredmedia":[{"embeddable":true,"href":"https:\/\/microscopistas.com\/en\/wp-json\/wp\/v2\/media\/83027"}],"wp:attachment":[{"href":"https:\/\/microscopistas.com\/en\/wp-json\/wp\/v2\/media?parent=84555"}],"wp:term":[{"taxonomy":"product_brand","embeddable":true,"href":"https:\/\/microscopistas.com\/en\/wp-json\/wp\/v2\/product_brand?post=84555"},{"taxonomy":"product_cat","embeddable":true,"href":"https:\/\/microscopistas.com\/en\/wp-json\/wp\/v2\/product_cat?post=84555"},{"taxonomy":"product_tag","embeddable":true,"href":"https:\/\/microscopistas.com\/en\/wp-json\/wp\/v2\/product_tag?post=84555"}],"curies":[{"name":"wp","href":"https:\/\/api.w.org\/{rel}","templated":true}]}}