{"id":84553,"date":"2024-07-29T18:28:51","date_gmt":"2024-07-29T16:28:51","guid":{"rendered":"http:\/\/microscopistas.com\/?post_type=product&#038;p=84553"},"modified":"2024-07-29T19:01:11","modified_gmt":"2024-07-29T17:01:11","slug":"microscopio-biologico-digital-magus-bio-d250tl","status":"publish","type":"product","link":"https:\/\/microscopistas.com\/en\/producto\/microscopio-biologico-digital-magus-bio-d250tl\/","title":{"rendered":"Microscopio biol\u00f3gico digital MAGUS Bio D250TL"},"content":{"rendered":"<p>&#038;lt p&#038;gt &#038;lt strong&#038;gt Microscopio biol&#038;amp oacute gico digital MAGUS Bio D250TL&#038;lt \/strong&#038;gt &#038;lt \/p&#038;gt <br \/>&#038;lt p&#038;gt &#038;lt strong&#038;gt Con c&#038;amp aacute mara. Poder de aumento: 40&#038;amp ndash 1000x. Cabezal trinocular, objetivos plano acrom&#038;amp aacute ticos corregidos al infinito, LED de 3 W&#038;lt \/strong&#038;gt &#038;lt \/p&#038;gt <br \/>&#038;lt p&#038;gt El microscopio MAGUS Bio D250TL permite estudiar secciones delgadas y frotis de muestras biol&#038;amp oacute gicas. Las observaciones se realizan mediante la t&#038;amp eacute cnica de microscop&#038;amp iacute a de campo claro con luz transmitida. La fuente de luz es un LED de 3 vatios y la &#038;amp oacute ptica consta de objetivos plano acrom&#038;amp aacute ticos corregidos al infinito. El microscopio admite accesorios adicionales, tales como dispositivos de campo oscuro, de polarizaci&#038;amp oacute n y de contraste de fases. Este microscopio es la opci&#038;amp oacute n ideal para trabajos de an&#038;amp aacute lisis en el laboratorio, trabajos de investigaci&#038;amp oacute n y para fines educativos.&#038;lt \/p&#038;gt <br \/>&#038;lt p&#038;gt &#038;lt strong&#038;gt C&#038;amp aacute mara digital&#038;lt \/strong&#038;gt &#038;lt \/p&#038;gt <br \/>&#038;lt p&#038;gt C&#038;amp aacute mara a todo color con sensor digital CMOS SONY Exmor de 2,1 MP. El sensor est&#038;amp aacute  fabricado con tecnolog&#038;amp iacute a de iluminaci&#038;amp oacute n de fondo para reducir la dispersi&#038;amp oacute n de la luz y aumentar la sensibilidad de la matriz (8935 mV a 1\/30 s). La c&#038;amp aacute mara produce im&#038;amp aacute genes brillantes y claras, incluso con poca luz. Est&#038;amp aacute  dise&#038;amp ntilde ada para trabajar en campo oscuro y campo claro utilizando objetivos con un aumento de 40x, 60x y 100x.&#038;lt \/p&#038;gt <\/p>\n<p>&#038;lt p&#038;gt La c&#038;amp aacute mara puede montarse en un microscopio de dos maneras: en el tubo trinocular mediante un adaptador de montura en C o en lugar del ocular en el tubo utilizando un adaptador y anillos adaptadores. Se recomienda utilizar un adaptador con un aumento de 0,6x a 0,9x con la c&#038;amp aacute mara, que proporcionar&#038;amp aacute  el campo de visi&#038;amp oacute n m&#038;amp aacute s amplio posible sin distorsi&#038;amp oacute n. Tras la instalaci&#038;amp oacute n, la c&#038;amp aacute mara se conecta a un ordenador a trav&#038;amp eacute s de un puerto USB 3.0 con una velocidad de transferencia de datos de 5 Gbps.&#038;lt \/p&#038;gt <br \/>&#038;lt p&#038;gt &#038;lt strong&#038;gt &#038;amp Oacute ptica&#038;lt \/strong&#038;gt &#038;lt \/p&#038;gt <br \/>&#038;lt p&#038;gt El cabezal trinocular incluye dos tubos oculares para hacer observaciones y un tubo vertical para instalar una c&#038;amp aacute mara digital (no incluida). Los tubos tienen una inclinaci&#038;amp oacute n de 30&#038;amp deg  para trabajar c&#038;amp oacute modamente durante largas horas y se pueden girar 360&#038;amp deg  para adaptarse a la altura del observador. Hay un anillo de ajuste de las dioptr&#038;amp iacute as situado en el tubo izquierdo.&#038;lt \/p&#038;gt <br \/>&#038;lt p&#038;gt Los objetivos est&#038;amp aacute n dispuestos en un rev&#038;amp oacute lver giratorio de 5 posiciones: el kit incluye cuatro objetivos, quedando una posici&#038;amp oacute n libre para instalar un objetivo adicional. Se puede instalar un objetivo opcional en la posici&#038;amp oacute n libre, lo que permite incrementar el poder de aumento dentro del rango de aumento. Durante las observaciones, el usuario puede ver el objetivo que est&#038;amp aacute  insertado en el camino &#038;amp oacute ptico, pues el rev&#038;amp oacute lver giratorio est&#038;amp aacute  orientado hacia el interior. Esto hace que el espacio situado encima de la platina quede libre.&#038;lt \/p&#038;gt <br \/>&#038;lt p&#038;gt El rango de aumento en la configuraci&#038;amp oacute n b&#038;amp aacute sica del dispositivo es de 40x a 1000x. Puede agregar objetivos adicionales para aumentar el l&#038;amp iacute mite superior del rango de aumento.&#038;lt \/p&#038;gt <br \/>&#038;lt p&#038;gt &#038;lt strong&#038;gt Iluminaci&#038;amp oacute n&#038;lt \/strong&#038;gt &#038;lt \/p&#038;gt <br \/>&#038;lt p&#038;gt Los LED situados en la parte inferior del microscopio proporcionan una iluminaci&#038;amp oacute n brillante y uniforme del objeto observado. La temperatura de color permanece inalterada al cambiar el nivel de brillo. La potencia de la iluminaci&#038;amp oacute n es de 3 W. Tiene una vida &#038;amp uacute til de 50.000 horas. El sistema de iluminaci&#038;amp oacute n funciona con una fuente de corriente alterna.&#038;lt \/p&#038;gt <br \/>&#038;lt p&#038;gt Mediante el ajuste de la posici&#038;amp oacute n del condensador Abbe y la apertura o cierre de los diafragmas de apertura y de campo, puede configurar el sistema de iluminaci&#038;amp oacute n K&#038;amp ouml hler. Puede insertar placas en una ranura especial del condensador para utilizar las t&#038;amp eacute cnicas de campo oscuro y de contraste de fases. Gracias a estas placas, el cambio desde una t&#038;amp eacute cnica de observaci&#038;amp oacute n a otra se realiza muy r&#038;amp aacute pidamente.&#038;lt \/p&#038;gt <br \/>&#038;lt p&#038;gt &#038;lt strong&#038;gt Platina y mecanismo de enfoque&#038;lt \/strong&#038;gt &#038;lt \/p&#038;gt <br \/>&#038;lt p&#038;gt La platina no tiene cremallera de posicionamiento. Por ello, no ser&#038;amp aacute  un estorbo durante las observaciones y el microscopio ocupar&#038;amp aacute  menos espacio en la mesa de trabajo. El micr&#038;amp oacute metro mec&#038;amp aacute nico que se utiliza para mover la muestra observada se puede extraer si se desea hacer una exploraci&#038;amp oacute n manual.&#038;lt \/p&#038;gt <br \/>&#038;lt p&#038;gt Existen mecanismos de enfoque aproximado y enfoque preciso para ajustar el enfoque. Los mandos de ajuste est&#038;amp aacute n situados a ambos lados del microscopio. Gracias a que los mandos est&#038;amp aacute n situados cerca de la base, el usuario puede apoyar las manos sobre la mesa en lugar de mantenerlas en el aire. Esto proporciona comodidad en las sesiones de trabajo. El mecanismo de enfoque aproximado tiene un mando de bloqueo y un mando de ajuste de la tensi&#038;amp oacute n. El ajuste del enfoque es fluido y se realiza sin esfuerzo.&#038;lt \/p&#038;gt <br \/>&#038;lt p&#038;gt &#038;lt strong&#038;gt Accesorios&#038;lt \/strong&#038;gt &#038;lt \/p&#038;gt <br \/>&#038;lt p&#038;gt Las prestaciones del microscopio MAGUS Bio D250TL se pueden mejorar con la gama de accesorios, la cual incluye oculares, objetivos, portaobjetos de calibraci&#038;amp oacute n, c&#038;amp aacute maras digitales, dispositivos de campo oscuro, de polarizaci&#038;amp oacute n y de contraste de fases.&#038;lt \/p&#038;gt <br \/>&#038;lt p&#038;gt &#038;lt strong&#038;gt Caracter&#038;amp iacute sticas principales del microscopio:&#038;lt \/strong&#038;gt &#038;lt \/p&#038;gt <br \/>&#038;lt ul&#038;gt <br \/>&#038;lt li&#038;gt Cabeza trinocular, rev&#038;amp oacute lver giratorio para 5 objetivos, &#038;amp oacute ptica plana acrom&#038;amp aacute tica corregida al infinito&#038;lt \/li&#038;gt <br \/>&#038;lt li&#038;gt Los tubos oculares pueden girar 360&#038;amp deg  para obtener una posici&#038;amp oacute n c&#038;amp oacute moda que se ajuste a la estatura del observador&#038;lt \/li&#038;gt <br \/>&#038;lt li&#038;gt Existe un anillo de ajuste de las dioptr&#038;amp iacute as en el tubo izquierdo, mecanismos de enfoque aproximado y enfoque preciso&#038;lt \/li&#038;gt <br \/>&#038;lt li&#038;gt El mecanismo de enfoque aproximado tiene un mando de bloqueo y de ajuste de la tensi&#038;amp oacute n&#038;lt \/li&#038;gt <br \/>&#038;lt li&#038;gt El condensador Abbe est&#038;amp aacute  centrado y es ajustable en altura, y los diafragmas de campo y apertura permiten configurar el sistema de iluminaci&#038;amp oacute n K&#038;amp ouml hler&#038;lt \/li&#038;gt <br \/>&#038;lt li&#038;gt Fuente de luz transmitida: LED de 3 W con brillo ajustable y alimentaci&#038;amp oacute n el&#038;amp eacute ctrica de 220 V&#038;lt \/li&#038;gt <br \/>&#038;lt li&#038;gt Posibilidad de instalar accesorios adicionales&#038;lt \/li&#038;gt <br \/>&#038;lt \/ul&#038;gt <br \/>&#038;lt p&#038;gt &#038;lt strong&#038;gt Caracter&#038;amp iacute sticas principales de la c&#038;amp aacute mara:&#038;lt \/strong&#038;gt &#038;lt \/p&#038;gt <br \/>&#038;lt ul&#038;gt <br \/>&#038;lt li&#038;gt Sensor CMOS de 2,1&#8242; con iluminaci&#038;amp oacute n de fondo, alta sensibilidad de la matriz&#038;lt \/li&#038;gt <br \/>&#038;lt li&#038;gt Adecuado para estudios de campo oscuro o campo claro con objetivos de 40x, 60x y 100x&#038;lt \/li&#038;gt <br \/>&#038;lt li&#038;gt Se instala en el tubo trinocular o en el tubo ocular de un microscopio&#038;lt \/li&#038;gt <br \/>&#038;lt li&#038;gt Resoluci&#038;amp oacute n Full HD de 1920&#215;1080 p&#038;amp iacute xeles con una velocidad de fotogramas de 96 fps, perfecta para estudiar objetos en movimiento&#038;lt \/li&#038;gt <br \/>&#038;lt li&#038;gt Conexi&#038;amp oacute n a PC mediante puerto USB 3.0, velocidad de transferencia de datos 5 Gbps&#038;lt \/li&#038;gt <br \/>&#038;lt li&#038;gt Software y controladores incluidos&#038;lt \/li&#038;gt <br \/>&#038;lt \/ul&#038;gt <br \/>&#038;lt p&#038;gt &#038;lt strong&#038;gt El kit incluye:&#038;lt \/strong&#038;gt &#038;lt \/p&#038;gt <br \/>&#038;lt ul&#038;gt <br \/>&#038;lt li&#038;gt C&#038;amp aacute mara digital MAGUS CDF50 (c&#038;amp aacute mara digital, cable USB, CD de instalaci&#038;amp oacute n con controladores y software, manual del usuario y tarjeta de garant&#038;amp iacute a)&#038;lt \/li&#038;gt <br \/>&#038;lt li&#038;gt Base con conexi&#038;amp oacute n el&#038;amp eacute ctrica, fuente de luz transmitida, mecanismo de enfoque, platina, condensador y rev&#038;amp oacute lver giratorio&#038;lt \/li&#038;gt <br \/>&#038;lt li&#038;gt Cabezal trinocular&#038;lt \/li&#038;gt <br \/>&#038;lt li&#038;gt Objetivo plano acrom&#038;amp aacute tico corregido al infinito: 4x\/0,1&#038;lt \/li&#038;gt <br \/>&#038;lt li&#038;gt Objetivo plano acrom&#038;amp aacute tico corregido al infinito: 10x\/0,25&#038;lt \/li&#038;gt <br \/>&#038;lt li&#038;gt Objetivo plano acrom&#038;amp aacute tico corregido al infinito: 40x\/0,65 (con mecanismo de retracci&#038;amp oacute n)&#038;lt \/li&#038;gt <br \/>&#038;lt li&#038;gt Objetivo plano acrom&#038;amp aacute tico corregido al infinito: 100x\/1,25 (con mecanismo de retracci&#038;amp oacute n)&#038;lt \/li&#038;gt <br \/>&#038;lt li&#038;gt Oculares de 10x\/22 mm con distancia de acomodaci&#038;amp oacute n ocular (2 unidades)&#038;lt \/li&#038;gt <br \/>&#038;lt li&#038;gt Ojeras (2 unidades)&#038;lt \/li&#038;gt <br \/>&#038;lt li&#038;gt Filtros (4 unidades)&#038;lt \/li&#038;gt <br \/>&#038;lt li&#038;gt Adaptador de c&#038;amp aacute mara con montura C&#038;lt \/li&#038;gt <br \/>&#038;lt li&#038;gt Frasco del aceite de inmersi&#038;amp oacute nLlave hexagonal&#038;lt \/li&#038;gt <br \/>&#038;lt li&#038;gt Cable de alimentaci&#038;amp oacute n CA&#038;lt \/li&#038;gt <br \/>&#038;lt li&#038;gt Cubierta protectora&#038;lt \/li&#038;gt <br \/>&#038;lt li&#038;gt Manual del usuario y tarjeta de garant&#038;amp iacute a&#038;lt \/li&#038;gt <br \/>&#038;lt \/ul&#038;gt <br \/>&#038;lt p&#038;gt &#038;lt strong&#038;gt Disponible bajo petici&#038;amp oacute n:&#038;lt \/strong&#038;gt &#038;lt \/p&#038;gt <br \/>&#038;lt ul&#038;gt <br \/>&#038;lt li&#038;gt Ocular de 10x\/22 mm con escala&#038;lt \/li&#038;gt <br \/>&#038;lt li&#038;gt Ocular de 12,5x\/14 mm (2 unidades)&#038;lt \/li&#038;gt <br \/>&#038;lt li&#038;gt Ocular de 15x\/15 mm (2 unidades)&#038;lt \/li&#038;gt <br \/>&#038;lt li&#038;gt Ocular de 20x\/12 mm (2 unidades)&#038;lt \/li&#038;gt <br \/>&#038;lt li&#038;gt Ocular de 25x\/9 mm (2 unidades)&#038;lt \/li&#038;gt <br \/>&#038;lt li&#038;gt Objetivo plano acrom&#038;amp aacute tico corregido al infinito: 20x\/0,4&#038;lt \/li&#038;gt <br \/>&#038;lt li&#038;gt Objetivo plano acrom&#038;amp aacute tico corregido al infinito: 60x\/0,80 (con mecanismo de retracci&#038;amp oacute n)&#038;lt \/li&#038;gt <br \/>&#038;lt li&#038;gt Dispositivo de contraste de fases&#038;lt \/li&#038;gt <br \/>&#038;lt li&#038;gt Deslizador de fases&#038;lt \/li&#038;gt <br \/>&#038;lt li&#038;gt Condensador de campo oscuro NA 0,9&#038;lt \/li&#038;gt <br \/>&#038;lt li&#038;gt Condensador de campo oscuro de aceite NA 1,36&#038;amp ndash 1,25&#038;lt \/li&#038;gt <br \/>&#038;lt li&#038;gt Control deslizante de campo oscuro&#038;lt \/li&#038;gt <br \/>&#038;lt li&#038;gt Dispositivo de polarizaci&#038;amp oacute n&#038;lt \/li&#038;gt <br \/>&#038;lt li&#038;gt Portaobjetos de calibraci&#038;amp oacute n&#038;lt \/li&#038;gt <br \/>&#038;lt \/ul&#038;gt <\/p>\n<table>\n<tbody>\n<tr>\n<td>Marca<\/td>\n<td>MAGUS<\/td>\n<\/tr>\n<tr>\n<td>Garant\u00eda<\/td>\n<td>5 \u043b\u0435\u0442<\/td>\n<\/tr>\n<tr>\n<td>EAN<\/td>\n<td>5905555018065<\/td>\n<\/tr>\n<tr>\n<td>Tama\u00f1o de paquete (LxAn.xAl.)<\/td>\n<td>43x27x63 cm<\/td>\n<\/tr>\n<tr>\n<td>Peso del env\u00edo<\/td>\n<td>11.1 kg<\/td>\n<\/tr>\n<tr>\n<td>Delimitador<\/td>\n<td>Microscopio biol\u00f3gico MAGUS Bio 250TL<\/td>\n<\/tr>\n<tr>\n<td>=== Delimitador ===<\/td>\n<td>Especificaciones del microscopio<\/td>\n<\/tr>\n<tr>\n<td>Tipo<\/td>\n<td>biol\u00f3gico, luz\/\u00f3ptico, digital<\/td>\n<\/tr>\n<tr>\n<td>Cabezal<\/td>\n<td>trinocular<\/td>\n<\/tr>\n<tr>\n<td>Boquilla<\/td>\n<td>cabezal Gemel (Siedentopf, rotaci\u00f3n de 360\u00b0)<\/td>\n<\/tr>\n<tr>\n<td>\u00c1ngulo de inclinaci\u00f3n de cabezal<\/td>\n<td>30\u00b0<\/td>\n<\/tr>\n<tr>\n<td>Ampliaci\u00f3n, x<\/td>\n<td>40\u20131000 configuraci\u00f3n b\u00e1sica (*opcional: 40\u20131200\/1250\/1500\/1600\/2000\/2500)<\/td>\n<\/tr>\n<tr>\n<td>Rango de ampliaci\u00f3n<\/td>\n<td>800x a 1280x<\/td>\n<\/tr>\n<tr>\n<td>Di\u00e1metro del tubo del ocular, mm<\/td>\n<td>30<\/td>\n<\/tr>\n<tr>\n<td>Oculares<\/td>\n<td>10\u0445\/22 mm, distancia de acomodaci\u00f3n ocular: 10 mm (*opcional: 10x\/22 mm con escala, 12,5x\/14  15x\/15  20x\/12  25x\/9)<\/td>\n<\/tr>\n<tr>\n<td>Objetivos<\/td>\n<td>plano acrom\u00e1ticos corregidos al infinito: 4x\/0,10  10x\/0,25  40xs\/0,65  100xs\/1,25 (aceite)  distancia parafocal: 45 mm (*opcional: 20x\/0,40  60\u0445s\/0,80)<\/td>\n<\/tr>\n<tr>\n<td>Rev\u00f3lver<\/td>\n<td>para 5 objetivos<\/td>\n<\/tr>\n<tr>\n<td>Distancia de trabajo, mm<\/td>\n<td>21 (4x)  5 (10x)  0,66 (40xs)  0,36 (100xs)  8,8 (20x)  0,465 (60xs)<\/td>\n<\/tr>\n<tr>\n<td>Distancia interpupilar, mm<\/td>\n<td>48 \u2014 75<\/td>\n<\/tr>\n<tr>\n<td>Platina, mm<\/td>\n<td>180&#215;150<\/td>\n<\/tr>\n<tr>\n<td>Rango de desplazamiento de la platina, mm<\/td>\n<td>75\/50<\/td>\n<\/tr>\n<tr>\n<td>Platina<\/td>\n<td>micr\u00f3metro mec\u00e1nico de dos ejes, sin cremallera de posicionamiento<\/td>\n<\/tr>\n<tr>\n<td>Ajuste di\u00f3ptrico<\/td>\n<td>\u00b15 (en el tubo izquierdo)<\/td>\n<\/tr>\n<tr>\n<td>Condensador<\/td>\n<td>condensador Abbe, N.A. 1,25, centro ajustable, ajustable en altura, diafragma de apertura ajustable, ranura para una placa de campo oscuro y una placa contraste de fases, montura de cola de milano<\/td>\n<\/tr>\n<tr>\n<td>Diafragma<\/td>\n<td>diafragma de apertura ajustable, diafragma de campo iris ajustable<\/td>\n<\/tr>\n<tr>\n<td>Enfoque<\/td>\n<td>coaxial, enfoque aproximado (21 mm, 39,8 mm\/c\u00edrculo, con mando de bloqueo y mando de ajuste de tensi\u00f3n) y enfoque preciso (0,002 mm)<\/td>\n<\/tr>\n<tr>\n<td>Iluminaci\u00f3n<\/td>\n<td>LED<\/td>\n<\/tr>\n<tr>\n<td>Ajuste del brillo<\/td>\n<td>yes<\/td>\n<\/tr>\n<tr>\n<td>Alimentaci\u00f3n<\/td>\n<td>220\u00b122 V, 50 Hz, alimentaci\u00f3n de red de CA<\/td>\n<\/tr>\n<tr>\n<td>Tipo de fuente de iluminaci\u00f3n<\/td>\n<td>LED de 3 W<\/td>\n<\/tr>\n<tr>\n<td>Filtros de luz<\/td>\n<td>s\u00ed<\/td>\n<\/tr>\n<tr>\n<td>Intervalo de temperatura de funcionamiento, \u00b0C<\/td>\n<td>5 \u2014 35<\/td>\n<\/tr>\n<tr>\n<td>Posibilidad de conectar accesorios<\/td>\n<td>dispositivo de contraste de fases (condensador y objetivos), condensador de campo oscuro (en seco o en aceite), dispositivos de polarizaci\u00f3n (polarizador y analizador)<\/td>\n<\/tr>\n<tr>\n<td>Nivel de usuario<\/td>\n<td>usuarios experimentados, profesionales<\/td>\n<\/tr>\n<tr>\n<td>Montaje y nivel de dificultad de instalaci\u00f3n<\/td>\n<td>complicado<\/td>\n<\/tr>\n<tr>\n<td>Aplicaci\u00f3n<\/td>\n<td>laboratorio\/m\u00e9dico<\/td>\n<\/tr>\n<tr>\n<td>Ubicaci\u00f3n de la iluminaci\u00f3n<\/td>\n<td>inferior<\/td>\n<\/tr>\n<tr>\n<td>M\u00e9todo de investigaci\u00f3n<\/td>\n<td>campo claro<\/td>\n<\/tr>\n<tr>\n<td>Funda\/malet\u00edn\/bolsa incluida en el kit<\/td>\n<td>cubierta protectora<\/td>\n<\/tr>\n<tr>\n<td>Peso, kg<\/td>\n<td>8<\/td>\n<\/tr>\n<tr>\n<td>Dimensiones, mm<\/td>\n<td>200x436x400<\/td>\n<\/tr>\n<tr>\n<td>=== Delimitador ===<\/td>\n<td>C\u00e1mara digital<\/td>\n<\/tr>\n<tr>\n<td>Sensor<\/td>\n<td>SONY Exmor CMOS<\/td>\n<\/tr>\n<tr>\n<td>Color\/monocromo<\/td>\n<td>color <\/td>\n<\/tr>\n<tr>\n<td>Megap\u00edxeles<\/td>\n<td>2.1<\/td>\n<\/tr>\n<tr>\n<td>Resoluci\u00f3n m\u00e1xima, p\u00edxeles<\/td>\n<td>1920&#215;1080<\/td>\n<\/tr>\n<tr>\n<td>Tama\u00f1o del sensor<\/td>\n<td>1\/1,2&#8242; (11,14&#215;6,26 mm)<\/td>\n<\/tr>\n<tr>\n<td>Tama\u00f1o del p\u00edxel, &#038;micro m<\/td>\n<td>5.8&#215;5.8<\/td>\n<\/tr>\n<tr>\n<td>Sensibilidad a la luz<\/td>\n<td>8935mV con 1\/30s<\/td>\n<\/tr>\n<tr>\n<td>Relaci\u00f3n se\u00f1al\/ruido<\/td>\n<td>0,6mV con 1\/30s<\/td>\n<\/tr>\n<tr>\n<td>Tiempo de exposici\u00f3n<\/td>\n<td>0,014 ms \u2013 15 s<\/td>\n<\/tr>\n<tr>\n<td>Grabaci\u00f3n de v\u00eddeo<\/td>\n<td>yes<\/td>\n<\/tr>\n<tr>\n<td>Frecuencia de fotogramas, fps para cada resoluci\u00f3n<\/td>\n<td>96 a 1920&#215;1080<\/td>\n<\/tr>\n<tr>\n<td>Lugar de instalaci\u00f3n<\/td>\n<td>tubo trinocular, tubo ocular en sustituci\u00f3n de un ocular<\/td>\n<\/tr>\n<tr>\n<td>Formato de foto<\/td>\n<td>*.jpg, *.bmp, *.png, *.tif<\/td>\n<\/tr>\n<tr>\n<td>Formato de v\u00eddeo<\/td>\n<td>salida: *.wmv, *.avi, *.h264 (Windows 8 y posterior), *.h265 (Windows 10 y posterior)<\/td>\n<\/tr>\n<tr>\n<td>Intervalo espectral, nm<\/td>\n<td>380-650 (filtro IR incorporado)<\/td>\n<\/tr>\n<tr>\n<td>Tipo de obturador<\/td>\n<td>obturador rodante<\/td>\n<\/tr>\n<tr>\n<td>Balance de blancos<\/td>\n<td>manual, autom\u00e1tico<\/td>\n<\/tr>\n<tr>\n<td>Control de exposici\u00f3n<\/td>\n<td>manual, autom\u00e1tico<\/td>\n<\/tr>\n<tr>\n<td>Opciones programables<\/td>\n<td>tama\u00f1o de imagen, brillo, tiempo de exposici\u00f3n<\/td>\n<\/tr>\n<tr>\n<td>Software<\/td>\n<td>MAGUS View<\/td>\n<\/tr>\n<tr>\n<td>Salida<\/td>\n<td>USB 3.0, 5 Gb\/s<\/td>\n<\/tr>\n<tr>\n<td>Requisitos del sistema<\/td>\n<td>Windows 8\/10\/11 (32 bits y 64 bits), Mac OS X, Linux, procesador Intel Core 2 de hasta 2,8 GHz o superior, m\u00ednimo 2 GB de RAM, puerto USB 3.0, CD-ROM, pantalla de 17&#8242; o mayor<\/td>\n<\/tr>\n<tr>\n<td>Tipo de montura<\/td>\n<td>montura C<\/td>\n<\/tr>\n<tr>\n<td>Cuerpo<\/td>\n<td>aleaci\u00f3n de aluminio CNC<\/td>\n<\/tr>\n<tr>\n<td>Fuente de alimentaci\u00f3n para c\u00e1mara<\/td>\n<td>CC, 5 V, a trav\u00e9s de puerto USB de ordenador  adaptador de 12 V, 3 A para elemento Peltier<\/td>\n<\/tr>\n<tr>\n<td>Rango de temperaturas de funcionamiento de la c\u00e1mara, \u00b0C<\/td>\n<td>-10 \u2014 50<\/td>\n<\/tr>\n<tr>\n<td>Intervalo de humedad de funcionamiento, %<\/td>\n<td>30 \u2014 80<\/td>\n<\/tr>\n<\/tbody>\n<\/table>\n","protected":false},"excerpt":{"rendered":"<p>El microscopio MAGUS Bio D250TL permite estudiar secciones delgadas y frotis de muestras biol\u00f3gicas. Las observaciones se realizan mediante la t\u00e9cnica de microscop\u00eda de campo claro con luz transmitida. La fuente de luz es un LED de 3 vatios y la \u00f3ptica consta de objetivos plano acrom\u00e1ticos corregidos al infinito. El microscopio admite accesorios adicionales, tales como dispositivos de campo oscuro, de polarizaci\u00f3n y de contraste de fases. Este microscopio es la opci\u00f3n ideal para trabajos de an\u00e1lisis en el laboratorio, trabajos de investigaci\u00f3n y para fines educativos.<\/p>\n","protected":false},"featured_media":83021,"template":"","meta":{"_exactmetrics_skip_tracking":false,"_exactmetrics_sitenote_active":false,"_exactmetrics_sitenote_note":"","_exactmetrics_sitenote_category":0},"product_brand":[],"product_cat":[597],"product_tag":[],"class_list":{"0":"post-84553","1":"product","2":"type-product","3":"status-publish","4":"has-post-thumbnail","6":"product_cat-campo-claro","7":"product_shipping_class-microscopio","9":"first","10":"instock","11":"taxable","12":"shipping-taxable","13":"purchasable","14":"product-type-simple"},"_links":{"self":[{"href":"https:\/\/microscopistas.com\/en\/wp-json\/wp\/v2\/product\/84553","targetHints":{"allow":["GET"]}}],"collection":[{"href":"https:\/\/microscopistas.com\/en\/wp-json\/wp\/v2\/product"}],"about":[{"href":"https:\/\/microscopistas.com\/en\/wp-json\/wp\/v2\/types\/product"}],"wp:featuredmedia":[{"embeddable":true,"href":"https:\/\/microscopistas.com\/en\/wp-json\/wp\/v2\/media\/83021"}],"wp:attachment":[{"href":"https:\/\/microscopistas.com\/en\/wp-json\/wp\/v2\/media?parent=84553"}],"wp:term":[{"taxonomy":"product_brand","embeddable":true,"href":"https:\/\/microscopistas.com\/en\/wp-json\/wp\/v2\/product_brand?post=84553"},{"taxonomy":"product_cat","embeddable":true,"href":"https:\/\/microscopistas.com\/en\/wp-json\/wp\/v2\/product_cat?post=84553"},{"taxonomy":"product_tag","embeddable":true,"href":"https:\/\/microscopistas.com\/en\/wp-json\/wp\/v2\/product_tag?post=84553"}],"curies":[{"name":"wp","href":"https:\/\/api.w.org\/{rel}","templated":true}]}}