{"id":84551,"date":"2024-07-29T18:28:51","date_gmt":"2024-07-29T16:28:51","guid":{"rendered":"http:\/\/microscopistas.com\/?post_type=product&#038;p=84551"},"modified":"2024-07-29T19:00:35","modified_gmt":"2024-07-29T17:00:35","slug":"microscopio-biologico-digital-magus-bio-d250t","status":"publish","type":"product","link":"https:\/\/microscopistas.com\/en\/producto\/microscopio-biologico-digital-magus-bio-d250t\/","title":{"rendered":"Microscopio biol\u00f3gico digital MAGUS Bio D250T"},"content":{"rendered":"<p>&#038;lt p&#038;gt &#038;lt strong&#038;gt Microscopio biol&#038;amp oacute gico digital MAGUS Bio D250T&#038;lt \/strong&#038;gt &#038;lt \/p&#038;gt <br \/>&#038;lt p&#038;gt &#038;lt strong&#038;gt Con c&#038;amp aacute mara. Poder de aumento: 40&#038;amp ndash 1000x. Cabezal trinocular, objetivos plano acrom&#038;amp aacute ticos corregidos al infinito, bombilla hal&#038;amp oacute gena de 30 W&#038;lt \/strong&#038;gt &#038;lt \/p&#038;gt <br \/>&#038;lt p&#038;gt El microscopio biol&#038;amp oacute gico MAGUS Bio 250T es un instrumento profesional para observar muestras biol&#038;amp oacute gicas con luz transmitida. La t&#038;amp eacute cnica de observaci&#038;amp oacute n principal es la t&#038;amp eacute cnica de campo claro, que no requiere accesorios. Tambi&#038;amp eacute n se pueden utilizar las t&#038;amp eacute cnicas de campo oscuro, polarizaci&#038;amp oacute n y de contraste de fases, pero requieren accesorios de microscopio adicionales. Este microscopio es excelente para realizar trabajos de laboratorio y de investigaci&#038;amp oacute n en los sectores de la medicina, la industria farmac&#038;amp eacute utica, la medicina forense, la agricultura y otros campos.&#038;lt \/p&#038;gt <br \/>&#038;lt p&#038;gt &#038;lt strong&#038;gt C&#038;amp aacute mara digital&#038;lt \/strong&#038;gt &#038;lt \/p&#038;gt <br \/>&#038;lt p&#038;gt C&#038;amp aacute mara a todo color con sensor digital CMOS SONY Exmor de 2,1 MP. El sensor est&#038;amp aacute  fabricado con tecnolog&#038;amp iacute a de iluminaci&#038;amp oacute n de fondo para reducir la dispersi&#038;amp oacute n de la luz y aumentar la sensibilidad de la matriz (8935 mV a 1\/30 s). La c&#038;amp aacute mara produce im&#038;amp aacute genes brillantes y claras, incluso con poca luz. Est&#038;amp aacute  dise&#038;amp ntilde ada para trabajar en campo oscuro y campo claro utilizando objetivos con un aumento de 40x, 60x y 100x.&#038;lt \/p&#038;gt <\/p>\n<p>&#038;lt p&#038;gt La c&#038;amp aacute mara puede montarse en un microscopio de dos maneras: en el tubo trinocular mediante un adaptador de montura en C o en lugar del ocular en el tubo utilizando un adaptador y anillos adaptadores. Se recomienda utilizar un adaptador con un aumento de 0,6x a 0,9x con la c&#038;amp aacute mara, que proporcionar&#038;amp aacute  el campo de visi&#038;amp oacute n m&#038;amp aacute s amplio posible sin distorsi&#038;amp oacute n. Tras la instalaci&#038;amp oacute n, la c&#038;amp aacute mara se conecta a un ordenador a trav&#038;amp eacute s de un puerto USB 3.0 con una velocidad de transferencia de datos de 5 Gbps.&#038;lt \/p&#038;gt <br \/>&#038;lt p&#038;gt &#038;lt strong&#038;gt &#038;amp Oacute ptica&#038;lt \/strong&#038;gt &#038;lt \/p&#038;gt <br \/>&#038;lt p&#038;gt Los objetivos plano acrom&#038;amp aacute ticos proporcionan una imagen clara, contrastada y bien detallada con una distorsi&#038;amp oacute n m&#038;amp iacute nima. El poder aumento que se puede alcanzar con los objetivos y oculares incluidos oscila entre 40 y 1000x, y el l&#038;amp iacute mite superior se puede aumentar con oculares adicionales. Los elementos &#038;amp oacute pticos est&#038;amp aacute n corregidos al infinito, por lo que se pueden instalar accesorios adicionales en el camino &#038;amp oacute ptico.&#038;lt \/p&#038;gt <br \/>&#038;lt p&#038;gt El cabezal trinocular tiene un tubo vertical independiente para instalar una c&#038;amp aacute mara digital (no incluida). Est&#038;amp aacute  dispuesto verticalmente. El cabezal trinocular est&#038;amp aacute  equipado con tubos que pueden girar 360&#038;amp deg  y es posible ajustar las dioptr&#038;amp iacute as en el tubo izquierdo. El dise&#038;amp ntilde o del cabezal trinocular le permite ajustar f&#038;amp aacute cilmente la distancia de acomodaci&#038;amp oacute n ocular de acuerdo con la estatura del observador.&#038;lt \/p&#038;gt <br \/>&#038;lt p&#038;gt El rev&#038;amp oacute lver giratorio puede dar cabida a 5 objetivos y est&#038;amp aacute  orientado hacia el interior  el kit incluye 4 objetivos, por lo que una posici&#038;amp oacute n del revolver est&#038;amp aacute  libre. Un objetivo adicional proporcionar&#038;amp aacute  un aumento adicional dentro del rango de aumento.&#038;lt \/p&#038;gt <br \/>&#038;lt p&#038;gt &#038;lt strong&#038;gt Iluminaci&#038;amp oacute n&#038;lt \/strong&#038;gt &#038;lt \/p&#038;gt <br \/>&#038;lt p&#038;gt Una bombilla hal&#038;amp oacute gena de 30 W proporciona una iluminaci&#038;amp oacute n brillante que permite una buena visibilidad de las estructuras de la muestra bajo cualquier t&#038;amp eacute cnica de observaci&#038;amp oacute n y objetivo que se utilice. La iluminaci&#038;amp oacute n es c&#038;amp aacute lida, lo que es m&#038;amp aacute s c&#038;amp oacute modo para la vista durante largas jornadas de trabajo. El brillo de la iluminaci&#038;amp oacute n es ajustable. La iluminaci&#038;amp oacute n funciona con una fuente de corriente alterna.&#038;lt \/p&#038;gt <br \/>&#038;lt p&#038;gt Es posible configurar el sistema de iluminaci&#038;amp oacute n K&#038;amp ouml hler gracias a un condensador Abbe, centrado y ajustable en altura, que est&#038;amp aacute  provisto de un diafragma de apertura y un diafragma de campo. El condensador dispone de una ranura donde se puede instalar una placa de campo oscuro o de contraste de fases. La placa le permite cambiar r&#038;amp aacute pidamente entre t&#038;amp eacute cnicas de investigaci&#038;amp oacute n para mejorar el rendimiento del aparato.&#038;lt \/p&#038;gt <br \/>&#038;lt p&#038;gt &#038;lt strong&#038;gt Platina y mecanismo de enfoque&#038;lt \/strong&#038;gt &#038;lt \/p&#038;gt <br \/>&#038;lt p&#038;gt La platina carece de cremallera de posicionamiento, lo cual mejora la ergonom&#038;amp iacute a. El micr&#038;amp oacute metro mec&#038;amp aacute nico permite mover la muestra observada de forma fluida y se puede retirar para realizar una exploraci&#038;amp oacute n manual.&#038;lt \/p&#038;gt <br \/>&#038;lt p&#038;gt Los mandos de enfoque est&#038;amp aacute n situados a ambos lados del cuerpo del microscopio, cerca de la base, lo que le permite poner las manos sobre la mesa en lugar de mantenerlas en el aire cuando trabaja durante largos per&#038;amp iacute odos de tiempo. Los mandos son coaxiales, es decir, est&#038;amp aacute n situados en el mismo eje. El mecanismo de enfoque aproximado tiene un mando de bloqueo y ajuste de tensi&#038;amp oacute n. El mecanismo de enfoque es fluido, por lo que no es necesario ejercer ning&#038;amp uacute n esfuerzo para accionarlo.&#038;lt \/p&#038;gt <br \/>&#038;lt p&#038;gt &#038;lt strong&#038;gt Accesorios&#038;lt \/strong&#038;gt &#038;lt \/p&#038;gt <br \/>&#038;lt p&#038;gt La gama de accesorios opcionales incluye oculares, objetivos, dispositivos de polarizaci&#038;amp oacute n, condensadores de campo oscuro, dispositivos de contraste de fases, portaobjetos de calibraci&#038;amp oacute n y c&#038;amp aacute maras digitales. Estos accesorios est&#038;amp aacute  dise&#038;amp ntilde ados espec&#038;amp iacute ficamente para el microscopio MAGUS Bio 250T, por lo que se adaptan de manera &#038;amp oacute ptima al microscopio y sacan el m&#038;amp aacute ximo provecho de sus prestaciones.&#038;lt \/p&#038;gt <br \/>&#038;lt p&#038;gt &#038;lt strong&#038;gt Caracter&#038;amp iacute sticas principales del microscopio:&#038;lt \/strong&#038;gt &#038;lt \/p&#038;gt <br \/>&#038;lt ul&#038;gt <br \/>&#038;lt li&#038;gt Cabezal trinocular con un tubo vertical para instalar una c&#038;amp aacute mara digital&#038;lt \/li&#038;gt <br \/>&#038;lt li&#038;gt Los tubos oculares con rotaci&#038;amp oacute n de 360&#038;amp deg  permiten ajustar el microscopio de acuerdo con la estatura del usuario&#038;lt \/li&#038;gt <br \/>&#038;lt li&#038;gt Ajuste de dioptr&#038;amp iacute as en el tubo izquierdo, enfoque aproximado con mando de bloqueo y de ajuste de la tensi&#038;amp oacute n, enfoque preciso&#038;lt \/li&#038;gt <br \/>&#038;lt li&#038;gt Observaciones con luz transmitida, fuente de luz: l&#038;amp aacute mpara hal&#038;amp oacute gena de brillo ajustable de 30 W&#038;lt \/li&#038;gt <br \/>&#038;lt li&#038;gt El condensador Abbe con diafragma de apertura y diafragma de campo permite configurar el sistema de iluminaci&#038;amp oacute n K&#038;amp ouml hler&#038;lt \/li&#038;gt <br \/>&#038;lt li&#038;gt Existe la posibilidad de instalar placas de contraste de fases y de campo oscuro (hay una ranura especial para ello en el condensador)&#038;lt \/li&#038;gt <br \/>&#038;lt li&#038;gt Amplia gama de accesorios opcionales&#038;lt \/li&#038;gt <br \/>&#038;lt \/ul&#038;gt <br \/>&#038;lt p&#038;gt &#038;lt strong&#038;gt Caracter&#038;amp iacute sticas principales de la c&#038;amp aacute mara:&#038;lt \/strong&#038;gt &#038;lt \/p&#038;gt <br \/>&#038;lt ul&#038;gt <br \/>&#038;lt li&#038;gt Sensor CMOS de 2,1&#8242; con iluminaci&#038;amp oacute n de fondo, alta sensibilidad de la matriz&#038;lt \/li&#038;gt <br \/>&#038;lt li&#038;gt Adecuado para estudios de campo oscuro o campo claro con objetivos de 40x, 60x y 100x&#038;lt \/li&#038;gt <br \/>&#038;lt li&#038;gt Se instala en el tubo trinocular o en el tubo ocular de un microscopio&#038;lt \/li&#038;gt <br \/>&#038;lt li&#038;gt Resoluci&#038;amp oacute n Full HD de 1920&#215;1080 p&#038;amp iacute xeles con una velocidad de fotogramas de 96 fps, perfecta para estudiar objetos en movimiento&#038;lt \/li&#038;gt <br \/>&#038;lt li&#038;gt Conexi&#038;amp oacute n a PC mediante puerto USB 3.0, velocidad de transferencia de datos 5 Gbps&#038;lt \/li&#038;gt <br \/>&#038;lt li&#038;gt Software y controladores incluidos&#038;lt \/li&#038;gt <br \/>&#038;lt \/ul&#038;gt <br \/>&#038;lt p&#038;gt &#038;lt strong&#038;gt El kit incluye:&#038;lt \/strong&#038;gt &#038;lt \/p&#038;gt <br \/>&#038;lt ul&#038;gt <br \/>&#038;lt li&#038;gt C&#038;amp aacute mara digital MAGUS CDF50 (c&#038;amp aacute mara digital, cable USB, CD de instalaci&#038;amp oacute n con controladores y software, manual del usuario y tarjeta de garant&#038;amp iacute a)&#038;lt \/li&#038;gt <br \/>&#038;lt li&#038;gt Base con conexi&#038;amp oacute n el&#038;amp eacute ctrica, fuente de luz transmitida, mecanismo de enfoque, platina, condensador y rev&#038;amp oacute lver giratorio&#038;lt \/li&#038;gt <br \/>&#038;lt li&#038;gt Cabezal trinocular&#038;lt \/li&#038;gt <br \/>&#038;lt li&#038;gt Objetivo plano acrom&#038;amp aacute tico corregido al infinito: 4x\/0,1&#038;lt \/li&#038;gt <br \/>&#038;lt li&#038;gt Objetivo plano acrom&#038;amp aacute tico corregido al infinito: 10x\/0,25&#038;lt \/li&#038;gt <br \/>&#038;lt li&#038;gt Objetivo plano acrom&#038;amp aacute tico corregido al infinito: 40x\/0,65 (con mecanismo de retracci&#038;amp oacute n)&#038;lt \/li&#038;gt <br \/>&#038;lt li&#038;gt Objetivo plano acrom&#038;amp aacute tico corregido al infinito: 100x\/1,25 (con mecanismo de retracci&#038;amp oacute n)&#038;lt \/li&#038;gt <br \/>&#038;lt li&#038;gt Oculares de 10x\/22 mm con distancia de acomodaci&#038;amp oacute n ocular (2 unidades)&#038;lt \/li&#038;gt <br \/>&#038;lt li&#038;gt Ojeras (2 unidades)&#038;lt \/li&#038;gt <br \/>&#038;lt li&#038;gt Filtros (4 unidades)&#038;lt \/li&#038;gt <br \/>&#038;lt li&#038;gt Adaptador de c&#038;amp aacute mara con montura C&#038;lt \/li&#038;gt <br \/>&#038;lt li&#038;gt Frasco del aceite de inmersi&#038;amp oacute n&#038;lt \/li&#038;gt <br \/>&#038;lt li&#038;gt Llave hexagonal&#038;lt \/li&#038;gt <br \/>&#038;lt li&#038;gt Cable de alimentaci&#038;amp oacute n CA&#038;lt \/li&#038;gt <br \/>&#038;lt li&#038;gt Cubierta protectora&#038;lt \/li&#038;gt <br \/>&#038;lt li&#038;gt Manual del usuario y tarjeta de garant&#038;amp iacute a&#038;lt \/li&#038;gt <br \/>&#038;lt \/ul&#038;gt <br \/>&#038;lt p&#038;gt &#038;lt strong&#038;gt Disponible bajo petici&#038;amp oacute n:&#038;lt \/strong&#038;gt &#038;lt \/p&#038;gt <br \/>&#038;lt ul&#038;gt <br \/>&#038;lt li&#038;gt Ocular de 10x\/22 mm con escala&#038;lt \/li&#038;gt <br \/>&#038;lt li&#038;gt Ocular de 12,5x\/14 mm (2 unidades)&#038;lt \/li&#038;gt <br \/>&#038;lt li&#038;gt Ocular de 15x\/15 mm (2 unidades)&#038;lt \/li&#038;gt <br \/>&#038;lt li&#038;gt Ocular de 20x\/12 mm (2 unidades)&#038;lt \/li&#038;gt <br \/>&#038;lt li&#038;gt Ocular de 25x\/9 mm (2 unidades)&#038;lt \/li&#038;gt <br \/>&#038;lt li&#038;gt Objetivo plano acrom&#038;amp aacute tico corregido al infinito: 20x\/0,4&#038;lt \/li&#038;gt <br \/>&#038;lt li&#038;gt Objetivo plano acrom&#038;amp aacute tico corregido al infinito: 60x\/0,80 (con mecanismo de retracci&#038;amp oacute n)&#038;lt \/li&#038;gt <br \/>&#038;lt li&#038;gt Dispositivo de contraste de fases&#038;lt \/li&#038;gt <br \/>&#038;lt li&#038;gt Deslizador de fases&#038;lt \/li&#038;gt <br \/>&#038;lt li&#038;gt Condensador de campo oscuro NA 0,9&#038;lt \/li&#038;gt <br \/>&#038;lt li&#038;gt Condensador de campo oscuro de aceite NA 1,36&#038;amp ndash 1,25&#038;lt \/li&#038;gt <br \/>&#038;lt li&#038;gt Control deslizante de campo oscuro&#038;lt \/li&#038;gt <br \/>&#038;lt li&#038;gt Dispositivo de polarizaci&#038;amp oacute n&#038;lt \/li&#038;gt <br \/>&#038;lt li&#038;gt Portaobjetos de calibraci&#038;amp oacute n&#038;lt \/li&#038;gt <br \/>&#038;lt \/ul&#038;gt <\/p>\n<table>\n<tbody>\n<tr>\n<td>Marca<\/td>\n<td>MAGUS<\/td>\n<\/tr>\n<tr>\n<td>Garant\u00eda<\/td>\n<td>5 \u043b\u0435\u0442<\/td>\n<\/tr>\n<tr>\n<td>EAN<\/td>\n<td>5905555018027<\/td>\n<\/tr>\n<tr>\n<td>Tama\u00f1o de paquete (LxAn.xAl.)<\/td>\n<td>43x27x63 cm<\/td>\n<\/tr>\n<tr>\n<td>Peso del env\u00edo<\/td>\n<td>11.1 kg<\/td>\n<\/tr>\n<tr>\n<td>Delimitador<\/td>\n<td>Microscopio biol\u00f3gico MAGUS Bio 250T<\/td>\n<\/tr>\n<tr>\n<td>=== Delimitador ===<\/td>\n<td>Especificaciones del microscopio<\/td>\n<\/tr>\n<tr>\n<td>Tipo<\/td>\n<td>biol\u00f3gico, luz\/\u00f3ptico, digital<\/td>\n<\/tr>\n<tr>\n<td>Cabezal<\/td>\n<td>trinocular<\/td>\n<\/tr>\n<tr>\n<td>Boquilla<\/td>\n<td>cabezal Gemel (Siedentopf, rotaci\u00f3n de 360\u00b0)<\/td>\n<\/tr>\n<tr>\n<td>\u00c1ngulo de inclinaci\u00f3n de cabezal<\/td>\n<td>30\u00b0<\/td>\n<\/tr>\n<tr>\n<td>Ampliaci\u00f3n, x<\/td>\n<td>40\u20131000 configuraci\u00f3n b\u00e1sica (*opcional: 40\u20131200\/1250\/1500\/1600\/2000\/2500)<\/td>\n<\/tr>\n<tr>\n<td>Rango de ampliaci\u00f3n<\/td>\n<td>800x a 1280x<\/td>\n<\/tr>\n<tr>\n<td>Di\u00e1metro del tubo del ocular, mm<\/td>\n<td>30<\/td>\n<\/tr>\n<tr>\n<td>Oculares<\/td>\n<td>10\u0445\/22 mm, distancia de acomodaci\u00f3n ocular: 10 mm (*opcional: 10x\/22 mm con escala, 12,5x\/14  15x\/15  20x\/12  25x\/9)<\/td>\n<\/tr>\n<tr>\n<td>Objetivos<\/td>\n<td>plano acrom\u00e1ticos corregidos al infinito: 4x\/0,10  10x\/0,25  40xs\/0,65  100xs\/1,25 (aceite)  distancia parafocal: 45 mm (*opcional: 20x\/0,40  60\u0445s\/0,80)<\/td>\n<\/tr>\n<tr>\n<td>Rev\u00f3lver<\/td>\n<td>para 5 objetivos<\/td>\n<\/tr>\n<tr>\n<td>Distancia de trabajo, mm<\/td>\n<td>21 (4x)  5 (10x)  0,66 (40xs)  0,36 (100xs)  8,8 (20x)  0,465 (60xs)<\/td>\n<\/tr>\n<tr>\n<td>Distancia interpupilar, mm<\/td>\n<td>48 \u2014 75<\/td>\n<\/tr>\n<tr>\n<td>Platina, mm<\/td>\n<td>180&#215;150<\/td>\n<\/tr>\n<tr>\n<td>Rango de desplazamiento de la platina, mm<\/td>\n<td>75\/50<\/td>\n<\/tr>\n<tr>\n<td>Platina<\/td>\n<td>micr\u00f3metro mec\u00e1nico de dos ejes, sin cremallera de posicionamiento<\/td>\n<\/tr>\n<tr>\n<td>Ajuste di\u00f3ptrico<\/td>\n<td>\u00b15 (en el tubo izquierdo)<\/td>\n<\/tr>\n<tr>\n<td>Condensador<\/td>\n<td>condensador Abbe, N.A. 1,25, centro ajustable, ajustable en altura, diafragma de apertura ajustable, ranura para una placa de campo oscuro y una placa contraste de fases, montura de cola de milano<\/td>\n<\/tr>\n<tr>\n<td>Diafragma<\/td>\n<td>diafragma de apertura ajustable, diafragma de campo iris ajustable<\/td>\n<\/tr>\n<tr>\n<td>Enfoque<\/td>\n<td>coaxial, enfoque aproximado (21 mm, 39,8 mm\/c\u00edrculo, con mando de bloqueo y mando de ajuste de tensi\u00f3n) y enfoque preciso (0,002 mm)<\/td>\n<\/tr>\n<tr>\n<td>Iluminaci\u00f3n<\/td>\n<td>hal\u00f3gena<\/td>\n<\/tr>\n<tr>\n<td>Ajuste del brillo<\/td>\n<td>yes<\/td>\n<\/tr>\n<tr>\n<td>Alimentaci\u00f3n<\/td>\n<td>220\u00b122 V, 50 Hz, alimentaci\u00f3n de red de CA<\/td>\n<\/tr>\n<tr>\n<td>Tipo de fuente de iluminaci\u00f3n<\/td>\n<td>bombilla hal\u00f3gena 12 V\/30 W, G4 <\/td>\n<\/tr>\n<tr>\n<td>Filtros de luz<\/td>\n<td>s\u00ed<\/td>\n<\/tr>\n<tr>\n<td>Intervalo de temperatura de funcionamiento, \u00b0C<\/td>\n<td>5 \u2014 35<\/td>\n<\/tr>\n<tr>\n<td>Posibilidad de conectar accesorios<\/td>\n<td>dispositivo de contraste de fases (condensador y objetivos), condensador de campo oscuro (en seco o en aceite), dispositivos de polarizaci\u00f3n (polarizador y analizador)<\/td>\n<\/tr>\n<tr>\n<td>Nivel de usuario<\/td>\n<td>usuarios experimentados, profesionales<\/td>\n<\/tr>\n<tr>\n<td>Montaje y nivel de dificultad de instalaci\u00f3n<\/td>\n<td>complicado<\/td>\n<\/tr>\n<tr>\n<td>Aplicaci\u00f3n<\/td>\n<td>laboratorio\/m\u00e9dico<\/td>\n<\/tr>\n<tr>\n<td>Ubicaci\u00f3n de la iluminaci\u00f3n<\/td>\n<td>inferior<\/td>\n<\/tr>\n<tr>\n<td>M\u00e9todo de investigaci\u00f3n<\/td>\n<td>campo claro<\/td>\n<\/tr>\n<tr>\n<td>Funda\/malet\u00edn\/bolsa incluida en el kit<\/td>\n<td>cubierta protectora<\/td>\n<\/tr>\n<tr>\n<td>Peso, kg<\/td>\n<td>8<\/td>\n<\/tr>\n<tr>\n<td>Dimensiones, mm<\/td>\n<td>200x436x400<\/td>\n<\/tr>\n<tr>\n<td>=== Delimitador ===<\/td>\n<td>C\u00e1mara digital<\/td>\n<\/tr>\n<tr>\n<td>Sensor<\/td>\n<td>SONY Exmor CMOS<\/td>\n<\/tr>\n<tr>\n<td>Tama\u00f1o del sensor<\/td>\n<td>1\/1,2&#8242; (11,14&#215;6,26 mm)<\/td>\n<\/tr>\n<tr>\n<td>Color\/monocromo<\/td>\n<td>color <\/td>\n<\/tr>\n<tr>\n<td>Megap\u00edxeles<\/td>\n<td>2.1<\/td>\n<\/tr>\n<tr>\n<td>Resoluciones de imagen\/v\u00eddeo<\/td>\n<td>1920 x 1080<\/td>\n<\/tr>\n<tr>\n<td>Tama\u00f1o del p\u00edxel, &#038;micro m<\/td>\n<td>5.8&#215;5.8<\/td>\n<\/tr>\n<tr>\n<td>Sensibilidad a la luz<\/td>\n<td>8935mV con 1\/30s<\/td>\n<\/tr>\n<tr>\n<td>Relaci\u00f3n se\u00f1al\/ruido<\/td>\n<td>0,6mV con 1\/30s<\/td>\n<\/tr>\n<tr>\n<td>Tiempo de exposici\u00f3n<\/td>\n<td>0,014 ms \u2013 15 s<\/td>\n<\/tr>\n<tr>\n<td>Grabaci\u00f3n de v\u00eddeo<\/td>\n<td>s\u00ed<\/td>\n<\/tr>\n<tr>\n<td>Frecuencia de fotogramas, fps para cada resoluci\u00f3n<\/td>\n<td>96 a 1920&#215;1080<\/td>\n<\/tr>\n<tr>\n<td>Lugar de instalaci\u00f3n<\/td>\n<td>tubo trinocular, tubo ocular en sustituci\u00f3n de un ocular<\/td>\n<\/tr>\n<tr>\n<td>Formato de foto<\/td>\n<td>*.jpg, *.bmp, *.png, *.tif<\/td>\n<\/tr>\n<tr>\n<td>Formato de v\u00eddeo<\/td>\n<td>salida: *.wmv, *.avi, *.h264 (Windows 8 y posterior), *.h265 (Windows 10 y posterior)<\/td>\n<\/tr>\n<tr>\n<td>Tipo de obturador<\/td>\n<td>obturador rodante<\/td>\n<\/tr>\n<tr>\n<td>Intervalo espectral, nm<\/td>\n<td>380-650 (filtro IR incorporado)<\/td>\n<\/tr>\n<tr>\n<td>Balance de blancos<\/td>\n<td>manual, autom\u00e1tico<\/td>\n<\/tr>\n<tr>\n<td>Control de exposici\u00f3n<\/td>\n<td>manual, autom\u00e1tico<\/td>\n<\/tr>\n<tr>\n<td>Opciones programables<\/td>\n<td>tama\u00f1o de imagen, brillo, tiempo de exposici\u00f3n<\/td>\n<\/tr>\n<tr>\n<td>Salida<\/td>\n<td>USB 3.0, 5 Gb\/s<\/td>\n<\/tr>\n<tr>\n<td>Requisitos del sistema<\/td>\n<td>Windows 8\/10\/11 (32 bits y 64 bits), Mac OS X, Linux, procesador Intel Core 2 de hasta 2,8 GHz o superior, m\u00ednimo 2 GB de RAM, puerto USB 3.0, CD-ROM, pantalla de 17&#8242; o mayor<\/td>\n<\/tr>\n<tr>\n<td>Cuerpo<\/td>\n<td>aleaci\u00f3n de aluminio CNC<\/td>\n<\/tr>\n<tr>\n<td>Software<\/td>\n<td>MAGUS View<\/td>\n<\/tr>\n<tr>\n<td>Fuente de alimentaci\u00f3n para c\u00e1mara<\/td>\n<td>CC, 5 V, a trav\u00e9s de puerto USB de ordenador  adaptador de 12 V, 3 A para elemento Peltier<\/td>\n<\/tr>\n<tr>\n<td>Rango de temperaturas de funcionamiento de la c\u00e1mara, \u00b0C<\/td>\n<td>-10 \u2014 50<\/td>\n<\/tr>\n<tr>\n<td>Intervalo de humedad de funcionamiento, %<\/td>\n<td>30 \u2014 80<\/td>\n<\/tr>\n<\/tbody>\n<\/table>\n","protected":false},"excerpt":{"rendered":"<p>El microscopio biol\u00f3gico MAGUS Bio 250T es un instrumento profesional para observar muestras biol\u00f3gicas con luz transmitida. La t\u00e9cnica de observaci\u00f3n principal es la t\u00e9cnica de campo claro, que no requiere accesorios. Tambi\u00e9n se pueden utilizar las t\u00e9cnicas de campo oscuro, polarizaci\u00f3n y de contraste de fases, pero requieren accesorios de microscopio adicionales. Este microscopio es excelente para realizar trabajos de laboratorio y de investigaci\u00f3n en los sectores de la medicina, la industria farmac\u00e9utica, la medicina forense, la agricultura y otros campos.<\/p>\n","protected":false},"featured_media":83016,"template":"","meta":{"_exactmetrics_skip_tracking":false,"_exactmetrics_sitenote_active":false,"_exactmetrics_sitenote_note":"","_exactmetrics_sitenote_category":0},"product_brand":[],"product_cat":[597],"product_tag":[],"class_list":{"0":"post-84551","1":"product","2":"type-product","3":"status-publish","4":"has-post-thumbnail","6":"product_cat-campo-claro","7":"product_shipping_class-microscopio","9":"first","10":"instock","11":"taxable","12":"shipping-taxable","13":"purchasable","14":"product-type-simple"},"_links":{"self":[{"href":"https:\/\/microscopistas.com\/en\/wp-json\/wp\/v2\/product\/84551","targetHints":{"allow":["GET"]}}],"collection":[{"href":"https:\/\/microscopistas.com\/en\/wp-json\/wp\/v2\/product"}],"about":[{"href":"https:\/\/microscopistas.com\/en\/wp-json\/wp\/v2\/types\/product"}],"wp:featuredmedia":[{"embeddable":true,"href":"https:\/\/microscopistas.com\/en\/wp-json\/wp\/v2\/media\/83016"}],"wp:attachment":[{"href":"https:\/\/microscopistas.com\/en\/wp-json\/wp\/v2\/media?parent=84551"}],"wp:term":[{"taxonomy":"product_brand","embeddable":true,"href":"https:\/\/microscopistas.com\/en\/wp-json\/wp\/v2\/product_brand?post=84551"},{"taxonomy":"product_cat","embeddable":true,"href":"https:\/\/microscopistas.com\/en\/wp-json\/wp\/v2\/product_cat?post=84551"},{"taxonomy":"product_tag","embeddable":true,"href":"https:\/\/microscopistas.com\/en\/wp-json\/wp\/v2\/product_tag?post=84551"}],"curies":[{"name":"wp","href":"https:\/\/api.w.org\/{rel}","templated":true}]}}