{"id":84549,"date":"2024-07-29T18:28:51","date_gmt":"2024-07-29T16:28:51","guid":{"rendered":"http:\/\/microscopistas.com\/?post_type=product&#038;p=84549"},"modified":"2024-07-29T19:00:02","modified_gmt":"2024-07-29T17:00:02","slug":"microscopio-biologico-digital-magus-bio-d230tl","status":"publish","type":"product","link":"https:\/\/microscopistas.com\/en\/producto\/microscopio-biologico-digital-magus-bio-d230tl\/","title":{"rendered":"Microscopio biol\u00f3gico digital MAGUS Bio D230TL"},"content":{"rendered":"<p>&#038;lt p&#038;gt &#038;lt strong&#038;gt Microscopio biol&#038;amp oacute gico digital MAGUS Bio D230TL&#038;lt \/strong&#038;gt &#038;lt \/p&#038;gt <br \/>&#038;lt p&#038;gt &#038;lt strong&#038;gt Con c&#038;amp aacute mara. Poder de aumento: 40&#038;amp ndash 1000x. Cabezal trinocular, objetivos acrom&#038;amp aacute ticos, LED de 3 W&#038;lt \/strong&#038;gt &#038;lt \/p&#038;gt <br \/>&#038;lt p&#038;gt El microscopio biol&#038;amp oacute gico MAGUS Bio 230TL es un instrumento esencial tanto en un laboratorio de control sanitario como en un centro de diagn&#038;amp oacute stico o investigaci&#038;amp oacute n. El microscopio tiene un cabezal trinocular y una fuente de luz transmitida (LED), y es adecuado para observar muestras transl&#038;amp uacute cidas y transparentes. En la configuraci&#038;amp oacute n b&#038;amp aacute sica del instrumento, se utiliza la t&#038;amp eacute cnica de campo claro para las observaciones. Con accesorios adicionales, se pueden utilizar t&#038;amp eacute cnicas de microscop&#038;amp iacute a tales como campo oscuro, luz polarizada y contraste de fases para profundizar en las investigaciones.&#038;lt \/p&#038;gt <br \/>&#038;lt p&#038;gt &#038;lt strong&#038;gt C&#038;amp aacute mara digital&#038;lt \/strong&#038;gt &#038;lt \/p&#038;gt <br \/>&#038;lt p&#038;gt C&#038;amp aacute mara digital con sensor de 2 MP para el estudio de microobjetos mediante la t&#038;amp eacute cnica de microscop&#038;amp iacute a de campo oscuro o de campo claro. La c&#038;amp aacute mara est&#038;amp aacute  equipada con un sensor CMOS en color SONY Exmor con iluminaci&#038;amp oacute n de fondo. Esto aumenta la sensibilidad a la luz (2350 mV a 1\/30 s) y mejora la calidad de imagen con poca luz. Se consigue un rendimiento &#038;amp oacute ptimo cuando se trabaja con objetivos con aumentos de 40x, 60x y 100x.&#038;lt \/p&#038;gt <br \/>&#038;lt p&#038;gt La c&#038;amp aacute mara MAGUS CDF10 permite visualizar una imagen de un objeto en el monitor de un ordenador en resoluci&#038;amp oacute n Full HD 1920&#215;1080 p&#038;amp iacute xeles, hacer fotos y grabar v&#038;amp iacute deos en diferentes formatos. La transferencia de datos entre la c&#038;amp aacute mara y el ordenador se realiza a trav&#038;amp eacute s de una interfaz USB 3.0 con una velocidad de transferencia de datos de 5 Gbps. En resoluci&#038;amp oacute n m&#038;amp aacute xima, el v&#038;amp iacute deo se muestra a 125 fps con transiciones suaves entre fotogramas. La c&#038;amp aacute mara es perfecta para estudiar objetos en movimiento y puede utilizarse para conferencias o presentaciones.&#038;lt \/p&#038;gt <br \/>&#038;lt p&#038;gt &#038;lt strong&#038;gt &#038;amp Oacute ptica&#038;lt \/strong&#038;gt &#038;lt \/p&#038;gt <br \/>&#038;lt p&#038;gt Los tubos de observaci&#038;amp oacute n giran 360&#038;amp deg , lo que permite ajustar los oculares de acuerdo con la estatura del observador. Es posible ajustar las dioptr&#038;amp iacute as para el tubo izquierdo. Hay un tubo vertical para instalar una c&#038;amp aacute mara digital (no incluida).&#038;lt \/p&#038;gt <br \/>&#038;lt p&#038;gt El microscopio utiliza objetivos acrom&#038;amp aacute ticos corregidos al infinito y se pueden instalar 5 objetivos simult&#038;amp aacute neamente en el rev&#038;amp oacute lver. Queda un espacio libre para agregar un objetivo adicional. El rev&#038;amp oacute lver giratorio con los objetivos est&#038;amp aacute  orientado hacia el interior: el usuario puede ver los objetivos insertados en la ruta &#038;amp oacute ptica. El rango de aumento del microscopio es de 40 a 1000x, el l&#038;amp iacute mite superior se puede aumentar hasta 1500, 1600 o 2000x con oculares adicionales.&#038;lt \/p&#038;gt <br \/>&#038;lt p&#038;gt &#038;lt strong&#038;gt Iluminaci&#038;amp oacute n&#038;lt \/strong&#038;gt &#038;lt \/p&#038;gt <br \/>&#038;lt p&#038;gt Gracias a la bombilla LED, la temperatura de color no cambia al ajustar la iluminaci&#038;amp oacute n. La bombilla LED es de 3 W y tiene una vida &#038;amp uacute til de 50.000 horas  funciona con una fuente de corriente alterna.&#038;lt \/p&#038;gt <br \/>&#038;lt p&#038;gt El condensador Abbe tiene una ranura para insertar una placa de campo oscuro o de contraste de fases. Con el uso de las placas, el cambiar entre t&#038;amp eacute cnicas de microscop&#038;amp iacute a es mucho m&#038;amp aacute s r&#038;amp aacute pido. El microscopio tambi&#038;amp eacute n est&#038;amp aacute  equipado con un diafragma de campo para configurar la iluminaci&#038;amp oacute n K&#038;amp ouml hler. El condensador es ajustable en altura y se puede centrar.&#038;lt \/p&#038;gt <br \/>&#038;lt p&#038;gt &#038;lt strong&#038;gt Platina y mecanismo de enfoque&#038;lt \/strong&#038;gt &#038;lt \/p&#038;gt <br \/>&#038;lt p&#038;gt El movimiento de la muestra estudiada es fluido y preciso. El micr&#038;amp oacute metro mec&#038;amp aacute nico se puede retirar de la platina si es necesario (por ejemplo, para una exploraci&#038;amp oacute n manual). Adem&#038;amp aacute s, es m&#038;amp aacute s f&#038;amp aacute cil trabajar con una platina sin cremallera de posicionamiento.&#038;lt \/p&#038;gt <br \/>&#038;lt p&#038;gt Los mandos de enfoque son coaxiales y est&#038;amp aacute n situados a cada lado del microscopio para que el usuario pueda descansar las manos libremente sobre la mesa. Hay mandos de enfoque preciso y enfoque aproximado. Los mecanismos se mueven con fluidez, por lo que no se requiere ning&#038;amp uacute n esfuerzo adicional. Existe un mando de ajuste de la tensi&#038;amp oacute n del enfoque aproximado y un mando de bloqueo del enfoque aproximado.&#038;lt \/p&#038;gt <br \/>&#038;lt p&#038;gt &#038;lt strong&#038;gt Accesorios&#038;lt \/strong&#038;gt &#038;lt \/p&#038;gt <br \/>&#038;lt p&#038;gt Los accesorios opcionales ampl&#038;amp iacute an las prestaciones del microscopio MAGUS Bio 230TL de acuerdo con las aplicaciones espec&#038;amp iacute ficas. Estos accesorios pueden ser oculares, objetivos, condensadores de campo oscuro y de contraste de fases, dispositivos de polarizaci&#038;amp oacute n, c&#038;amp aacute maras digitales, portaobjetos de calibraci&#038;amp oacute n de calibraci&#038;amp oacute n, etc.&#038;lt \/p&#038;gt <\/p>\n<p>&#038;lt p&#038;gt Caracter&#038;amp iacute sticas principales del microscopio:&#038;lt \/p&#038;gt <br \/>&#038;lt ul&#038;gt <br \/>&#038;lt li&#038;gt Cabezal trinocular con tubo vertical para instalar una c&#038;amp aacute mara, rotaci&#038;amp oacute n de 360&#038;amp deg , ajuste de dioptr&#038;amp iacute as en el tubo izquierdo&#038;lt \/li&#038;gt <br \/>&#038;lt li&#038;gt Rev&#038;amp oacute lver para 5 objetivos, objetivos acrom&#038;amp aacute ticos corregidos al infinito&#038;lt \/li&#038;gt <br \/>&#038;lt li&#038;gt Observaciones con luz transmitida, LED de 3 W de larga duraci&#038;amp oacute n como fuente de luz&#038;lt \/li&#038;gt <br \/>&#038;lt li&#038;gt Mandos coaxiales de enfoque aproximado y preciso, mando de ajuste de la tensi&#038;amp oacute n del enfoque aproximado, mando de bloqueo del enfoque aproximado&#038;lt \/li&#038;gt <br \/>&#038;lt li&#038;gt Condensador con una ranura insertar una placa de contraste de fases o de campo oscuro&#038;lt \/li&#038;gt <br \/>&#038;lt li&#038;gt Posibilidad de instalar accesorios adicionales&#038;lt \/li&#038;gt <br \/>&#038;lt \/ul&#038;gt <br \/>&#038;lt p&#038;gt Caracter&#038;amp iacute sticas principales de la c&#038;amp aacute mara:&#038;lt \/p&#038;gt <br \/>&#038;lt ul&#038;gt <br \/>&#038;lt li&#038;gt Sensor CMOS SONY Exmor retroiluminado para im&#038;amp aacute genes n&#038;amp iacute tidas incluso en condiciones de poca luz&#038;lt \/li&#038;gt <br \/>&#038;lt li&#038;gt Instalaci&#038;amp oacute n en el tubo trinocular o en el tubo ocular&#038;lt \/li&#038;gt <br \/>&#038;lt li&#038;gt Funcionamiento en campo oscuro o campo claro con objetivos de gran aumento: 40x, 60x y 100x&#038;lt \/li&#038;gt <br \/>&#038;lt li&#038;gt Visualizaci&#038;amp oacute n de im&#038;amp aacute genes en una pantalla de ordenador  visualizaci&#038;amp oacute n, toma de fotograf&#038;amp iacute as y grabaci&#038;amp oacute n de v&#038;amp iacute deos con una resoluci&#038;amp oacute n de 1920&#215;1080 p&#038;amp iacute xeles&#038;lt \/li&#038;gt <br \/>&#038;lt li&#038;gt Frecuencia de fotograma de v&#038;amp iacute deo: 125 fps, adecuada para estudiar y mostrar objetos en movimiento en tiempo real sin retrasos&#038;lt \/li&#038;gt <br \/>&#038;lt li&#038;gt Se incluyen los controladores y el software necesarios&#038;lt \/li&#038;gt <br \/>&#038;lt \/ul&#038;gt <br \/>&#038;lt p&#038;gt &#038;lt strong&#038;gt El kit incluye:&#038;lt \/strong&#038;gt &#038;lt \/p&#038;gt <br \/>&#038;lt ul&#038;gt <br \/>&#038;lt li&#038;gt C&#038;amp aacute mara digital MAGUS CDF10 (c&#038;amp aacute mara digital, cable USB, CD de instalaci&#038;amp oacute n con controladores y software, manual del usuario y tarjeta de garant&#038;amp iacute a)&#038;lt \/li&#038;gt <br \/>&#038;lt li&#038;gt Base con conexi&#038;amp oacute n el&#038;amp eacute ctrica, fuente de luz transmitida, mecanismo de enfoque, platina, condensador y rev&#038;amp oacute lver giratorio&#038;lt \/li&#038;gt <br \/>&#038;lt li&#038;gt Cabezal trinocular&#038;lt \/li&#038;gt <br \/>&#038;lt li&#038;gt Objetivo acrom&#038;amp aacute tico corregido al infinito: 4x\/0,1&#038;lt \/li&#038;gt <br \/>&#038;lt li&#038;gt Objetivo acrom&#038;amp aacute tico corregido al infinito: 10x\/0,25&#038;lt \/li&#038;gt <br \/>&#038;lt li&#038;gt Objetivo acrom&#038;amp aacute tico corregido al infinito: 40x\/0,65 (con mecanismo de retracci&#038;amp oacute n)&#038;lt \/li&#038;gt <br \/>&#038;lt li&#038;gt Objetivo acrom&#038;amp aacute tico corregido al infinito: 100x\/1,25 (con mecanismo de retracci&#038;amp oacute n)&#038;lt \/li&#038;gt <br \/>&#038;lt li&#038;gt Oculares de 10x\/18 mm con distancia de acomodaci&#038;amp oacute n ocular (2 unidades)&#038;lt \/li&#038;gt <br \/>&#038;lt li&#038;gt Ojeras (2 unidades)&#038;lt \/li&#038;gt <br \/>&#038;lt li&#038;gt Filtros (4 unidades)&#038;lt \/li&#038;gt <br \/>&#038;lt li&#038;gt Adaptador de c&#038;amp aacute mara con montura C&#038;lt \/li&#038;gt <br \/>&#038;lt li&#038;gt Frasco del aceite de inmersi&#038;amp oacute n&#038;lt \/li&#038;gt <br \/>&#038;lt li&#038;gt Llave hexagonal&#038;lt \/li&#038;gt <br \/>&#038;lt li&#038;gt Cable de alimentaci&#038;amp oacute n CA&#038;lt \/li&#038;gt <br \/>&#038;lt li&#038;gt Cubierta protectora&#038;lt \/li&#038;gt <br \/>&#038;lt li&#038;gt Manual del usuario y tarjeta de garant&#038;amp iacute a&#038;lt \/li&#038;gt <br \/>&#038;lt \/ul&#038;gt <br \/>&#038;lt p&#038;gt &#038;lt strong&#038;gt Disponible bajo petici&#038;amp oacute n:&#038;lt \/strong&#038;gt &#038;lt \/p&#038;gt <br \/>&#038;lt ul&#038;gt <br \/>&#038;lt li&#038;gt Ocular de 10x\/22 mm con escala&#038;lt \/li&#038;gt <br \/>&#038;lt li&#038;gt Ocular de 15x\/11 mm (2 unidades)&#038;lt \/li&#038;gt <br \/>&#038;lt li&#038;gt Ocular de 16x\/11 mm (2 unidades)&#038;lt \/li&#038;gt <br \/>&#038;lt li&#038;gt Ocular de 20x\/11 mm (2 unidades)&#038;lt \/li&#038;gt <br \/>&#038;lt li&#038;gt Objetivo acrom&#038;amp aacute tico corregido al infinito: 20x\/0,4&#038;lt \/li&#038;gt <br \/>&#038;lt li&#038;gt Dispositivo de contraste de fases&#038;lt \/li&#038;gt <br \/>&#038;lt li&#038;gt Deslizador de fases&#038;lt \/li&#038;gt <br \/>&#038;lt li&#038;gt Condensador de campo oscuro NA 0,9&#038;lt \/li&#038;gt <br \/>&#038;lt li&#038;gt Condensador de campo oscuro de aceite NA 1,36&#038;amp ndash 1,25&#038;lt \/li&#038;gt <br \/>&#038;lt li&#038;gt Control deslizante de campo oscuro&#038;lt \/li&#038;gt <br \/>&#038;lt li&#038;gt Dispositivo de polarizaci&#038;amp oacute n&#038;lt \/li&#038;gt <br \/>&#038;lt li&#038;gt Portaobjetos de calibraci&#038;amp oacute n&#038;lt \/li&#038;gt <br \/>&#038;lt \/ul&#038;gt <\/p>\n<table>\n<tbody>\n<tr>\n<td>Marca<\/td>\n<td>MAGUS<\/td>\n<\/tr>\n<tr>\n<td>Garant\u00eda<\/td>\n<td>5 \u043b\u0435\u0442<\/td>\n<\/tr>\n<tr>\n<td>EAN<\/td>\n<td>5905555017983<\/td>\n<\/tr>\n<tr>\n<td>Tama\u00f1o de paquete (LxAn.xAl.)<\/td>\n<td>43x27x63 cm<\/td>\n<\/tr>\n<tr>\n<td>Peso del env\u00edo<\/td>\n<td>11.1 kg<\/td>\n<\/tr>\n<tr>\n<td>Delimitador<\/td>\n<td>Microscopio biol\u00f3gico MAGUS Bio 230TL<\/td>\n<\/tr>\n<tr>\n<td>=== Delimitador ===<\/td>\n<td>Especificaciones del microscopio<\/td>\n<\/tr>\n<tr>\n<td>Tipo<\/td>\n<td>biol\u00f3gico, luz\/\u00f3ptico, digital<\/td>\n<\/tr>\n<tr>\n<td>Cabezal<\/td>\n<td>trinocular<\/td>\n<\/tr>\n<tr>\n<td>Boquilla<\/td>\n<td>cabezal Gemel (Siedentopf, rotaci\u00f3n de 360\u00b0)<\/td>\n<\/tr>\n<tr>\n<td>\u00c1ngulo de inclinaci\u00f3n de cabezal<\/td>\n<td>30\u00b0<\/td>\n<\/tr>\n<tr>\n<td>Ampliaci\u00f3n, x<\/td>\n<td>40\u20131000 configuraci\u00f3n b\u00e1sica (*opcional: 40\u20131500\/1600\/2000)<\/td>\n<\/tr>\n<tr>\n<td>Rango de ampliaci\u00f3n<\/td>\n<td>800x a 1280x<\/td>\n<\/tr>\n<tr>\n<td>Di\u00e1metro del tubo del ocular, mm<\/td>\n<td>23.2<\/td>\n<\/tr>\n<tr>\n<td>Oculares<\/td>\n<td>10\u0445\/18 mm, distancia de acomodaci\u00f3n ocular: 10 mm (*opcional: 10\u0445\/20 mm con escala, 15x\/11 mm, 16x\/11 mm  20x\/11 mm)<\/td>\n<\/tr>\n<tr>\n<td>Objetivos<\/td>\n<td>acrom\u00e1ticos corregidos al infinito: 4x\/0,10  10x\/0,25  40xs\/0,65  100xs\/1,25 (aceite)  distancia parafocal 45 mm (*opcional: 20x\/0,40  60xs\/0,80)<\/td>\n<\/tr>\n<tr>\n<td>Rev\u00f3lver<\/td>\n<td>para 5 objetivos<\/td>\n<\/tr>\n<tr>\n<td>Distancia de trabajo, mm<\/td>\n<td>18,89 (4x)  5,95 (10x)  0,775 (40xs)  0,36 (100xs)  2,61\/8,80 (20x)  0,46 (60\u0445s)<\/td>\n<\/tr>\n<tr>\n<td>Distancia interpupilar, mm<\/td>\n<td>48 \u2014 75<\/td>\n<\/tr>\n<tr>\n<td>Platina, mm<\/td>\n<td>180&#215;150<\/td>\n<\/tr>\n<tr>\n<td>Rango de desplazamiento de la platina, mm<\/td>\n<td>75\/50<\/td>\n<\/tr>\n<tr>\n<td>Platina<\/td>\n<td>micr\u00f3metro mec\u00e1nico de dos ejes, sin cremallera de posicionamiento<\/td>\n<\/tr>\n<tr>\n<td>Ajuste di\u00f3ptrico<\/td>\n<td>\u00b15 (en el tubo izquierdo)<\/td>\n<\/tr>\n<tr>\n<td>Condensador<\/td>\n<td>condensador Abbe, N.A. 1,25, centro ajustable, ajustable en altura, diafragma de apertura ajustable, ranura para una placa de campo oscuro y una placa contraste de fases, montura de cola de milano<\/td>\n<\/tr>\n<tr>\n<td>Diafragma<\/td>\n<td>diafragma de apertura ajustable, diafragma de campo iris ajustable<\/td>\n<\/tr>\n<tr>\n<td>Enfoque<\/td>\n<td>coaxial, enfoque aproximado (21 mm, 39,8 mm\/c\u00edrculo, con mando de bloqueo y mando de ajuste de tensi\u00f3n) y enfoque preciso (0,002 mm)<\/td>\n<\/tr>\n<tr>\n<td>Iluminaci\u00f3n<\/td>\n<td>LED<\/td>\n<\/tr>\n<tr>\n<td>Ajuste del brillo<\/td>\n<td>yes<\/td>\n<\/tr>\n<tr>\n<td>Alimentaci\u00f3n<\/td>\n<td>220\u00b122 V, 50 Hz, alimentaci\u00f3n de red de CA<\/td>\n<\/tr>\n<tr>\n<td>Tipo de fuente de iluminaci\u00f3n<\/td>\n<td>LED de 3 W<\/td>\n<\/tr>\n<tr>\n<td>Filtros de luz<\/td>\n<td>s\u00ed<\/td>\n<\/tr>\n<tr>\n<td>Intervalo de temperatura de funcionamiento, \u00b0C<\/td>\n<td>5 \u2014 35<\/td>\n<\/tr>\n<tr>\n<td>Posibilidad de conectar accesorios<\/td>\n<td>dispositivo de contraste de fases (condensador y objetivos), condensador de campo oscuro (en seco o en aceite), dispositivos de polarizaci\u00f3n (polarizador y analizador)<\/td>\n<\/tr>\n<tr>\n<td>Nivel de usuario<\/td>\n<td>usuarios experimentados, profesionales<\/td>\n<\/tr>\n<tr>\n<td>Montaje y nivel de dificultad de instalaci\u00f3n<\/td>\n<td>complicado<\/td>\n<\/tr>\n<tr>\n<td>Aplicaci\u00f3n<\/td>\n<td>laboratorio\/m\u00e9dico<\/td>\n<\/tr>\n<tr>\n<td>Ubicaci\u00f3n de la iluminaci\u00f3n<\/td>\n<td>inferior<\/td>\n<\/tr>\n<tr>\n<td>M\u00e9todo de investigaci\u00f3n<\/td>\n<td>campo claro<\/td>\n<\/tr>\n<tr>\n<td>Funda\/malet\u00edn\/bolsa incluida en el kit<\/td>\n<td>cubierta protectora<\/td>\n<\/tr>\n<tr>\n<td>Peso, kg<\/td>\n<td>8<\/td>\n<\/tr>\n<tr>\n<td>Dimensiones, mm<\/td>\n<td>200x436x400<\/td>\n<\/tr>\n<tr>\n<td>=== Delimitador ===<\/td>\n<td>C\u00e1mara digital<\/td>\n<\/tr>\n<tr>\n<td>Sensor<\/td>\n<td>SONY Exmor CMOS<\/td>\n<\/tr>\n<tr>\n<td>Color\/monocromo<\/td>\n<td>color <\/td>\n<\/tr>\n<tr>\n<td>Megap\u00edxeles<\/td>\n<td>2<\/td>\n<\/tr>\n<tr>\n<td>Resoluci\u00f3n m\u00e1xima, p\u00edxeles<\/td>\n<td>1920&#215;1080<\/td>\n<\/tr>\n<tr>\n<td>Tama\u00f1o del sensor<\/td>\n<td>1\/2&#8242; (7,2&#215;4,05 mm)<\/td>\n<\/tr>\n<tr>\n<td>Tama\u00f1o del p\u00edxel, &#038;micro m<\/td>\n<td>3.75&#215;3.75<\/td>\n<\/tr>\n<tr>\n<td>Sensibilidad a la luz<\/td>\n<td>2350 mV a 1\/30 s<\/td>\n<\/tr>\n<tr>\n<td>Relaci\u00f3n se\u00f1al\/ruido<\/td>\n<td>0,15 mV a 1\/30 s<\/td>\n<\/tr>\n<tr>\n<td>Tiempo de exposici\u00f3n<\/td>\n<td>0,1 ms \u2013 15 s<\/td>\n<\/tr>\n<tr>\n<td>Grabaci\u00f3n de v\u00eddeo<\/td>\n<td>yes<\/td>\n<\/tr>\n<tr>\n<td>Frecuencia de fotogramas, fps para cada resoluci\u00f3n<\/td>\n<td>125 a 1920&#215;1080<\/td>\n<\/tr>\n<tr>\n<td>Lugar de instalaci\u00f3n<\/td>\n<td>tubo trinocular, tubo ocular en sustituci\u00f3n de un ocular<\/td>\n<\/tr>\n<tr>\n<td>Formato de foto<\/td>\n<td>*.jpg, *.bmp, *.png, *.tif<\/td>\n<\/tr>\n<tr>\n<td>Formato de v\u00eddeo<\/td>\n<td>salida: *.wmv, *.avi, *.h264 (Windows 8 y posterior), *.h265 (Windows 10 y posterior)<\/td>\n<\/tr>\n<tr>\n<td>Intervalo espectral, nm<\/td>\n<td>380-650 (filtro IR incorporado)<\/td>\n<\/tr>\n<tr>\n<td>Tipo de obturador<\/td>\n<td>obturador rodante<\/td>\n<\/tr>\n<tr>\n<td>Balance de blancos<\/td>\n<td>manual, autom\u00e1tico<\/td>\n<\/tr>\n<tr>\n<td>Control de exposici\u00f3n<\/td>\n<td>manual, autom\u00e1tico<\/td>\n<\/tr>\n<tr>\n<td>Opciones programables<\/td>\n<td>tama\u00f1o de imagen, brillo, tiempo de exposici\u00f3n<\/td>\n<\/tr>\n<tr>\n<td>Software<\/td>\n<td>MAGUS View<\/td>\n<\/tr>\n<tr>\n<td>Salida<\/td>\n<td>USB 3.0, 5 Gb\/s<\/td>\n<\/tr>\n<tr>\n<td>Requisitos del sistema<\/td>\n<td>Windows 8\/10\/11 (32 bits y 64 bits), Mac OS X, Linux, procesador Intel Core 2 de hasta 2,8 GHz o superior, m\u00ednimo 2 GB de RAM, puerto USB 3.0, CD-ROM, pantalla de 17&#8242; o mayor<\/td>\n<\/tr>\n<tr>\n<td>Tipo de montura<\/td>\n<td>montura C<\/td>\n<\/tr>\n<tr>\n<td>Cuerpo<\/td>\n<td>aluminio macizo<\/td>\n<\/tr>\n<tr>\n<td>Fuente de alimentaci\u00f3n para c\u00e1mara<\/td>\n<td>CC, 5 V, a trav\u00e9s de puerto USB de ordenador  adaptador de 12 V, 3 A para elemento Peltier<\/td>\n<\/tr>\n<tr>\n<td>Rango de temperaturas de funcionamiento de la c\u00e1mara, \u00b0C<\/td>\n<td>-10 \u2014 50<\/td>\n<\/tr>\n<tr>\n<td>Intervalo de humedad de funcionamiento, %<\/td>\n<td>30 \u2014 80<\/td>\n<\/tr>\n<\/tbody>\n<\/table>\n","protected":false},"excerpt":{"rendered":"<p>El microscopio biol\u00f3gico MAGUS Bio 230TL es un instrumento esencial tanto en un laboratorio de control sanitario como en un centro de diagn\u00f3stico o investigaci\u00f3n. El microscopio tiene un cabezal trinocular y una fuente de luz transmitida (LED), y es adecuado para observar muestras transl\u00facidas y transparentes. En la configuraci\u00f3n b\u00e1sica del instrumento, se utiliza la t\u00e9cnica de campo claro para las observaciones. Con accesorios adicionales, se pueden utilizar t\u00e9cnicas de microscop\u00eda tales como campo oscuro, luz polarizada y contraste de fases para profundizar en las investigaciones.<\/p>\n","protected":false},"featured_media":83011,"template":"","meta":{"_exactmetrics_skip_tracking":false,"_exactmetrics_sitenote_active":false,"_exactmetrics_sitenote_note":"","_exactmetrics_sitenote_category":0},"product_brand":[],"product_cat":[597],"product_tag":[],"class_list":{"0":"post-84549","1":"product","2":"type-product","3":"status-publish","4":"has-post-thumbnail","6":"product_cat-campo-claro","7":"product_shipping_class-microscopio","9":"first","10":"instock","11":"taxable","12":"shipping-taxable","13":"purchasable","14":"product-type-simple"},"_links":{"self":[{"href":"https:\/\/microscopistas.com\/en\/wp-json\/wp\/v2\/product\/84549","targetHints":{"allow":["GET"]}}],"collection":[{"href":"https:\/\/microscopistas.com\/en\/wp-json\/wp\/v2\/product"}],"about":[{"href":"https:\/\/microscopistas.com\/en\/wp-json\/wp\/v2\/types\/product"}],"wp:featuredmedia":[{"embeddable":true,"href":"https:\/\/microscopistas.com\/en\/wp-json\/wp\/v2\/media\/83011"}],"wp:attachment":[{"href":"https:\/\/microscopistas.com\/en\/wp-json\/wp\/v2\/media?parent=84549"}],"wp:term":[{"taxonomy":"product_brand","embeddable":true,"href":"https:\/\/microscopistas.com\/en\/wp-json\/wp\/v2\/product_brand?post=84549"},{"taxonomy":"product_cat","embeddable":true,"href":"https:\/\/microscopistas.com\/en\/wp-json\/wp\/v2\/product_cat?post=84549"},{"taxonomy":"product_tag","embeddable":true,"href":"https:\/\/microscopistas.com\/en\/wp-json\/wp\/v2\/product_tag?post=84549"}],"curies":[{"name":"wp","href":"https:\/\/api.w.org\/{rel}","templated":true}]}}