{"id":84548,"date":"2024-07-29T18:28:50","date_gmt":"2024-07-29T16:28:50","guid":{"rendered":"http:\/\/microscopistas.com\/?post_type=product&#038;p=84548"},"modified":"2024-07-29T19:01:45","modified_gmt":"2024-07-29T17:01:45","slug":"microscopio-biologico-magus-bio-d230t-lcd","status":"publish","type":"product","link":"https:\/\/microscopistas.com\/en\/producto\/microscopio-biologico-magus-bio-d230t-lcd\/","title":{"rendered":"Microscopio biol\u00f3gico MAGUS Bio D230T LCD"},"content":{"rendered":"<p>El modelo Magus Bio 230T es un microscopio trinocular biol\u00f3gico para observaciones de laboratorio e investigaci\u00f3n en los sectores de la medicina, farmacia, medicina forense, biotecnolog\u00eda, etc. Es adecuado para la observaci\u00f3n de muestras biol\u00f3gicas planas transl\u00facidas y transparentes: secciones delgadas y frotis. Est\u00e1 equipado con objetivos acrom\u00e1ticos y una bombilla hal\u00f3gena, utiliza luz transmitida (campo claro) como t\u00e9cnica de microscop\u00eda para el estudio de las muestras. El dise\u00f1o del microscopio permite instalar accesorios adicionales para utilizar otras t\u00e9cnicas de microscop\u00eda: campo oscuro, contraste de fases, luz polarizada.<\/p>\n<p><strong>C\u00e1mara digital<\/strong><\/p>\n<p>La c\u00e1mara MAGUS CHD10 est\u00e1 equipada con un sensor de 2 MP y produce im\u00e1genes realistas con calidad Full HD y una resoluci\u00f3n de 1920&#215;1080 p\u00edxeles.<br \/> Es una c\u00e1mara aut\u00f3noma que no requiere conexi\u00f3n a un ordenador ni instalaci\u00f3n de software adicional. La c\u00e1mara se puede conectar directamente a un televisor, monitor o proyector para mostrar las im\u00e1genes. La interfaz HDMI proporciona una velocidad de transferencia alta y estable desde la c\u00e1mara a la pantalla externa. El v\u00eddeo se graba a 60 fps.<br \/> La c\u00e1mara combina una alta frecuencia de fotogramas (fps) y una interfaz HDMI de ancho de banda amplio. Por ello, los v\u00eddeos son v\u00edvidos, sin detenciones de la imagen ni saltos entre fotogramas. A la resoluci\u00f3n m\u00e1xima, la imagen es detallada, los objetos en movimiento son visibles sin distorsiones y el movimiento se muestra sin retardos.<\/p>\n<p><strong>Monitor<\/strong>  <\/p>\n<p>Los monitores MAGUS MCD funcionan en combinaci\u00f3n con las c\u00e1maras MAGUS CHD para formar un sistema de imagen completo para los microscopios MAGUS.<br \/> La conexi\u00f3n con la c\u00e1mara se realiza a trav\u00e9s de su interfaz HDMI. El monitor muestra im\u00e1genes en tiempo real. Su pantalla LCD IPS tiene un amplio \u00e1ngulo de visi\u00f3n, alto brillo y buen contraste. Al mirar la pantalla, incluso desde un gran \u00e1ngulo, la imagen no se distorsiona. El tama\u00f1o de la pantalla es de 13,3&#8221;.<br \/> El monitor puede instalarse en una superficie horizontal mediante un soporte plegable o directamente en una c\u00e1mara o tr\u00edpode.<\/p>\n<p><strong>\u00d3ptica<\/strong><\/p>\n<p>El cabezal trinocular tiene un tubo vertical para instalar una c\u00e1mara digital. Puede utilizar una c\u00e1mara (no incluida) para hacer archivos digitales de sus estudios y enviar im\u00e1genes a una pantalla externa. Los tubos de observaci\u00f3n se pueden girar 360\u00b0 para ajustarlos a la estatura del usuario. El tubo izquierdo est\u00e1 equipado con un anillo de ajuste de las dioptr\u00edas.<\/p>\n<p>El rev\u00f3lver giratorio est\u00e1 orientado hacia el interior, lo que deja libre el espacio situado encima de la platina. Se pueden instalar cinco objetivos simult\u00e1neamente en el rev\u00f3lver (el kit incluye 4 objetivos y la quinta posici\u00f3n se deja para un objetivo adicional). En la configuraci\u00f3n b\u00e1sica, los objetivos corregidos al infinito proporcionan un aumento desde 40 a 1000x. Con oculares opcionales, el l\u00edmite superior se puede aumentar hasta 1500, 1600 o 2000x.<\/p>\n<p><strong>Iluminaci\u00f3n<\/strong><\/p>\n<p>La bombilla hal\u00f3gena produce una iluminaci\u00f3n de espectro c\u00e1lido que reduce la fatiga visual y es ideal para largas horas de trabajo con el microscopio. La bombilla es de 30 W y, por tanto, el brillo y contraste de la imagen transmitida es alto con cualquier tipo de objetivo o t\u00e9cnica de observaci\u00f3n que se utilice.<\/p>\n<p>El condensador Abbe es ajustable en altura y se puede centrar. La iluminaci\u00f3n se controla ajustando los diafragmas iris y de campo, y existe la opci\u00f3n de configurar la iluminaci\u00f3n K\u00f6hler para obtener una mejor claridad de la imagen. El condensador tiene una ranura para instalar una placa de contraste de fases o de campo oscuro, lo que permite cambiar entre diferentes t\u00e9cnicas de microscop\u00eda de manera m\u00e1s f\u00e1cil y r\u00e1pida.<\/p>\n<p><strong>Platina y mecanismo de enfoque <\/strong><\/p>\n<p>No existe una cremallera de posicionamiento en la platina. Esta es una ventaja del dise\u00f1o del micr\u00f3metro mec\u00e1nico, pues facilita el manejo del microscopio. La muestra estudiada se puede mover de forma fluida a trav\u00e9s de la platina. El micr\u00f3metro mec\u00e1nico se puede quitar para realizar una exploraci\u00f3n manual.<\/p>\n<p>Existe ajuste aproximado y preciso del enfoque, el movimiento del mando de enfoque es fluido y f\u00e1cil, y no requiere un esfuerzo adicional. El mecanismo de enfoque aproximado tiene un mando de bloqueo y ajuste de tensi\u00f3n. Los mandos de enfoque son coaxiales. Su posicionamiento en la base del microscopio proporciona una comodidad m\u00e1xima durante las observaciones prolongadas y permite que el usuario descanse c\u00f3modamente las manos sobre la mesa.<\/p>\n<p><strong>Accesorios<\/strong><\/p>\n<p>Para maximizar las prestaciones del microscopio Magus Bio 230T, puede mejorarlo a\u00fan m\u00e1s con algunos accesorios. Estos accesorios incluyen oculares y objetivos, c\u00e1maras digitales y portaobjetos de calibraci\u00f3n, condensadores de campo oscuro, luz polarizada y dispositivos de contraste de fases.<\/p>\n<p><strong>Caracter\u00edsticas principales del microscopio:<\/strong>  <\/p>\n<ul>\n<li>Cabezal trinocular con un tubo vertical para instalar una c\u00e1mara digital<\/li>\n<li>Rotaci\u00f3n de 360\u00b0 para adaptarse a la estatura del observador<\/li>\n<li>Objetivos acrom\u00e1ticos corregidos al infinito, rev\u00f3lver giratorio para 5 objetivos<\/li>\n<li>Anillo de ajuste de las dioptr\u00edas en el tubo izquierdo<\/li>\n<li>Bombilla hal\u00f3gena de 30 W alimentada por fuente de corriente alterna, condensador Abbe con una ranura para placas de campo oscuro y de contraste de fases, diafragma de campo<\/li>\n<li>Mandos coaxiales de enfoque aproximado y preciso, mando de bloqueo y mando de ajuste de la tensi\u00f3n del enfoque aproximado<\/li>\n<li>Accesorios opcionales para mejorar el rendimiento del microscopio<\/li>\n<\/ul>\n<p><strong>Caracter\u00edsticas principales de la c\u00e1mara:<\/strong>  <\/p>\n<ul>\n<li>La c\u00e1mara funciona de forma aut\u00f3noma, sin necesidad de conexi\u00f3n a un ordenador ni instalaci\u00f3n de ning\u00fan software<\/li>\n<li>Interfaz HDMI para lograr una velocidad de transferencia de datos alta y estable<\/li>\n<li>La resoluci\u00f3n de la c\u00e1mara es de 1920&#215;1080 p\u00edxeles, una opci\u00f3n ideal para mostrar im\u00e1genes en un monitor con calidad Full HD<\/li>\n<li>Frecuencia de fotogramas de 60 fps para observar muestras en movimiento, grabar v\u00eddeo y mover la muestra sin sacudidas ni retardos<\/li>\n<li>El sensor en color SONY Starvis de tipo CMOS proporciona un bajo nivel de ruido digital y una alta sensibilidad a la luz incluso en condiciones de poca luz. Obtendr\u00e1 im\u00e1genes m\u00e1s claras, brillantes y con colores m\u00e1s saturados<\/li>\n<li>Software para toma de fotograf\u00edas, grabaci\u00f3n de v\u00eddeos, edici\u00f3n, visualizaci\u00f3n en un monitor externo, mediciones lineales y angulares<\/li>\n<\/ul>\n<p><strong>El kit incluye:<\/strong>  <\/p>\n<ul>\n<li>C\u00e1mara digital MAGUS CHD10 (c\u00e1mara digital, Cable HDMI (1,5 m), rat\u00f3n USB, tarjeta de memoria SD de 32 GB, adaptador de corriente de CA 12 V\/1 A (Europa), manual del usuario y tarjeta de garant\u00eda)<\/li>\n<li>Monitor LCD MAGUS MCD20<\/li>\n<li>Base con conexi\u00f3n el\u00e9ctrica, fuente de luz transmitida, mecanismo de enfoque, platina, soporte de condensadory rev\u00f3lver giratorio<\/li>\n<li>Condensador Abbe<\/li>\n<li>Cabezal trinocular<\/li>\n<li>Objetivo acrom\u00e1tico corregido al infinito: 4x\/0,10<\/li>\n<li>Objetivo acrom\u00e1tico corregido al infinito: 10x\/0,25<\/li>\n<li>Objetivo acrom\u00e1tico corregido al infinito: 40x\/0,65 (con mecanismo de retracci\u00f3n)<\/li>\n<li>Objetivo acrom\u00e1tico corregido al infinito: 100x\/1,25 aceite (con mecanismo de retracci\u00f3n)<\/li>\n<li>Ocular de 10x\/18 mm con larga distancia de acomodaci\u00f3n ocular (2 unidades)<\/li>\n<li>Ojera (2 unidades)<\/li>\n<li>Filtro (4 unidades)<\/li>\n<li>Adaptador de c\u00e1mara con montura C<\/li>\n<li>Frasco del aceite de inmersi\u00f3n<\/li>\n<li>Cable de alimentaci\u00f3n CA<\/li>\n<li>Cubierta protectora<\/li>\n<li>Manual del usuario y tarjeta de garant\u00eda<\/li>\n<\/ul>\n<p><strong>Disponible bajo petici\u00f3n:<\/strong><\/p>\n<ul>\n<li>Ocular de 10x\/20 mm con escala de medici\u00f3n<\/li>\n<li>Ocular de 15x\/11 mm (2 unidades)<\/li>\n<li>Ocular de 16x\/11 mm (2 unidades)<\/li>\n<li>Ocular de 20x\/11 mm (2 unidades)<\/li>\n<li>Objetivo acrom\u00e1tico corregido al infinito: 20x\/0,40<\/li>\n<li>Objetivo plano acrom\u00e1tico corregido al infinito: 20\u0445\/0,40 <\/li>\n<li>Objetivo plano acrom\u00e1tico corregido al infinito: 60x\/0,80 (con mecanismo de retracci\u00f3n)<\/li>\n<li>Dispositivo de contraste de fases<\/li>\n<li>Deslizador de fases<\/li>\n<li>Condensador de campo oscuro NA 0,9<\/li>\n<li>Condensador de campo oscuro de aceite NA 1,36\u20131,25<\/li>\n<li>Control deslizante de campo oscuro<\/li>\n<li>Dispositivos de polarizaci\u00f3n<\/li>\n<li>Portaobjetos de calibraci\u00f3n<\/li>\n<\/ul>\n<table>\n<tbody>\n<tr>\n<td>Marca<\/td>\n<td>MAGUS<\/td>\n<\/tr>\n<tr>\n<td>Garant\u00eda<\/td>\n<td>5 \u043b\u0435\u0442<\/td>\n<\/tr>\n<tr>\n<td>EAN<\/td>\n<td>5905555017952<\/td>\n<\/tr>\n<tr>\n<td>Tama\u00f1o de paquete (LxAn.xAl.)<\/td>\n<td>43x27x63 cm<\/td>\n<\/tr>\n<tr>\n<td>Peso del env\u00edo<\/td>\n<td>12.65 kg<\/td>\n<\/tr>\n<tr>\n<td>Delimitador<\/td>\n<td>Microscopio digital biol\u00f3gico MAGUS Bio 230T<\/td>\n<\/tr>\n<tr>\n<td>=== Delimitador ===<\/td>\n<td>Especificaciones del microscopio<\/td>\n<\/tr>\n<tr>\n<td>Tipo<\/td>\n<td>biol\u00f3gico, luz\/\u00f3ptico, digital<\/td>\n<\/tr>\n<tr>\n<td>Cabezal<\/td>\n<td>trinocular<\/td>\n<\/tr>\n<tr>\n<td>Boquilla<\/td>\n<td>cabezal Gemel (Siedentopf, rotaci\u00f3n de 360\u00b0)<\/td>\n<\/tr>\n<tr>\n<td>\u00c1ngulo de inclinaci\u00f3n de cabezal<\/td>\n<td>30\u00b0<\/td>\n<\/tr>\n<tr>\n<td>Ampliaci\u00f3n, x<\/td>\n<td>40\u20131000 configuraci\u00f3n b\u00e1sica (*opcional: 40\u20131500\/1600\/2000)<\/td>\n<\/tr>\n<tr>\n<td>Rango de ampliaci\u00f3n<\/td>\n<td>800x a 1280x<\/td>\n<\/tr>\n<tr>\n<td>Di\u00e1metro del tubo del ocular, mm<\/td>\n<td>23.2<\/td>\n<\/tr>\n<tr>\n<td>Oculares<\/td>\n<td>10\u0445\/18 mm, distancia de acomodaci\u00f3n ocular: 10 mm (*opcional: 10\u0445\/20 mm con escala, 15x\/11 mm, 16x\/11 mm  20x\/11 mm)<\/td>\n<\/tr>\n<tr>\n<td>Objetivos<\/td>\n<td>acrom\u00e1ticos corregidos al infinito: 4x\/0,10  10x\/0,25  40xs\/0,65  100xs\/1,25 (aceite)  distancia parafocal 45 mm (*opcional: 20x\/0,40  60xs\/0,80)<\/td>\n<\/tr>\n<tr>\n<td>Rev\u00f3lver<\/td>\n<td>para 5 objetivos<\/td>\n<\/tr>\n<tr>\n<td>Distancia de trabajo, mm<\/td>\n<td>18,89 (4x)  5,95 (10x)  0,775 (40xs)  0,36 (100xs)  2,61\/8,80 (20x)  0,46 (60\u0445s)<\/td>\n<\/tr>\n<tr>\n<td>Distancia interpupilar, mm<\/td>\n<td>48 \u2014 75<\/td>\n<\/tr>\n<tr>\n<td>Platina, mm<\/td>\n<td>180&#215;150<\/td>\n<\/tr>\n<tr>\n<td>Rango de desplazamiento de la platina, mm<\/td>\n<td>75\/50<\/td>\n<\/tr>\n<tr>\n<td>Platina<\/td>\n<td>micr\u00f3metro mec\u00e1nico de dos ejes, sin cremallera de posicionamiento<\/td>\n<\/tr>\n<tr>\n<td>Ajuste di\u00f3ptrico<\/td>\n<td>\u00b15 (en el tubo izquierdo)<\/td>\n<\/tr>\n<tr>\n<td>Condensador<\/td>\n<td>condensador Abbe, N.A. 1,25, centro ajustable, ajustable en altura, diafragma de apertura ajustable, ranura para una placa de campo oscuro y una placa contraste de fases, montura de cola de milano<\/td>\n<\/tr>\n<tr>\n<td>Diafragma<\/td>\n<td>diafragma de apertura ajustable, diafragma de campo iris ajustable<\/td>\n<\/tr>\n<tr>\n<td>Enfoque<\/td>\n<td>coaxial, enfoque aproximado (21 mm, 39,8 mm\/c\u00edrculo, con mando de bloqueo y mando de ajuste de tensi\u00f3n) y enfoque preciso (0,002 mm)<\/td>\n<\/tr>\n<tr>\n<td>Iluminaci\u00f3n<\/td>\n<td>hal\u00f3gena<\/td>\n<\/tr>\n<tr>\n<td>Ajuste del brillo<\/td>\n<td>yes<\/td>\n<\/tr>\n<tr>\n<td>Alimentaci\u00f3n<\/td>\n<td>220\u00b122 V, 50 Hz, alimentaci\u00f3n de red de CA<\/td>\n<\/tr>\n<tr>\n<td>Tipo de fuente de iluminaci\u00f3n<\/td>\n<td>bombilla hal\u00f3gena 12 V\/30 W, G4 <\/td>\n<\/tr>\n<tr>\n<td>Filtros de luz<\/td>\n<td>s\u00ed<\/td>\n<\/tr>\n<tr>\n<td>Intervalo de temperatura de funcionamiento, \u00b0C<\/td>\n<td>5 \u2014 35<\/td>\n<\/tr>\n<tr>\n<td>Posibilidad de conectar accesorios<\/td>\n<td>dispositivo de contraste de fases (condensador y objetivos), condensador de campo oscuro (en seco o en aceite), dispositivos de polarizaci\u00f3n (polarizador y analizador)<\/td>\n<\/tr>\n<tr>\n<td>Nivel de usuario<\/td>\n<td>usuarios experimentados, profesionales<\/td>\n<\/tr>\n<tr>\n<td>Montaje y nivel de dificultad de instalaci\u00f3n<\/td>\n<td>complicado<\/td>\n<\/tr>\n<tr>\n<td>Aplicaci\u00f3n<\/td>\n<td>laboratorio\/m\u00e9dico<\/td>\n<\/tr>\n<tr>\n<td>Ubicaci\u00f3n de la iluminaci\u00f3n<\/td>\n<td>inferior<\/td>\n<\/tr>\n<tr>\n<td>M\u00e9todo de investigaci\u00f3n<\/td>\n<td>campo claro<\/td>\n<\/tr>\n<tr>\n<td>Funda\/malet\u00edn\/bolsa incluida en el kit<\/td>\n<td>cubierta protectora<\/td>\n<\/tr>\n<tr>\n<td>Peso, kg<\/td>\n<td>8<\/td>\n<\/tr>\n<tr>\n<td>Dimensiones, mm<\/td>\n<td>200x436x400<\/td>\n<\/tr>\n<tr>\n<td>=== Delimitador ===<\/td>\n<td>C\u00e1mara digital<\/td>\n<\/tr>\n<tr>\n<td>Sensor<\/td>\n<td>SONY Starvis CMOS<\/td>\n<\/tr>\n<tr>\n<td>Color\/monocromo<\/td>\n<td>color <\/td>\n<\/tr>\n<tr>\n<td>Megap\u00edxeles<\/td>\n<td>2<\/td>\n<\/tr>\n<tr>\n<td>Resoluci\u00f3n m\u00e1xima, p\u00edxeles<\/td>\n<td>1920&#215;1080<\/td>\n<\/tr>\n<tr>\n<td>Tama\u00f1o del sensor<\/td>\n<td>1\/2,8&#8242; (5,57&#215;3,13mm)<\/td>\n<\/tr>\n<tr>\n<td>Tama\u00f1o del p\u00edxel, &#038;micro m<\/td>\n<td>2.9&#215;2.9<\/td>\n<\/tr>\n<tr>\n<td>Conectores de interfaz<\/td>\n<td>HDMI 1,4<\/td>\n<\/tr>\n<tr>\n<td>Tarjeta de memoria<\/td>\n<td>SD hasta 32 GB<\/td>\n<\/tr>\n<tr>\n<td>Posibilidad de conectar accesorios<\/td>\n<td>rat\u00f3n USB<\/td>\n<\/tr>\n<tr>\n<td>Sensibilidad a la luz<\/td>\n<td>1300 mV a 1\/30 s<\/td>\n<\/tr>\n<tr>\n<td>Tiempo de exposici\u00f3n<\/td>\n<td>0,04 ms \u2013 1000 ms<\/td>\n<\/tr>\n<tr>\n<td>Grabaci\u00f3n de v\u00eddeo<\/td>\n<td>yes<\/td>\n<\/tr>\n<tr>\n<td>Lugar de instalaci\u00f3n<\/td>\n<td>tubo trinocular, tubo ocular en sustituci\u00f3n de un ocular<\/td>\n<\/tr>\n<tr>\n<td>Formato de foto<\/td>\n<td>*.jpg<\/td>\n<\/tr>\n<tr>\n<td>Formato de v\u00eddeo<\/td>\n<td>*.h264, *.mp4<\/td>\n<\/tr>\n<tr>\n<td>Intervalo espectral, nm<\/td>\n<td>380-650 (filtro IR incorporado)<\/td>\n<\/tr>\n<tr>\n<td>Tipo de obturador<\/td>\n<td>obturador rodante<\/td>\n<\/tr>\n<tr>\n<td>Software<\/td>\n<td>HDMI: integrado<\/td>\n<\/tr>\n<tr>\n<td>Requisitos del sistema<\/td>\n<td>no necesita conexi\u00f3n a un ordenador<\/td>\n<\/tr>\n<tr>\n<td>Tipo de montura<\/td>\n<td>montura C<\/td>\n<\/tr>\n<tr>\n<td>Cuerpo<\/td>\n<td>aluminio macizo<\/td>\n<\/tr>\n<tr>\n<td>Fuente de alimentaci\u00f3n para c\u00e1mara<\/td>\n<td>adaptador de CA de 12 V, 1 A<\/td>\n<\/tr>\n<tr>\n<td>Especificaciones del adaptador de corriente CA<\/td>\n<td>entrada de corriente: voltaje de CA 100\u2013240 V, 50\/60 Hz, salida de corriente: voltaje de CC 12 V\/1 A<\/td>\n<\/tr>\n<tr>\n<td>Rango de temperaturas de funcionamiento de la c\u00e1mara, \u00b0C<\/td>\n<td>-10 \u2014 50<\/td>\n<\/tr>\n<tr>\n<td>Intervalo de humedad de funcionamiento, %<\/td>\n<td>30 \u2014 80<\/td>\n<\/tr>\n<tr>\n<td>=== Delimitador ===<\/td>\n<td>Monitor<\/td>\n<\/tr>\n<tr>\n<td>Tipo de matriz<\/td>\n<td>IPS<\/td>\n<\/tr>\n<tr>\n<td>Diagonal de pantalla, pulgadas<\/td>\n<td>13.3<\/td>\n<\/tr>\n<tr>\n<td>Resoluci\u00f3n de pantalla, px<\/td>\n<td>1920&#215;1080 (Full HD)<\/td>\n<\/tr>\n<tr>\n<td>Relaci\u00f3n de aspecto<\/td>\n<td>16:9<\/td>\n<\/tr>\n<tr>\n<td>Brillo, cd\/m\u00b2<\/td>\n<td>400<\/td>\n<\/tr>\n<tr>\n<td>N\u00famero de colores mostrados<\/td>\n<td>16,7 millones<\/td>\n<\/tr>\n<tr>\n<td>Contraste<\/td>\n<td>1000:1<\/td>\n<\/tr>\n<tr>\n<td>\u00c1ngulo de visualizaci\u00f3n horizontal\/vertical, \u00b0<\/td>\n<td>178\/178<\/td>\n<\/tr>\n<tr>\n<td>Tama\u00f1o del \u00e1rea visible de la pantalla (ancho x alto), mm<\/td>\n<td>295&#215;165<\/td>\n<\/tr>\n<tr>\n<td>Tama\u00f1o de p\u00edxel (ancho x alto), mm<\/td>\n<td>0,154&#215;0,154<\/td>\n<\/tr>\n<tr>\n<td>Frecuencia de fuente \u00f3ptica, Hz<\/td>\n<td>60<\/td>\n<\/tr>\n<tr>\n<td>Tipo de iluminaci\u00f3n de fondo de la matriz<\/td>\n<td>LED<\/td>\n<\/tr>\n<tr>\n<td>Vida \u00fatil de la iluminaci\u00f3n de fondo LED, h<\/td>\n<td>50000<\/td>\n<\/tr>\n<tr>\n<td>Interfaz<\/td>\n<td>HDMI<\/td>\n<\/tr>\n<tr>\n<td>Intervalo de temperatura de funcionamiento, \u00b0C<\/td>\n<td>-15 \u2014 55<\/td>\n<\/tr>\n<tr>\n<td>Intervalo de humedad de funcionamiento, %<\/td>\n<td>10 \u2014 90<\/td>\n<\/tr>\n<tr>\n<td>Alimentaci\u00f3n<\/td>\n<td>CA 110\u2013220 V, CC 5\u201312 V\/1 A (Tipo C)<\/td>\n<\/tr>\n<tr>\n<td>Consumo de energ\u00eda, W<\/td>\n<td>12 (m\u00e1x.)<\/td>\n<\/tr>\n<\/tbody>\n<\/table>\n","protected":false},"excerpt":{"rendered":"<p>El modelo Magus Bio 230T es un microscopio trinocular biol\u00f3gico para observaciones de laboratorio e investigaci\u00f3n en los sectores de la medicina, farmacia, medicina forense, biotecnolog\u00eda, etc. Es adecuado para la observaci\u00f3n de muestras biol\u00f3gicas planas transl\u00facidas y transparentes: secciones delgadas y frotis. Est\u00e1 equipado con objetivos acrom\u00e1ticos y una bombilla hal\u00f3gena, utiliza luz transmitida (campo claro) como t\u00e9cnica de microscop\u00eda para el estudio de las muestras. El dise\u00f1o del microscopio permite instalar accesorios adicionales para utilizar otras t\u00e9cnicas de microscop\u00eda: campo oscuro, contraste de fases, luz polarizada.<\/p>\n","protected":false},"featured_media":83008,"template":"","meta":{"_exactmetrics_skip_tracking":false,"_exactmetrics_sitenote_active":false,"_exactmetrics_sitenote_note":"","_exactmetrics_sitenote_category":0},"product_brand":[],"product_cat":[597],"product_tag":[],"class_list":{"0":"post-84548","1":"product","2":"type-product","3":"status-publish","4":"has-post-thumbnail","6":"product_cat-campo-claro","7":"product_shipping_class-microscopio","9":"first","10":"instock","11":"taxable","12":"shipping-taxable","13":"purchasable","14":"product-type-simple"},"_links":{"self":[{"href":"https:\/\/microscopistas.com\/en\/wp-json\/wp\/v2\/product\/84548","targetHints":{"allow":["GET"]}}],"collection":[{"href":"https:\/\/microscopistas.com\/en\/wp-json\/wp\/v2\/product"}],"about":[{"href":"https:\/\/microscopistas.com\/en\/wp-json\/wp\/v2\/types\/product"}],"wp:featuredmedia":[{"embeddable":true,"href":"https:\/\/microscopistas.com\/en\/wp-json\/wp\/v2\/media\/83008"}],"wp:attachment":[{"href":"https:\/\/microscopistas.com\/en\/wp-json\/wp\/v2\/media?parent=84548"}],"wp:term":[{"taxonomy":"product_brand","embeddable":true,"href":"https:\/\/microscopistas.com\/en\/wp-json\/wp\/v2\/product_brand?post=84548"},{"taxonomy":"product_cat","embeddable":true,"href":"https:\/\/microscopistas.com\/en\/wp-json\/wp\/v2\/product_cat?post=84548"},{"taxonomy":"product_tag","embeddable":true,"href":"https:\/\/microscopistas.com\/en\/wp-json\/wp\/v2\/product_tag?post=84548"}],"curies":[{"name":"wp","href":"https:\/\/api.w.org\/{rel}","templated":true}]}}