{"id":84546,"date":"2024-07-29T18:28:49","date_gmt":"2024-07-29T16:28:49","guid":{"rendered":"http:\/\/microscopistas.com\/?post_type=product&#038;p=84546"},"modified":"2024-07-29T18:28:49","modified_gmt":"2024-07-29T16:28:49","slug":"objetivo-magus-ma20-20%d1%85-040-%e2%88%9e-017-infinity-achromatic","status":"publish","type":"product","link":"https:\/\/microscopistas.com\/en\/producto\/objetivo-magus-ma20-20%d1%85-040-%e2%88%9e-017-infinity-achromatic\/","title":{"rendered":"Objetivo MAGUS MA20 20\u0445\/0,40 \u221e\/0,17 Infinity Achromatic"},"content":{"rendered":"<p><strong>Objetivo acrom\u00e1tico corregido al infinito MAGUS MA20 20x\/0,40 \u221e\/0,17 <\/strong><\/p>\n<p><strong>Objetivo acrom\u00e1tico corregido al infinito. Ampliaci\u00f3n: 20x. Abertura: 0,40.<\/strong><\/p>\n<p>Este objetivo acrom\u00e1tico tiene un aumento de 20x y un l\u00edmite de resoluci\u00f3n de 0,69 \u00b5m. El objetivo est\u00e1 corregido al infinito. Se puede utilizar para estudiar muestras de 1 \u00b5m y m\u00e1s peque\u00f1as en un campo de visi\u00f3n amplio. Es adecuado para el an\u00e1lisis de fluidos biol\u00f3gicos en el laboratorio, tales como sangre u orina (determinaci\u00f3n del el n\u00famero de leucocitos, gl\u00f3bulos rojos, cilindros).<\/p>\n<p>El objetivo MAGUS MA20 20x\/0,40 se utiliza con oculares de 10x a 20x. El objetivo corrige la aberraci\u00f3n de color para el azul y el rojo, la distorsi\u00f3n esf\u00e9rica para el verde y la curvatura de campo para el 65 % del di\u00e1metro del campo de visi\u00f3n. Durante las observaciones, utilice un cubreobjetos de 0,17 mm de grosor.<\/p>\n<p><strong>Compatibilidad:<\/strong><\/p>\n<ul>\n<li>Microscopio biol\u00f3gico MAGUS Bio 230B<\/li>\n<li>Microscopio biol\u00f3gico MAGUS Bio 230BL<\/li>\n<li>Microscopio biol\u00f3gico MAGUS Bio 230T<\/li>\n<li>Microscopio biol\u00f3gico MAGUS Bio 230TL<\/li>\n<\/ul>\n<p><strong>Especificaciones:<\/strong><br \/> Material de las lentes: vidrio \u00f3ptico<br \/> Sistema \u00f3ptico: acrom\u00e1tico<br \/> Longitud de tubo compatible, mm: infinito (\u221e)<br \/> Ampliaci\u00f3n, x: 20<br \/> Abertura: 0,40<br \/> Distancia de trabajo, mm: 2,61<br \/> Distancia parafocal, mm: 45<br \/> Grosor del cubreobjetos, mm: 0,17<br \/> Mecanismo de resorte: \u2212<br \/> Inmersi\u00f3n en aceite: \u2212<br \/> Material del cuerpo: cobre<br \/> Tipo de rosca: WJ 4\/5&#8217;*1\/36&#8242; <\/p>\n<table>\n<tbody>\n<tr>\n<td>Marca<\/td>\n<td>MAGUS<\/td>\n<\/tr>\n<tr>\n<td>Garant\u00eda<\/td>\n<td>2 \u0433\u043e\u0434\u0430<\/td>\n<\/tr>\n<tr>\n<td>EAN<\/td>\n<td>5905555018997<\/td>\n<\/tr>\n<tr>\n<td>Tama\u00f1o de paquete (LxAn.xAl.)<\/td>\n<td>4x7x4 cm<\/td>\n<\/tr>\n<tr>\n<td>Peso del env\u00edo<\/td>\n<td>0.115 kg<\/td>\n<\/tr>\n<\/tbody>\n<\/table>\n","protected":false},"excerpt":{"rendered":"<p>Este objetivo acrom\u00e1tico tiene un aumento de 20x y un l\u00edmite de resoluci\u00f3n de 0,69 \u00b5m. El objetivo est\u00e1 corregido al infinito. Se puede utilizar para estudiar muestras de 1 \u00b5m y m\u00e1s peque\u00f1as en un campo de visi\u00f3n amplio. Es adecuado para el an\u00e1lisis de fluidos biol\u00f3gicos en el laboratorio, tales como sangre u orina (determinaci\u00f3n del el n\u00famero de leucocitos, gl\u00f3bulos rojos, cilindros).<\/p>\n","protected":false},"featured_media":82996,"template":"","meta":{"_exactmetrics_skip_tracking":false,"_exactmetrics_sitenote_active":false,"_exactmetrics_sitenote_note":"","_exactmetrics_sitenote_category":0},"product_brand":[],"product_cat":[],"product_tag":[],"class_list":{"0":"post-84546","1":"product","2":"type-product","3":"status-publish","4":"has-post-thumbnail","7":"first","8":"instock","9":"taxable","10":"shipping-taxable","11":"purchasable","12":"product-type-simple"},"_links":{"self":[{"href":"https:\/\/microscopistas.com\/en\/wp-json\/wp\/v2\/product\/84546","targetHints":{"allow":["GET"]}}],"collection":[{"href":"https:\/\/microscopistas.com\/en\/wp-json\/wp\/v2\/product"}],"about":[{"href":"https:\/\/microscopistas.com\/en\/wp-json\/wp\/v2\/types\/product"}],"wp:featuredmedia":[{"embeddable":true,"href":"https:\/\/microscopistas.com\/en\/wp-json\/wp\/v2\/media\/82996"}],"wp:attachment":[{"href":"https:\/\/microscopistas.com\/en\/wp-json\/wp\/v2\/media?parent=84546"}],"wp:term":[{"taxonomy":"product_brand","embeddable":true,"href":"https:\/\/microscopistas.com\/en\/wp-json\/wp\/v2\/product_brand?post=84546"},{"taxonomy":"product_cat","embeddable":true,"href":"https:\/\/microscopistas.com\/en\/wp-json\/wp\/v2\/product_cat?post=84546"},{"taxonomy":"product_tag","embeddable":true,"href":"https:\/\/microscopistas.com\/en\/wp-json\/wp\/v2\/product_tag?post=84546"}],"curies":[{"name":"wp","href":"https:\/\/api.w.org\/{rel}","templated":true}]}}